{"id":607,"date":"2020-08-29T15:37:17","date_gmt":"2020-08-29T15:37:17","guid":{"rendered":"https:\/\/bibliaparalavida.com\/es\/?post_type=product&#038;p=607"},"modified":"2024-11-06T23:37:09","modified_gmt":"2024-11-06T23:37:09","slug":"evangelios-2-alumno","status":"publish","type":"product","link":"https:\/\/bibliaparalavida.com\/es\/prod\/evangelios-2-alumno\/","title":{"rendered":"Serie Evangelios 2 | Alumno"},"content":{"rendered":"<p>El <strong>Manual del Alumno<\/strong> de la Serie <strong>EVANGELIOS Parte 2<\/strong> incluye 32 lecciones a trav\u00e9s de las cuales se estudian 32 diferentes historias de Jes\u00fas y los Doce a trav\u00e9s de preguntas inductivas y aplicaci\u00f3n a la vida cristiana.<\/p>\n<p>Complementario con el <a href=\"https:\/\/bibliaparalavida.com\/es\/manuales\/evangelios-2-maestro\/\">Manual del Maestro<\/a> y <a href=\"https:\/\/bibliaparalavida.com\/es\/manuales\/evangelios-1-alumno\/\">Evangelios Parte 1<\/a>.<\/p>\n<p>Es ideal para Escuela B\u00edblica, Grupos de Discipulado, y para estudiar la Biblia de manera individual.<\/p>\n<p>En esta segunda parte veremos la \u00faltima etapa del ministerio de Jes\u00fas y su crucifixi\u00f3n, muerte y resurrecci\u00f3n. Al introducirnos en los diferentes relatos de los cuatro evangelistas podremos ver m\u00e1s de cerca el los sufrimientos tan terribles que tuvo que padecer el Se\u00f1or para lograr nuestra salvaci\u00f3n, la cual es gratis para nosotros, pero no fue nada barata para \u00e9l. Este conocimiento nos ayudar\u00e1 a apreciar m\u00e1s que antes el amor enorme e incondicional de nuestro Salvador.<\/p>\n<p><strong>Historias B\u00edblicas para la Vida Cristiana<\/strong>\u00a0promueve la participaci\u00f3n de los estudiantes trav\u00e9s de preguntas inductivas. De esta manera no s\u00f3lo se aprende acerca de la historia de la iglesia primitiva, sino tambi\u00e9n pueden descubrirse las verdades y principios escondidos en la Palabra, que siguen siendo relevantes, y as\u00ed poder aplicarlos a su propia vida.<\/p>\n<h3>HISTORIAS INCLUIDAS EN LA SERIE EVANGELIOS Parte 2<\/h3>\n<ol>\n<li>Jes\u00fas sana a un sordomudo<\/li>\n<li>La fe de la mujer sirofenicia<\/li>\n<li>Jes\u00fas sana al hijo de un funcionario<\/li>\n<li>Jes\u00fas sana a un hombre en Betesda<\/li>\n<li>Jes\u00fas calma la tempestad<\/li>\n<li>Jes\u00fas camina sobre el agua en el mar<\/li>\n<li>Jes\u00fas perdona a la mujer ad\u00faltera<\/li>\n<li>Jes\u00fas sana a un ciego de nacimiento<\/li>\n<li>Muerte y resurrecci\u00f3n de L\u00e1zaro<\/li>\n<li>Jes\u00fas sana a diez leprosos<\/li>\n<li>Jes\u00fas y el joven rico<\/li>\n<li>Jes\u00fas sana a un ciego llamado Bartimeo<\/li>\n<li>Conversi\u00f3n de Zaqueo<\/li>\n<li>Jes\u00fas es ungido por una mujer pecadora<\/li>\n<li>La entrada triunfal de Jes\u00fas en Jerusal\u00e9n<\/li>\n<li>Jes\u00fas purifica el Templo<\/li>\n<li>Jes\u00fas confronta a los l\u00edderes religiosos<\/li>\n<li>Jes\u00fas anuncia las se\u00f1ales antes del fin<\/li>\n<li>Jes\u00fas lava los pies de sus disc\u00edpulos<\/li>\n<li>Jes\u00fas celebra la cena del Se\u00f1or<\/li>\n<li>Jes\u00fas ora en Getseman\u00ed<\/li>\n<li>El arresto de Jes\u00fas<\/li>\n<li>Pedro niega a Jes\u00fas<\/li>\n<li>Jes\u00fas ante Pilato y sentenciado a muerte<\/li>\n<li>Muerte de Judas<\/li>\n<li>Crucifixi\u00f3n, muerte y sepultura de Jes\u00fas<\/li>\n<li>Resurrecci\u00f3n de Jes\u00fas<\/li>\n<li>Jes\u00fas se aparece en el camino a Ema\u00fas<\/li>\n<li>Tom\u00e1s ve a Jes\u00fas y finalmente cree<\/li>\n<li>Jes\u00fas se aparece a siete disc\u00edpulos en la playa<\/li>\n<li>Pedro, apacienta mis ovejas<\/li>\n<li>Jes\u00fas env\u00eda a los ap\u00f3stoles a predicar<\/li>\n<\/ol>\n","protected":false},"excerpt":{"rendered":"<p><a href=\"https:\/\/bibliaparalavida.com\/tutorialapp\" target=\"_blank\" rel=\"noopener\"><img loading=\"lazy\" decoding=\"async\" class=\"alignright wp-image-2502\" src=\"https:\/\/bibliaparalavida.com\/es\/wp-content\/uploads\/2023\/07\/stores-icons-B.png\" alt=\"\" width=\"48\" height=\"90\" \/><\/a><\/p>\n<p>La\u00a0Serie <strong>EVANGELIOS Parte 2<\/strong>\u00a0estudia 32 diferentes historias de Jes\u00fas y los Doce, con aplicaci\u00f3n a la vida cristiana a trav\u00e9s de preguntas inductivas. <a href=\"https:\/\/bibliaparalavida.com\/es\/historias-biblicas\/evangelios-2-alumno-demo\/\">LEE UN ADELANTO DEL LIBRO<\/a><\/p>\n<p><strong>C\u00f3mpralo aqu\u00ed en digital <\/strong>y l\u00e9elo en nuestra <a href=\"https:\/\/bibliaparalavida.com\/es\/app\/\" rel=\"noopener\">App.<\/a><br \/>\n<strong>\u00bfPrefieres en papel? <\/strong>C\u00f3mpralo en <a href=\"https:\/\/www.amazon.es\/dp\/B08VYKHZMP\" target=\"_blank\" rel=\"noopener\">Amazon<\/a>.<\/p>\n","protected":false},"featured_media":608,"comment_status":"closed","ping_status":"closed","template":"","meta":{"_joinchat":[]},"product_cat":[19],"product_tag":[],"yoast_head":"<!-- This site is optimized with the Yoast SEO plugin v22.8 - https:\/\/yoast.com\/wordpress\/plugins\/seo\/ -->\n<title>Serie Evangelios 2 | Alumno - Biblia para la Vida ESPA\u00d1A<\/title>\n<meta name=\"robots\" content=\"index, follow, max-snippet:-1, max-image-preview:large, max-video-preview:-1\" \/>\n<link rel=\"canonical\" href=\"https:\/\/bibliaparalavida.com\/es\/prod\/evangelios-2-alumno\/\" \/>\n<meta property=\"og:locale\" content=\"es_ES\" \/>\n<meta property=\"og:type\" content=\"article\" \/>\n<meta property=\"og:title\" content=\"Serie Evangelios 2 | Alumno - Biblia para la Vida ESPA\u00d1A\" \/>\n<meta property=\"og:description\" content=\"La\u00a0Serie EVANGELIOS Parte 2\u00a0estudia 32 diferentes historias de Jes\u00fas y los Doce, con aplicaci\u00f3n a la vida cristiana a trav\u00e9s de preguntas inductivas. LEE UN ADELANTO DEL LIBRO  C\u00f3mpralo aqu\u00ed en digital y l\u00e9elo en nuestra App. \u00bfPrefieres en papel? C\u00f3mpralo en Amazon.\" \/>\n<meta property=\"og:url\" content=\"https:\/\/bibliaparalavida.com\/es\/prod\/evangelios-2-alumno\/\" \/>\n<meta property=\"og:site_name\" content=\"Biblia para la Vida ESPA\u00d1A\" \/>\n<meta property=\"article:publisher\" content=\"https:\/\/www.facebook.com\/BibliaParaLaVida\" \/>\n<meta property=\"article:modified_time\" content=\"2024-11-06T23:37:09+00:00\" \/>\n<meta property=\"og:image\" content=\"https:\/\/bibliaparalavida.com\/es\/wp-content\/uploads\/2020\/12\/Serie-Evangelios-2-Alumno.jpg\" \/>\n\t<meta property=\"og:image:width\" content=\"1000\" \/>\n\t<meta property=\"og:image:height\" content=\"1000\" \/>\n\t<meta property=\"og:image:type\" content=\"image\/jpeg\" \/>\n<meta name=\"twitter:card\" content=\"summary_large_image\" \/>\n<meta name=\"twitter:label1\" content=\"Tiempo de lectura\" \/>\n\t<meta name=\"twitter:data1\" content=\"2 minutos\" \/>\n<script type=\"application\/ld+json\" class=\"yoast-schema-graph\">{\"@context\":\"https:\/\/schema.org\",\"@graph\":[{\"@type\":\"WebPage\",\"@id\":\"https:\/\/bibliaparalavida.com\/es\/prod\/evangelios-2-alumno\/\",\"url\":\"https:\/\/bibliaparalavida.com\/es\/prod\/evangelios-2-alumno\/\",\"name\":\"Serie Evangelios 2 | Alumno - Biblia para la Vida ESPA\u00d1A\",\"isPartOf\":{\"@id\":\"https:\/\/bibliaparalavida.com\/es\/#website\"},\"primaryImageOfPage\":{\"@id\":\"https:\/\/bibliaparalavida.com\/es\/prod\/evangelios-2-alumno\/#primaryimage\"},\"image\":{\"@id\":\"https:\/\/bibliaparalavida.com\/es\/prod\/evangelios-2-alumno\/#primaryimage\"},\"thumbnailUrl\":\"https:\/\/bibliaparalavida.com\/es\/wp-content\/uploads\/2020\/12\/Serie-Evangelios-2-Alumno.jpg\",\"datePublished\":\"2020-08-29T15:37:17+00:00\",\"dateModified\":\"2024-11-06T23:37:09+00:00\",\"breadcrumb\":{\"@id\":\"https:\/\/bibliaparalavida.com\/es\/prod\/evangelios-2-alumno\/#breadcrumb\"},\"inLanguage\":\"es\",\"potentialAction\":[{\"@type\":\"ReadAction\",\"target\":[\"https:\/\/bibliaparalavida.com\/es\/prod\/evangelios-2-alumno\/\"]}]},{\"@type\":\"ImageObject\",\"inLanguage\":\"es\",\"@id\":\"https:\/\/bibliaparalavida.com\/es\/prod\/evangelios-2-alumno\/#primaryimage\",\"url\":\"https:\/\/bibliaparalavida.com\/es\/wp-content\/uploads\/2020\/12\/Serie-Evangelios-2-Alumno.jpg\",\"contentUrl\":\"https:\/\/bibliaparalavida.com\/es\/wp-content\/uploads\/2020\/12\/Serie-Evangelios-2-Alumno.jpg\",\"width\":1000,\"height\":1000,\"caption\":\"Serie Evangelios Parte 2 - Alumno\"},{\"@type\":\"BreadcrumbList\",\"@id\":\"https:\/\/bibliaparalavida.com\/es\/prod\/evangelios-2-alumno\/#breadcrumb\",\"itemListElement\":[{\"@type\":\"ListItem\",\"position\":1,\"name\":\"Portada\",\"item\":\"https:\/\/bibliaparalavida.com\/es\/\"},{\"@type\":\"ListItem\",\"position\":2,\"name\":\"Tienda\",\"item\":\"https:\/\/bibliaparalavida.com\/es\/tienda\/\"},{\"@type\":\"ListItem\",\"position\":3,\"name\":\"Serie Evangelios 2 | Alumno\"}]},{\"@type\":\"WebSite\",\"@id\":\"https:\/\/bibliaparalavida.com\/es\/#website\",\"url\":\"https:\/\/bibliaparalavida.com\/es\/\",\"name\":\"Biblia para la Vida ESPA\u00d1A\",\"description\":\"Aplica la Biblia a tu vida\",\"publisher\":{\"@id\":\"https:\/\/bibliaparalavida.com\/es\/#organization\"},\"potentialAction\":[{\"@type\":\"SearchAction\",\"target\":{\"@type\":\"EntryPoint\",\"urlTemplate\":\"https:\/\/bibliaparalavida.com\/es\/?s={search_term_string}\"},\"query-input\":\"required name=search_term_string\"}],\"inLanguage\":\"es\"},{\"@type\":\"Organization\",\"@id\":\"https:\/\/bibliaparalavida.com\/es\/#organization\",\"name\":\"Biblia para la Vida\",\"url\":\"https:\/\/bibliaparalavida.com\/es\/\",\"logo\":{\"@type\":\"ImageObject\",\"inLanguage\":\"es\",\"@id\":\"https:\/\/bibliaparalavida.com\/es\/#\/schema\/logo\/image\/\",\"url\":\"https:\/\/bibliaparalavida.com\/es\/wp-content\/uploads\/2022\/01\/Logo-BPLV-Header.png\",\"contentUrl\":\"https:\/\/bibliaparalavida.com\/es\/wp-content\/uploads\/2022\/01\/Logo-BPLV-Header.png\",\"width\":356,\"height\":97,\"caption\":\"Biblia para la Vida\"},\"image\":{\"@id\":\"https:\/\/bibliaparalavida.com\/es\/#\/schema\/logo\/image\/\"},\"sameAs\":[\"https:\/\/www.facebook.com\/BibliaParaLaVida\"]}]}<\/script>\n<!-- \/ Yoast SEO plugin. -->","yoast_head_json":{"title":"Serie Evangelios 2 | Alumno - Biblia para la Vida ESPA\u00d1A","robots":{"index":"index","follow":"follow","max-snippet":"max-snippet:-1","max-image-preview":"max-image-preview:large","max-video-preview":"max-video-preview:-1"},"canonical":"https:\/\/bibliaparalavida.com\/es\/prod\/evangelios-2-alumno\/","og_locale":"es_ES","og_type":"article","og_title":"Serie Evangelios 2 | Alumno - Biblia para la Vida ESPA\u00d1A","og_description":"La\u00a0Serie EVANGELIOS Parte 2\u00a0estudia 32 diferentes historias de Jes\u00fas y los Doce, con aplicaci\u00f3n a la vida cristiana a trav\u00e9s de preguntas inductivas. LEE UN ADELANTO DEL LIBRO  C\u00f3mpralo aqu\u00ed en digital y l\u00e9elo en nuestra App. \u00bfPrefieres en papel? C\u00f3mpralo en Amazon.","og_url":"https:\/\/bibliaparalavida.com\/es\/prod\/evangelios-2-alumno\/","og_site_name":"Biblia para la Vida ESPA\u00d1A","article_publisher":"https:\/\/www.facebook.com\/BibliaParaLaVida","article_modified_time":"2024-11-06T23:37:09+00:00","og_image":[{"width":1000,"height":1000,"url":"https:\/\/bibliaparalavida.com\/es\/wp-content\/uploads\/2020\/12\/Serie-Evangelios-2-Alumno.jpg","type":"image\/jpeg"}],"twitter_card":"summary_large_image","twitter_misc":{"Tiempo de lectura":"2 minutos"},"schema":{"@context":"https:\/\/schema.org","@graph":[{"@type":"WebPage","@id":"https:\/\/bibliaparalavida.com\/es\/prod\/evangelios-2-alumno\/","url":"https:\/\/bibliaparalavida.com\/es\/prod\/evangelios-2-alumno\/","name":"Serie Evangelios 2 | Alumno - Biblia para la Vida ESPA\u00d1A","isPartOf":{"@id":"https:\/\/bibliaparalavida.com\/es\/#website"},"primaryImageOfPage":{"@id":"https:\/\/bibliaparalavida.com\/es\/prod\/evangelios-2-alumno\/#primaryimage"},"image":{"@id":"https:\/\/bibliaparalavida.com\/es\/prod\/evangelios-2-alumno\/#primaryimage"},"thumbnailUrl":"https:\/\/bibliaparalavida.com\/es\/wp-content\/uploads\/2020\/12\/Serie-Evangelios-2-Alumno.jpg","datePublished":"2020-08-29T15:37:17+00:00","dateModified":"2024-11-06T23:37:09+00:00","breadcrumb":{"@id":"https:\/\/bibliaparalavida.com\/es\/prod\/evangelios-2-alumno\/#breadcrumb"},"inLanguage":"es","potentialAction":[{"@type":"ReadAction","target":["https:\/\/bibliaparalavida.com\/es\/prod\/evangelios-2-alumno\/"]}]},{"@type":"ImageObject","inLanguage":"es","@id":"https:\/\/bibliaparalavida.com\/es\/prod\/evangelios-2-alumno\/#primaryimage","url":"https:\/\/bibliaparalavida.com\/es\/wp-content\/uploads\/2020\/12\/Serie-Evangelios-2-Alumno.jpg","contentUrl":"https:\/\/bibliaparalavida.com\/es\/wp-content\/uploads\/2020\/12\/Serie-Evangelios-2-Alumno.jpg","width":1000,"height":1000,"caption":"Serie Evangelios Parte 2 - Alumno"},{"@type":"BreadcrumbList","@id":"https:\/\/bibliaparalavida.com\/es\/prod\/evangelios-2-alumno\/#breadcrumb","itemListElement":[{"@type":"ListItem","position":1,"name":"Portada","item":"https:\/\/bibliaparalavida.com\/es\/"},{"@type":"ListItem","position":2,"name":"Tienda","item":"https:\/\/bibliaparalavida.com\/es\/tienda\/"},{"@type":"ListItem","position":3,"name":"Serie Evangelios 2 | Alumno"}]},{"@type":"WebSite","@id":"https:\/\/bibliaparalavida.com\/es\/#website","url":"https:\/\/bibliaparalavida.com\/es\/","name":"Biblia para la Vida ESPA\u00d1A","description":"Aplica la Biblia a tu vida","publisher":{"@id":"https:\/\/bibliaparalavida.com\/es\/#organization"},"potentialAction":[{"@type":"SearchAction","target":{"@type":"EntryPoint","urlTemplate":"https:\/\/bibliaparalavida.com\/es\/?s={search_term_string}"},"query-input":"required name=search_term_string"}],"inLanguage":"es"},{"@type":"Organization","@id":"https:\/\/bibliaparalavida.com\/es\/#organization","name":"Biblia para la Vida","url":"https:\/\/bibliaparalavida.com\/es\/","logo":{"@type":"ImageObject","inLanguage":"es","@id":"https:\/\/bibliaparalavida.com\/es\/#\/schema\/logo\/image\/","url":"https:\/\/bibliaparalavida.com\/es\/wp-content\/uploads\/2022\/01\/Logo-BPLV-Header.png","contentUrl":"https:\/\/bibliaparalavida.com\/es\/wp-content\/uploads\/2022\/01\/Logo-BPLV-Header.png","width":356,"height":97,"caption":"Biblia para la Vida"},"image":{"@id":"https:\/\/bibliaparalavida.com\/es\/#\/schema\/logo\/image\/"},"sameAs":["https:\/\/www.facebook.com\/BibliaParaLaVida"]}]}},"_links":{"self":[{"href":"https:\/\/bibliaparalavida.com\/es\/wp-json\/wp\/v2\/product\/607"}],"collection":[{"href":"https:\/\/bibliaparalavida.com\/es\/wp-json\/wp\/v2\/product"}],"about":[{"href":"https:\/\/bibliaparalavida.com\/es\/wp-json\/wp\/v2\/types\/product"}],"replies":[{"embeddable":true,"href":"https:\/\/bibliaparalavida.com\/es\/wp-json\/wp\/v2\/comments?post=607"}],"wp:featuredmedia":[{"embeddable":true,"href":"https:\/\/bibliaparalavida.com\/es\/wp-json\/wp\/v2\/media\/608"}],"wp:attachment":[{"href":"https:\/\/bibliaparalavida.com\/es\/wp-json\/wp\/v2\/media?parent=607"}],"wp:term":[{"taxonomy":"product_cat","embeddable":true,"href":"https:\/\/bibliaparalavida.com\/es\/wp-json\/wp\/v2\/product_cat?post=607"},{"taxonomy":"product_tag","embeddable":true,"href":"https:\/\/bibliaparalavida.com\/es\/wp-json\/wp\/v2\/product_tag?post=607"}],"curies":[{"name":"wp","href":"https:\/\/api.w.org\/{rel}","templated":true}]}}