{"id":29,"date":"2020-06-23T18:57:21","date_gmt":"2020-06-23T18:57:21","guid":{"rendered":"https:\/\/bibliaparalavida.com\/es\/?post_type=product&#038;p=29"},"modified":"2024-11-06T23:37:26","modified_gmt":"2024-11-06T23:37:26","slug":"hechos-maestro","status":"publish","type":"product","link":"https:\/\/bibliaparalavida.com\/es\/prod\/hechos-maestro\/","title":{"rendered":"Serie Hechos | Maestro"},"content":{"rendered":"<p>El <strong>Manual del Maestro <\/strong>de la <strong>Serie de HECHOS de los Ap\u00f3stoles<\/strong> incluye 49 lecciones a trav\u00e9s de las cuales se estudian los 28 cap\u00edtulos del libro a trav\u00e9s de preguntas inductivas y aplicaci\u00f3n a la vida cristiana.<\/p>\n<p>Es complementario con el <a href=\"https:\/\/bibliaparalavida.com\/es\/manuales\/hechos-alumno\/\">Manual del Alumno<\/a>.<\/p>\n<p>Es ideal para Escuela B\u00edblica, Grupos de Discipulado, y para estudiar la Biblia de manera individual.<\/p>\n<p>La <strong>Serie Hechos de los Ap\u00f3stoles<\/strong> es un asombroso viaje en el que nos remontaremos hasta los inicios de la Iglesia. Un viaje a trav\u00e9s del cual seremos desafiados a una mayor b\u00fasqueda y dependencia del Esp\u00edritu Santo, al ver la manera en que los primeros cristianos, contando con muy pocos recursos, pudieron avanzar y llevar el Mensaje de salvaci\u00f3n a personas muy lejos de sus fronteras y cultura. En el libro de los Hechos vemos a una Iglesia muy simple, pero muy poderosa, llena de fe y de pasi\u00f3n por Dios y por las almas. Yo anhelo eso para mi vida. \u00bfT\u00fa lo anhelas tambi\u00e9n?<\/p>\n<p><strong>Historias B\u00edblicas para la Vida Cristiana<\/strong> promueve la participaci\u00f3n de los estudiantes trav\u00e9s de preguntas inductivas. De esta manera no s\u00f3lo se aprende acerca de la historia de la iglesia primitiva, sino tambi\u00e9n pueden descubrirse las verdades y principios escondidos en la Palabra, que siguen siendo relevantes, y as\u00ed poder aplicarlos a su propia vida.<\/p>\n<h3>HISTORIAS INCLUIDAS EN LA SERIE HECHOS DE LOS AP\u00d3STOLES<\/h3>\n<ol>\n<li>La ascensi\u00f3n de Jes\u00fas<\/li>\n<li>Elecci\u00f3n del sucesor de Judas<\/li>\n<li>Llegada del Esp\u00edritu Santo en Pentecost\u00e9s<\/li>\n<li>Primer discurso de Pedro<\/li>\n<li>Vida de los primeros Cristianos<\/li>\n<li>Curaci\u00f3n de un paral\u00edtico en el Templo<\/li>\n<li>Segundo discurso de Pedro<\/li>\n<li>Pedro y Juan en el Concilio<\/li>\n<li>Los disc\u00edpulos piden confianza y valent\u00eda<\/li>\n<li>La mentira de Anan\u00edas y Safira<\/li>\n<li>Comienzan los milagros y con ellos la persecuci\u00f3n<\/li>\n<li>Elecci\u00f3n de los siete di\u00e1conos<\/li>\n<li>Ministerio, defensa y martirio de Esteban<\/li>\n<li>Felipe predica en Samaria<\/li>\n<li>Felipe predica a un Et\u00edope junto al camino<\/li>\n<li>Conversi\u00f3n de Saulo<\/li>\n<li>Primeros d\u00edas del Saulo convertido<\/li>\n<li>Sanidad de Eneas y resurrecci\u00f3n de Dorcas<\/li>\n<li>Pedro predica a la familia de Cornelio<\/li>\n<li>La iglesia en Antioqu\u00eda<\/li>\n<li>Encarcelaci\u00f3n y liberaci\u00f3n milagrosa de Pedro<\/li>\n<li>Pablo y Bernab\u00e9 son enviados<\/li>\n<li>Predicaci\u00f3n en Antioqu\u00eda de Pisidia<\/li>\n<li>Predicaci\u00f3n de Pablo en Iconio<\/li>\n<li>Pablo apedreado en Listra y regreso a Antioqu\u00eda<\/li>\n<li>La AsambLee en Jerusal\u00e9n<\/li>\n<li>Timoteo se suma al equipo y visi\u00f3n del var\u00f3n Macedonio<\/li>\n<li>Pablo y Silas encarcelados en Filipos<\/li>\n<li>Predicaci\u00f3n en Tesal\u00f3nica y Berea<\/li>\n<li>Pablo predica en Atenas<\/li>\n<li>Pablo predica en Corinto<\/li>\n<li>Apolos predica en \u00c9feso<\/li>\n<li>Ministerio de Pablo en \u00c9feso<\/li>\n<li>Avivamiento en \u00c9feso<\/li>\n<li>Viaje de Pablo por Macedonia, Grecia y Troas<\/li>\n<li>Reuni\u00f3n de pastores y discurso de despedida en Mileto<\/li>\n<li>Viaje de Pablo a Jerusal\u00e9n<\/li>\n<li>Arresto de Pablo en el Templo<\/li>\n<li>Defensa de Pablo ante el pueblo<\/li>\n<li>Defensa de Pablo ante el Concilio<\/li>\n<li>Complot para matar a Pablo<\/li>\n<li>Defensa de Pablo ante F\u00e9lix<\/li>\n<li>Pablo apela al C\u00e9sar<\/li>\n<li>Defensa y testimonio de Pablo ante el rey Agripa<\/li>\n<li>Pablo es enviado a Roma<\/li>\n<li>Naufragio en Altamar<\/li>\n<li>Pablo en la isla de Malta<\/li>\n<li>Pablo llega y predica en Roma<\/li>\n<li>Conclusi\u00f3n y aplicaci\u00f3n del libro de Los Hechos de los Ap\u00f3stoles<\/li>\n<\/ol>\n<h2 id=\"presentacion\">Video presentaci\u00f3n del Manual<\/h2>\n<p><iframe loading=\"lazy\" src=\"https:\/\/www.youtube.com\/embed\/FICyoA88KCA\" width=\"721\" height=\"405\" frameborder=\"0\" allowfullscreen=\"allowfullscreen\"><\/iframe><\/p>\n","protected":false},"excerpt":{"rendered":"<p><a href=\"https:\/\/bibliaparalavida.com\/tutorialapp\" target=\"_blank\" rel=\"noopener\"><img loading=\"lazy\" decoding=\"async\" class=\"alignright wp-image-2502\" src=\"https:\/\/bibliaparalavida.com\/es\/wp-content\/uploads\/2023\/07\/stores-icons-B.png\" alt=\"\" width=\"48\" height=\"90\" \/><\/a><\/p>\n<p>La Serie <strong>HECHOS de los Ap\u00f3stoles<\/strong> estudian los 28 cap\u00edtulos del libro a trav\u00e9s de preguntas inductivas y aplicaci\u00f3n a la vida cristiana. <a href=\"https:\/\/bibliaparalavida.com\/es\/historias-biblicas\/hechos-maestro-demo\/\">LEE UN ADELANTO DEL MANUAL<\/a><\/p>\n<p><strong>C\u00f3mpralo aqu\u00ed en digital <\/strong>y l\u00e9elo en nuestra <a href=\"https:\/\/bibliaparalavida.com\/es\/app\/\" rel=\"noopener\">App.<\/a><br \/>\n<strong>\u00bfPrefieres en papel? <\/strong>C\u00f3mpralo en <a href=\"https:\/\/www.amazon.es\/dp\/B08VYBPQ5R\" target=\"_blank\" rel=\"noopener\">Amazon<\/a>.<\/p>\n","protected":false},"featured_media":32,"comment_status":"closed","ping_status":"closed","template":"","meta":{"_joinchat":[]},"product_cat":[19],"product_tag":[],"yoast_head":"<!-- This site is optimized with the Yoast SEO plugin v22.8 - https:\/\/yoast.com\/wordpress\/plugins\/seo\/ -->\n<title>Serie Hechos | Maestro - Biblia para la Vida ESPA\u00d1A<\/title>\n<meta name=\"robots\" content=\"index, follow, max-snippet:-1, max-image-preview:large, max-video-preview:-1\" \/>\n<link rel=\"canonical\" href=\"https:\/\/bibliaparalavida.com\/es\/prod\/hechos-maestro\/\" \/>\n<meta property=\"og:locale\" content=\"es_ES\" \/>\n<meta property=\"og:type\" content=\"article\" \/>\n<meta property=\"og:title\" content=\"Serie Hechos | Maestro - Biblia para la Vida ESPA\u00d1A\" \/>\n<meta property=\"og:description\" content=\"La Serie HECHOS de los Ap\u00f3stoles estudian los 28 cap\u00edtulos del libro a trav\u00e9s de preguntas inductivas y aplicaci\u00f3n a la vida cristiana. LEE UN ADELANTO DEL MANUAL  C\u00f3mpralo aqu\u00ed en digital y l\u00e9elo en nuestra App. \u00bfPrefieres en papel? C\u00f3mpralo en Amazon.\" \/>\n<meta property=\"og:url\" content=\"https:\/\/bibliaparalavida.com\/es\/prod\/hechos-maestro\/\" \/>\n<meta property=\"og:site_name\" content=\"Biblia para la Vida ESPA\u00d1A\" \/>\n<meta property=\"article:publisher\" content=\"https:\/\/www.facebook.com\/BibliaParaLaVida\" \/>\n<meta property=\"article:modified_time\" content=\"2024-11-06T23:37:26+00:00\" \/>\n<meta property=\"og:image\" content=\"https:\/\/bibliaparalavida.com\/es\/wp-content\/uploads\/2020\/03\/Serie-Hechos-Maestro.png\" \/>\n\t<meta property=\"og:image:width\" content=\"1000\" \/>\n\t<meta property=\"og:image:height\" content=\"1000\" \/>\n\t<meta property=\"og:image:type\" content=\"image\/png\" \/>\n<meta name=\"twitter:card\" content=\"summary_large_image\" \/>\n<meta name=\"twitter:label1\" content=\"Tiempo de lectura\" \/>\n\t<meta name=\"twitter:data1\" content=\"3 minutos\" \/>\n<script type=\"application\/ld+json\" class=\"yoast-schema-graph\">{\"@context\":\"https:\/\/schema.org\",\"@graph\":[{\"@type\":\"WebPage\",\"@id\":\"https:\/\/bibliaparalavida.com\/es\/prod\/hechos-maestro\/\",\"url\":\"https:\/\/bibliaparalavida.com\/es\/prod\/hechos-maestro\/\",\"name\":\"Serie Hechos | Maestro - Biblia para la Vida ESPA\u00d1A\",\"isPartOf\":{\"@id\":\"https:\/\/bibliaparalavida.com\/es\/#website\"},\"primaryImageOfPage\":{\"@id\":\"https:\/\/bibliaparalavida.com\/es\/prod\/hechos-maestro\/#primaryimage\"},\"image\":{\"@id\":\"https:\/\/bibliaparalavida.com\/es\/prod\/hechos-maestro\/#primaryimage\"},\"thumbnailUrl\":\"https:\/\/bibliaparalavida.com\/es\/wp-content\/uploads\/2020\/03\/Serie-Hechos-Maestro.png\",\"datePublished\":\"2020-06-23T18:57:21+00:00\",\"dateModified\":\"2024-11-06T23:37:26+00:00\",\"breadcrumb\":{\"@id\":\"https:\/\/bibliaparalavida.com\/es\/prod\/hechos-maestro\/#breadcrumb\"},\"inLanguage\":\"es\",\"potentialAction\":[{\"@type\":\"ReadAction\",\"target\":[\"https:\/\/bibliaparalavida.com\/es\/prod\/hechos-maestro\/\"]}]},{\"@type\":\"ImageObject\",\"inLanguage\":\"es\",\"@id\":\"https:\/\/bibliaparalavida.com\/es\/prod\/hechos-maestro\/#primaryimage\",\"url\":\"https:\/\/bibliaparalavida.com\/es\/wp-content\/uploads\/2020\/03\/Serie-Hechos-Maestro.png\",\"contentUrl\":\"https:\/\/bibliaparalavida.com\/es\/wp-content\/uploads\/2020\/03\/Serie-Hechos-Maestro.png\",\"width\":1000,\"height\":1000,\"caption\":\"Serie Hechos - Manual del Maestro\"},{\"@type\":\"BreadcrumbList\",\"@id\":\"https:\/\/bibliaparalavida.com\/es\/prod\/hechos-maestro\/#breadcrumb\",\"itemListElement\":[{\"@type\":\"ListItem\",\"position\":1,\"name\":\"Portada\",\"item\":\"https:\/\/bibliaparalavida.com\/es\/\"},{\"@type\":\"ListItem\",\"position\":2,\"name\":\"Tienda\",\"item\":\"https:\/\/bibliaparalavida.com\/es\/tienda\/\"},{\"@type\":\"ListItem\",\"position\":3,\"name\":\"Serie Hechos | Maestro\"}]},{\"@type\":\"WebSite\",\"@id\":\"https:\/\/bibliaparalavida.com\/es\/#website\",\"url\":\"https:\/\/bibliaparalavida.com\/es\/\",\"name\":\"Biblia para la Vida ESPA\u00d1A\",\"description\":\"Aplica la Biblia a tu vida\",\"publisher\":{\"@id\":\"https:\/\/bibliaparalavida.com\/es\/#organization\"},\"potentialAction\":[{\"@type\":\"SearchAction\",\"target\":{\"@type\":\"EntryPoint\",\"urlTemplate\":\"https:\/\/bibliaparalavida.com\/es\/?s={search_term_string}\"},\"query-input\":\"required name=search_term_string\"}],\"inLanguage\":\"es\"},{\"@type\":\"Organization\",\"@id\":\"https:\/\/bibliaparalavida.com\/es\/#organization\",\"name\":\"Biblia para la Vida\",\"url\":\"https:\/\/bibliaparalavida.com\/es\/\",\"logo\":{\"@type\":\"ImageObject\",\"inLanguage\":\"es\",\"@id\":\"https:\/\/bibliaparalavida.com\/es\/#\/schema\/logo\/image\/\",\"url\":\"https:\/\/bibliaparalavida.com\/es\/wp-content\/uploads\/2022\/01\/Logo-BPLV-Header.png\",\"contentUrl\":\"https:\/\/bibliaparalavida.com\/es\/wp-content\/uploads\/2022\/01\/Logo-BPLV-Header.png\",\"width\":356,\"height\":97,\"caption\":\"Biblia para la Vida\"},\"image\":{\"@id\":\"https:\/\/bibliaparalavida.com\/es\/#\/schema\/logo\/image\/\"},\"sameAs\":[\"https:\/\/www.facebook.com\/BibliaParaLaVida\"]}]}<\/script>\n<!-- \/ Yoast SEO plugin. -->","yoast_head_json":{"title":"Serie Hechos | Maestro - Biblia para la Vida ESPA\u00d1A","robots":{"index":"index","follow":"follow","max-snippet":"max-snippet:-1","max-image-preview":"max-image-preview:large","max-video-preview":"max-video-preview:-1"},"canonical":"https:\/\/bibliaparalavida.com\/es\/prod\/hechos-maestro\/","og_locale":"es_ES","og_type":"article","og_title":"Serie Hechos | Maestro - Biblia para la Vida ESPA\u00d1A","og_description":"La Serie HECHOS de los Ap\u00f3stoles estudian los 28 cap\u00edtulos del libro a trav\u00e9s de preguntas inductivas y aplicaci\u00f3n a la vida cristiana. LEE UN ADELANTO DEL MANUAL  C\u00f3mpralo aqu\u00ed en digital y l\u00e9elo en nuestra App. \u00bfPrefieres en papel? C\u00f3mpralo en Amazon.","og_url":"https:\/\/bibliaparalavida.com\/es\/prod\/hechos-maestro\/","og_site_name":"Biblia para la Vida ESPA\u00d1A","article_publisher":"https:\/\/www.facebook.com\/BibliaParaLaVida","article_modified_time":"2024-11-06T23:37:26+00:00","og_image":[{"width":1000,"height":1000,"url":"https:\/\/bibliaparalavida.com\/es\/wp-content\/uploads\/2020\/03\/Serie-Hechos-Maestro.png","type":"image\/png"}],"twitter_card":"summary_large_image","twitter_misc":{"Tiempo de lectura":"3 minutos"},"schema":{"@context":"https:\/\/schema.org","@graph":[{"@type":"WebPage","@id":"https:\/\/bibliaparalavida.com\/es\/prod\/hechos-maestro\/","url":"https:\/\/bibliaparalavida.com\/es\/prod\/hechos-maestro\/","name":"Serie Hechos | Maestro - Biblia para la Vida ESPA\u00d1A","isPartOf":{"@id":"https:\/\/bibliaparalavida.com\/es\/#website"},"primaryImageOfPage":{"@id":"https:\/\/bibliaparalavida.com\/es\/prod\/hechos-maestro\/#primaryimage"},"image":{"@id":"https:\/\/bibliaparalavida.com\/es\/prod\/hechos-maestro\/#primaryimage"},"thumbnailUrl":"https:\/\/bibliaparalavida.com\/es\/wp-content\/uploads\/2020\/03\/Serie-Hechos-Maestro.png","datePublished":"2020-06-23T18:57:21+00:00","dateModified":"2024-11-06T23:37:26+00:00","breadcrumb":{"@id":"https:\/\/bibliaparalavida.com\/es\/prod\/hechos-maestro\/#breadcrumb"},"inLanguage":"es","potentialAction":[{"@type":"ReadAction","target":["https:\/\/bibliaparalavida.com\/es\/prod\/hechos-maestro\/"]}]},{"@type":"ImageObject","inLanguage":"es","@id":"https:\/\/bibliaparalavida.com\/es\/prod\/hechos-maestro\/#primaryimage","url":"https:\/\/bibliaparalavida.com\/es\/wp-content\/uploads\/2020\/03\/Serie-Hechos-Maestro.png","contentUrl":"https:\/\/bibliaparalavida.com\/es\/wp-content\/uploads\/2020\/03\/Serie-Hechos-Maestro.png","width":1000,"height":1000,"caption":"Serie Hechos - Manual del Maestro"},{"@type":"BreadcrumbList","@id":"https:\/\/bibliaparalavida.com\/es\/prod\/hechos-maestro\/#breadcrumb","itemListElement":[{"@type":"ListItem","position":1,"name":"Portada","item":"https:\/\/bibliaparalavida.com\/es\/"},{"@type":"ListItem","position":2,"name":"Tienda","item":"https:\/\/bibliaparalavida.com\/es\/tienda\/"},{"@type":"ListItem","position":3,"name":"Serie Hechos | Maestro"}]},{"@type":"WebSite","@id":"https:\/\/bibliaparalavida.com\/es\/#website","url":"https:\/\/bibliaparalavida.com\/es\/","name":"Biblia para la Vida ESPA\u00d1A","description":"Aplica la Biblia a tu vida","publisher":{"@id":"https:\/\/bibliaparalavida.com\/es\/#organization"},"potentialAction":[{"@type":"SearchAction","target":{"@type":"EntryPoint","urlTemplate":"https:\/\/bibliaparalavida.com\/es\/?s={search_term_string}"},"query-input":"required name=search_term_string"}],"inLanguage":"es"},{"@type":"Organization","@id":"https:\/\/bibliaparalavida.com\/es\/#organization","name":"Biblia para la Vida","url":"https:\/\/bibliaparalavida.com\/es\/","logo":{"@type":"ImageObject","inLanguage":"es","@id":"https:\/\/bibliaparalavida.com\/es\/#\/schema\/logo\/image\/","url":"https:\/\/bibliaparalavida.com\/es\/wp-content\/uploads\/2022\/01\/Logo-BPLV-Header.png","contentUrl":"https:\/\/bibliaparalavida.com\/es\/wp-content\/uploads\/2022\/01\/Logo-BPLV-Header.png","width":356,"height":97,"caption":"Biblia para la Vida"},"image":{"@id":"https:\/\/bibliaparalavida.com\/es\/#\/schema\/logo\/image\/"},"sameAs":["https:\/\/www.facebook.com\/BibliaParaLaVida"]}]}},"_links":{"self":[{"href":"https:\/\/bibliaparalavida.com\/es\/wp-json\/wp\/v2\/product\/29"}],"collection":[{"href":"https:\/\/bibliaparalavida.com\/es\/wp-json\/wp\/v2\/product"}],"about":[{"href":"https:\/\/bibliaparalavida.com\/es\/wp-json\/wp\/v2\/types\/product"}],"replies":[{"embeddable":true,"href":"https:\/\/bibliaparalavida.com\/es\/wp-json\/wp\/v2\/comments?post=29"}],"wp:featuredmedia":[{"embeddable":true,"href":"https:\/\/bibliaparalavida.com\/es\/wp-json\/wp\/v2\/media\/32"}],"wp:attachment":[{"href":"https:\/\/bibliaparalavida.com\/es\/wp-json\/wp\/v2\/media?parent=29"}],"wp:term":[{"taxonomy":"product_cat","embeddable":true,"href":"https:\/\/bibliaparalavida.com\/es\/wp-json\/wp\/v2\/product_cat?post=29"},{"taxonomy":"product_tag","embeddable":true,"href":"https:\/\/bibliaparalavida.com\/es\/wp-json\/wp\/v2\/product_tag?post=29"}],"curies":[{"name":"wp","href":"https:\/\/api.w.org\/{rel}","templated":true}]}}