{"id":2673,"date":"2025-03-08T22:25:59","date_gmt":"2025-03-08T22:25:59","guid":{"rendered":"https:\/\/bibliaparalavida.com\/es\/?post_type=product&#038;p=2673"},"modified":"2025-03-18T00:09:16","modified_gmt":"2025-03-18T00:09:16","slug":"predicas-jovenes","status":"publish","type":"product","link":"https:\/\/bibliaparalavida.com\/es\/prod\/predicas-jovenes\/","title":{"rendered":"Predicas para j\u00f3venes"},"content":{"rendered":"<p>Una de las tareas m\u00e1s importantes de un l\u00edder juvenil es la predicaci\u00f3n de la Palabra de Dios de manera b\u00edblica y eficaz. Es decir, debe hacerlo de tal manera que llegue al coraz\u00f3n de los j\u00f3venes y cause un impacto transformador en sus vidas.<\/p>\n<p>Este libro incluye 30 bosquejos listos para predicar, especialmente desarrollados para un p\u00fablico joven. Todos tratan temas de inter\u00e9s juvenil, desde una perspectiva b\u00edblica y con aplicaci\u00f3n directa a la vida diaria. Y al final ofrecemos una gu\u00eda pr\u00e1ctica para elaborar una buena pr\u00e9dica.<\/p>\n<p><a name=\"contenido\"><\/a><\/p>\n<h3>Pr\u00e9dicas incluidas en el libro<\/h3>\n<p>1. Antorchas del mundo<br \/>\n2. Apasionados por Dios<br \/>\n3. Aprovecha tu juventud<br \/>\n4. Aviva tu vida<br \/>\n5. Claves para una vida prospera<br \/>\n6. Cristianos extraordinarios<br \/>\n7. El dise\u00f1o de Dios para el sexo<br \/>\n8. El gimnasio del Esp\u00edritu<br \/>\n9. En malos tiempos, buenas decisiones<br \/>\n10. Enredados<br \/>\n11. Es hora de despertar<br \/>\n12. Formados para servir a Dios<br \/>\n13. Generaci\u00f3n extrema<br \/>\n14. Imparables<br \/>\n15. Libres para servir a Dios<br \/>\n16. Menos palabras y m\u00e1s poder<br \/>\n17. No te detengas<br \/>\n18. Otra cabeza<br \/>\n19. Poder para ser testigos<br \/>\n20. Potencia espiritual<br \/>\n21. Pulseada espiritual<br \/>\n22. \u00bfQu\u00e9 tienes para dar?<br \/>\n23. S\u00f3lo Jes\u00fas puede darte vida<br \/>\n24. Tres grandes decisiones<br \/>\n25. Una fe todo terreno<br \/>\n26. Unidos en el fuego del Esp\u00edritu<br \/>\n27. Unidos para un avivamiento<br \/>\n28. Violentos espirituales<br \/>\n29. Viviendo en lo sobrenatural<br \/>\n30. Vuelve a enamorarte de Dios<\/p>\n<p>Anexo: Gu\u00eda pr\u00e1ctica para preparar una pr\u00e9dica<\/p>\n","protected":false},"excerpt":{"rendered":"<p><a href=\"https:\/\/bibliaparalavida.com\/es\/app\" target=\"_blank\" rel=\"noopener\"><img loading=\"lazy\" decoding=\"async\" class=\"alignright wp-image-2502\" src=\"https:\/\/bibliaparalavida.com\/la\/wp-content\/uploads\/2023\/07\/stores-icons-B.png\" alt=\"\" width=\"48\" height=\"90\" \/><\/a><\/p>\n<p><strong>30 bosquejos listos para predicar a j\u00f3venes<\/strong>, abordando temas de inter\u00e9s juvenil desde una perspectiva b\u00edblica y con aplicaci\u00f3n directa a la vida diaria. <a href=\"#contenido\">Mira la lista de pr\u00e9dicas aqu\u00ed.<\/a><\/p>\n<p><strong>C\u00f3mpralo aqu\u00ed en digital <\/strong>y l\u00e9elo en nuestra <a href=\"https:\/\/bibliaparalavida.com\/es\/app\/\" rel=\"noopener\">App.<\/a><br \/>\n<strong>Si prefieres en papel<\/strong>, c\u00f3mpralo en <a href=\"https:\/\/www.amazon.es\/dp\/B0DXVZ4Y11\" target=\"_blank\" rel=\"noopener\">Amazon<\/a>.<\/p>\n<p><a style=\"padding: 8px; background-color: #0f9d58; font-weight: bold; text-align: center; color: #fff; border-radius: 5px;\" href=\"https:\/\/wa.me\/5493513073050?text=Quisiera%20un%20Demo%20del%20libro%20Pr\u00e9dicas%20para%20J\u00f3venes.\"><img loading=\"lazy\" decoding=\"async\" style=\"float: left, margin-right:10px; margin-bottom: -7px; margin-right: 5px;\" src=\"https:\/\/bibliaparalavida.com\/wp-content\/uploads\/2020\/12\/WhatsApp-icon.png\" alt=\"WhatsApp\" width=\"24\" height=\"24\" \/>SOLICITA UN ADELANTO EN PDF<\/a><\/p>\n<div style=\"clear: both; height: 10px;\"><\/div>\n","protected":false},"featured_media":2674,"comment_status":"closed","ping_status":"closed","template":"","meta":{"_joinchat":[]},"product_cat":[51],"product_tag":[82,83,80,81],"yoast_head":"<!-- This site is optimized with the Yoast SEO plugin v22.8 - https:\/\/yoast.com\/wordpress\/plugins\/seo\/ -->\n<title>Predicas para j\u00f3venes - Biblia para la Vida ESPA\u00d1A<\/title>\n<meta name=\"robots\" content=\"index, follow, max-snippet:-1, max-image-preview:large, max-video-preview:-1\" \/>\n<link rel=\"canonical\" href=\"https:\/\/bibliaparalavida.com\/es\/prod\/predicas-jovenes\/\" \/>\n<meta property=\"og:locale\" content=\"es_ES\" \/>\n<meta property=\"og:type\" content=\"article\" \/>\n<meta property=\"og:title\" content=\"Predicas para j\u00f3venes - Biblia para la Vida ESPA\u00d1A\" \/>\n<meta property=\"og:description\" content=\"30 bosquejos listos para predicar a j\u00f3venes, abordando temas de inter\u00e9s juvenil desde una perspectiva b\u00edblica y con aplicaci\u00f3n directa a la vida diaria. Mira la lista de pr\u00e9dicas aqu\u00ed.  C\u00f3mpralo aqu\u00ed en digital y l\u00e9elo en nuestra App. Si prefieres en papel, c\u00f3mpralo en Amazon.  SOLICITA UN ADELANTO EN PDF\" \/>\n<meta property=\"og:url\" content=\"https:\/\/bibliaparalavida.com\/es\/prod\/predicas-jovenes\/\" \/>\n<meta property=\"og:site_name\" content=\"Biblia para la Vida ESPA\u00d1A\" \/>\n<meta property=\"article:publisher\" content=\"https:\/\/www.facebook.com\/BibliaParaLaVida\" \/>\n<meta property=\"article:modified_time\" content=\"2025-03-18T00:09:16+00:00\" \/>\n<meta property=\"og:image\" content=\"https:\/\/bibliaparalavida.com\/es\/wp-content\/uploads\/2025\/02\/Predicas-tapa.jpg\" \/>\n\t<meta property=\"og:image:width\" content=\"1080\" \/>\n\t<meta property=\"og:image:height\" content=\"1080\" \/>\n\t<meta property=\"og:image:type\" content=\"image\/jpeg\" \/>\n<meta name=\"twitter:card\" content=\"summary_large_image\" \/>\n<meta name=\"twitter:label1\" content=\"Tiempo de lectura\" \/>\n\t<meta name=\"twitter:data1\" content=\"2 minutos\" \/>\n<script type=\"application\/ld+json\" class=\"yoast-schema-graph\">{\"@context\":\"https:\/\/schema.org\",\"@graph\":[{\"@type\":\"WebPage\",\"@id\":\"https:\/\/bibliaparalavida.com\/es\/prod\/predicas-jovenes\/\",\"url\":\"https:\/\/bibliaparalavida.com\/es\/prod\/predicas-jovenes\/\",\"name\":\"Predicas para j\u00f3venes - Biblia para la Vida ESPA\u00d1A\",\"isPartOf\":{\"@id\":\"https:\/\/bibliaparalavida.com\/es\/#website\"},\"primaryImageOfPage\":{\"@id\":\"https:\/\/bibliaparalavida.com\/es\/prod\/predicas-jovenes\/#primaryimage\"},\"image\":{\"@id\":\"https:\/\/bibliaparalavida.com\/es\/prod\/predicas-jovenes\/#primaryimage\"},\"thumbnailUrl\":\"https:\/\/bibliaparalavida.com\/es\/wp-content\/uploads\/2025\/02\/Predicas-tapa.jpg\",\"datePublished\":\"2025-03-08T22:25:59+00:00\",\"dateModified\":\"2025-03-18T00:09:16+00:00\",\"breadcrumb\":{\"@id\":\"https:\/\/bibliaparalavida.com\/es\/prod\/predicas-jovenes\/#breadcrumb\"},\"inLanguage\":\"es\",\"potentialAction\":[{\"@type\":\"ReadAction\",\"target\":[\"https:\/\/bibliaparalavida.com\/es\/prod\/predicas-jovenes\/\"]}]},{\"@type\":\"ImageObject\",\"inLanguage\":\"es\",\"@id\":\"https:\/\/bibliaparalavida.com\/es\/prod\/predicas-jovenes\/#primaryimage\",\"url\":\"https:\/\/bibliaparalavida.com\/es\/wp-content\/uploads\/2025\/02\/Predicas-tapa.jpg\",\"contentUrl\":\"https:\/\/bibliaparalavida.com\/es\/wp-content\/uploads\/2025\/02\/Predicas-tapa.jpg\",\"width\":1080,\"height\":1080,\"caption\":\"Pr\u00e9dicas para j\u00f3venes\"},{\"@type\":\"BreadcrumbList\",\"@id\":\"https:\/\/bibliaparalavida.com\/es\/prod\/predicas-jovenes\/#breadcrumb\",\"itemListElement\":[{\"@type\":\"ListItem\",\"position\":1,\"name\":\"Portada\",\"item\":\"https:\/\/bibliaparalavida.com\/es\/\"},{\"@type\":\"ListItem\",\"position\":2,\"name\":\"Tienda\",\"item\":\"https:\/\/bibliaparalavida.com\/es\/tienda\/\"},{\"@type\":\"ListItem\",\"position\":3,\"name\":\"Predicas para j\u00f3venes\"}]},{\"@type\":\"WebSite\",\"@id\":\"https:\/\/bibliaparalavida.com\/es\/#website\",\"url\":\"https:\/\/bibliaparalavida.com\/es\/\",\"name\":\"Biblia para la Vida ESPA\u00d1A\",\"description\":\"Aplica la Biblia a tu vida\",\"publisher\":{\"@id\":\"https:\/\/bibliaparalavida.com\/es\/#organization\"},\"potentialAction\":[{\"@type\":\"SearchAction\",\"target\":{\"@type\":\"EntryPoint\",\"urlTemplate\":\"https:\/\/bibliaparalavida.com\/es\/?s={search_term_string}\"},\"query-input\":\"required name=search_term_string\"}],\"inLanguage\":\"es\"},{\"@type\":\"Organization\",\"@id\":\"https:\/\/bibliaparalavida.com\/es\/#organization\",\"name\":\"Biblia para la Vida\",\"url\":\"https:\/\/bibliaparalavida.com\/es\/\",\"logo\":{\"@type\":\"ImageObject\",\"inLanguage\":\"es\",\"@id\":\"https:\/\/bibliaparalavida.com\/es\/#\/schema\/logo\/image\/\",\"url\":\"https:\/\/bibliaparalavida.com\/es\/wp-content\/uploads\/2022\/01\/Logo-BPLV-Header.png\",\"contentUrl\":\"https:\/\/bibliaparalavida.com\/es\/wp-content\/uploads\/2022\/01\/Logo-BPLV-Header.png\",\"width\":356,\"height\":97,\"caption\":\"Biblia para la Vida\"},\"image\":{\"@id\":\"https:\/\/bibliaparalavida.com\/es\/#\/schema\/logo\/image\/\"},\"sameAs\":[\"https:\/\/www.facebook.com\/BibliaParaLaVida\"]}]}<\/script>\n<!-- \/ Yoast SEO plugin. -->","yoast_head_json":{"title":"Predicas para j\u00f3venes - Biblia para la Vida ESPA\u00d1A","robots":{"index":"index","follow":"follow","max-snippet":"max-snippet:-1","max-image-preview":"max-image-preview:large","max-video-preview":"max-video-preview:-1"},"canonical":"https:\/\/bibliaparalavida.com\/es\/prod\/predicas-jovenes\/","og_locale":"es_ES","og_type":"article","og_title":"Predicas para j\u00f3venes - Biblia para la Vida ESPA\u00d1A","og_description":"30 bosquejos listos para predicar a j\u00f3venes, abordando temas de inter\u00e9s juvenil desde una perspectiva b\u00edblica y con aplicaci\u00f3n directa a la vida diaria. Mira la lista de pr\u00e9dicas aqu\u00ed.  C\u00f3mpralo aqu\u00ed en digital y l\u00e9elo en nuestra App. Si prefieres en papel, c\u00f3mpralo en Amazon.  SOLICITA UN ADELANTO EN PDF","og_url":"https:\/\/bibliaparalavida.com\/es\/prod\/predicas-jovenes\/","og_site_name":"Biblia para la Vida ESPA\u00d1A","article_publisher":"https:\/\/www.facebook.com\/BibliaParaLaVida","article_modified_time":"2025-03-18T00:09:16+00:00","og_image":[{"width":1080,"height":1080,"url":"https:\/\/bibliaparalavida.com\/es\/wp-content\/uploads\/2025\/02\/Predicas-tapa.jpg","type":"image\/jpeg"}],"twitter_card":"summary_large_image","twitter_misc":{"Tiempo de lectura":"2 minutos"},"schema":{"@context":"https:\/\/schema.org","@graph":[{"@type":"WebPage","@id":"https:\/\/bibliaparalavida.com\/es\/prod\/predicas-jovenes\/","url":"https:\/\/bibliaparalavida.com\/es\/prod\/predicas-jovenes\/","name":"Predicas para j\u00f3venes - Biblia para la Vida ESPA\u00d1A","isPartOf":{"@id":"https:\/\/bibliaparalavida.com\/es\/#website"},"primaryImageOfPage":{"@id":"https:\/\/bibliaparalavida.com\/es\/prod\/predicas-jovenes\/#primaryimage"},"image":{"@id":"https:\/\/bibliaparalavida.com\/es\/prod\/predicas-jovenes\/#primaryimage"},"thumbnailUrl":"https:\/\/bibliaparalavida.com\/es\/wp-content\/uploads\/2025\/02\/Predicas-tapa.jpg","datePublished":"2025-03-08T22:25:59+00:00","dateModified":"2025-03-18T00:09:16+00:00","breadcrumb":{"@id":"https:\/\/bibliaparalavida.com\/es\/prod\/predicas-jovenes\/#breadcrumb"},"inLanguage":"es","potentialAction":[{"@type":"ReadAction","target":["https:\/\/bibliaparalavida.com\/es\/prod\/predicas-jovenes\/"]}]},{"@type":"ImageObject","inLanguage":"es","@id":"https:\/\/bibliaparalavida.com\/es\/prod\/predicas-jovenes\/#primaryimage","url":"https:\/\/bibliaparalavida.com\/es\/wp-content\/uploads\/2025\/02\/Predicas-tapa.jpg","contentUrl":"https:\/\/bibliaparalavida.com\/es\/wp-content\/uploads\/2025\/02\/Predicas-tapa.jpg","width":1080,"height":1080,"caption":"Pr\u00e9dicas para j\u00f3venes"},{"@type":"BreadcrumbList","@id":"https:\/\/bibliaparalavida.com\/es\/prod\/predicas-jovenes\/#breadcrumb","itemListElement":[{"@type":"ListItem","position":1,"name":"Portada","item":"https:\/\/bibliaparalavida.com\/es\/"},{"@type":"ListItem","position":2,"name":"Tienda","item":"https:\/\/bibliaparalavida.com\/es\/tienda\/"},{"@type":"ListItem","position":3,"name":"Predicas para j\u00f3venes"}]},{"@type":"WebSite","@id":"https:\/\/bibliaparalavida.com\/es\/#website","url":"https:\/\/bibliaparalavida.com\/es\/","name":"Biblia para la Vida ESPA\u00d1A","description":"Aplica la Biblia a tu vida","publisher":{"@id":"https:\/\/bibliaparalavida.com\/es\/#organization"},"potentialAction":[{"@type":"SearchAction","target":{"@type":"EntryPoint","urlTemplate":"https:\/\/bibliaparalavida.com\/es\/?s={search_term_string}"},"query-input":"required name=search_term_string"}],"inLanguage":"es"},{"@type":"Organization","@id":"https:\/\/bibliaparalavida.com\/es\/#organization","name":"Biblia para la Vida","url":"https:\/\/bibliaparalavida.com\/es\/","logo":{"@type":"ImageObject","inLanguage":"es","@id":"https:\/\/bibliaparalavida.com\/es\/#\/schema\/logo\/image\/","url":"https:\/\/bibliaparalavida.com\/es\/wp-content\/uploads\/2022\/01\/Logo-BPLV-Header.png","contentUrl":"https:\/\/bibliaparalavida.com\/es\/wp-content\/uploads\/2022\/01\/Logo-BPLV-Header.png","width":356,"height":97,"caption":"Biblia para la Vida"},"image":{"@id":"https:\/\/bibliaparalavida.com\/es\/#\/schema\/logo\/image\/"},"sameAs":["https:\/\/www.facebook.com\/BibliaParaLaVida"]}]}},"_links":{"self":[{"href":"https:\/\/bibliaparalavida.com\/es\/wp-json\/wp\/v2\/product\/2673"}],"collection":[{"href":"https:\/\/bibliaparalavida.com\/es\/wp-json\/wp\/v2\/product"}],"about":[{"href":"https:\/\/bibliaparalavida.com\/es\/wp-json\/wp\/v2\/types\/product"}],"replies":[{"embeddable":true,"href":"https:\/\/bibliaparalavida.com\/es\/wp-json\/wp\/v2\/comments?post=2673"}],"wp:featuredmedia":[{"embeddable":true,"href":"https:\/\/bibliaparalavida.com\/es\/wp-json\/wp\/v2\/media\/2674"}],"wp:attachment":[{"href":"https:\/\/bibliaparalavida.com\/es\/wp-json\/wp\/v2\/media?parent=2673"}],"wp:term":[{"taxonomy":"product_cat","embeddable":true,"href":"https:\/\/bibliaparalavida.com\/es\/wp-json\/wp\/v2\/product_cat?post=2673"},{"taxonomy":"product_tag","embeddable":true,"href":"https:\/\/bibliaparalavida.com\/es\/wp-json\/wp\/v2\/product_tag?post=2673"}],"curies":[{"name":"wp","href":"https:\/\/api.w.org\/{rel}","templated":true}]}}