{"id":2667,"date":"2025-03-09T16:33:01","date_gmt":"2025-03-09T16:33:01","guid":{"rendered":"https:\/\/bibliaparalavida.com\/es\/?post_type=product&#038;p=2667"},"modified":"2025-03-18T00:09:10","modified_gmt":"2025-03-18T00:09:10","slug":"sermones-biblicos","status":"publish","type":"product","link":"https:\/\/bibliaparalavida.com\/es\/prod\/sermones-biblicos\/","title":{"rendered":"Sermones b\u00edblicos"},"content":{"rendered":"<p>La predicaci\u00f3n del Evangelio es una de las tareas esenciales de todo pastor y l\u00edder cristiano. 1 Corintios 1:21 dice: <em>\u201cAgrad\u00f3 a Dios salvar a los creyentes por la locura de la predicaci\u00f3n\u201d<\/em>. Si la predicaci\u00f3n es el medio por el cual las personas ser\u00e1n salvadas, entonces tenemos que procurar hacerlo de la mejor manera posible, preparando sermones con excelencia y relevancia.<\/p>\n<p>Este material ser\u00e1 de gran ayuda para predicar o para usar como referencia en la preparaci\u00f3n de nuevos sermones. Al final ofrecemos una gu\u00eda pr\u00e1ctica para elaborar un buen serm\u00f3n.<\/p>\n<p><a name=\"contenido\"><\/a><\/p>\n<h3>Sermones incluidos en el libro<\/h3>\n<p>1. Agua fresca para un alma sedienta<br \/>\n2. Aliento de vida espiritual<br \/>\n3. Canales del poder de Dios<br \/>\n4. Dejemos que Dios sane nuestras heridas<br \/>\n5. Descanso prometido<br \/>\n6. Dios de generaciones<br \/>\n7. El dise\u00f1o de Dios para la familia<br \/>\n8. El Esp\u00edritu Santo, un compa\u00f1ero que debemos conocer<br \/>\n9. El manual de instrucciones de la vida<br \/>\n10. El Reino de Dios est\u00e1 cerca<br \/>\n11. En las manos del Alfarero<br \/>\n12. Espera en Dios para ver su poder<br \/>\n13. Hacia una vida extraordinaria<br \/>\n14. Haz de Dios tu m\u00e1s alta prioridad<br \/>\n15. Jes\u00fas quiere hacerte bien<br \/>\n16. La familia, un regalo de Dios<br \/>\n17. Las cuatro estaciones de la vida cristiana<br \/>\n18. Lo m\u00e1s importante de la vida cristiana<br \/>\n19. Los cimientos de la vida<br \/>\n20. Misericordia Gratuita para Todos<br \/>\n21. Nacer a una vida espiritual<br \/>\n22. No somos de los que retroceden<br \/>\n23. Plantados en la Iglesia para florecer<br \/>\n24. Puestos los ojos en Jes\u00fas<br \/>\n25. Recompensas de la integridad<br \/>\n26. Santa resistencia<br \/>\n27. Tiempo de orar y tiempo de actuar<br \/>\n28. Todo se trata de Dios<br \/>\n29. Tu mejor arma de guerra<br \/>\n30. Verdades que traen libertad<\/p>\n<p>Anexo: Gu\u00eda pr\u00e1ctica para preparar un serm\u00f3n<\/p>\n","protected":false},"excerpt":{"rendered":"<p><a href=\"https:\/\/bibliaparalavida.com\/es\/app\" target=\"_blank\" rel=\"noopener\"><img loading=\"lazy\" decoding=\"async\" class=\"alignright wp-image-2502\" src=\"https:\/\/bibliaparalavida.com\/la\/wp-content\/uploads\/2023\/07\/stores-icons-B.png\" alt=\"\" width=\"48\" height=\"90\" \/><\/a><\/p>\n<p><strong>30 bosquejos seleccionados<\/strong> del pastor Billy Saint sobre diferentes temas de actualidad, desarrollados desde una perspectiva b\u00edblica, y con un enfoque pr\u00e1ctico y de fe. <a href=\"#contenido\">Mira la lista de sermones aqu\u00ed.<\/a><\/p>\n<p><strong>C\u00f3mpralo aqu\u00ed en digital <\/strong>y l\u00e9elo en nuestra <a href=\"https:\/\/bibliaparalavida.com\/es\/app\/\" rel=\"noopener\">App.<\/a><br \/>\n<strong>\u00bfPrefieres en papel? <\/strong>C\u00f3mpralo en <a href=\"https:\/\/www.amazon.es\/dp\/B0DR2JFDJH\" target=\"_blank\" rel=\"noopener\">Amazon<\/a>.<\/p>\n<p><a style=\"padding: 8px; background-color: #0f9d58; font-weight: bold; text-align: center; color: #fff; border-radius: 5px;\" href=\"https:\/\/wa.me\/5493513073050?text=Quisiera%20un%20Demo%20del%20libro%20Sermones%20B\u00edblicos.\"><img loading=\"lazy\" decoding=\"async\" style=\"float: left, margin-right:10px; margin-bottom: -7px; margin-right: 5px;\" src=\"https:\/\/bibliaparalavida.com\/wp-content\/uploads\/2020\/12\/WhatsApp-icon.png\" alt=\"WhatsApp\" width=\"24\" height=\"24\" \/>SOLICITA UN ADELANTO EN PDF<\/a><\/p>\n<div style=\"clear: both; height: 10px;\"><\/div>\n","protected":false},"featured_media":2669,"comment_status":"closed","ping_status":"closed","template":"","meta":{"_joinchat":[]},"product_cat":[51],"product_tag":[],"yoast_head":"<!-- This site is optimized with the Yoast SEO plugin v22.8 - https:\/\/yoast.com\/wordpress\/plugins\/seo\/ -->\n<title>Sermones b\u00edblicos - Biblia para la Vida ESPA\u00d1A<\/title>\n<meta name=\"robots\" content=\"index, follow, max-snippet:-1, max-image-preview:large, max-video-preview:-1\" \/>\n<link rel=\"canonical\" href=\"https:\/\/bibliaparalavida.com\/es\/prod\/sermones-biblicos\/\" \/>\n<meta property=\"og:locale\" content=\"es_ES\" \/>\n<meta property=\"og:type\" content=\"article\" \/>\n<meta property=\"og:title\" content=\"Sermones b\u00edblicos - Biblia para la Vida ESPA\u00d1A\" \/>\n<meta property=\"og:description\" content=\"30 bosquejos seleccionados del pastor Billy Saint sobre diferentes temas de actualidad, desarrollados desde una perspectiva b\u00edblica, y con un enfoque pr\u00e1ctico y de fe. Mira la lista de sermones aqu\u00ed.  C\u00f3mpralo aqu\u00ed en digital y l\u00e9elo en nuestra App. \u00bfPrefieres en papel? C\u00f3mpralo en Amazon.  SOLICITA UN ADELANTO EN PDF\" \/>\n<meta property=\"og:url\" content=\"https:\/\/bibliaparalavida.com\/es\/prod\/sermones-biblicos\/\" \/>\n<meta property=\"og:site_name\" content=\"Biblia para la Vida ESPA\u00d1A\" \/>\n<meta property=\"article:publisher\" content=\"https:\/\/www.facebook.com\/BibliaParaLaVida\" \/>\n<meta property=\"article:modified_time\" content=\"2025-03-18T00:09:10+00:00\" \/>\n<meta property=\"og:image\" content=\"https:\/\/bibliaparalavida.com\/es\/wp-content\/uploads\/2024\/12\/Sermones-tapa.jpg\" \/>\n\t<meta property=\"og:image:width\" content=\"1000\" \/>\n\t<meta property=\"og:image:height\" content=\"1000\" \/>\n\t<meta property=\"og:image:type\" content=\"image\/jpeg\" \/>\n<meta name=\"twitter:card\" content=\"summary_large_image\" \/>\n<meta name=\"twitter:label1\" content=\"Tiempo de lectura\" \/>\n\t<meta name=\"twitter:data1\" content=\"2 minutos\" \/>\n<script type=\"application\/ld+json\" class=\"yoast-schema-graph\">{\"@context\":\"https:\/\/schema.org\",\"@graph\":[{\"@type\":\"WebPage\",\"@id\":\"https:\/\/bibliaparalavida.com\/es\/prod\/sermones-biblicos\/\",\"url\":\"https:\/\/bibliaparalavida.com\/es\/prod\/sermones-biblicos\/\",\"name\":\"Sermones b\u00edblicos - Biblia para la Vida ESPA\u00d1A\",\"isPartOf\":{\"@id\":\"https:\/\/bibliaparalavida.com\/es\/#website\"},\"primaryImageOfPage\":{\"@id\":\"https:\/\/bibliaparalavida.com\/es\/prod\/sermones-biblicos\/#primaryimage\"},\"image\":{\"@id\":\"https:\/\/bibliaparalavida.com\/es\/prod\/sermones-biblicos\/#primaryimage\"},\"thumbnailUrl\":\"https:\/\/bibliaparalavida.com\/es\/wp-content\/uploads\/2024\/12\/Sermones-tapa.jpg\",\"datePublished\":\"2025-03-09T16:33:01+00:00\",\"dateModified\":\"2025-03-18T00:09:10+00:00\",\"breadcrumb\":{\"@id\":\"https:\/\/bibliaparalavida.com\/es\/prod\/sermones-biblicos\/#breadcrumb\"},\"inLanguage\":\"es\",\"potentialAction\":[{\"@type\":\"ReadAction\",\"target\":[\"https:\/\/bibliaparalavida.com\/es\/prod\/sermones-biblicos\/\"]}]},{\"@type\":\"ImageObject\",\"inLanguage\":\"es\",\"@id\":\"https:\/\/bibliaparalavida.com\/es\/prod\/sermones-biblicos\/#primaryimage\",\"url\":\"https:\/\/bibliaparalavida.com\/es\/wp-content\/uploads\/2024\/12\/Sermones-tapa.jpg\",\"contentUrl\":\"https:\/\/bibliaparalavida.com\/es\/wp-content\/uploads\/2024\/12\/Sermones-tapa.jpg\",\"width\":1000,\"height\":1000,\"caption\":\"Sermones b\u00edblicos\"},{\"@type\":\"BreadcrumbList\",\"@id\":\"https:\/\/bibliaparalavida.com\/es\/prod\/sermones-biblicos\/#breadcrumb\",\"itemListElement\":[{\"@type\":\"ListItem\",\"position\":1,\"name\":\"Portada\",\"item\":\"https:\/\/bibliaparalavida.com\/es\/\"},{\"@type\":\"ListItem\",\"position\":2,\"name\":\"Tienda\",\"item\":\"https:\/\/bibliaparalavida.com\/es\/tienda\/\"},{\"@type\":\"ListItem\",\"position\":3,\"name\":\"Sermones b\u00edblicos\"}]},{\"@type\":\"WebSite\",\"@id\":\"https:\/\/bibliaparalavida.com\/es\/#website\",\"url\":\"https:\/\/bibliaparalavida.com\/es\/\",\"name\":\"Biblia para la Vida ESPA\u00d1A\",\"description\":\"Aplica la Biblia a tu vida\",\"publisher\":{\"@id\":\"https:\/\/bibliaparalavida.com\/es\/#organization\"},\"potentialAction\":[{\"@type\":\"SearchAction\",\"target\":{\"@type\":\"EntryPoint\",\"urlTemplate\":\"https:\/\/bibliaparalavida.com\/es\/?s={search_term_string}\"},\"query-input\":\"required name=search_term_string\"}],\"inLanguage\":\"es\"},{\"@type\":\"Organization\",\"@id\":\"https:\/\/bibliaparalavida.com\/es\/#organization\",\"name\":\"Biblia para la Vida\",\"url\":\"https:\/\/bibliaparalavida.com\/es\/\",\"logo\":{\"@type\":\"ImageObject\",\"inLanguage\":\"es\",\"@id\":\"https:\/\/bibliaparalavida.com\/es\/#\/schema\/logo\/image\/\",\"url\":\"https:\/\/bibliaparalavida.com\/es\/wp-content\/uploads\/2022\/01\/Logo-BPLV-Header.png\",\"contentUrl\":\"https:\/\/bibliaparalavida.com\/es\/wp-content\/uploads\/2022\/01\/Logo-BPLV-Header.png\",\"width\":356,\"height\":97,\"caption\":\"Biblia para la Vida\"},\"image\":{\"@id\":\"https:\/\/bibliaparalavida.com\/es\/#\/schema\/logo\/image\/\"},\"sameAs\":[\"https:\/\/www.facebook.com\/BibliaParaLaVida\"]}]}<\/script>\n<!-- \/ Yoast SEO plugin. -->","yoast_head_json":{"title":"Sermones b\u00edblicos - Biblia para la Vida ESPA\u00d1A","robots":{"index":"index","follow":"follow","max-snippet":"max-snippet:-1","max-image-preview":"max-image-preview:large","max-video-preview":"max-video-preview:-1"},"canonical":"https:\/\/bibliaparalavida.com\/es\/prod\/sermones-biblicos\/","og_locale":"es_ES","og_type":"article","og_title":"Sermones b\u00edblicos - Biblia para la Vida ESPA\u00d1A","og_description":"30 bosquejos seleccionados del pastor Billy Saint sobre diferentes temas de actualidad, desarrollados desde una perspectiva b\u00edblica, y con un enfoque pr\u00e1ctico y de fe. Mira la lista de sermones aqu\u00ed.  C\u00f3mpralo aqu\u00ed en digital y l\u00e9elo en nuestra App. \u00bfPrefieres en papel? C\u00f3mpralo en Amazon.  SOLICITA UN ADELANTO EN PDF","og_url":"https:\/\/bibliaparalavida.com\/es\/prod\/sermones-biblicos\/","og_site_name":"Biblia para la Vida ESPA\u00d1A","article_publisher":"https:\/\/www.facebook.com\/BibliaParaLaVida","article_modified_time":"2025-03-18T00:09:10+00:00","og_image":[{"width":1000,"height":1000,"url":"https:\/\/bibliaparalavida.com\/es\/wp-content\/uploads\/2024\/12\/Sermones-tapa.jpg","type":"image\/jpeg"}],"twitter_card":"summary_large_image","twitter_misc":{"Tiempo de lectura":"2 minutos"},"schema":{"@context":"https:\/\/schema.org","@graph":[{"@type":"WebPage","@id":"https:\/\/bibliaparalavida.com\/es\/prod\/sermones-biblicos\/","url":"https:\/\/bibliaparalavida.com\/es\/prod\/sermones-biblicos\/","name":"Sermones b\u00edblicos - Biblia para la Vida ESPA\u00d1A","isPartOf":{"@id":"https:\/\/bibliaparalavida.com\/es\/#website"},"primaryImageOfPage":{"@id":"https:\/\/bibliaparalavida.com\/es\/prod\/sermones-biblicos\/#primaryimage"},"image":{"@id":"https:\/\/bibliaparalavida.com\/es\/prod\/sermones-biblicos\/#primaryimage"},"thumbnailUrl":"https:\/\/bibliaparalavida.com\/es\/wp-content\/uploads\/2024\/12\/Sermones-tapa.jpg","datePublished":"2025-03-09T16:33:01+00:00","dateModified":"2025-03-18T00:09:10+00:00","breadcrumb":{"@id":"https:\/\/bibliaparalavida.com\/es\/prod\/sermones-biblicos\/#breadcrumb"},"inLanguage":"es","potentialAction":[{"@type":"ReadAction","target":["https:\/\/bibliaparalavida.com\/es\/prod\/sermones-biblicos\/"]}]},{"@type":"ImageObject","inLanguage":"es","@id":"https:\/\/bibliaparalavida.com\/es\/prod\/sermones-biblicos\/#primaryimage","url":"https:\/\/bibliaparalavida.com\/es\/wp-content\/uploads\/2024\/12\/Sermones-tapa.jpg","contentUrl":"https:\/\/bibliaparalavida.com\/es\/wp-content\/uploads\/2024\/12\/Sermones-tapa.jpg","width":1000,"height":1000,"caption":"Sermones b\u00edblicos"},{"@type":"BreadcrumbList","@id":"https:\/\/bibliaparalavida.com\/es\/prod\/sermones-biblicos\/#breadcrumb","itemListElement":[{"@type":"ListItem","position":1,"name":"Portada","item":"https:\/\/bibliaparalavida.com\/es\/"},{"@type":"ListItem","position":2,"name":"Tienda","item":"https:\/\/bibliaparalavida.com\/es\/tienda\/"},{"@type":"ListItem","position":3,"name":"Sermones b\u00edblicos"}]},{"@type":"WebSite","@id":"https:\/\/bibliaparalavida.com\/es\/#website","url":"https:\/\/bibliaparalavida.com\/es\/","name":"Biblia para la Vida ESPA\u00d1A","description":"Aplica la Biblia a tu vida","publisher":{"@id":"https:\/\/bibliaparalavida.com\/es\/#organization"},"potentialAction":[{"@type":"SearchAction","target":{"@type":"EntryPoint","urlTemplate":"https:\/\/bibliaparalavida.com\/es\/?s={search_term_string}"},"query-input":"required name=search_term_string"}],"inLanguage":"es"},{"@type":"Organization","@id":"https:\/\/bibliaparalavida.com\/es\/#organization","name":"Biblia para la Vida","url":"https:\/\/bibliaparalavida.com\/es\/","logo":{"@type":"ImageObject","inLanguage":"es","@id":"https:\/\/bibliaparalavida.com\/es\/#\/schema\/logo\/image\/","url":"https:\/\/bibliaparalavida.com\/es\/wp-content\/uploads\/2022\/01\/Logo-BPLV-Header.png","contentUrl":"https:\/\/bibliaparalavida.com\/es\/wp-content\/uploads\/2022\/01\/Logo-BPLV-Header.png","width":356,"height":97,"caption":"Biblia para la Vida"},"image":{"@id":"https:\/\/bibliaparalavida.com\/es\/#\/schema\/logo\/image\/"},"sameAs":["https:\/\/www.facebook.com\/BibliaParaLaVida"]}]}},"_links":{"self":[{"href":"https:\/\/bibliaparalavida.com\/es\/wp-json\/wp\/v2\/product\/2667"}],"collection":[{"href":"https:\/\/bibliaparalavida.com\/es\/wp-json\/wp\/v2\/product"}],"about":[{"href":"https:\/\/bibliaparalavida.com\/es\/wp-json\/wp\/v2\/types\/product"}],"replies":[{"embeddable":true,"href":"https:\/\/bibliaparalavida.com\/es\/wp-json\/wp\/v2\/comments?post=2667"}],"wp:featuredmedia":[{"embeddable":true,"href":"https:\/\/bibliaparalavida.com\/es\/wp-json\/wp\/v2\/media\/2669"}],"wp:attachment":[{"href":"https:\/\/bibliaparalavida.com\/es\/wp-json\/wp\/v2\/media?parent=2667"}],"wp:term":[{"taxonomy":"product_cat","embeddable":true,"href":"https:\/\/bibliaparalavida.com\/es\/wp-json\/wp\/v2\/product_cat?post=2667"},{"taxonomy":"product_tag","embeddable":true,"href":"https:\/\/bibliaparalavida.com\/es\/wp-json\/wp\/v2\/product_tag?post=2667"}],"curies":[{"name":"wp","href":"https:\/\/api.w.org\/{rel}","templated":true}]}}