{"id":2635,"date":"2024-04-04T17:24:22","date_gmt":"2024-04-04T17:24:22","guid":{"rendered":"https:\/\/bibliaparalavida.com\/es\/?post_type=product&#038;p=2635"},"modified":"2026-02-26T14:03:10","modified_gmt":"2026-02-26T14:03:10","slug":"101-meditaciones","status":"publish","type":"product","link":"https:\/\/bibliaparalavida.com\/es\/prod\/101-meditaciones\/","title":{"rendered":"101 Meditaciones b\u00edblicas de la vida cotidiana"},"content":{"rendered":"<p>La vida cotidiana y la vida cristiana est\u00e1n \u00edntimamente entrelazadas en cada aspecto del diario vivir, no solo cuando asistimos a la iglesia o servimos a Dios.<\/p>\n<p>La Biblia es el regalo de Dios para nosotros, no s\u00f3lo para llegar al cielo, sino tambi\u00e9n para transitar nuestra vida aqu\u00ed en la tierra de manera plena. La clave est\u00e1 en conocerla y aplicarla a nuestro d\u00eda a d\u00eda, y as\u00ed disfrutar de todas las bendiciones que resultan de estar en Cristo.<\/p>\n<p>Este libro incluye reflexiones y devocionales inspirados en situaciones vividas por el autor, comunes a la mayor\u00eda de nosotros, relacionadas con alguna verdad b\u00edblica o un principio espiritual, de manera interesante y profunda. Algunas te har\u00e1n re\u00edr y otras te har\u00e1n llorar, pero todas te har\u00e1n reflexionar sobre la voluntad de Dios para tu vida.<\/p>\n<p>Este libro contiene las 90 reflexiones incluidas en los libros de bolsillo \u00ab<a href=\"https:\/\/bibliaparalavida.com\/es\/prod\/reflexiones-biblicas\/\">Reflexiones b\u00edblicas<\/a>\u00ab, \u00ab<a href=\"https:\/\/bibliaparalavida.com\/es\/prod\/devocionales\/\">Devocionales de la vida diaria<\/a>\u00bb y \u00ab<a href=\"https:\/\/bibliaparalavida.com\/es\/prod\/parabolas\/\">Par\u00e1bolas del presente<\/a>\u00ab, m\u00e1s otras 11 meditaciones m\u00e1s.<\/p>\n<p><a href=\"https:\/\/bibliaparalavida.com\/es\/acerca-del-autor\/\">Billy Saint<\/a><\/p>\n<p><a style=\"padding: 8px; background-color: #0f9d58; font-weight: bold; text-align: center; color: #fff; border-radius: 5px;\" href=\"https:\/\/wa.me\/5493513073050?text=Quisiera%20una%20Demo%20del%20libro%20101%20Meditaciones%20b\u00edblicas.\"><img loading=\"lazy\" decoding=\"async\" style=\"float: left, margin-right:10px; margin-bottom: -7px; margin-right: 5px;\" src=\"https:\/\/bibliaparalavida.com\/wp-content\/uploads\/2020\/12\/WhatsApp-icon.png\" alt=\"WhatsApp\" width=\"24\" height=\"24\" \/>SOLICITA UNA DEMO EN PDF<\/a><\/p>\n","protected":false},"excerpt":{"rendered":"<p><a href=\"https:\/\/bibliaparalavida.com\/es\/app\" target=\"_blank\" rel=\"noopener\"><img loading=\"lazy\" decoding=\"async\" class=\"alignright wp-image-2502\" src=\"https:\/\/bibliaparalavida.com\/app\/wp-content\/uploads\/2023\/07\/stores-icons-B.png\" alt=\"\" width=\"48\" height=\"90\" \/><\/a><a id=\"leerbtn\" class=\"leerbtn\" style=\"color: #fff;\" href=\"https:\/\/bibliaparalavida.com\/es\/libros\/101mb\">ACCEDE AL LIBRO<\/a> <span class=\"comprartxt\">(Si ya lo compraste)<\/span><\/p>\n<p>Este libro <strong>incluye 101 reflexiones y devocionales<\/strong> inspirados en situaciones vividas por el autor y relacionadas con alguna verdad b\u00edblica de manera interesante y profunda. \u00a1Ya tienes una lectura diaria por m\u00e1s de 3 meses! <a href=\"https:\/\/bibliaparalavida.com\/es\/libros\/101-meditaciones\">LEE UN ADELANTO AQU\u00cd.<\/a><\/p>\n<p><strong>C\u00f3mpralo aqu\u00ed en digital <\/strong>y l\u00e9elo en nuestra <a href=\"https:\/\/bibliaparalavida.com\/es\/app\/\" rel=\"noopener\">App.<\/a><br \/>\n<strong>\u00bfPrefieres en papel? <\/strong>C\u00f3mpralo en <a href=\"https:\/\/www.amazon.es\/dp\/9874865792\" target=\"_blank\" rel=\"noopener\">Amazon<\/a>.<\/p>\n","protected":false},"featured_media":2700,"comment_status":"closed","ping_status":"closed","template":"","meta":{"_joinchat":[]},"product_cat":[63],"product_tag":[],"yoast_head":"<!-- This site is optimized with the Yoast SEO plugin v22.8 - https:\/\/yoast.com\/wordpress\/plugins\/seo\/ -->\n<title>101 Meditaciones b\u00edblicas de la vida cotidiana - Biblia para la Vida ESPA\u00d1A<\/title>\n<meta name=\"description\" content=\"Aviva tu vida es una fuente de inspiraci\u00f3n para quienes sienten que hay m\u00e1s de Dios por experimentar y anhelan un avivamiento para su vida.\" \/>\n<meta name=\"robots\" content=\"index, follow, max-snippet:-1, max-image-preview:large, max-video-preview:-1\" \/>\n<link rel=\"canonical\" href=\"https:\/\/bibliaparalavida.com\/es\/prod\/101-meditaciones\/\" \/>\n<meta property=\"og:locale\" content=\"es_ES\" \/>\n<meta property=\"og:type\" content=\"article\" \/>\n<meta property=\"og:title\" content=\"101 Meditaciones b\u00edblicas de la vida cotidiana - Biblia para la Vida ESPA\u00d1A\" \/>\n<meta property=\"og:description\" content=\"Aviva tu vida es una fuente de inspiraci\u00f3n para quienes sienten que hay m\u00e1s de Dios por experimentar y anhelan un avivamiento para su vida.\" \/>\n<meta property=\"og:url\" content=\"https:\/\/bibliaparalavida.com\/es\/prod\/101-meditaciones\/\" \/>\n<meta property=\"og:site_name\" content=\"Biblia para la Vida ESPA\u00d1A\" \/>\n<meta property=\"article:publisher\" content=\"https:\/\/www.facebook.com\/BibliaParaLaVida\" \/>\n<meta property=\"article:modified_time\" content=\"2026-02-26T14:03:10+00:00\" \/>\n<meta property=\"og:image\" content=\"https:\/\/bibliaparalavida.com\/es\/wp-content\/uploads\/2024\/04\/101-Meditaciones-biblicas-2.jpg\" \/>\n\t<meta property=\"og:image:width\" content=\"1000\" \/>\n\t<meta property=\"og:image:height\" content=\"1000\" \/>\n\t<meta property=\"og:image:type\" content=\"image\/jpeg\" \/>\n<meta name=\"twitter:card\" content=\"summary_large_image\" \/>\n<meta name=\"twitter:label1\" content=\"Tiempo de lectura\" \/>\n\t<meta name=\"twitter:data1\" content=\"2 minutos\" \/>\n<script type=\"application\/ld+json\" class=\"yoast-schema-graph\">{\"@context\":\"https:\/\/schema.org\",\"@graph\":[{\"@type\":\"WebPage\",\"@id\":\"https:\/\/bibliaparalavida.com\/es\/prod\/101-meditaciones\/\",\"url\":\"https:\/\/bibliaparalavida.com\/es\/prod\/101-meditaciones\/\",\"name\":\"101 Meditaciones b\u00edblicas de la vida cotidiana - Biblia para la Vida ESPA\u00d1A\",\"isPartOf\":{\"@id\":\"https:\/\/bibliaparalavida.com\/es\/#website\"},\"primaryImageOfPage\":{\"@id\":\"https:\/\/bibliaparalavida.com\/es\/prod\/101-meditaciones\/#primaryimage\"},\"image\":{\"@id\":\"https:\/\/bibliaparalavida.com\/es\/prod\/101-meditaciones\/#primaryimage\"},\"thumbnailUrl\":\"https:\/\/bibliaparalavida.com\/es\/wp-content\/uploads\/2024\/04\/101-Meditaciones-biblicas-2.jpg\",\"datePublished\":\"2024-04-04T17:24:22+00:00\",\"dateModified\":\"2026-02-26T14:03:10+00:00\",\"description\":\"Aviva tu vida es una fuente de inspiraci\u00f3n para quienes sienten que hay m\u00e1s de Dios por experimentar y anhelan un avivamiento para su vida.\",\"breadcrumb\":{\"@id\":\"https:\/\/bibliaparalavida.com\/es\/prod\/101-meditaciones\/#breadcrumb\"},\"inLanguage\":\"es\",\"potentialAction\":[{\"@type\":\"ReadAction\",\"target\":[\"https:\/\/bibliaparalavida.com\/es\/prod\/101-meditaciones\/\"]}]},{\"@type\":\"ImageObject\",\"inLanguage\":\"es\",\"@id\":\"https:\/\/bibliaparalavida.com\/es\/prod\/101-meditaciones\/#primaryimage\",\"url\":\"https:\/\/bibliaparalavida.com\/es\/wp-content\/uploads\/2024\/04\/101-Meditaciones-biblicas-2.jpg\",\"contentUrl\":\"https:\/\/bibliaparalavida.com\/es\/wp-content\/uploads\/2024\/04\/101-Meditaciones-biblicas-2.jpg\",\"width\":1000,\"height\":1000,\"caption\":\"101 Meditaciones b\u00edblicas de la vida cotidiana\"},{\"@type\":\"BreadcrumbList\",\"@id\":\"https:\/\/bibliaparalavida.com\/es\/prod\/101-meditaciones\/#breadcrumb\",\"itemListElement\":[{\"@type\":\"ListItem\",\"position\":1,\"name\":\"Portada\",\"item\":\"https:\/\/bibliaparalavida.com\/es\/\"},{\"@type\":\"ListItem\",\"position\":2,\"name\":\"Tienda\",\"item\":\"https:\/\/bibliaparalavida.com\/es\/tienda\/\"},{\"@type\":\"ListItem\",\"position\":3,\"name\":\"101 Meditaciones b\u00edblicas de la vida cotidiana\"}]},{\"@type\":\"WebSite\",\"@id\":\"https:\/\/bibliaparalavida.com\/es\/#website\",\"url\":\"https:\/\/bibliaparalavida.com\/es\/\",\"name\":\"Biblia para la Vida ESPA\u00d1A\",\"description\":\"Aplica la Biblia a tu vida\",\"publisher\":{\"@id\":\"https:\/\/bibliaparalavida.com\/es\/#organization\"},\"potentialAction\":[{\"@type\":\"SearchAction\",\"target\":{\"@type\":\"EntryPoint\",\"urlTemplate\":\"https:\/\/bibliaparalavida.com\/es\/?s={search_term_string}\"},\"query-input\":\"required name=search_term_string\"}],\"inLanguage\":\"es\"},{\"@type\":\"Organization\",\"@id\":\"https:\/\/bibliaparalavida.com\/es\/#organization\",\"name\":\"Biblia para la Vida\",\"url\":\"https:\/\/bibliaparalavida.com\/es\/\",\"logo\":{\"@type\":\"ImageObject\",\"inLanguage\":\"es\",\"@id\":\"https:\/\/bibliaparalavida.com\/es\/#\/schema\/logo\/image\/\",\"url\":\"https:\/\/bibliaparalavida.com\/es\/wp-content\/uploads\/2022\/01\/Logo-BPLV-Header.png\",\"contentUrl\":\"https:\/\/bibliaparalavida.com\/es\/wp-content\/uploads\/2022\/01\/Logo-BPLV-Header.png\",\"width\":356,\"height\":97,\"caption\":\"Biblia para la Vida\"},\"image\":{\"@id\":\"https:\/\/bibliaparalavida.com\/es\/#\/schema\/logo\/image\/\"},\"sameAs\":[\"https:\/\/www.facebook.com\/BibliaParaLaVida\"]}]}<\/script>\n<!-- \/ Yoast SEO plugin. -->","yoast_head_json":{"title":"101 Meditaciones b\u00edblicas de la vida cotidiana - Biblia para la Vida ESPA\u00d1A","description":"Aviva tu vida es una fuente de inspiraci\u00f3n para quienes sienten que hay m\u00e1s de Dios por experimentar y anhelan un avivamiento para su vida.","robots":{"index":"index","follow":"follow","max-snippet":"max-snippet:-1","max-image-preview":"max-image-preview:large","max-video-preview":"max-video-preview:-1"},"canonical":"https:\/\/bibliaparalavida.com\/es\/prod\/101-meditaciones\/","og_locale":"es_ES","og_type":"article","og_title":"101 Meditaciones b\u00edblicas de la vida cotidiana - Biblia para la Vida ESPA\u00d1A","og_description":"Aviva tu vida es una fuente de inspiraci\u00f3n para quienes sienten que hay m\u00e1s de Dios por experimentar y anhelan un avivamiento para su vida.","og_url":"https:\/\/bibliaparalavida.com\/es\/prod\/101-meditaciones\/","og_site_name":"Biblia para la Vida ESPA\u00d1A","article_publisher":"https:\/\/www.facebook.com\/BibliaParaLaVida","article_modified_time":"2026-02-26T14:03:10+00:00","og_image":[{"width":1000,"height":1000,"url":"https:\/\/bibliaparalavida.com\/es\/wp-content\/uploads\/2024\/04\/101-Meditaciones-biblicas-2.jpg","type":"image\/jpeg"}],"twitter_card":"summary_large_image","twitter_misc":{"Tiempo de lectura":"2 minutos"},"schema":{"@context":"https:\/\/schema.org","@graph":[{"@type":"WebPage","@id":"https:\/\/bibliaparalavida.com\/es\/prod\/101-meditaciones\/","url":"https:\/\/bibliaparalavida.com\/es\/prod\/101-meditaciones\/","name":"101 Meditaciones b\u00edblicas de la vida cotidiana - Biblia para la Vida ESPA\u00d1A","isPartOf":{"@id":"https:\/\/bibliaparalavida.com\/es\/#website"},"primaryImageOfPage":{"@id":"https:\/\/bibliaparalavida.com\/es\/prod\/101-meditaciones\/#primaryimage"},"image":{"@id":"https:\/\/bibliaparalavida.com\/es\/prod\/101-meditaciones\/#primaryimage"},"thumbnailUrl":"https:\/\/bibliaparalavida.com\/es\/wp-content\/uploads\/2024\/04\/101-Meditaciones-biblicas-2.jpg","datePublished":"2024-04-04T17:24:22+00:00","dateModified":"2026-02-26T14:03:10+00:00","description":"Aviva tu vida es una fuente de inspiraci\u00f3n para quienes sienten que hay m\u00e1s de Dios por experimentar y anhelan un avivamiento para su vida.","breadcrumb":{"@id":"https:\/\/bibliaparalavida.com\/es\/prod\/101-meditaciones\/#breadcrumb"},"inLanguage":"es","potentialAction":[{"@type":"ReadAction","target":["https:\/\/bibliaparalavida.com\/es\/prod\/101-meditaciones\/"]}]},{"@type":"ImageObject","inLanguage":"es","@id":"https:\/\/bibliaparalavida.com\/es\/prod\/101-meditaciones\/#primaryimage","url":"https:\/\/bibliaparalavida.com\/es\/wp-content\/uploads\/2024\/04\/101-Meditaciones-biblicas-2.jpg","contentUrl":"https:\/\/bibliaparalavida.com\/es\/wp-content\/uploads\/2024\/04\/101-Meditaciones-biblicas-2.jpg","width":1000,"height":1000,"caption":"101 Meditaciones b\u00edblicas de la vida cotidiana"},{"@type":"BreadcrumbList","@id":"https:\/\/bibliaparalavida.com\/es\/prod\/101-meditaciones\/#breadcrumb","itemListElement":[{"@type":"ListItem","position":1,"name":"Portada","item":"https:\/\/bibliaparalavida.com\/es\/"},{"@type":"ListItem","position":2,"name":"Tienda","item":"https:\/\/bibliaparalavida.com\/es\/tienda\/"},{"@type":"ListItem","position":3,"name":"101 Meditaciones b\u00edblicas de la vida cotidiana"}]},{"@type":"WebSite","@id":"https:\/\/bibliaparalavida.com\/es\/#website","url":"https:\/\/bibliaparalavida.com\/es\/","name":"Biblia para la Vida ESPA\u00d1A","description":"Aplica la Biblia a tu vida","publisher":{"@id":"https:\/\/bibliaparalavida.com\/es\/#organization"},"potentialAction":[{"@type":"SearchAction","target":{"@type":"EntryPoint","urlTemplate":"https:\/\/bibliaparalavida.com\/es\/?s={search_term_string}"},"query-input":"required name=search_term_string"}],"inLanguage":"es"},{"@type":"Organization","@id":"https:\/\/bibliaparalavida.com\/es\/#organization","name":"Biblia para la Vida","url":"https:\/\/bibliaparalavida.com\/es\/","logo":{"@type":"ImageObject","inLanguage":"es","@id":"https:\/\/bibliaparalavida.com\/es\/#\/schema\/logo\/image\/","url":"https:\/\/bibliaparalavida.com\/es\/wp-content\/uploads\/2022\/01\/Logo-BPLV-Header.png","contentUrl":"https:\/\/bibliaparalavida.com\/es\/wp-content\/uploads\/2022\/01\/Logo-BPLV-Header.png","width":356,"height":97,"caption":"Biblia para la Vida"},"image":{"@id":"https:\/\/bibliaparalavida.com\/es\/#\/schema\/logo\/image\/"},"sameAs":["https:\/\/www.facebook.com\/BibliaParaLaVida"]}]}},"_links":{"self":[{"href":"https:\/\/bibliaparalavida.com\/es\/wp-json\/wp\/v2\/product\/2635"}],"collection":[{"href":"https:\/\/bibliaparalavida.com\/es\/wp-json\/wp\/v2\/product"}],"about":[{"href":"https:\/\/bibliaparalavida.com\/es\/wp-json\/wp\/v2\/types\/product"}],"replies":[{"embeddable":true,"href":"https:\/\/bibliaparalavida.com\/es\/wp-json\/wp\/v2\/comments?post=2635"}],"wp:featuredmedia":[{"embeddable":true,"href":"https:\/\/bibliaparalavida.com\/es\/wp-json\/wp\/v2\/media\/2700"}],"wp:attachment":[{"href":"https:\/\/bibliaparalavida.com\/es\/wp-json\/wp\/v2\/media?parent=2635"}],"wp:term":[{"taxonomy":"product_cat","embeddable":true,"href":"https:\/\/bibliaparalavida.com\/es\/wp-json\/wp\/v2\/product_cat?post=2635"},{"taxonomy":"product_tag","embeddable":true,"href":"https:\/\/bibliaparalavida.com\/es\/wp-json\/wp\/v2\/product_tag?post=2635"}],"curies":[{"name":"wp","href":"https:\/\/api.w.org\/{rel}","templated":true}]}}