{"id":2620,"date":"2025-03-09T15:37:57","date_gmt":"2025-03-09T15:37:57","guid":{"rendered":"https:\/\/bibliaparalavida.com\/es\/?post_type=product&#038;p=2620"},"modified":"2026-02-26T14:02:20","modified_gmt":"2026-02-26T14:02:20","slug":"aviva-tu-vida","status":"publish","type":"product","link":"https:\/\/bibliaparalavida.com\/es\/prod\/aviva-tu-vida\/","title":{"rendered":"Aviva tu vida"},"content":{"rendered":"<p>El prop\u00f3sito de este libro es ser una fuente de inspiraci\u00f3n para aquellos que en lo profundo de su coraz\u00f3n sienten que hay una dimensi\u00f3n mayor de amor, pasi\u00f3n y poder que a\u00fan no han experimentado, pero quieren hacerlo.<\/p>\n<p>Contiene la historia de 19 personas que, a lo largo del tiempo, fueron avivadas por Dios, y usadas por \u00e9l para ser protagonistas de un avivamiento en su entorno: John Wesley, Evan Roberts, Charles Spurgeon, Dwight Moody, Tommy Hicks, Omar Cabrera, Reinhard Bonnke, Carlos Annacondia, entre otros.<\/p>\n<p>\u00a1D\u00e9jame decirte que s\u00ed hay m\u00e1s de Dios para ti! Aquel \u201cviento recio\u201d que llen\u00f3 el aposento alto sigue soplando sobre aquellos que anhelan un avivamiento para su vida y para aquellos que est\u00e1n a su alrededor.<\/p>\n<p><a style=\"padding: 8px; background-color: #0f9d58; font-weight: bold; text-align: center; color: #fff; border-radius: 5px;\" href=\"https:\/\/wa.me\/5493513073050?text=Quisiera%20una%20Demo%20del%20libro%20Aviva%20tu%20vida.\"><img loading=\"lazy\" decoding=\"async\" style=\"float: left, margin-right:10px; margin-bottom: -7px; margin-right: 5px;\" src=\"https:\/\/bibliaparalavida.com\/wp-content\/uploads\/2020\/12\/WhatsApp-icon.png\" alt=\"WhatsApp\" width=\"24\" height=\"24\" \/>SOLICITA UNA DEMO EN PDF<\/a><\/p>\n","protected":false},"excerpt":{"rendered":"<p><a href=\"https:\/\/bibliaparalavida.com\/es\/app\" target=\"_blank\" rel=\"noopener\"><img loading=\"lazy\" decoding=\"async\" class=\"alignright wp-image-2502\" src=\"https:\/\/bibliaparalavida.com\/es\/wp-content\/uploads\/2023\/07\/stores-icons-B.png\" alt=\"\" width=\"48\" height=\"90\" \/><\/a><\/p>\n<p><em><strong>Aviva tu vida<\/strong><\/em> es una fuente de inspiraci\u00f3n para quienes sienten que hay m\u00e1s de Dios por experimentar y anhelan un avivamiento para su vida. Incluye 19 biograf\u00edas de personas encendidas por Dios, que fueron protagonistas de diferentes avivamientos en el mundo. <a href=\"https:\/\/bibliaparalavida.com\/es\/libros\/aviva-tu-vida-demo\/\">LEE UN ADELANTO DEL LIBRO<\/a>.<\/p>\n<p><strong>C\u00f3mpralo aqu\u00ed en digital <\/strong>y l\u00e9elo en nuestra <a href=\"https:\/\/bibliaparalavida.com\/es\/app\/\" rel=\"noopener\">App.<\/a><br \/>\n<strong>\u00bfPrefieres en papel? <\/strong>C\u00f3mpralo en <a href=\"https:\/\/www.amazon.es\/dp\/9874865784\" target=\"_blank\" rel=\"noopener\">Amazon<\/a>.<\/p>\n","protected":false},"featured_media":2699,"comment_status":"closed","ping_status":"closed","template":"","meta":{"_joinchat":[]},"product_cat":[63],"product_tag":[],"yoast_head":"<!-- This site is optimized with the Yoast SEO plugin v22.8 - https:\/\/yoast.com\/wordpress\/plugins\/seo\/ -->\n<title>Aviva tu vida - Biblia para la Vida ESPA\u00d1A<\/title>\n<meta name=\"description\" content=\"Aviva tu vida es una fuente de inspiraci\u00f3n para quienes sienten que hay m\u00e1s de Dios por experimentar y anhelan un avivamiento para su vida.\" \/>\n<meta name=\"robots\" content=\"index, follow, max-snippet:-1, max-image-preview:large, max-video-preview:-1\" \/>\n<link rel=\"canonical\" href=\"https:\/\/bibliaparalavida.com\/es\/prod\/aviva-tu-vida\/\" \/>\n<meta property=\"og:locale\" content=\"es_ES\" \/>\n<meta property=\"og:type\" content=\"article\" \/>\n<meta property=\"og:title\" content=\"Aviva tu vida - Biblia para la Vida ESPA\u00d1A\" \/>\n<meta property=\"og:description\" content=\"Aviva tu vida es una fuente de inspiraci\u00f3n para quienes sienten que hay m\u00e1s de Dios por experimentar y anhelan un avivamiento para su vida.\" \/>\n<meta property=\"og:url\" content=\"https:\/\/bibliaparalavida.com\/es\/prod\/aviva-tu-vida\/\" \/>\n<meta property=\"og:site_name\" content=\"Biblia para la Vida ESPA\u00d1A\" \/>\n<meta property=\"article:publisher\" content=\"https:\/\/www.facebook.com\/BibliaParaLaVida\" \/>\n<meta property=\"article:modified_time\" content=\"2026-02-26T14:02:20+00:00\" \/>\n<meta property=\"og:image\" content=\"https:\/\/bibliaparalavida.com\/es\/wp-content\/uploads\/2025\/03\/Aviva-tu-vida-2.jpg\" \/>\n\t<meta property=\"og:image:width\" content=\"1000\" \/>\n\t<meta property=\"og:image:height\" content=\"1000\" \/>\n\t<meta property=\"og:image:type\" content=\"image\/jpeg\" \/>\n<meta name=\"twitter:card\" content=\"summary_large_image\" \/>\n<meta name=\"twitter:label1\" content=\"Tiempo de lectura\" \/>\n\t<meta name=\"twitter:data1\" content=\"1 minuto\" \/>\n<script type=\"application\/ld+json\" class=\"yoast-schema-graph\">{\"@context\":\"https:\/\/schema.org\",\"@graph\":[{\"@type\":\"WebPage\",\"@id\":\"https:\/\/bibliaparalavida.com\/es\/prod\/aviva-tu-vida\/\",\"url\":\"https:\/\/bibliaparalavida.com\/es\/prod\/aviva-tu-vida\/\",\"name\":\"Aviva tu vida - Biblia para la Vida ESPA\u00d1A\",\"isPartOf\":{\"@id\":\"https:\/\/bibliaparalavida.com\/es\/#website\"},\"primaryImageOfPage\":{\"@id\":\"https:\/\/bibliaparalavida.com\/es\/prod\/aviva-tu-vida\/#primaryimage\"},\"image\":{\"@id\":\"https:\/\/bibliaparalavida.com\/es\/prod\/aviva-tu-vida\/#primaryimage\"},\"thumbnailUrl\":\"https:\/\/bibliaparalavida.com\/es\/wp-content\/uploads\/2025\/03\/Aviva-tu-vida-2.jpg\",\"datePublished\":\"2025-03-09T15:37:57+00:00\",\"dateModified\":\"2026-02-26T14:02:20+00:00\",\"description\":\"Aviva tu vida es una fuente de inspiraci\u00f3n para quienes sienten que hay m\u00e1s de Dios por experimentar y anhelan un avivamiento para su vida.\",\"breadcrumb\":{\"@id\":\"https:\/\/bibliaparalavida.com\/es\/prod\/aviva-tu-vida\/#breadcrumb\"},\"inLanguage\":\"es\",\"potentialAction\":[{\"@type\":\"ReadAction\",\"target\":[\"https:\/\/bibliaparalavida.com\/es\/prod\/aviva-tu-vida\/\"]}]},{\"@type\":\"ImageObject\",\"inLanguage\":\"es\",\"@id\":\"https:\/\/bibliaparalavida.com\/es\/prod\/aviva-tu-vida\/#primaryimage\",\"url\":\"https:\/\/bibliaparalavida.com\/es\/wp-content\/uploads\/2025\/03\/Aviva-tu-vida-2.jpg\",\"contentUrl\":\"https:\/\/bibliaparalavida.com\/es\/wp-content\/uploads\/2025\/03\/Aviva-tu-vida-2.jpg\",\"width\":1000,\"height\":1000,\"caption\":\"Aviva tu vida\"},{\"@type\":\"BreadcrumbList\",\"@id\":\"https:\/\/bibliaparalavida.com\/es\/prod\/aviva-tu-vida\/#breadcrumb\",\"itemListElement\":[{\"@type\":\"ListItem\",\"position\":1,\"name\":\"Portada\",\"item\":\"https:\/\/bibliaparalavida.com\/es\/\"},{\"@type\":\"ListItem\",\"position\":2,\"name\":\"Tienda\",\"item\":\"https:\/\/bibliaparalavida.com\/es\/tienda\/\"},{\"@type\":\"ListItem\",\"position\":3,\"name\":\"Aviva tu vida\"}]},{\"@type\":\"WebSite\",\"@id\":\"https:\/\/bibliaparalavida.com\/es\/#website\",\"url\":\"https:\/\/bibliaparalavida.com\/es\/\",\"name\":\"Biblia para la Vida ESPA\u00d1A\",\"description\":\"Aplica la Biblia a tu vida\",\"publisher\":{\"@id\":\"https:\/\/bibliaparalavida.com\/es\/#organization\"},\"potentialAction\":[{\"@type\":\"SearchAction\",\"target\":{\"@type\":\"EntryPoint\",\"urlTemplate\":\"https:\/\/bibliaparalavida.com\/es\/?s={search_term_string}\"},\"query-input\":\"required name=search_term_string\"}],\"inLanguage\":\"es\"},{\"@type\":\"Organization\",\"@id\":\"https:\/\/bibliaparalavida.com\/es\/#organization\",\"name\":\"Biblia para la Vida\",\"url\":\"https:\/\/bibliaparalavida.com\/es\/\",\"logo\":{\"@type\":\"ImageObject\",\"inLanguage\":\"es\",\"@id\":\"https:\/\/bibliaparalavida.com\/es\/#\/schema\/logo\/image\/\",\"url\":\"https:\/\/bibliaparalavida.com\/es\/wp-content\/uploads\/2022\/01\/Logo-BPLV-Header.png\",\"contentUrl\":\"https:\/\/bibliaparalavida.com\/es\/wp-content\/uploads\/2022\/01\/Logo-BPLV-Header.png\",\"width\":356,\"height\":97,\"caption\":\"Biblia para la Vida\"},\"image\":{\"@id\":\"https:\/\/bibliaparalavida.com\/es\/#\/schema\/logo\/image\/\"},\"sameAs\":[\"https:\/\/www.facebook.com\/BibliaParaLaVida\"]}]}<\/script>\n<!-- \/ Yoast SEO plugin. -->","yoast_head_json":{"title":"Aviva tu vida - Biblia para la Vida ESPA\u00d1A","description":"Aviva tu vida es una fuente de inspiraci\u00f3n para quienes sienten que hay m\u00e1s de Dios por experimentar y anhelan un avivamiento para su vida.","robots":{"index":"index","follow":"follow","max-snippet":"max-snippet:-1","max-image-preview":"max-image-preview:large","max-video-preview":"max-video-preview:-1"},"canonical":"https:\/\/bibliaparalavida.com\/es\/prod\/aviva-tu-vida\/","og_locale":"es_ES","og_type":"article","og_title":"Aviva tu vida - Biblia para la Vida ESPA\u00d1A","og_description":"Aviva tu vida es una fuente de inspiraci\u00f3n para quienes sienten que hay m\u00e1s de Dios por experimentar y anhelan un avivamiento para su vida.","og_url":"https:\/\/bibliaparalavida.com\/es\/prod\/aviva-tu-vida\/","og_site_name":"Biblia para la Vida ESPA\u00d1A","article_publisher":"https:\/\/www.facebook.com\/BibliaParaLaVida","article_modified_time":"2026-02-26T14:02:20+00:00","og_image":[{"width":1000,"height":1000,"url":"https:\/\/bibliaparalavida.com\/es\/wp-content\/uploads\/2025\/03\/Aviva-tu-vida-2.jpg","type":"image\/jpeg"}],"twitter_card":"summary_large_image","twitter_misc":{"Tiempo de lectura":"1 minuto"},"schema":{"@context":"https:\/\/schema.org","@graph":[{"@type":"WebPage","@id":"https:\/\/bibliaparalavida.com\/es\/prod\/aviva-tu-vida\/","url":"https:\/\/bibliaparalavida.com\/es\/prod\/aviva-tu-vida\/","name":"Aviva tu vida - Biblia para la Vida ESPA\u00d1A","isPartOf":{"@id":"https:\/\/bibliaparalavida.com\/es\/#website"},"primaryImageOfPage":{"@id":"https:\/\/bibliaparalavida.com\/es\/prod\/aviva-tu-vida\/#primaryimage"},"image":{"@id":"https:\/\/bibliaparalavida.com\/es\/prod\/aviva-tu-vida\/#primaryimage"},"thumbnailUrl":"https:\/\/bibliaparalavida.com\/es\/wp-content\/uploads\/2025\/03\/Aviva-tu-vida-2.jpg","datePublished":"2025-03-09T15:37:57+00:00","dateModified":"2026-02-26T14:02:20+00:00","description":"Aviva tu vida es una fuente de inspiraci\u00f3n para quienes sienten que hay m\u00e1s de Dios por experimentar y anhelan un avivamiento para su vida.","breadcrumb":{"@id":"https:\/\/bibliaparalavida.com\/es\/prod\/aviva-tu-vida\/#breadcrumb"},"inLanguage":"es","potentialAction":[{"@type":"ReadAction","target":["https:\/\/bibliaparalavida.com\/es\/prod\/aviva-tu-vida\/"]}]},{"@type":"ImageObject","inLanguage":"es","@id":"https:\/\/bibliaparalavida.com\/es\/prod\/aviva-tu-vida\/#primaryimage","url":"https:\/\/bibliaparalavida.com\/es\/wp-content\/uploads\/2025\/03\/Aviva-tu-vida-2.jpg","contentUrl":"https:\/\/bibliaparalavida.com\/es\/wp-content\/uploads\/2025\/03\/Aviva-tu-vida-2.jpg","width":1000,"height":1000,"caption":"Aviva tu vida"},{"@type":"BreadcrumbList","@id":"https:\/\/bibliaparalavida.com\/es\/prod\/aviva-tu-vida\/#breadcrumb","itemListElement":[{"@type":"ListItem","position":1,"name":"Portada","item":"https:\/\/bibliaparalavida.com\/es\/"},{"@type":"ListItem","position":2,"name":"Tienda","item":"https:\/\/bibliaparalavida.com\/es\/tienda\/"},{"@type":"ListItem","position":3,"name":"Aviva tu vida"}]},{"@type":"WebSite","@id":"https:\/\/bibliaparalavida.com\/es\/#website","url":"https:\/\/bibliaparalavida.com\/es\/","name":"Biblia para la Vida ESPA\u00d1A","description":"Aplica la Biblia a tu vida","publisher":{"@id":"https:\/\/bibliaparalavida.com\/es\/#organization"},"potentialAction":[{"@type":"SearchAction","target":{"@type":"EntryPoint","urlTemplate":"https:\/\/bibliaparalavida.com\/es\/?s={search_term_string}"},"query-input":"required name=search_term_string"}],"inLanguage":"es"},{"@type":"Organization","@id":"https:\/\/bibliaparalavida.com\/es\/#organization","name":"Biblia para la Vida","url":"https:\/\/bibliaparalavida.com\/es\/","logo":{"@type":"ImageObject","inLanguage":"es","@id":"https:\/\/bibliaparalavida.com\/es\/#\/schema\/logo\/image\/","url":"https:\/\/bibliaparalavida.com\/es\/wp-content\/uploads\/2022\/01\/Logo-BPLV-Header.png","contentUrl":"https:\/\/bibliaparalavida.com\/es\/wp-content\/uploads\/2022\/01\/Logo-BPLV-Header.png","width":356,"height":97,"caption":"Biblia para la Vida"},"image":{"@id":"https:\/\/bibliaparalavida.com\/es\/#\/schema\/logo\/image\/"},"sameAs":["https:\/\/www.facebook.com\/BibliaParaLaVida"]}]}},"_links":{"self":[{"href":"https:\/\/bibliaparalavida.com\/es\/wp-json\/wp\/v2\/product\/2620"}],"collection":[{"href":"https:\/\/bibliaparalavida.com\/es\/wp-json\/wp\/v2\/product"}],"about":[{"href":"https:\/\/bibliaparalavida.com\/es\/wp-json\/wp\/v2\/types\/product"}],"replies":[{"embeddable":true,"href":"https:\/\/bibliaparalavida.com\/es\/wp-json\/wp\/v2\/comments?post=2620"}],"wp:featuredmedia":[{"embeddable":true,"href":"https:\/\/bibliaparalavida.com\/es\/wp-json\/wp\/v2\/media\/2699"}],"wp:attachment":[{"href":"https:\/\/bibliaparalavida.com\/es\/wp-json\/wp\/v2\/media?parent=2620"}],"wp:term":[{"taxonomy":"product_cat","embeddable":true,"href":"https:\/\/bibliaparalavida.com\/es\/wp-json\/wp\/v2\/product_cat?post=2620"},{"taxonomy":"product_tag","embeddable":true,"href":"https:\/\/bibliaparalavida.com\/es\/wp-json\/wp\/v2\/product_tag?post=2620"}],"curies":[{"name":"wp","href":"https:\/\/api.w.org\/{rel}","templated":true}]}}