{"id":17,"date":"2020-12-23T18:21:00","date_gmt":"2020-12-23T18:21:00","guid":{"rendered":"https:\/\/bibliaparalavida.com\/es\/?post_type=product&#038;p=17"},"modified":"2024-11-06T23:36:47","modified_gmt":"2024-11-06T23:36:47","slug":"pentateuco-maestro","status":"publish","type":"product","link":"https:\/\/bibliaparalavida.com\/es\/prod\/pentateuco-maestro\/","title":{"rendered":"Serie Pentateuco | Maestro"},"content":{"rendered":"<p>Complementario con el <a href=\"https:\/\/bibliaparalavida.com\/es\/manuales\/pentateuco-alumno\/\">Manual del Alumno<\/a><\/p>\n<p>Es ideal para Escuela B\u00edblica, Grupos de Discipulado, y para estudiar la Biblia de manera individual.<\/p>\n<p>La <strong>Serie Pentateuco<\/strong> es una selecci\u00f3n de las mejores historias de la Biblia registradas en sus primeros cinco libros. Una viaje en el que no s\u00f3lo nos adentraremos en la cultura hebrea, su historia y sus personajes desde los inicios de la humanidad, sino que seremos inspirados, desafiados y confrontados por cada historia, anim\u00e1ndonos a llevar nuestra vida cristiana al siguiente nivel.<\/p>\n<p><strong>Historias B\u00edblicas para la Vida Cristiana<\/strong> promueve la participaci\u00f3n de los estudiantes trav\u00e9s de preguntas inductivas. De esta manera no s\u00f3lo se aprende acerca de la historia de la iglesia primitiva, sino tambi\u00e9n pueden descubrirse las verdades y principios escondidos en la Palabra, que siguen siendo relevantes, y as\u00ed poder aplicarlos a su propia vida.<\/p>\n<h3>HISTORIAS B\u00cdBLICAS INCLUIDAS EN LA SERIE PENTATEUCO<\/h3>\n<ol>\n<li>La Creaci\u00f3n<\/li>\n<li>Ad\u00e1n y Eva<\/li>\n<li>Ca\u00edn y Abel<\/li>\n<li>El Arca de No\u00e9 y el Diluvio<\/li>\n<li>La Torre de Babel<\/li>\n<li>El llamamiento de Abraham<\/li>\n<li>Abraham y Lot se separan<\/li>\n<li>Dios promete a Abraham un hijo<\/li>\n<li>Agar e Ismael<\/li>\n<li>Sodoma y Gomorra<\/li>\n<li>Nacimiento de Isaac. Agar e Ismael expulsados<\/li>\n<li>Dios pide a Abraham que sacrifique a Isaac<\/li>\n<li>Jacob y Esa\u00fa, enemigos desde el vientre<\/li>\n<li>Jacob obtiene la bendici\u00f3n y huye de Esa\u00fa<\/li>\n<li>Jacob sirve a Lab\u00e1n por Raquel y Lea<\/li>\n<li>Reencuentro de Jacob y Esa\u00fa<\/li>\n<li>Jos\u00e9 vendido por sus hermanos<\/li>\n<li>Jos\u00e9 de esclavo a gobernador de Egipto<\/li>\n<li>Jacob y su familia llegan a Egipto<\/li>\n<li>Nacimiento del libertador de Israel<\/li>\n<li>Llamamiento de Mois\u00e9s<\/li>\n<li>Dios env\u00eda las diez plagas a Egipto<\/li>\n<li>Celebraci\u00f3n de la primera Pascua<\/li>\n<li>Cruce del Mar Rojo: inicia el \u00e9xodo<\/li>\n<li>Jetro aconseja a Mois\u00e9s<\/li>\n<li>Los 10 Mandamientos<\/li>\n<li>El becerro de oro<\/li>\n<li>Fuego Extra\u00f1o<\/li>\n<li>Aar\u00f3n y Mar\u00eda murmuran contra Mois\u00e9s<\/li>\n<li>Mois\u00e9s env\u00eda 12 exploradores a Cana\u00e1n<\/li>\n<li>La Rebeli\u00f3n de Cor\u00e9<\/li>\n<li>La Serpiente de Bronce<\/li>\n<li>Balaam, Balac y el asna parlante<\/li>\n<li>Mois\u00e9s ve la Tierra Prometida y muere<\/li>\n<\/ol>\n<h2 id=\"presentacion\">Video presentaci\u00f3n del Manual<\/h2>\n<p><iframe loading=\"lazy\" src=\"https:\/\/www.youtube.com\/embed\/QsLXIImzEgA\" width=\"721\" height=\"405\" frameborder=\"0\" allowfullscreen=\"allowfullscreen\"><\/iframe><\/p>\n","protected":false},"excerpt":{"rendered":"<p><a href=\"https:\/\/bibliaparalavida.com\/tutorialapp\" target=\"_blank\" rel=\"noopener\"><img loading=\"lazy\" decoding=\"async\" class=\"alignright wp-image-2502\" src=\"https:\/\/bibliaparalavida.com\/es\/wp-content\/uploads\/2023\/07\/stores-icons-B.png\" alt=\"\" width=\"48\" height=\"90\" \/><\/a><\/p>\n<p>La Serie <strong>PENTATEUCO<\/strong> profundiza en las historias de los primeros cinco libros de la Biblia mediante preguntas inductivas y con aplicaci\u00f3n a la vida. <a href=\"https:\/\/bibliaparalavida.com\/es\/historias-biblicas\/pentateuco-maestro-demo\/\">LEE UN ADELANTO DEL LIBRO<\/a><\/p>\n<p><strong>C\u00f3mpralo aqu\u00ed en digital <\/strong>y l\u00e9elo en nuestra <a href=\"https:\/\/bibliaparalavida.com\/es\/app\/\" rel=\"noopener\">App.<\/a><br \/>\n<strong>\u00bfPrefieres en papel? <\/strong>C\u00f3mpralo en <a href=\"https:\/\/www.amazon.es\/dp\/B08VXLZ4SV\" target=\"_blank\" rel=\"noopener\">Amazon<\/a>.<\/p>\n","protected":false},"featured_media":22,"comment_status":"closed","ping_status":"closed","template":"","meta":{"_joinchat":[]},"product_cat":[19],"product_tag":[],"yoast_head":"<!-- This site is optimized with the Yoast SEO plugin v22.8 - https:\/\/yoast.com\/wordpress\/plugins\/seo\/ -->\n<title>Serie Pentateuco | Maestro - Biblia para la Vida ESPA\u00d1A<\/title>\n<meta name=\"robots\" content=\"index, follow, max-snippet:-1, max-image-preview:large, max-video-preview:-1\" \/>\n<link rel=\"canonical\" href=\"https:\/\/bibliaparalavida.com\/es\/prod\/pentateuco-maestro\/\" \/>\n<meta property=\"og:locale\" content=\"es_ES\" \/>\n<meta property=\"og:type\" content=\"article\" \/>\n<meta property=\"og:title\" content=\"Serie Pentateuco | Maestro - Biblia para la Vida ESPA\u00d1A\" \/>\n<meta property=\"og:description\" content=\"La Serie PENTATEUCO profundiza en las historias de los primeros cinco libros de la Biblia mediante preguntas inductivas y con aplicaci\u00f3n a la vida. LEE UN ADELANTO DEL LIBRO  C\u00f3mpralo aqu\u00ed en digital y l\u00e9elo en nuestra App. \u00bfPrefieres en papel? C\u00f3mpralo en Amazon.\" \/>\n<meta property=\"og:url\" content=\"https:\/\/bibliaparalavida.com\/es\/prod\/pentateuco-maestro\/\" \/>\n<meta property=\"og:site_name\" content=\"Biblia para la Vida ESPA\u00d1A\" \/>\n<meta property=\"article:publisher\" content=\"https:\/\/www.facebook.com\/BibliaParaLaVida\" \/>\n<meta property=\"article:modified_time\" content=\"2024-11-06T23:36:47+00:00\" \/>\n<meta property=\"og:image\" content=\"https:\/\/bibliaparalavida.com\/es\/wp-content\/uploads\/2020\/03\/Portada-HBVC-1-Pentateuco-Maestro.jpg\" \/>\n\t<meta property=\"og:image:width\" content=\"1000\" \/>\n\t<meta property=\"og:image:height\" content=\"1000\" \/>\n\t<meta property=\"og:image:type\" content=\"image\/jpeg\" \/>\n<meta name=\"twitter:card\" content=\"summary_large_image\" \/>\n<meta name=\"twitter:label1\" content=\"Tiempo de lectura\" \/>\n\t<meta name=\"twitter:data1\" content=\"2 minutos\" \/>\n<script type=\"application\/ld+json\" class=\"yoast-schema-graph\">{\"@context\":\"https:\/\/schema.org\",\"@graph\":[{\"@type\":\"WebPage\",\"@id\":\"https:\/\/bibliaparalavida.com\/es\/prod\/pentateuco-maestro\/\",\"url\":\"https:\/\/bibliaparalavida.com\/es\/prod\/pentateuco-maestro\/\",\"name\":\"Serie Pentateuco | Maestro - Biblia para la Vida ESPA\u00d1A\",\"isPartOf\":{\"@id\":\"https:\/\/bibliaparalavida.com\/es\/#website\"},\"primaryImageOfPage\":{\"@id\":\"https:\/\/bibliaparalavida.com\/es\/prod\/pentateuco-maestro\/#primaryimage\"},\"image\":{\"@id\":\"https:\/\/bibliaparalavida.com\/es\/prod\/pentateuco-maestro\/#primaryimage\"},\"thumbnailUrl\":\"https:\/\/bibliaparalavida.com\/es\/wp-content\/uploads\/2020\/03\/Portada-HBVC-1-Pentateuco-Maestro.jpg\",\"datePublished\":\"2020-12-23T18:21:00+00:00\",\"dateModified\":\"2024-11-06T23:36:47+00:00\",\"breadcrumb\":{\"@id\":\"https:\/\/bibliaparalavida.com\/es\/prod\/pentateuco-maestro\/#breadcrumb\"},\"inLanguage\":\"es\",\"potentialAction\":[{\"@type\":\"ReadAction\",\"target\":[\"https:\/\/bibliaparalavida.com\/es\/prod\/pentateuco-maestro\/\"]}]},{\"@type\":\"ImageObject\",\"inLanguage\":\"es\",\"@id\":\"https:\/\/bibliaparalavida.com\/es\/prod\/pentateuco-maestro\/#primaryimage\",\"url\":\"https:\/\/bibliaparalavida.com\/es\/wp-content\/uploads\/2020\/03\/Portada-HBVC-1-Pentateuco-Maestro.jpg\",\"contentUrl\":\"https:\/\/bibliaparalavida.com\/es\/wp-content\/uploads\/2020\/03\/Portada-HBVC-1-Pentateuco-Maestro.jpg\",\"width\":1000,\"height\":1000,\"caption\":\"Serie Pentateuco - Manual del Maestro\"},{\"@type\":\"BreadcrumbList\",\"@id\":\"https:\/\/bibliaparalavida.com\/es\/prod\/pentateuco-maestro\/#breadcrumb\",\"itemListElement\":[{\"@type\":\"ListItem\",\"position\":1,\"name\":\"Portada\",\"item\":\"https:\/\/bibliaparalavida.com\/es\/\"},{\"@type\":\"ListItem\",\"position\":2,\"name\":\"Tienda\",\"item\":\"https:\/\/bibliaparalavida.com\/es\/tienda\/\"},{\"@type\":\"ListItem\",\"position\":3,\"name\":\"Serie Pentateuco | Maestro\"}]},{\"@type\":\"WebSite\",\"@id\":\"https:\/\/bibliaparalavida.com\/es\/#website\",\"url\":\"https:\/\/bibliaparalavida.com\/es\/\",\"name\":\"Biblia para la Vida ESPA\u00d1A\",\"description\":\"Aplica la Biblia a tu vida\",\"publisher\":{\"@id\":\"https:\/\/bibliaparalavida.com\/es\/#organization\"},\"potentialAction\":[{\"@type\":\"SearchAction\",\"target\":{\"@type\":\"EntryPoint\",\"urlTemplate\":\"https:\/\/bibliaparalavida.com\/es\/?s={search_term_string}\"},\"query-input\":\"required name=search_term_string\"}],\"inLanguage\":\"es\"},{\"@type\":\"Organization\",\"@id\":\"https:\/\/bibliaparalavida.com\/es\/#organization\",\"name\":\"Biblia para la Vida\",\"url\":\"https:\/\/bibliaparalavida.com\/es\/\",\"logo\":{\"@type\":\"ImageObject\",\"inLanguage\":\"es\",\"@id\":\"https:\/\/bibliaparalavida.com\/es\/#\/schema\/logo\/image\/\",\"url\":\"https:\/\/bibliaparalavida.com\/es\/wp-content\/uploads\/2022\/01\/Logo-BPLV-Header.png\",\"contentUrl\":\"https:\/\/bibliaparalavida.com\/es\/wp-content\/uploads\/2022\/01\/Logo-BPLV-Header.png\",\"width\":356,\"height\":97,\"caption\":\"Biblia para la Vida\"},\"image\":{\"@id\":\"https:\/\/bibliaparalavida.com\/es\/#\/schema\/logo\/image\/\"},\"sameAs\":[\"https:\/\/www.facebook.com\/BibliaParaLaVida\"]}]}<\/script>\n<!-- \/ Yoast SEO plugin. -->","yoast_head_json":{"title":"Serie Pentateuco | Maestro - Biblia para la Vida ESPA\u00d1A","robots":{"index":"index","follow":"follow","max-snippet":"max-snippet:-1","max-image-preview":"max-image-preview:large","max-video-preview":"max-video-preview:-1"},"canonical":"https:\/\/bibliaparalavida.com\/es\/prod\/pentateuco-maestro\/","og_locale":"es_ES","og_type":"article","og_title":"Serie Pentateuco | Maestro - Biblia para la Vida ESPA\u00d1A","og_description":"La Serie PENTATEUCO profundiza en las historias de los primeros cinco libros de la Biblia mediante preguntas inductivas y con aplicaci\u00f3n a la vida. LEE UN ADELANTO DEL LIBRO  C\u00f3mpralo aqu\u00ed en digital y l\u00e9elo en nuestra App. \u00bfPrefieres en papel? C\u00f3mpralo en Amazon.","og_url":"https:\/\/bibliaparalavida.com\/es\/prod\/pentateuco-maestro\/","og_site_name":"Biblia para la Vida ESPA\u00d1A","article_publisher":"https:\/\/www.facebook.com\/BibliaParaLaVida","article_modified_time":"2024-11-06T23:36:47+00:00","og_image":[{"width":1000,"height":1000,"url":"https:\/\/bibliaparalavida.com\/es\/wp-content\/uploads\/2020\/03\/Portada-HBVC-1-Pentateuco-Maestro.jpg","type":"image\/jpeg"}],"twitter_card":"summary_large_image","twitter_misc":{"Tiempo de lectura":"2 minutos"},"schema":{"@context":"https:\/\/schema.org","@graph":[{"@type":"WebPage","@id":"https:\/\/bibliaparalavida.com\/es\/prod\/pentateuco-maestro\/","url":"https:\/\/bibliaparalavida.com\/es\/prod\/pentateuco-maestro\/","name":"Serie Pentateuco | Maestro - Biblia para la Vida ESPA\u00d1A","isPartOf":{"@id":"https:\/\/bibliaparalavida.com\/es\/#website"},"primaryImageOfPage":{"@id":"https:\/\/bibliaparalavida.com\/es\/prod\/pentateuco-maestro\/#primaryimage"},"image":{"@id":"https:\/\/bibliaparalavida.com\/es\/prod\/pentateuco-maestro\/#primaryimage"},"thumbnailUrl":"https:\/\/bibliaparalavida.com\/es\/wp-content\/uploads\/2020\/03\/Portada-HBVC-1-Pentateuco-Maestro.jpg","datePublished":"2020-12-23T18:21:00+00:00","dateModified":"2024-11-06T23:36:47+00:00","breadcrumb":{"@id":"https:\/\/bibliaparalavida.com\/es\/prod\/pentateuco-maestro\/#breadcrumb"},"inLanguage":"es","potentialAction":[{"@type":"ReadAction","target":["https:\/\/bibliaparalavida.com\/es\/prod\/pentateuco-maestro\/"]}]},{"@type":"ImageObject","inLanguage":"es","@id":"https:\/\/bibliaparalavida.com\/es\/prod\/pentateuco-maestro\/#primaryimage","url":"https:\/\/bibliaparalavida.com\/es\/wp-content\/uploads\/2020\/03\/Portada-HBVC-1-Pentateuco-Maestro.jpg","contentUrl":"https:\/\/bibliaparalavida.com\/es\/wp-content\/uploads\/2020\/03\/Portada-HBVC-1-Pentateuco-Maestro.jpg","width":1000,"height":1000,"caption":"Serie Pentateuco - Manual del Maestro"},{"@type":"BreadcrumbList","@id":"https:\/\/bibliaparalavida.com\/es\/prod\/pentateuco-maestro\/#breadcrumb","itemListElement":[{"@type":"ListItem","position":1,"name":"Portada","item":"https:\/\/bibliaparalavida.com\/es\/"},{"@type":"ListItem","position":2,"name":"Tienda","item":"https:\/\/bibliaparalavida.com\/es\/tienda\/"},{"@type":"ListItem","position":3,"name":"Serie Pentateuco | Maestro"}]},{"@type":"WebSite","@id":"https:\/\/bibliaparalavida.com\/es\/#website","url":"https:\/\/bibliaparalavida.com\/es\/","name":"Biblia para la Vida ESPA\u00d1A","description":"Aplica la Biblia a tu vida","publisher":{"@id":"https:\/\/bibliaparalavida.com\/es\/#organization"},"potentialAction":[{"@type":"SearchAction","target":{"@type":"EntryPoint","urlTemplate":"https:\/\/bibliaparalavida.com\/es\/?s={search_term_string}"},"query-input":"required name=search_term_string"}],"inLanguage":"es"},{"@type":"Organization","@id":"https:\/\/bibliaparalavida.com\/es\/#organization","name":"Biblia para la Vida","url":"https:\/\/bibliaparalavida.com\/es\/","logo":{"@type":"ImageObject","inLanguage":"es","@id":"https:\/\/bibliaparalavida.com\/es\/#\/schema\/logo\/image\/","url":"https:\/\/bibliaparalavida.com\/es\/wp-content\/uploads\/2022\/01\/Logo-BPLV-Header.png","contentUrl":"https:\/\/bibliaparalavida.com\/es\/wp-content\/uploads\/2022\/01\/Logo-BPLV-Header.png","width":356,"height":97,"caption":"Biblia para la Vida"},"image":{"@id":"https:\/\/bibliaparalavida.com\/es\/#\/schema\/logo\/image\/"},"sameAs":["https:\/\/www.facebook.com\/BibliaParaLaVida"]}]}},"_links":{"self":[{"href":"https:\/\/bibliaparalavida.com\/es\/wp-json\/wp\/v2\/product\/17"}],"collection":[{"href":"https:\/\/bibliaparalavida.com\/es\/wp-json\/wp\/v2\/product"}],"about":[{"href":"https:\/\/bibliaparalavida.com\/es\/wp-json\/wp\/v2\/types\/product"}],"replies":[{"embeddable":true,"href":"https:\/\/bibliaparalavida.com\/es\/wp-json\/wp\/v2\/comments?post=17"}],"wp:featuredmedia":[{"embeddable":true,"href":"https:\/\/bibliaparalavida.com\/es\/wp-json\/wp\/v2\/media\/22"}],"wp:attachment":[{"href":"https:\/\/bibliaparalavida.com\/es\/wp-json\/wp\/v2\/media?parent=17"}],"wp:term":[{"taxonomy":"product_cat","embeddable":true,"href":"https:\/\/bibliaparalavida.com\/es\/wp-json\/wp\/v2\/product_cat?post=17"},{"taxonomy":"product_tag","embeddable":true,"href":"https:\/\/bibliaparalavida.com\/es\/wp-json\/wp\/v2\/product_tag?post=17"}],"curies":[{"name":"wp","href":"https:\/\/api.w.org\/{rel}","templated":true}]}}