{"id":149,"date":"2020-10-23T18:43:34","date_gmt":"2020-10-23T18:43:34","guid":{"rendered":"https:\/\/bibliaparalavida.com\/es\/?post_type=product&#038;p=149"},"modified":"2024-11-06T23:36:59","modified_gmt":"2024-11-06T23:36:59","slug":"profetas-maestro","status":"publish","type":"product","link":"https:\/\/bibliaparalavida.com\/es\/prod\/profetas-maestro\/","title":{"rendered":"Serie Profetas | Maestro"},"content":{"rendered":"<p>Incluye\u00a0<strong>21 lecciones <\/strong>enfocadas en el estudio devocional de las historias relatadas en los libros prof\u00e9ticos del Antiguo Testamento, abordadas a trav\u00e9s de preguntas inductivas y con aplicaci\u00f3n a la vida cristiana.<\/p>\n<p>Complementario con el <a href=\"https:\/\/bibliaparalavida.com\/es\/manuales\/profetas-alumno\/\">Manual del Alumno<\/a>.<\/p>\n<p>Es ideal para Escuela B\u00edblica, Grupos de Discipulado, y para estudiar la Biblia de manera individual.<\/p>\n<p>La Biblia da mucha importancia a la profec\u00eda. De los 66 libros que hay en toda la Biblia, 17 son libros prof\u00e9ticos. A\u00fan en los libros que no son considerados prof\u00e9ticos, la profec\u00eda est\u00e1 presente. Podemos decir con seguridad que toda la Biblia est\u00e1 atravesada por la profec\u00eda.<\/p>\n<p>Los profetas eran y son personas llamadas por Dios y llenas del Esp\u00edritu Santo para proclamar, recordar y aplicar las verdades de Dios al hombre y vigilar sobre los l\u00edderes de su pueblo, a fin de que la\u00a0<span class=\"text_exposed_show\">Palabra de Dios fuese obedecida. En otras palabras: Eran portavoces de Dios. Los profetas eran escogidos y llamados por Dios, a diferencia de los sacerdotes o levitas que lo eran por herencia.<\/span><\/p>\n<p><strong>Historias B\u00edblicas para la Vida Cristiana<\/strong> promueve la participaci\u00f3n de los estudiantes trav\u00e9s de preguntas inductivas. De esta manera no s\u00f3lo se aprende acerca de la historia de la iglesia primitiva, sino tambi\u00e9n pueden descubrirse las verdades y principios escondidos en la Palabra, que siguen siendo relevantes, y as\u00ed poder aplicarlos a su propia vida.<\/p>\n<h4>HISTORIAS INCLUIDAS EN LA SERIE PROFETAS<\/h4>\n<ol>\n<li>Visi\u00f3n y llamamiento de Isa\u00edas<\/li>\n<li>Llamamiento del profeta Jerem\u00edas<\/li>\n<li>Jerem\u00edas es amenazado de muerte<\/li>\n<li>Encarcelamiento de Jerem\u00edas<\/li>\n<li>Dios cuida de Jerem\u00edas en la ca\u00edda de Jerusal\u00e9n<\/li>\n<li>Llamamiento del profeta Ezequiel<\/li>\n<li>Visi\u00f3n del valle de los huesos secos<\/li>\n<li>Visi\u00f3n del r\u00edo que produce sanidad<\/li>\n<li>Daniel decide no contaminarse<\/li>\n<li>Daniel interpreta el sue\u00f1o de Nabucodonosor<\/li>\n<li>Rescatados del horno de fuego<\/li>\n<li>El rey Nabucodonosor enloquece<\/li>\n<li>La escritura en la pared<\/li>\n<li>Daniel arrojado al foso de los leones<\/li>\n<li>Visi\u00f3n de Daniel junto al r\u00edo<\/li>\n<li>Vida y Mensaje del profeta Oseas<\/li>\n<li>Jon\u00e1s es enviado por Dios a N\u00ednive<\/li>\n<li>Miqueas denuncia la injusticia y el pecado del pueblo<\/li>\n<li>Habacuc se queja y Dios le responde<\/li>\n<li>Hageo exhorta a Israel a terminar el Templo<\/li>\n<li>Malaqu\u00edas confronta la religiosidad de Israel<\/li>\n<\/ol>\n<h2 id=\"presentacion\">Video presentaci\u00f3n del Manual<\/h2>\n<p><iframe loading=\"lazy\" src=\"https:\/\/www.youtube.com\/embed\/FUb6gxLuNMc\" width=\"721&quot;\" height=\"405\" frameborder=\"0\" allowfullscreen=\"allowfullscreen\"><\/iframe><\/p>\n","protected":false},"excerpt":{"rendered":"<p><a href=\"https:\/\/bibliaparalavida.com\/tutorialapp\" target=\"_blank\" rel=\"noopener\"><img loading=\"lazy\" decoding=\"async\" class=\"alignright wp-image-2502\" src=\"https:\/\/bibliaparalavida.com\/es\/wp-content\/uploads\/2023\/07\/stores-icons-B.png\" alt=\"\" width=\"48\" height=\"90\" \/><\/a><\/p>\n<p>La\u00a0Serie <strong>PROFETAS<\/strong>\u00a0se enfoca en las historias de los profetas del Antiguo Testamento, con aplicaci\u00f3n a la vida cristiana a trav\u00e9s de preguntas inductivas. <a href=\"https:\/\/bibliaparalavida.com\/es\/historias-biblicas\/profetas-maestro-demo\/\">LEE UN ADELANTO DEL LIBRO<\/a><\/p>\n<p><strong>C\u00f3mpralo aqu\u00ed en digital <\/strong>y l\u00e9elo en nuestra <a href=\"https:\/\/bibliaparalavida.com\/es\/app\/\" rel=\"noopener\">App.<\/a><br \/>\n<strong>\u00bfPrefieres en papel? <\/strong>C\u00f3mpralo en <a href=\"https:\/\/www.amazon.es\/dp\/B08VXP7S77\" target=\"_blank\" rel=\"noopener\">Amazon<\/a>.<\/p>\n","protected":false},"featured_media":598,"comment_status":"closed","ping_status":"closed","template":"","meta":{"_joinchat":[]},"product_cat":[19],"product_tag":[],"yoast_head":"<!-- This site is optimized with the Yoast SEO plugin v22.8 - https:\/\/yoast.com\/wordpress\/plugins\/seo\/ -->\n<title>Serie Profetas | Maestro - Biblia para la Vida ESPA\u00d1A<\/title>\n<meta name=\"robots\" content=\"index, follow, max-snippet:-1, max-image-preview:large, max-video-preview:-1\" \/>\n<link rel=\"canonical\" href=\"https:\/\/bibliaparalavida.com\/es\/prod\/profetas-maestro\/\" \/>\n<meta property=\"og:locale\" content=\"es_ES\" \/>\n<meta property=\"og:type\" content=\"article\" \/>\n<meta property=\"og:title\" content=\"Serie Profetas | Maestro - Biblia para la Vida ESPA\u00d1A\" \/>\n<meta property=\"og:description\" content=\"La\u00a0Serie PROFETAS\u00a0se enfoca en las historias de los profetas del Antiguo Testamento, con aplicaci\u00f3n a la vida cristiana a trav\u00e9s de preguntas inductivas. LEE UN ADELANTO DEL LIBRO  C\u00f3mpralo aqu\u00ed en digital y l\u00e9elo en nuestra App. \u00bfPrefieres en papel? C\u00f3mpralo en Amazon.\" \/>\n<meta property=\"og:url\" content=\"https:\/\/bibliaparalavida.com\/es\/prod\/profetas-maestro\/\" \/>\n<meta property=\"og:site_name\" content=\"Biblia para la Vida ESPA\u00d1A\" \/>\n<meta property=\"article:publisher\" content=\"https:\/\/www.facebook.com\/BibliaParaLaVida\" \/>\n<meta property=\"article:modified_time\" content=\"2024-11-06T23:36:59+00:00\" \/>\n<meta property=\"og:image\" content=\"https:\/\/bibliaparalavida.com\/es\/wp-content\/uploads\/2020\/03\/Serie-Profetas-Maestro-2.jpg\" \/>\n\t<meta property=\"og:image:width\" content=\"1104\" \/>\n\t<meta property=\"og:image:height\" content=\"1104\" \/>\n\t<meta property=\"og:image:type\" content=\"image\/jpeg\" \/>\n<meta name=\"twitter:card\" content=\"summary_large_image\" \/>\n<meta name=\"twitter:label1\" content=\"Tiempo de lectura\" \/>\n\t<meta name=\"twitter:data1\" content=\"2 minutos\" \/>\n<script type=\"application\/ld+json\" class=\"yoast-schema-graph\">{\"@context\":\"https:\/\/schema.org\",\"@graph\":[{\"@type\":\"WebPage\",\"@id\":\"https:\/\/bibliaparalavida.com\/es\/prod\/profetas-maestro\/\",\"url\":\"https:\/\/bibliaparalavida.com\/es\/prod\/profetas-maestro\/\",\"name\":\"Serie Profetas | Maestro - Biblia para la Vida ESPA\u00d1A\",\"isPartOf\":{\"@id\":\"https:\/\/bibliaparalavida.com\/es\/#website\"},\"primaryImageOfPage\":{\"@id\":\"https:\/\/bibliaparalavida.com\/es\/prod\/profetas-maestro\/#primaryimage\"},\"image\":{\"@id\":\"https:\/\/bibliaparalavida.com\/es\/prod\/profetas-maestro\/#primaryimage\"},\"thumbnailUrl\":\"https:\/\/bibliaparalavida.com\/es\/wp-content\/uploads\/2020\/03\/Serie-Profetas-Maestro-2.jpg\",\"datePublished\":\"2020-10-23T18:43:34+00:00\",\"dateModified\":\"2024-11-06T23:36:59+00:00\",\"breadcrumb\":{\"@id\":\"https:\/\/bibliaparalavida.com\/es\/prod\/profetas-maestro\/#breadcrumb\"},\"inLanguage\":\"es\",\"potentialAction\":[{\"@type\":\"ReadAction\",\"target\":[\"https:\/\/bibliaparalavida.com\/es\/prod\/profetas-maestro\/\"]}]},{\"@type\":\"ImageObject\",\"inLanguage\":\"es\",\"@id\":\"https:\/\/bibliaparalavida.com\/es\/prod\/profetas-maestro\/#primaryimage\",\"url\":\"https:\/\/bibliaparalavida.com\/es\/wp-content\/uploads\/2020\/03\/Serie-Profetas-Maestro-2.jpg\",\"contentUrl\":\"https:\/\/bibliaparalavida.com\/es\/wp-content\/uploads\/2020\/03\/Serie-Profetas-Maestro-2.jpg\",\"width\":1104,\"height\":1104,\"caption\":\"Serie Profetas - Manual del Maestro\"},{\"@type\":\"BreadcrumbList\",\"@id\":\"https:\/\/bibliaparalavida.com\/es\/prod\/profetas-maestro\/#breadcrumb\",\"itemListElement\":[{\"@type\":\"ListItem\",\"position\":1,\"name\":\"Portada\",\"item\":\"https:\/\/bibliaparalavida.com\/es\/\"},{\"@type\":\"ListItem\",\"position\":2,\"name\":\"Tienda\",\"item\":\"https:\/\/bibliaparalavida.com\/es\/tienda\/\"},{\"@type\":\"ListItem\",\"position\":3,\"name\":\"Serie Profetas | Maestro\"}]},{\"@type\":\"WebSite\",\"@id\":\"https:\/\/bibliaparalavida.com\/es\/#website\",\"url\":\"https:\/\/bibliaparalavida.com\/es\/\",\"name\":\"Biblia para la Vida ESPA\u00d1A\",\"description\":\"Aplica la Biblia a tu vida\",\"publisher\":{\"@id\":\"https:\/\/bibliaparalavida.com\/es\/#organization\"},\"potentialAction\":[{\"@type\":\"SearchAction\",\"target\":{\"@type\":\"EntryPoint\",\"urlTemplate\":\"https:\/\/bibliaparalavida.com\/es\/?s={search_term_string}\"},\"query-input\":\"required name=search_term_string\"}],\"inLanguage\":\"es\"},{\"@type\":\"Organization\",\"@id\":\"https:\/\/bibliaparalavida.com\/es\/#organization\",\"name\":\"Biblia para la Vida\",\"url\":\"https:\/\/bibliaparalavida.com\/es\/\",\"logo\":{\"@type\":\"ImageObject\",\"inLanguage\":\"es\",\"@id\":\"https:\/\/bibliaparalavida.com\/es\/#\/schema\/logo\/image\/\",\"url\":\"https:\/\/bibliaparalavida.com\/es\/wp-content\/uploads\/2022\/01\/Logo-BPLV-Header.png\",\"contentUrl\":\"https:\/\/bibliaparalavida.com\/es\/wp-content\/uploads\/2022\/01\/Logo-BPLV-Header.png\",\"width\":356,\"height\":97,\"caption\":\"Biblia para la Vida\"},\"image\":{\"@id\":\"https:\/\/bibliaparalavida.com\/es\/#\/schema\/logo\/image\/\"},\"sameAs\":[\"https:\/\/www.facebook.com\/BibliaParaLaVida\"]}]}<\/script>\n<!-- \/ Yoast SEO plugin. -->","yoast_head_json":{"title":"Serie Profetas | Maestro - Biblia para la Vida ESPA\u00d1A","robots":{"index":"index","follow":"follow","max-snippet":"max-snippet:-1","max-image-preview":"max-image-preview:large","max-video-preview":"max-video-preview:-1"},"canonical":"https:\/\/bibliaparalavida.com\/es\/prod\/profetas-maestro\/","og_locale":"es_ES","og_type":"article","og_title":"Serie Profetas | Maestro - Biblia para la Vida ESPA\u00d1A","og_description":"La\u00a0Serie PROFETAS\u00a0se enfoca en las historias de los profetas del Antiguo Testamento, con aplicaci\u00f3n a la vida cristiana a trav\u00e9s de preguntas inductivas. LEE UN ADELANTO DEL LIBRO  C\u00f3mpralo aqu\u00ed en digital y l\u00e9elo en nuestra App. \u00bfPrefieres en papel? C\u00f3mpralo en Amazon.","og_url":"https:\/\/bibliaparalavida.com\/es\/prod\/profetas-maestro\/","og_site_name":"Biblia para la Vida ESPA\u00d1A","article_publisher":"https:\/\/www.facebook.com\/BibliaParaLaVida","article_modified_time":"2024-11-06T23:36:59+00:00","og_image":[{"width":1104,"height":1104,"url":"https:\/\/bibliaparalavida.com\/es\/wp-content\/uploads\/2020\/03\/Serie-Profetas-Maestro-2.jpg","type":"image\/jpeg"}],"twitter_card":"summary_large_image","twitter_misc":{"Tiempo de lectura":"2 minutos"},"schema":{"@context":"https:\/\/schema.org","@graph":[{"@type":"WebPage","@id":"https:\/\/bibliaparalavida.com\/es\/prod\/profetas-maestro\/","url":"https:\/\/bibliaparalavida.com\/es\/prod\/profetas-maestro\/","name":"Serie Profetas | Maestro - Biblia para la Vida ESPA\u00d1A","isPartOf":{"@id":"https:\/\/bibliaparalavida.com\/es\/#website"},"primaryImageOfPage":{"@id":"https:\/\/bibliaparalavida.com\/es\/prod\/profetas-maestro\/#primaryimage"},"image":{"@id":"https:\/\/bibliaparalavida.com\/es\/prod\/profetas-maestro\/#primaryimage"},"thumbnailUrl":"https:\/\/bibliaparalavida.com\/es\/wp-content\/uploads\/2020\/03\/Serie-Profetas-Maestro-2.jpg","datePublished":"2020-10-23T18:43:34+00:00","dateModified":"2024-11-06T23:36:59+00:00","breadcrumb":{"@id":"https:\/\/bibliaparalavida.com\/es\/prod\/profetas-maestro\/#breadcrumb"},"inLanguage":"es","potentialAction":[{"@type":"ReadAction","target":["https:\/\/bibliaparalavida.com\/es\/prod\/profetas-maestro\/"]}]},{"@type":"ImageObject","inLanguage":"es","@id":"https:\/\/bibliaparalavida.com\/es\/prod\/profetas-maestro\/#primaryimage","url":"https:\/\/bibliaparalavida.com\/es\/wp-content\/uploads\/2020\/03\/Serie-Profetas-Maestro-2.jpg","contentUrl":"https:\/\/bibliaparalavida.com\/es\/wp-content\/uploads\/2020\/03\/Serie-Profetas-Maestro-2.jpg","width":1104,"height":1104,"caption":"Serie Profetas - Manual del Maestro"},{"@type":"BreadcrumbList","@id":"https:\/\/bibliaparalavida.com\/es\/prod\/profetas-maestro\/#breadcrumb","itemListElement":[{"@type":"ListItem","position":1,"name":"Portada","item":"https:\/\/bibliaparalavida.com\/es\/"},{"@type":"ListItem","position":2,"name":"Tienda","item":"https:\/\/bibliaparalavida.com\/es\/tienda\/"},{"@type":"ListItem","position":3,"name":"Serie Profetas | Maestro"}]},{"@type":"WebSite","@id":"https:\/\/bibliaparalavida.com\/es\/#website","url":"https:\/\/bibliaparalavida.com\/es\/","name":"Biblia para la Vida ESPA\u00d1A","description":"Aplica la Biblia a tu vida","publisher":{"@id":"https:\/\/bibliaparalavida.com\/es\/#organization"},"potentialAction":[{"@type":"SearchAction","target":{"@type":"EntryPoint","urlTemplate":"https:\/\/bibliaparalavida.com\/es\/?s={search_term_string}"},"query-input":"required name=search_term_string"}],"inLanguage":"es"},{"@type":"Organization","@id":"https:\/\/bibliaparalavida.com\/es\/#organization","name":"Biblia para la Vida","url":"https:\/\/bibliaparalavida.com\/es\/","logo":{"@type":"ImageObject","inLanguage":"es","@id":"https:\/\/bibliaparalavida.com\/es\/#\/schema\/logo\/image\/","url":"https:\/\/bibliaparalavida.com\/es\/wp-content\/uploads\/2022\/01\/Logo-BPLV-Header.png","contentUrl":"https:\/\/bibliaparalavida.com\/es\/wp-content\/uploads\/2022\/01\/Logo-BPLV-Header.png","width":356,"height":97,"caption":"Biblia para la Vida"},"image":{"@id":"https:\/\/bibliaparalavida.com\/es\/#\/schema\/logo\/image\/"},"sameAs":["https:\/\/www.facebook.com\/BibliaParaLaVida"]}]}},"_links":{"self":[{"href":"https:\/\/bibliaparalavida.com\/es\/wp-json\/wp\/v2\/product\/149"}],"collection":[{"href":"https:\/\/bibliaparalavida.com\/es\/wp-json\/wp\/v2\/product"}],"about":[{"href":"https:\/\/bibliaparalavida.com\/es\/wp-json\/wp\/v2\/types\/product"}],"replies":[{"embeddable":true,"href":"https:\/\/bibliaparalavida.com\/es\/wp-json\/wp\/v2\/comments?post=149"}],"wp:featuredmedia":[{"embeddable":true,"href":"https:\/\/bibliaparalavida.com\/es\/wp-json\/wp\/v2\/media\/598"}],"wp:attachment":[{"href":"https:\/\/bibliaparalavida.com\/es\/wp-json\/wp\/v2\/media?parent=149"}],"wp:term":[{"taxonomy":"product_cat","embeddable":true,"href":"https:\/\/bibliaparalavida.com\/es\/wp-json\/wp\/v2\/product_cat?post=149"},{"taxonomy":"product_tag","embeddable":true,"href":"https:\/\/bibliaparalavida.com\/es\/wp-json\/wp\/v2\/product_tag?post=149"}],"curies":[{"name":"wp","href":"https:\/\/api.w.org\/{rel}","templated":true}]}}