{"id":1488,"date":"2023-07-20T23:11:41","date_gmt":"2023-07-20T23:11:41","guid":{"rendered":"https:\/\/bibliaparalavida.com\/es\/?post_type=product&#038;p=1488"},"modified":"2025-02-26T03:22:34","modified_gmt":"2025-02-26T03:22:34","slug":"recursos-pastorales","status":"publish","type":"product","link":"https:\/\/bibliaparalavida.com\/es\/prod\/recursos-pastorales\/","title":{"rendered":"Promo Recursos Pastorales"},"content":{"rendered":"<p><strong><a href=\"https:\/\/bibliaparalavida.com\/es\/prod\/manual-de-liderazgo-cristiano\/\">Manual B\u00edblico de Liderazgo Cristiano<\/a>:<\/strong> Su objetivo es guiar a los l\u00edderes a desarrollar el ministerio pastoral como la manera de ejercer su liderazgo en la iglesia local, haci\u00e9ndolo de manera integral, sana, madura y efectiva; y reproduci\u00e9ndose en otros l\u00edderes con la ayuda del Esp\u00edritu Santo y la Palabra.<\/p>\n<p><strong><a href=\"https:\/\/bibliaparalavida.com\/es\/prod\/mentoreo-de-pastores-jovenes\/\">Mentoreo de Pastores J\u00f3venes<\/a>:<\/strong> Este libro es el resultado de una investigaci\u00f3n realizada por al autor con el objetivo de averiguar las causas de la escasez de pastores j\u00f3venes, y brindar posibles soluciones para que surja una nueva generaci\u00f3n de ministros.<\/p>\n<p><strong><a href=\"https:\/\/bibliaparalavida.com\/es\/prod\/mana-para-pastores\/\">Man\u00e1 para Pastores<\/a>:<\/strong> En este libro, el <strong>pastor David Saint\u00a0<\/strong>ha volcado su experiencia de m\u00e1s de 50 a\u00f1os en el ministerio, brindando \u00e1nimo, inspiraci\u00f3n y orientaci\u00f3n b\u00edblica para pastores y ministros.<\/p>\n<p><strong><a href=\"https:\/\/bibliaparalavida.com\/es\/prod\/sermones\/\">Sermones b\u00edblicos<\/a>:<\/strong>\u00a030 bosquejos seleccionados del pastor Billy Saint sobre diferentes temas de actualidad, desarrollados desde una perspectiva b\u00edblica, y con un enfoque pr\u00e1ctico y de fe.<\/p>\n","protected":false},"excerpt":{"rendered":"<p><a href=\"https:\/\/bibliaparalavida.com\/tutorialapp\" target=\"_blank\" rel=\"noopener\"><img loading=\"lazy\" decoding=\"async\" class=\"alignright wp-image-2502\" src=\"https:\/\/bibliaparalavida.com\/es\/wp-content\/uploads\/2023\/07\/stores-icons-B.png\" alt=\"\" width=\"48\" height=\"90\" \/><\/a>Esta <strong>Promo <\/strong>incluye <strong>4 libros<\/strong> con <strong>orientaci\u00f3n b\u00edblica<\/strong> y <strong>pr\u00e1ctica<\/strong>, adem\u00e1s de ser una fuente de <strong>\u00e1nimo<\/strong> e <strong>inspiraci\u00f3n<\/strong> para desarrollar el ministerio pastoral de manera sana y efectiva.<\/p>\n<p><a style=\"padding: 8px; background-color: #0f9d58; font-weight: bold; text-align: center; color: #fff; border-radius: 5px;\" href=\"https:\/\/wa.me\/5493513073050?text=Quisiera%20los%20Demos%20de%20la%20Promo%20Recursos%20Pastorales.\"><img loading=\"lazy\" decoding=\"async\" style=\"float: left, margin-right:10px; margin-bottom: -7px; margin-right: 5px;\" src=\"https:\/\/bibliaparalavida.com\/wp-content\/uploads\/2020\/12\/WhatsApp-icon.png\" alt=\"WhatsApp\" width=\"24\" height=\"24\" \/>SOLICITA UN ADELANTO EN PDF<\/a><\/p>\n<p><strong>C\u00f3mpralos aqu\u00ed en digital <\/strong>y l\u00e9elos en nuestra <a href=\"https:\/\/bibliaparalavida.com\/es\/app\/\" rel=\"noopener\">App.<\/a><br \/>\n<strong>Si los prefieres IMPRESOS, <\/strong>c\u00f3mpralos en <a href=\"https:\/\/www.amazon.es\/-\/es\/dp\/B092CWF72F\" target=\"_blank\" rel=\"noopener\">Amazon<\/a>.<\/p>\n","protected":false},"featured_media":2678,"comment_status":"closed","ping_status":"closed","template":"","meta":{"_joinchat":[]},"product_cat":[62],"product_tag":[],"yoast_head":"<!-- This site is optimized with the Yoast SEO plugin v22.8 - https:\/\/yoast.com\/wordpress\/plugins\/seo\/ -->\n<title>Promo Recursos Pastorales - Biblia para la Vida ESPA\u00d1A<\/title>\n<meta name=\"robots\" content=\"index, follow, max-snippet:-1, max-image-preview:large, max-video-preview:-1\" \/>\n<link rel=\"canonical\" href=\"https:\/\/bibliaparalavida.com\/es\/prod\/recursos-pastorales\/\" \/>\n<meta property=\"og:locale\" content=\"es_ES\" \/>\n<meta property=\"og:type\" content=\"article\" \/>\n<meta property=\"og:title\" content=\"Promo Recursos Pastorales - Biblia para la Vida ESPA\u00d1A\" \/>\n<meta property=\"og:description\" content=\"Esta Promo incluye 4 libros con orientaci\u00f3n b\u00edblica y pr\u00e1ctica, adem\u00e1s de ser una fuente de \u00e1nimo e inspiraci\u00f3n para desarrollar el ministerio pastoral de manera sana y efectiva.  SOLICITA UN ADELANTO EN PDF  C\u00f3mpralos aqu\u00ed en digital y l\u00e9elos en nuestra App. Si los prefieres IMPRESOS, c\u00f3mpralos en Amazon.\" \/>\n<meta property=\"og:url\" content=\"https:\/\/bibliaparalavida.com\/es\/prod\/recursos-pastorales\/\" \/>\n<meta property=\"og:site_name\" content=\"Biblia para la Vida ESPA\u00d1A\" \/>\n<meta property=\"article:publisher\" content=\"https:\/\/www.facebook.com\/BibliaParaLaVida\" \/>\n<meta property=\"article:modified_time\" content=\"2025-02-26T03:22:34+00:00\" \/>\n<meta property=\"og:image\" content=\"https:\/\/bibliaparalavida.com\/es\/wp-content\/uploads\/2023\/07\/Promo-Recursos-Pastorales-x4.jpg\" \/>\n\t<meta property=\"og:image:width\" content=\"1080\" \/>\n\t<meta property=\"og:image:height\" content=\"1080\" \/>\n\t<meta property=\"og:image:type\" content=\"image\/jpeg\" \/>\n<meta name=\"twitter:card\" content=\"summary_large_image\" \/>\n<meta name=\"twitter:label1\" content=\"Tiempo de lectura\" \/>\n\t<meta name=\"twitter:data1\" content=\"1 minuto\" \/>\n<script type=\"application\/ld+json\" class=\"yoast-schema-graph\">{\"@context\":\"https:\/\/schema.org\",\"@graph\":[{\"@type\":\"WebPage\",\"@id\":\"https:\/\/bibliaparalavida.com\/es\/prod\/recursos-pastorales\/\",\"url\":\"https:\/\/bibliaparalavida.com\/es\/prod\/recursos-pastorales\/\",\"name\":\"Promo Recursos Pastorales - Biblia para la Vida ESPA\u00d1A\",\"isPartOf\":{\"@id\":\"https:\/\/bibliaparalavida.com\/es\/#website\"},\"primaryImageOfPage\":{\"@id\":\"https:\/\/bibliaparalavida.com\/es\/prod\/recursos-pastorales\/#primaryimage\"},\"image\":{\"@id\":\"https:\/\/bibliaparalavida.com\/es\/prod\/recursos-pastorales\/#primaryimage\"},\"thumbnailUrl\":\"https:\/\/bibliaparalavida.com\/es\/wp-content\/uploads\/2023\/07\/Promo-Recursos-Pastorales-x4.jpg\",\"datePublished\":\"2023-07-20T23:11:41+00:00\",\"dateModified\":\"2025-02-26T03:22:34+00:00\",\"breadcrumb\":{\"@id\":\"https:\/\/bibliaparalavida.com\/es\/prod\/recursos-pastorales\/#breadcrumb\"},\"inLanguage\":\"es\",\"potentialAction\":[{\"@type\":\"ReadAction\",\"target\":[\"https:\/\/bibliaparalavida.com\/es\/prod\/recursos-pastorales\/\"]}]},{\"@type\":\"ImageObject\",\"inLanguage\":\"es\",\"@id\":\"https:\/\/bibliaparalavida.com\/es\/prod\/recursos-pastorales\/#primaryimage\",\"url\":\"https:\/\/bibliaparalavida.com\/es\/wp-content\/uploads\/2023\/07\/Promo-Recursos-Pastorales-x4.jpg\",\"contentUrl\":\"https:\/\/bibliaparalavida.com\/es\/wp-content\/uploads\/2023\/07\/Promo-Recursos-Pastorales-x4.jpg\",\"width\":1080,\"height\":1080,\"caption\":\"Promo Recursos Pastorales\"},{\"@type\":\"BreadcrumbList\",\"@id\":\"https:\/\/bibliaparalavida.com\/es\/prod\/recursos-pastorales\/#breadcrumb\",\"itemListElement\":[{\"@type\":\"ListItem\",\"position\":1,\"name\":\"Portada\",\"item\":\"https:\/\/bibliaparalavida.com\/es\/\"},{\"@type\":\"ListItem\",\"position\":2,\"name\":\"Tienda\",\"item\":\"https:\/\/bibliaparalavida.com\/es\/tienda\/\"},{\"@type\":\"ListItem\",\"position\":3,\"name\":\"Promo Recursos Pastorales\"}]},{\"@type\":\"WebSite\",\"@id\":\"https:\/\/bibliaparalavida.com\/es\/#website\",\"url\":\"https:\/\/bibliaparalavida.com\/es\/\",\"name\":\"Biblia para la Vida ESPA\u00d1A\",\"description\":\"Aplica la Biblia a tu vida\",\"publisher\":{\"@id\":\"https:\/\/bibliaparalavida.com\/es\/#organization\"},\"potentialAction\":[{\"@type\":\"SearchAction\",\"target\":{\"@type\":\"EntryPoint\",\"urlTemplate\":\"https:\/\/bibliaparalavida.com\/es\/?s={search_term_string}\"},\"query-input\":\"required name=search_term_string\"}],\"inLanguage\":\"es\"},{\"@type\":\"Organization\",\"@id\":\"https:\/\/bibliaparalavida.com\/es\/#organization\",\"name\":\"Biblia para la Vida\",\"url\":\"https:\/\/bibliaparalavida.com\/es\/\",\"logo\":{\"@type\":\"ImageObject\",\"inLanguage\":\"es\",\"@id\":\"https:\/\/bibliaparalavida.com\/es\/#\/schema\/logo\/image\/\",\"url\":\"https:\/\/bibliaparalavida.com\/es\/wp-content\/uploads\/2022\/01\/Logo-BPLV-Header.png\",\"contentUrl\":\"https:\/\/bibliaparalavida.com\/es\/wp-content\/uploads\/2022\/01\/Logo-BPLV-Header.png\",\"width\":356,\"height\":97,\"caption\":\"Biblia para la Vida\"},\"image\":{\"@id\":\"https:\/\/bibliaparalavida.com\/es\/#\/schema\/logo\/image\/\"},\"sameAs\":[\"https:\/\/www.facebook.com\/BibliaParaLaVida\"]}]}<\/script>\n<!-- \/ Yoast SEO plugin. -->","yoast_head_json":{"title":"Promo Recursos Pastorales - Biblia para la Vida ESPA\u00d1A","robots":{"index":"index","follow":"follow","max-snippet":"max-snippet:-1","max-image-preview":"max-image-preview:large","max-video-preview":"max-video-preview:-1"},"canonical":"https:\/\/bibliaparalavida.com\/es\/prod\/recursos-pastorales\/","og_locale":"es_ES","og_type":"article","og_title":"Promo Recursos Pastorales - Biblia para la Vida ESPA\u00d1A","og_description":"Esta Promo incluye 4 libros con orientaci\u00f3n b\u00edblica y pr\u00e1ctica, adem\u00e1s de ser una fuente de \u00e1nimo e inspiraci\u00f3n para desarrollar el ministerio pastoral de manera sana y efectiva.  SOLICITA UN ADELANTO EN PDF  C\u00f3mpralos aqu\u00ed en digital y l\u00e9elos en nuestra App. Si los prefieres IMPRESOS, c\u00f3mpralos en Amazon.","og_url":"https:\/\/bibliaparalavida.com\/es\/prod\/recursos-pastorales\/","og_site_name":"Biblia para la Vida ESPA\u00d1A","article_publisher":"https:\/\/www.facebook.com\/BibliaParaLaVida","article_modified_time":"2025-02-26T03:22:34+00:00","og_image":[{"width":1080,"height":1080,"url":"https:\/\/bibliaparalavida.com\/es\/wp-content\/uploads\/2023\/07\/Promo-Recursos-Pastorales-x4.jpg","type":"image\/jpeg"}],"twitter_card":"summary_large_image","twitter_misc":{"Tiempo de lectura":"1 minuto"},"schema":{"@context":"https:\/\/schema.org","@graph":[{"@type":"WebPage","@id":"https:\/\/bibliaparalavida.com\/es\/prod\/recursos-pastorales\/","url":"https:\/\/bibliaparalavida.com\/es\/prod\/recursos-pastorales\/","name":"Promo Recursos Pastorales - Biblia para la Vida ESPA\u00d1A","isPartOf":{"@id":"https:\/\/bibliaparalavida.com\/es\/#website"},"primaryImageOfPage":{"@id":"https:\/\/bibliaparalavida.com\/es\/prod\/recursos-pastorales\/#primaryimage"},"image":{"@id":"https:\/\/bibliaparalavida.com\/es\/prod\/recursos-pastorales\/#primaryimage"},"thumbnailUrl":"https:\/\/bibliaparalavida.com\/es\/wp-content\/uploads\/2023\/07\/Promo-Recursos-Pastorales-x4.jpg","datePublished":"2023-07-20T23:11:41+00:00","dateModified":"2025-02-26T03:22:34+00:00","breadcrumb":{"@id":"https:\/\/bibliaparalavida.com\/es\/prod\/recursos-pastorales\/#breadcrumb"},"inLanguage":"es","potentialAction":[{"@type":"ReadAction","target":["https:\/\/bibliaparalavida.com\/es\/prod\/recursos-pastorales\/"]}]},{"@type":"ImageObject","inLanguage":"es","@id":"https:\/\/bibliaparalavida.com\/es\/prod\/recursos-pastorales\/#primaryimage","url":"https:\/\/bibliaparalavida.com\/es\/wp-content\/uploads\/2023\/07\/Promo-Recursos-Pastorales-x4.jpg","contentUrl":"https:\/\/bibliaparalavida.com\/es\/wp-content\/uploads\/2023\/07\/Promo-Recursos-Pastorales-x4.jpg","width":1080,"height":1080,"caption":"Promo Recursos Pastorales"},{"@type":"BreadcrumbList","@id":"https:\/\/bibliaparalavida.com\/es\/prod\/recursos-pastorales\/#breadcrumb","itemListElement":[{"@type":"ListItem","position":1,"name":"Portada","item":"https:\/\/bibliaparalavida.com\/es\/"},{"@type":"ListItem","position":2,"name":"Tienda","item":"https:\/\/bibliaparalavida.com\/es\/tienda\/"},{"@type":"ListItem","position":3,"name":"Promo Recursos Pastorales"}]},{"@type":"WebSite","@id":"https:\/\/bibliaparalavida.com\/es\/#website","url":"https:\/\/bibliaparalavida.com\/es\/","name":"Biblia para la Vida ESPA\u00d1A","description":"Aplica la Biblia a tu vida","publisher":{"@id":"https:\/\/bibliaparalavida.com\/es\/#organization"},"potentialAction":[{"@type":"SearchAction","target":{"@type":"EntryPoint","urlTemplate":"https:\/\/bibliaparalavida.com\/es\/?s={search_term_string}"},"query-input":"required name=search_term_string"}],"inLanguage":"es"},{"@type":"Organization","@id":"https:\/\/bibliaparalavida.com\/es\/#organization","name":"Biblia para la Vida","url":"https:\/\/bibliaparalavida.com\/es\/","logo":{"@type":"ImageObject","inLanguage":"es","@id":"https:\/\/bibliaparalavida.com\/es\/#\/schema\/logo\/image\/","url":"https:\/\/bibliaparalavida.com\/es\/wp-content\/uploads\/2022\/01\/Logo-BPLV-Header.png","contentUrl":"https:\/\/bibliaparalavida.com\/es\/wp-content\/uploads\/2022\/01\/Logo-BPLV-Header.png","width":356,"height":97,"caption":"Biblia para la Vida"},"image":{"@id":"https:\/\/bibliaparalavida.com\/es\/#\/schema\/logo\/image\/"},"sameAs":["https:\/\/www.facebook.com\/BibliaParaLaVida"]}]}},"_links":{"self":[{"href":"https:\/\/bibliaparalavida.com\/es\/wp-json\/wp\/v2\/product\/1488"}],"collection":[{"href":"https:\/\/bibliaparalavida.com\/es\/wp-json\/wp\/v2\/product"}],"about":[{"href":"https:\/\/bibliaparalavida.com\/es\/wp-json\/wp\/v2\/types\/product"}],"replies":[{"embeddable":true,"href":"https:\/\/bibliaparalavida.com\/es\/wp-json\/wp\/v2\/comments?post=1488"}],"wp:featuredmedia":[{"embeddable":true,"href":"https:\/\/bibliaparalavida.com\/es\/wp-json\/wp\/v2\/media\/2678"}],"wp:attachment":[{"href":"https:\/\/bibliaparalavida.com\/es\/wp-json\/wp\/v2\/media?parent=1488"}],"wp:term":[{"taxonomy":"product_cat","embeddable":true,"href":"https:\/\/bibliaparalavida.com\/es\/wp-json\/wp\/v2\/product_cat?post=1488"},{"taxonomy":"product_tag","embeddable":true,"href":"https:\/\/bibliaparalavida.com\/es\/wp-json\/wp\/v2\/product_tag?post=1488"}],"curies":[{"name":"wp","href":"https:\/\/api.w.org\/{rel}","templated":true}]}}