{"id":1484,"date":"2022-04-27T15:02:17","date_gmt":"2022-04-27T15:02:17","guid":{"rendered":"https:\/\/bibliaparalavida.com\/es\/?post_type=product&#038;p=1484"},"modified":"2026-02-25T15:22:35","modified_gmt":"2026-02-25T15:22:35","slug":"mana-para-pastores","status":"publish","type":"product","link":"https:\/\/bibliaparalavida.com\/es\/prod\/mana-para-pastores\/","title":{"rendered":"Man\u00e1 para Pastores"},"content":{"rendered":"<p>El autor, el pastor David Saint, fund\u00f3 y pastore\u00f3 3 iglesias, form\u00f3 decenas de obreros y mentore\u00f3 a varios pastores, hasta la actualidad.<\/p>\n<p>Dios ha sido muy bueno conmigo al permitirme el honor de ser pastor, con mi esposa Edith, de tres diferentes congregaciones, siendo el \u00faltimo, \u201cEl Renuevo\u201d, fundado en 1994 en el living de nuestra casa.<\/p>\n<p>Adem\u00e1s tengo el privilegio de ser hijo de misioneros, sobrino de dos misioneros m\u00e1s, y de un pastor, de haber cursado dos a\u00f1os de seminario, la hermosa oportunidad de leer una buena cantidad de libros, escuchado innumerables pr\u00e9dicas, y asistido a diversas conferencias.<\/p>\n<p>Por ello me siento deudor con mis compa\u00f1eros de ministerio, especialmente los m\u00e1s j\u00f3venes, para compartir algo de las muchas riquezas espirituales que el Se\u00f1or en su misericordia me ha concedido, en aproximadamente 24 a\u00f1os de pastorado, para \u00c9l y con \u00c9l.<\/p>\n<p>Vuelvo a usar el nombre \u201cman\u00e1\u201d en el t\u00edtulo, refiri\u00e9ndome por supuesto a esa comida especial que Dios envi\u00f3 milagrosamente cada d\u00eda a su pueblo escogido durante los 40 a\u00f1os que peregrinaron en el desierto. Mi deseo es proveer un poco de \u201calimento\u201d espiritual para mis colegas al servicio del Se\u00f1or, que los aliente e inspire.<\/p>\n<p>Pastor David Saint<\/p>\n<p><a style=\"padding: 8px; background-color: #0f9d58; font-weight: bold; text-align: center; color: #fff; border-radius: 5px;\" href=\"https:\/\/wa.me\/5493513073050?text=Quisiera%20una%20Demo%20del%20libro%20de%20Man\u00e1%20para%20Pastores.\"><img loading=\"lazy\" decoding=\"async\" style=\"float: left, margin-right:10px; margin-bottom: -7px; margin-right: 5px;\" src=\"https:\/\/bibliaparalavida.com\/es\/wp-content\/uploads\/2020\/12\/WhatsApp-icon.png\" alt=\"WhatsApp\" width=\"24\" height=\"24\" \/>SOLICITA UNA DEMO EN PDF<\/a><\/p>\n<div style=\"clear: both; height: 10px;\"><\/div>\n<h4>Ense\u00f1anzas incluidas en este libro<\/h4>\n<ol>\n<li>C\u00f3mo crear y mantener motivaci\u00f3n para el ministerio<\/li>\n<li>C\u00f3mo motivar a otras personas<\/li>\n<li>Restauraci\u00f3n del \u201cguerrero herido\u201d<\/li>\n<li>Orientaciones para un ministerio sano y balanceado<\/li>\n<li>Porqu\u00e9 se pierden los clientes (una alegor\u00eda)<\/li>\n<li>Modos de estudiar la Biblia<\/li>\n<li>Sugerencias para ense\u00f1ar la Palabra de Dios<\/li>\n<li>Dios favorece y prospera una iglesia misionera<\/li>\n<li>Orientaciones para maestros de la escuela b\u00edblica<\/li>\n<li>Porqu\u00e9 a veces los hombres tienen poco entusiasmo para la obra de Dios<\/li>\n<li>\u00a0Orientaciones b\u00edblicas para maridos cristianos<\/li>\n<li>Caracter\u00edsticas de un l\u00edder cristiano<\/li>\n<li>C\u00f3mo discernir a los falsos profetas<\/li>\n<li>La disciplina en la iglesia de Jesucristo<\/li>\n<li>Orientaciones generales para el pastorado b\u00edblico<\/li>\n<li>Cuatro l\u00edderes en la Biblia que tuvieron que aprender lecciones<\/li>\n<li>Errores que los pastores debemos evitar para tener un ministerio m\u00e1s fruct\u00edfero<\/li>\n<\/ol>\n<p><a style=\"padding: 8px; background-color: #0f9d58; font-weight: bold; text-align: center; color: #fff; border-radius: 5px;\" href=\"https:\/\/wa.me\/5493513073050?text=Quisiera%20una%20Demo%20del%20libro%20de%20Man\u00e1%20para%20Pastores.\"><img loading=\"lazy\" decoding=\"async\" style=\"float: left, margin-right:10px; margin-bottom: -7px; margin-right: 5px;\" src=\"https:\/\/bibliaparalavida.com\/es\/wp-content\/uploads\/2020\/12\/WhatsApp-icon.png\" alt=\"WhatsApp\" width=\"24\" height=\"24\" \/>SOLICITA UNA DEMO EN PDF<\/a><\/p>\n<div style=\"clear: both; height: 10px;\"><\/div>\n","protected":false},"excerpt":{"rendered":"<p><a href=\"https:\/\/bibliaparalavida.com\/tutorialapp\" target=\"_blank\" rel=\"noopener\"><img loading=\"lazy\" decoding=\"async\" class=\"alignright wp-image-2502\" src=\"https:\/\/bibliaparalavida.com\/es\/wp-content\/uploads\/2023\/07\/stores-icons-B.png\" alt=\"\" width=\"48\" height=\"90\" \/><\/a><\/p>\n<p>M\u00e1s de 50 a\u00f1os de ministerio pastoral volcados en 116 p\u00e1ginas, brindando \u00e1nimo, inspiraci\u00f3n y orientaci\u00f3n b\u00edblica para pastores y ministros. <a href=\"https:\/\/bibliaparalavida.com\/es\/libros\/mana-para-pastores-demo\/\">LEE UN ADELANTO DEL LIBRO AQU\u00cd<\/a><\/p>\n<p><strong>C\u00f3mpralo aqu\u00ed en digital <\/strong>y l\u00e9elo en nuestra <a href=\"https:\/\/bibliaparalavida.com\/es\/app\/\" rel=\"noopener\">App.<\/a><br \/>\n<strong>\u00bfPrefieres en papel? <\/strong>C\u00f3mpralo en <a href=\"https:\/\/www.amazon.es\/dp\/B09YR5TWRN\" target=\"_blank\" rel=\"noopener\">Amazon<\/a>.<\/p>\n","protected":false},"featured_media":1486,"comment_status":"closed","ping_status":"closed","template":"","meta":{"_joinchat":[]},"product_cat":[63],"product_tag":[],"yoast_head":"<!-- This site is optimized with the Yoast SEO plugin v22.8 - https:\/\/yoast.com\/wordpress\/plugins\/seo\/ -->\n<title>Man\u00e1 para Pastores - Biblia para la Vida ESPA\u00d1A<\/title>\n<meta name=\"robots\" content=\"index, follow, max-snippet:-1, max-image-preview:large, max-video-preview:-1\" \/>\n<link rel=\"canonical\" href=\"https:\/\/bibliaparalavida.com\/es\/prod\/mana-para-pastores\/\" \/>\n<meta property=\"og:locale\" content=\"es_ES\" \/>\n<meta property=\"og:type\" content=\"article\" \/>\n<meta property=\"og:title\" content=\"Man\u00e1 para Pastores - Biblia para la Vida ESPA\u00d1A\" \/>\n<meta property=\"og:description\" content=\"M\u00e1s de 50 a\u00f1os de ministerio pastoral volcados en 116 p\u00e1ginas, brindando \u00e1nimo, inspiraci\u00f3n y orientaci\u00f3n b\u00edblica para pastores y ministros. LEE UN ADELANTO DEL LIBRO AQU\u00cd  C\u00f3mpralo aqu\u00ed en digital y l\u00e9elo en nuestra App. \u00bfPrefieres en papel? C\u00f3mpralo en Amazon.\" \/>\n<meta property=\"og:url\" content=\"https:\/\/bibliaparalavida.com\/es\/prod\/mana-para-pastores\/\" \/>\n<meta property=\"og:site_name\" content=\"Biblia para la Vida ESPA\u00d1A\" \/>\n<meta property=\"article:publisher\" content=\"https:\/\/www.facebook.com\/BibliaParaLaVida\" \/>\n<meta property=\"article:modified_time\" content=\"2026-02-25T15:22:35+00:00\" \/>\n<meta property=\"og:image\" content=\"https:\/\/bibliaparalavida.com\/es\/wp-content\/uploads\/2022\/04\/Mana-para-Pastores-Tapa.jpg\" \/>\n\t<meta property=\"og:image:width\" content=\"1134\" \/>\n\t<meta property=\"og:image:height\" content=\"1134\" \/>\n\t<meta property=\"og:image:type\" content=\"image\/jpeg\" \/>\n<meta name=\"twitter:card\" content=\"summary_large_image\" \/>\n<meta name=\"twitter:label1\" content=\"Tiempo de lectura\" \/>\n\t<meta name=\"twitter:data1\" content=\"2 minutos\" \/>\n<script type=\"application\/ld+json\" class=\"yoast-schema-graph\">{\"@context\":\"https:\/\/schema.org\",\"@graph\":[{\"@type\":\"WebPage\",\"@id\":\"https:\/\/bibliaparalavida.com\/es\/prod\/mana-para-pastores\/\",\"url\":\"https:\/\/bibliaparalavida.com\/es\/prod\/mana-para-pastores\/\",\"name\":\"Man\u00e1 para Pastores - Biblia para la Vida ESPA\u00d1A\",\"isPartOf\":{\"@id\":\"https:\/\/bibliaparalavida.com\/es\/#website\"},\"primaryImageOfPage\":{\"@id\":\"https:\/\/bibliaparalavida.com\/es\/prod\/mana-para-pastores\/#primaryimage\"},\"image\":{\"@id\":\"https:\/\/bibliaparalavida.com\/es\/prod\/mana-para-pastores\/#primaryimage\"},\"thumbnailUrl\":\"https:\/\/bibliaparalavida.com\/es\/wp-content\/uploads\/2022\/04\/Mana-para-Pastores-Tapa.jpg\",\"datePublished\":\"2022-04-27T15:02:17+00:00\",\"dateModified\":\"2026-02-25T15:22:35+00:00\",\"breadcrumb\":{\"@id\":\"https:\/\/bibliaparalavida.com\/es\/prod\/mana-para-pastores\/#breadcrumb\"},\"inLanguage\":\"es\",\"potentialAction\":[{\"@type\":\"ReadAction\",\"target\":[\"https:\/\/bibliaparalavida.com\/es\/prod\/mana-para-pastores\/\"]}]},{\"@type\":\"ImageObject\",\"inLanguage\":\"es\",\"@id\":\"https:\/\/bibliaparalavida.com\/es\/prod\/mana-para-pastores\/#primaryimage\",\"url\":\"https:\/\/bibliaparalavida.com\/es\/wp-content\/uploads\/2022\/04\/Mana-para-Pastores-Tapa.jpg\",\"contentUrl\":\"https:\/\/bibliaparalavida.com\/es\/wp-content\/uploads\/2022\/04\/Mana-para-Pastores-Tapa.jpg\",\"width\":1134,\"height\":1134,\"caption\":\"Man\u00e1 para Pastores\"},{\"@type\":\"BreadcrumbList\",\"@id\":\"https:\/\/bibliaparalavida.com\/es\/prod\/mana-para-pastores\/#breadcrumb\",\"itemListElement\":[{\"@type\":\"ListItem\",\"position\":1,\"name\":\"Portada\",\"item\":\"https:\/\/bibliaparalavida.com\/es\/\"},{\"@type\":\"ListItem\",\"position\":2,\"name\":\"Tienda\",\"item\":\"https:\/\/bibliaparalavida.com\/es\/tienda\/\"},{\"@type\":\"ListItem\",\"position\":3,\"name\":\"Man\u00e1 para Pastores\"}]},{\"@type\":\"WebSite\",\"@id\":\"https:\/\/bibliaparalavida.com\/es\/#website\",\"url\":\"https:\/\/bibliaparalavida.com\/es\/\",\"name\":\"Biblia para la Vida ESPA\u00d1A\",\"description\":\"Aplica la Biblia a tu vida\",\"publisher\":{\"@id\":\"https:\/\/bibliaparalavida.com\/es\/#organization\"},\"potentialAction\":[{\"@type\":\"SearchAction\",\"target\":{\"@type\":\"EntryPoint\",\"urlTemplate\":\"https:\/\/bibliaparalavida.com\/es\/?s={search_term_string}\"},\"query-input\":\"required name=search_term_string\"}],\"inLanguage\":\"es\"},{\"@type\":\"Organization\",\"@id\":\"https:\/\/bibliaparalavida.com\/es\/#organization\",\"name\":\"Biblia para la Vida\",\"url\":\"https:\/\/bibliaparalavida.com\/es\/\",\"logo\":{\"@type\":\"ImageObject\",\"inLanguage\":\"es\",\"@id\":\"https:\/\/bibliaparalavida.com\/es\/#\/schema\/logo\/image\/\",\"url\":\"https:\/\/bibliaparalavida.com\/es\/wp-content\/uploads\/2022\/01\/Logo-BPLV-Header.png\",\"contentUrl\":\"https:\/\/bibliaparalavida.com\/es\/wp-content\/uploads\/2022\/01\/Logo-BPLV-Header.png\",\"width\":356,\"height\":97,\"caption\":\"Biblia para la Vida\"},\"image\":{\"@id\":\"https:\/\/bibliaparalavida.com\/es\/#\/schema\/logo\/image\/\"},\"sameAs\":[\"https:\/\/www.facebook.com\/BibliaParaLaVida\"]}]}<\/script>\n<!-- \/ Yoast SEO plugin. -->","yoast_head_json":{"title":"Man\u00e1 para Pastores - Biblia para la Vida ESPA\u00d1A","robots":{"index":"index","follow":"follow","max-snippet":"max-snippet:-1","max-image-preview":"max-image-preview:large","max-video-preview":"max-video-preview:-1"},"canonical":"https:\/\/bibliaparalavida.com\/es\/prod\/mana-para-pastores\/","og_locale":"es_ES","og_type":"article","og_title":"Man\u00e1 para Pastores - Biblia para la Vida ESPA\u00d1A","og_description":"M\u00e1s de 50 a\u00f1os de ministerio pastoral volcados en 116 p\u00e1ginas, brindando \u00e1nimo, inspiraci\u00f3n y orientaci\u00f3n b\u00edblica para pastores y ministros. LEE UN ADELANTO DEL LIBRO AQU\u00cd  C\u00f3mpralo aqu\u00ed en digital y l\u00e9elo en nuestra App. \u00bfPrefieres en papel? C\u00f3mpralo en Amazon.","og_url":"https:\/\/bibliaparalavida.com\/es\/prod\/mana-para-pastores\/","og_site_name":"Biblia para la Vida ESPA\u00d1A","article_publisher":"https:\/\/www.facebook.com\/BibliaParaLaVida","article_modified_time":"2026-02-25T15:22:35+00:00","og_image":[{"width":1134,"height":1134,"url":"https:\/\/bibliaparalavida.com\/es\/wp-content\/uploads\/2022\/04\/Mana-para-Pastores-Tapa.jpg","type":"image\/jpeg"}],"twitter_card":"summary_large_image","twitter_misc":{"Tiempo de lectura":"2 minutos"},"schema":{"@context":"https:\/\/schema.org","@graph":[{"@type":"WebPage","@id":"https:\/\/bibliaparalavida.com\/es\/prod\/mana-para-pastores\/","url":"https:\/\/bibliaparalavida.com\/es\/prod\/mana-para-pastores\/","name":"Man\u00e1 para Pastores - Biblia para la Vida ESPA\u00d1A","isPartOf":{"@id":"https:\/\/bibliaparalavida.com\/es\/#website"},"primaryImageOfPage":{"@id":"https:\/\/bibliaparalavida.com\/es\/prod\/mana-para-pastores\/#primaryimage"},"image":{"@id":"https:\/\/bibliaparalavida.com\/es\/prod\/mana-para-pastores\/#primaryimage"},"thumbnailUrl":"https:\/\/bibliaparalavida.com\/es\/wp-content\/uploads\/2022\/04\/Mana-para-Pastores-Tapa.jpg","datePublished":"2022-04-27T15:02:17+00:00","dateModified":"2026-02-25T15:22:35+00:00","breadcrumb":{"@id":"https:\/\/bibliaparalavida.com\/es\/prod\/mana-para-pastores\/#breadcrumb"},"inLanguage":"es","potentialAction":[{"@type":"ReadAction","target":["https:\/\/bibliaparalavida.com\/es\/prod\/mana-para-pastores\/"]}]},{"@type":"ImageObject","inLanguage":"es","@id":"https:\/\/bibliaparalavida.com\/es\/prod\/mana-para-pastores\/#primaryimage","url":"https:\/\/bibliaparalavida.com\/es\/wp-content\/uploads\/2022\/04\/Mana-para-Pastores-Tapa.jpg","contentUrl":"https:\/\/bibliaparalavida.com\/es\/wp-content\/uploads\/2022\/04\/Mana-para-Pastores-Tapa.jpg","width":1134,"height":1134,"caption":"Man\u00e1 para Pastores"},{"@type":"BreadcrumbList","@id":"https:\/\/bibliaparalavida.com\/es\/prod\/mana-para-pastores\/#breadcrumb","itemListElement":[{"@type":"ListItem","position":1,"name":"Portada","item":"https:\/\/bibliaparalavida.com\/es\/"},{"@type":"ListItem","position":2,"name":"Tienda","item":"https:\/\/bibliaparalavida.com\/es\/tienda\/"},{"@type":"ListItem","position":3,"name":"Man\u00e1 para Pastores"}]},{"@type":"WebSite","@id":"https:\/\/bibliaparalavida.com\/es\/#website","url":"https:\/\/bibliaparalavida.com\/es\/","name":"Biblia para la Vida ESPA\u00d1A","description":"Aplica la Biblia a tu vida","publisher":{"@id":"https:\/\/bibliaparalavida.com\/es\/#organization"},"potentialAction":[{"@type":"SearchAction","target":{"@type":"EntryPoint","urlTemplate":"https:\/\/bibliaparalavida.com\/es\/?s={search_term_string}"},"query-input":"required name=search_term_string"}],"inLanguage":"es"},{"@type":"Organization","@id":"https:\/\/bibliaparalavida.com\/es\/#organization","name":"Biblia para la Vida","url":"https:\/\/bibliaparalavida.com\/es\/","logo":{"@type":"ImageObject","inLanguage":"es","@id":"https:\/\/bibliaparalavida.com\/es\/#\/schema\/logo\/image\/","url":"https:\/\/bibliaparalavida.com\/es\/wp-content\/uploads\/2022\/01\/Logo-BPLV-Header.png","contentUrl":"https:\/\/bibliaparalavida.com\/es\/wp-content\/uploads\/2022\/01\/Logo-BPLV-Header.png","width":356,"height":97,"caption":"Biblia para la Vida"},"image":{"@id":"https:\/\/bibliaparalavida.com\/es\/#\/schema\/logo\/image\/"},"sameAs":["https:\/\/www.facebook.com\/BibliaParaLaVida"]}]}},"_links":{"self":[{"href":"https:\/\/bibliaparalavida.com\/es\/wp-json\/wp\/v2\/product\/1484"}],"collection":[{"href":"https:\/\/bibliaparalavida.com\/es\/wp-json\/wp\/v2\/product"}],"about":[{"href":"https:\/\/bibliaparalavida.com\/es\/wp-json\/wp\/v2\/types\/product"}],"replies":[{"embeddable":true,"href":"https:\/\/bibliaparalavida.com\/es\/wp-json\/wp\/v2\/comments?post=1484"}],"wp:featuredmedia":[{"embeddable":true,"href":"https:\/\/bibliaparalavida.com\/es\/wp-json\/wp\/v2\/media\/1486"}],"wp:attachment":[{"href":"https:\/\/bibliaparalavida.com\/es\/wp-json\/wp\/v2\/media?parent=1484"}],"wp:term":[{"taxonomy":"product_cat","embeddable":true,"href":"https:\/\/bibliaparalavida.com\/es\/wp-json\/wp\/v2\/product_cat?post=1484"},{"taxonomy":"product_tag","embeddable":true,"href":"https:\/\/bibliaparalavida.com\/es\/wp-json\/wp\/v2\/product_tag?post=1484"}],"curies":[{"name":"wp","href":"https:\/\/api.w.org\/{rel}","templated":true}]}}