{"id":1467,"date":"2022-03-20T13:24:23","date_gmt":"2022-03-20T13:24:23","guid":{"rendered":"https:\/\/bibliaparalavida.com\/es\/?post_type=product&#038;p=1467"},"modified":"2026-02-25T15:22:11","modified_gmt":"2026-02-25T15:22:11","slug":"todo-por-gracia","status":"publish","type":"product","link":"https:\/\/bibliaparalavida.com\/es\/prod\/todo-por-gracia\/","title":{"rendered":"Todo por Gracia"},"content":{"rendered":"<p>Vivi\u00f3 el resto de su vida, form\u00f3 su familia y ejerci\u00f3 su ministerio en el campo misionero, llevando mucho fruto de almas.<\/p>\n<p>En el a\u00f1o 2008, viajando por los Estados Unidos con mi hijo Billy y su familia, me vino la idea de anotar casos espec\u00edficos en que el Se\u00f1or me gui\u00f3, junto con mi familia, a trav\u00e9s del tiempo.<\/p>\n<p>La lista de experiencias y milagros se hizo cada vez m\u00e1s larga, y trajo gran aliento a mi coraz\u00f3n recordar esos testimonios. De all\u00ed que surgi\u00f3 despu\u00e9s el deseo de escribir, para la gloria de Dios y para inspirar a otros, una narraci\u00f3n de mi andar con Cristo, que abarca casi toda mi vida, ya que recib\u00ed a Cristo como Salvador a los cinco a\u00f1os de edad.<\/p>\n<p>El t\u00edtulo <em>\u201cTodo por gracia\u201d<\/em> tiene como prop\u00f3sito reconocer y declarar que \u201cTodo lo puedo en Cristo que me fortalece\u201d (Fil 4:13) y que \u201cSeparados de m\u00ed nada podemos hacer\u201d (Jn 15:5b). Tambi\u00e9n deseo dar testimonio personal de que \u201c\u2026la gracia de nuestro Se\u00f1or fue\u2026 abundante\u2026\u201d (1 Tim 1:14). Quisiera adem\u00e1s imitar al salmista David que dijo, hablando de su Creador: \u201cPara expresarte mi gratitud y contar todas tus maravillas\u201d Sal 26:7.<br \/>\nSi esta sencilla obra logra sembrar fe y esperanza, e inspirar a mis amables lectores, me sentir\u00e9 m\u00e1s que satisfecho.<\/p>\n<p><strong>David Saint<\/strong><\/p>\n<p><a style=\"padding: 8px; background-color: #0f9d58; font-weight: bold; text-align: center; color: #fff; border-radius: 5px;\" href=\"https:\/\/wa.me\/5493513073050?text=Quisiera%20un%20Demo%20del%20libro%20Todo%20por%20Gracia.\"><img loading=\"lazy\" decoding=\"async\" style=\"float: left, margin-right:10px; margin-bottom: -7px; margin-right: 5px;\" src=\"https:\/\/bibliaparalavida.com\/es\/wp-content\/uploads\/2020\/12\/WhatsApp-icon.png\" alt=\"WhatsApp\" width=\"24\" height=\"24\" \/>SOLICITA UNA DEMO EN PDF<\/a><\/p>\n<hr \/>\n<h3>Contenido<\/h3>\n<ol>\n<li>Primeros a\u00f1os en Estados Unidos<\/li>\n<li>Una nueva etapa comienza: Costa Rica y Ecuador<\/li>\n<li>Primeros a\u00f1os en C\u00f3rdoba, Argentina<\/li>\n<li>A\u00f1o sab\u00e1tico en Estados Unidos<\/li>\n<li>Escuela secundaria en C\u00f3rdoba<\/li>\n<li>Instituto B\u00edblico en Buenos Aires y comienzos de Valle del Lago<\/li>\n<li>Vivencias en Tucum\u00e1n, Estados Unidos y Buenos Aires<\/li>\n<li>Experiencias en C\u00f3rdoba y casamiento con Edith<\/li>\n<li>Sirviendo al Se\u00f1or en barrio Corral de Palos, La France y en la iglesia Centro Cristiano<\/li>\n<li>Creciendo en el ministerio: La France, Betania y Valle del Lago<\/li>\n<li>Comienzos de la iglesia El Renuevo y viajes a Estados Unidos<\/li>\n<li>Construyendo, sirviendo y enfrentando pruebas<\/li>\n<li>Transfiriendo el manto<\/li>\n<li>Enfocado en el presente<\/li>\n<\/ol>\n<p><a style=\"padding: 8px; background-color: #0f9d58; font-weight: bold; text-align: center; color: #fff; border-radius: 5px;\" href=\"https:\/\/wa.me\/5493513073050?text=Quisiera%20un%20Demo%20del%20libro%20Todo%20por%20Gracia.\"><img loading=\"lazy\" decoding=\"async\" style=\"float: left, margin-right:10px; margin-bottom: -7px; margin-right: 5px;\" src=\"https:\/\/bibliaparalavida.com\/es\/wp-content\/uploads\/2020\/12\/WhatsApp-icon.png\" alt=\"WhatsApp\" width=\"24\" height=\"24\" \/>SOLICITA UNA DEMO EN PDF<\/a><\/p>\n","protected":false},"excerpt":{"rendered":"<p><a href=\"https:\/\/bibliaparalavida.com\/tutorialapp\" target=\"_blank\" rel=\"noopener\"><img loading=\"lazy\" decoding=\"async\" class=\"alignright wp-image-2502\" src=\"https:\/\/bibliaparalavida.com\/es\/wp-content\/uploads\/2023\/07\/stores-icons-B.png\" alt=\"\" width=\"48\" height=\"90\" \/><\/a><\/p>\n<p><strong>Todo por Gracia<\/strong> es una autobiograf\u00eda del Pastor y Misionero <strong>David Saint<\/strong>, quien de ni\u00f1o lleg\u00f3 a Argentina, junto a su familia, para ser misioneros all\u00ed. <a href=\"https:\/\/bibliaparalavida.com\/es\/libros\/todo-por-gracia-demo\/\">LEE UN ADELANTO DEL LIBRO AQU\u00cd<\/a><\/p>\n<p><strong>C\u00f3mpralo aqu\u00ed en digital <\/strong>y l\u00e9elo en nuestra <a href=\"https:\/\/bibliaparalavida.com\/es\/app\/\" rel=\"noopener\">App.<\/a><br \/>\n<strong>\u00bfPrefieres en papel? <\/strong>C\u00f3mpralo en <a href=\"https:\/\/www.amazon.es\/dp\/9872527768\" target=\"_blank\" rel=\"noopener\">Amazon<\/a>.<\/p>\n","protected":false},"featured_media":1469,"comment_status":"closed","ping_status":"closed","template":"","meta":{"_joinchat":[]},"product_cat":[63],"product_tag":[],"yoast_head":"<!-- This site is optimized with the Yoast SEO plugin v22.8 - https:\/\/yoast.com\/wordpress\/plugins\/seo\/ -->\n<title>Todo por Gracia - Biblia para la Vida ESPA\u00d1A<\/title>\n<meta name=\"robots\" content=\"index, follow, max-snippet:-1, max-image-preview:large, max-video-preview:-1\" \/>\n<link rel=\"canonical\" href=\"https:\/\/bibliaparalavida.com\/es\/prod\/todo-por-gracia\/\" \/>\n<meta property=\"og:locale\" content=\"es_ES\" \/>\n<meta property=\"og:type\" content=\"article\" \/>\n<meta property=\"og:title\" content=\"Todo por Gracia - Biblia para la Vida ESPA\u00d1A\" \/>\n<meta property=\"og:description\" content=\"Todo por Gracia es una autobiograf\u00eda del Pastor y Misionero David Saint, quien de ni\u00f1o lleg\u00f3 a Argentina, junto a su familia, para ser misioneros all\u00ed. LEE UN ADELANTO DEL LIBRO AQU\u00cd  C\u00f3mpralo aqu\u00ed en digital y l\u00e9elo en nuestra App. \u00bfPrefieres en papel? C\u00f3mpralo en Amazon.\" \/>\n<meta property=\"og:url\" content=\"https:\/\/bibliaparalavida.com\/es\/prod\/todo-por-gracia\/\" \/>\n<meta property=\"og:site_name\" content=\"Biblia para la Vida ESPA\u00d1A\" \/>\n<meta property=\"article:publisher\" content=\"https:\/\/www.facebook.com\/BibliaParaLaVida\" \/>\n<meta property=\"article:modified_time\" content=\"2026-02-25T15:22:11+00:00\" \/>\n<meta property=\"og:image\" content=\"https:\/\/bibliaparalavida.com\/es\/wp-content\/uploads\/2022\/04\/Todo-por-Gracia-Tapa.jpg\" \/>\n\t<meta property=\"og:image:width\" content=\"1200\" \/>\n\t<meta property=\"og:image:height\" content=\"1200\" \/>\n\t<meta property=\"og:image:type\" content=\"image\/jpeg\" \/>\n<meta name=\"twitter:card\" content=\"summary_large_image\" \/>\n<meta name=\"twitter:label1\" content=\"Tiempo de lectura\" \/>\n\t<meta name=\"twitter:data1\" content=\"2 minutos\" \/>\n<script type=\"application\/ld+json\" class=\"yoast-schema-graph\">{\"@context\":\"https:\/\/schema.org\",\"@graph\":[{\"@type\":\"WebPage\",\"@id\":\"https:\/\/bibliaparalavida.com\/es\/prod\/todo-por-gracia\/\",\"url\":\"https:\/\/bibliaparalavida.com\/es\/prod\/todo-por-gracia\/\",\"name\":\"Todo por Gracia - Biblia para la Vida ESPA\u00d1A\",\"isPartOf\":{\"@id\":\"https:\/\/bibliaparalavida.com\/es\/#website\"},\"primaryImageOfPage\":{\"@id\":\"https:\/\/bibliaparalavida.com\/es\/prod\/todo-por-gracia\/#primaryimage\"},\"image\":{\"@id\":\"https:\/\/bibliaparalavida.com\/es\/prod\/todo-por-gracia\/#primaryimage\"},\"thumbnailUrl\":\"https:\/\/bibliaparalavida.com\/es\/wp-content\/uploads\/2022\/04\/Todo-por-Gracia-Tapa.jpg\",\"datePublished\":\"2022-03-20T13:24:23+00:00\",\"dateModified\":\"2026-02-25T15:22:11+00:00\",\"breadcrumb\":{\"@id\":\"https:\/\/bibliaparalavida.com\/es\/prod\/todo-por-gracia\/#breadcrumb\"},\"inLanguage\":\"es\",\"potentialAction\":[{\"@type\":\"ReadAction\",\"target\":[\"https:\/\/bibliaparalavida.com\/es\/prod\/todo-por-gracia\/\"]}]},{\"@type\":\"ImageObject\",\"inLanguage\":\"es\",\"@id\":\"https:\/\/bibliaparalavida.com\/es\/prod\/todo-por-gracia\/#primaryimage\",\"url\":\"https:\/\/bibliaparalavida.com\/es\/wp-content\/uploads\/2022\/04\/Todo-por-Gracia-Tapa.jpg\",\"contentUrl\":\"https:\/\/bibliaparalavida.com\/es\/wp-content\/uploads\/2022\/04\/Todo-por-Gracia-Tapa.jpg\",\"width\":1200,\"height\":1200,\"caption\":\"Todo por Gracia - Autobiograf\u00eda de David Saint\"},{\"@type\":\"BreadcrumbList\",\"@id\":\"https:\/\/bibliaparalavida.com\/es\/prod\/todo-por-gracia\/#breadcrumb\",\"itemListElement\":[{\"@type\":\"ListItem\",\"position\":1,\"name\":\"Portada\",\"item\":\"https:\/\/bibliaparalavida.com\/es\/\"},{\"@type\":\"ListItem\",\"position\":2,\"name\":\"Tienda\",\"item\":\"https:\/\/bibliaparalavida.com\/es\/tienda\/\"},{\"@type\":\"ListItem\",\"position\":3,\"name\":\"Todo por Gracia\"}]},{\"@type\":\"WebSite\",\"@id\":\"https:\/\/bibliaparalavida.com\/es\/#website\",\"url\":\"https:\/\/bibliaparalavida.com\/es\/\",\"name\":\"Biblia para la Vida ESPA\u00d1A\",\"description\":\"Aplica la Biblia a tu vida\",\"publisher\":{\"@id\":\"https:\/\/bibliaparalavida.com\/es\/#organization\"},\"potentialAction\":[{\"@type\":\"SearchAction\",\"target\":{\"@type\":\"EntryPoint\",\"urlTemplate\":\"https:\/\/bibliaparalavida.com\/es\/?s={search_term_string}\"},\"query-input\":\"required name=search_term_string\"}],\"inLanguage\":\"es\"},{\"@type\":\"Organization\",\"@id\":\"https:\/\/bibliaparalavida.com\/es\/#organization\",\"name\":\"Biblia para la Vida\",\"url\":\"https:\/\/bibliaparalavida.com\/es\/\",\"logo\":{\"@type\":\"ImageObject\",\"inLanguage\":\"es\",\"@id\":\"https:\/\/bibliaparalavida.com\/es\/#\/schema\/logo\/image\/\",\"url\":\"https:\/\/bibliaparalavida.com\/es\/wp-content\/uploads\/2022\/01\/Logo-BPLV-Header.png\",\"contentUrl\":\"https:\/\/bibliaparalavida.com\/es\/wp-content\/uploads\/2022\/01\/Logo-BPLV-Header.png\",\"width\":356,\"height\":97,\"caption\":\"Biblia para la Vida\"},\"image\":{\"@id\":\"https:\/\/bibliaparalavida.com\/es\/#\/schema\/logo\/image\/\"},\"sameAs\":[\"https:\/\/www.facebook.com\/BibliaParaLaVida\"]}]}<\/script>\n<!-- \/ Yoast SEO plugin. -->","yoast_head_json":{"title":"Todo por Gracia - Biblia para la Vida ESPA\u00d1A","robots":{"index":"index","follow":"follow","max-snippet":"max-snippet:-1","max-image-preview":"max-image-preview:large","max-video-preview":"max-video-preview:-1"},"canonical":"https:\/\/bibliaparalavida.com\/es\/prod\/todo-por-gracia\/","og_locale":"es_ES","og_type":"article","og_title":"Todo por Gracia - Biblia para la Vida ESPA\u00d1A","og_description":"Todo por Gracia es una autobiograf\u00eda del Pastor y Misionero David Saint, quien de ni\u00f1o lleg\u00f3 a Argentina, junto a su familia, para ser misioneros all\u00ed. LEE UN ADELANTO DEL LIBRO AQU\u00cd  C\u00f3mpralo aqu\u00ed en digital y l\u00e9elo en nuestra App. \u00bfPrefieres en papel? C\u00f3mpralo en Amazon.","og_url":"https:\/\/bibliaparalavida.com\/es\/prod\/todo-por-gracia\/","og_site_name":"Biblia para la Vida ESPA\u00d1A","article_publisher":"https:\/\/www.facebook.com\/BibliaParaLaVida","article_modified_time":"2026-02-25T15:22:11+00:00","og_image":[{"width":1200,"height":1200,"url":"https:\/\/bibliaparalavida.com\/es\/wp-content\/uploads\/2022\/04\/Todo-por-Gracia-Tapa.jpg","type":"image\/jpeg"}],"twitter_card":"summary_large_image","twitter_misc":{"Tiempo de lectura":"2 minutos"},"schema":{"@context":"https:\/\/schema.org","@graph":[{"@type":"WebPage","@id":"https:\/\/bibliaparalavida.com\/es\/prod\/todo-por-gracia\/","url":"https:\/\/bibliaparalavida.com\/es\/prod\/todo-por-gracia\/","name":"Todo por Gracia - Biblia para la Vida ESPA\u00d1A","isPartOf":{"@id":"https:\/\/bibliaparalavida.com\/es\/#website"},"primaryImageOfPage":{"@id":"https:\/\/bibliaparalavida.com\/es\/prod\/todo-por-gracia\/#primaryimage"},"image":{"@id":"https:\/\/bibliaparalavida.com\/es\/prod\/todo-por-gracia\/#primaryimage"},"thumbnailUrl":"https:\/\/bibliaparalavida.com\/es\/wp-content\/uploads\/2022\/04\/Todo-por-Gracia-Tapa.jpg","datePublished":"2022-03-20T13:24:23+00:00","dateModified":"2026-02-25T15:22:11+00:00","breadcrumb":{"@id":"https:\/\/bibliaparalavida.com\/es\/prod\/todo-por-gracia\/#breadcrumb"},"inLanguage":"es","potentialAction":[{"@type":"ReadAction","target":["https:\/\/bibliaparalavida.com\/es\/prod\/todo-por-gracia\/"]}]},{"@type":"ImageObject","inLanguage":"es","@id":"https:\/\/bibliaparalavida.com\/es\/prod\/todo-por-gracia\/#primaryimage","url":"https:\/\/bibliaparalavida.com\/es\/wp-content\/uploads\/2022\/04\/Todo-por-Gracia-Tapa.jpg","contentUrl":"https:\/\/bibliaparalavida.com\/es\/wp-content\/uploads\/2022\/04\/Todo-por-Gracia-Tapa.jpg","width":1200,"height":1200,"caption":"Todo por Gracia - Autobiograf\u00eda de David Saint"},{"@type":"BreadcrumbList","@id":"https:\/\/bibliaparalavida.com\/es\/prod\/todo-por-gracia\/#breadcrumb","itemListElement":[{"@type":"ListItem","position":1,"name":"Portada","item":"https:\/\/bibliaparalavida.com\/es\/"},{"@type":"ListItem","position":2,"name":"Tienda","item":"https:\/\/bibliaparalavida.com\/es\/tienda\/"},{"@type":"ListItem","position":3,"name":"Todo por Gracia"}]},{"@type":"WebSite","@id":"https:\/\/bibliaparalavida.com\/es\/#website","url":"https:\/\/bibliaparalavida.com\/es\/","name":"Biblia para la Vida ESPA\u00d1A","description":"Aplica la Biblia a tu vida","publisher":{"@id":"https:\/\/bibliaparalavida.com\/es\/#organization"},"potentialAction":[{"@type":"SearchAction","target":{"@type":"EntryPoint","urlTemplate":"https:\/\/bibliaparalavida.com\/es\/?s={search_term_string}"},"query-input":"required name=search_term_string"}],"inLanguage":"es"},{"@type":"Organization","@id":"https:\/\/bibliaparalavida.com\/es\/#organization","name":"Biblia para la Vida","url":"https:\/\/bibliaparalavida.com\/es\/","logo":{"@type":"ImageObject","inLanguage":"es","@id":"https:\/\/bibliaparalavida.com\/es\/#\/schema\/logo\/image\/","url":"https:\/\/bibliaparalavida.com\/es\/wp-content\/uploads\/2022\/01\/Logo-BPLV-Header.png","contentUrl":"https:\/\/bibliaparalavida.com\/es\/wp-content\/uploads\/2022\/01\/Logo-BPLV-Header.png","width":356,"height":97,"caption":"Biblia para la Vida"},"image":{"@id":"https:\/\/bibliaparalavida.com\/es\/#\/schema\/logo\/image\/"},"sameAs":["https:\/\/www.facebook.com\/BibliaParaLaVida"]}]}},"_links":{"self":[{"href":"https:\/\/bibliaparalavida.com\/es\/wp-json\/wp\/v2\/product\/1467"}],"collection":[{"href":"https:\/\/bibliaparalavida.com\/es\/wp-json\/wp\/v2\/product"}],"about":[{"href":"https:\/\/bibliaparalavida.com\/es\/wp-json\/wp\/v2\/types\/product"}],"replies":[{"embeddable":true,"href":"https:\/\/bibliaparalavida.com\/es\/wp-json\/wp\/v2\/comments?post=1467"}],"wp:featuredmedia":[{"embeddable":true,"href":"https:\/\/bibliaparalavida.com\/es\/wp-json\/wp\/v2\/media\/1469"}],"wp:attachment":[{"href":"https:\/\/bibliaparalavida.com\/es\/wp-json\/wp\/v2\/media?parent=1467"}],"wp:term":[{"taxonomy":"product_cat","embeddable":true,"href":"https:\/\/bibliaparalavida.com\/es\/wp-json\/wp\/v2\/product_cat?post=1467"},{"taxonomy":"product_tag","embeddable":true,"href":"https:\/\/bibliaparalavida.com\/es\/wp-json\/wp\/v2\/product_tag?post=1467"}],"curies":[{"name":"wp","href":"https:\/\/api.w.org\/{rel}","templated":true}]}}