{"id":146,"date":"2020-11-24T18:33:01","date_gmt":"2020-11-24T18:33:01","guid":{"rendered":"https:\/\/bibliaparalavida.com\/es\/?post_type=product&#038;p=146"},"modified":"2024-11-06T23:36:53","modified_gmt":"2024-11-06T23:36:53","slug":"historicos-maestro","status":"publish","type":"product","link":"https:\/\/bibliaparalavida.com\/es\/prod\/historicos-maestro\/","title":{"rendered":"Serie Libros Hist\u00f3ricos | Maestro"},"content":{"rendered":"<p>Incluye <strong>37 lecciones<\/strong> a partir de las historias m\u00e1s interesantes de los libros hist\u00f3ricos de la Biblia, las cuales tienen como protagonistas a reyes, jueces y profetas.<\/p>\n<p>Complementario con el\u00a0<a href=\"https:\/\/bibliaparalavida.com\/es\/manuales\/historicos-alumno\/\">Manual del Alumno<\/a>.<\/p>\n<p>Es ideal para Escuela B\u00edblica, Grupos de Discipulado, y para estudiar la Biblia de manera individual.<\/p>\n<p><strong>Libros Hist\u00f3ricos<\/strong> es una de las secciones m\u00e1s apasionantes de la Biblia, en la que nos encontraremos con decenas de historias protagonizadas por personas como vos y como yo, con nuestras mismas debilidades y temores, y que atravesaron circunstancias muy similares a las nuestras. Algunos, decidieron seguir fieles a Dios y el resultado fue que Dios los protegi\u00f3 y les provey\u00f3. Otros decidieron abandonar a Dios e ir tras sus propios intereses, y les fue muy mal. Todas estas historias han sido registradas en la Biblia para que nosotros hoy podamos leer y tomar nota de aquello que nos conviene y lo que no.<\/p>\n<p><strong>Historias B\u00edblicas para la Vida Cristiana<\/strong> promueve la participaci\u00f3n de los estudiantes trav\u00e9s de preguntas inductivas. De esta manera no s\u00f3lo se aprende acerca de la historia de la iglesia primitiva, sino tambi\u00e9n pueden descubrirse las verdades y principios escondidos en la Palabra, que siguen siendo relevantes, y as\u00ed poder aplicarlos a su propia vida.<\/p>\n<h3>Lecciones incluidas en la Serie Libros Hist\u00f3ricos<\/h3>\n<ol>\n<li>Cruce del Jord\u00e1n y conquista de Jeric\u00f3<\/li>\n<li>Ac\u00e1n toma del anatema<\/li>\n<li>Caleb reclama y conquista Hebr\u00f3n<\/li>\n<li>Llamamiento de Gede\u00f3n<\/li>\n<li>Sans\u00f3n, un libertador muy particular<\/li>\n<li>Rut, una mujer para imitar<\/li>\n<li>Nacimiento de Samuel<\/li>\n<li>Dios llama a Samuel<\/li>\n<li>Sa\u00fal es elegido rey y luego desechado<\/li>\n<li>David es ungido Rey de Israel<\/li>\n<li>David vence a Goliat<\/li>\n<li>David perdona la vida a Sa\u00fal dos veces<\/li>\n<li>Sa\u00fal consulta a la adivina de Endor<\/li>\n<li>David derrota a los amalecitas<\/li>\n<li>Muerte de Sa\u00fal y David ungido rey<\/li>\n<li>David lleva el arca a Jerusal\u00e9n<\/li>\n<li>Bondad de David hacia Mefiboset<\/li>\n<li>David adultera con Betsab\u00e9<\/li>\n<li>Amn\u00f3n abusa de Tamar<\/li>\n<li>Absal\u00f3n se subleva contra David<\/li>\n<li>David censa al pueblo de Israel<\/li>\n<li>Adon\u00edas usurpa el trono. David proclama rey a Salom\u00f3n<\/li>\n<li>Salom\u00f3n sucede a David en el trono<\/li>\n<li>Salom\u00f3n pide sabidur\u00eda a Dios<\/li>\n<li>Dedicaci\u00f3n del Templo<\/li>\n<li>Roboam divide el reino de Israel<\/li>\n<li>El\u00edas predice la sequ\u00eda en Israel<\/li>\n<li>El\u00edas y los profetas de Baal y Asera<\/li>\n<li>El\u00edas huye a Horeb<\/li>\n<li>El\u00edas es arrebatado y Eliseo recibe la unci\u00f3n<\/li>\n<li>Eliseo y Naam\u00e1n sanado de lepra<\/li>\n<li>Eliseo y su criado rodeado por los sirios<\/li>\n<li>Eliseo y el sitio en Samaria<\/li>\n<li>Reinado y enfermedad del rey Ezequ\u00edas<\/li>\n<li>Nehem\u00edas reedifica el muro de Jerusal\u00e9n<\/li>\n<li>Ester, una joven bella y valiente<\/li>\n<li>Job conoce a Dios a trav\u00e9s del dolor<\/li>\n<\/ol>\n<h2 id=\"presentacion\">Video presentaci\u00f3n del Manual<\/h2>\n<p><iframe loading=\"lazy\" src=\"https:\/\/www.youtube.com\/embed\/nhC357Aywis\" width=\"721\" height=\"405\" frameborder=\"0\" allowfullscreen=\"allowfullscreen\"><\/iframe><\/p>\n","protected":false},"excerpt":{"rendered":"<p><a href=\"https:\/\/bibliaparalavida.com\/tutorialapp\" target=\"_blank\" rel=\"noopener\"><img loading=\"lazy\" decoding=\"async\" class=\"alignright wp-image-2502\" src=\"https:\/\/bibliaparalavida.com\/es\/wp-content\/uploads\/2023\/07\/stores-icons-B.png\" alt=\"\" width=\"48\" height=\"90\" \/><\/a><\/p>\n<p>La Serie <strong>HIST\u00d3RICOS<\/strong> estudia los libros hist\u00f3ricos del Antiguo Testamento, con aplicaci\u00f3n a la vida cristiana a trav\u00e9s de preguntas inductivas. <a href=\"https:\/\/bibliaparalavida.com\/es\/historias-biblicas\/libros-historicos-maestro-demo\/\">LEE UN ADELANTO DEL LIBRO<\/a><\/p>\n<p><strong>C\u00f3mpralo aqu\u00ed en digital <\/strong>y l\u00e9elo en nuestra <a href=\"https:\/\/bibliaparalavida.com\/es\/app\/\" rel=\"noopener\">App.<\/a><br \/>\n<strong>\u00bfPrefieres en papel? <\/strong>C\u00f3mpralo en <a href=\"https:\/\/www.amazon.es\/dp\/B08VYBN6M8\" target=\"_blank\" rel=\"noopener\">Amazon<\/a>.<\/p>\n","protected":false},"featured_media":147,"comment_status":"closed","ping_status":"closed","template":"","meta":{"_joinchat":[]},"product_cat":[19],"product_tag":[],"yoast_head":"<!-- This site is optimized with the Yoast SEO plugin v22.8 - https:\/\/yoast.com\/wordpress\/plugins\/seo\/ -->\n<title>Serie Libros Hist\u00f3ricos | Maestro - Biblia para la Vida ESPA\u00d1A<\/title>\n<meta name=\"robots\" content=\"index, follow, max-snippet:-1, max-image-preview:large, max-video-preview:-1\" \/>\n<link rel=\"canonical\" href=\"https:\/\/bibliaparalavida.com\/es\/prod\/historicos-maestro\/\" \/>\n<meta property=\"og:locale\" content=\"es_ES\" \/>\n<meta property=\"og:type\" content=\"article\" \/>\n<meta property=\"og:title\" content=\"Serie Libros Hist\u00f3ricos | Maestro - Biblia para la Vida ESPA\u00d1A\" \/>\n<meta property=\"og:description\" content=\"La Serie HIST\u00d3RICOS estudia los libros hist\u00f3ricos del Antiguo Testamento, con aplicaci\u00f3n a la vida cristiana a trav\u00e9s de preguntas inductivas. LEE UN ADELANTO DEL LIBRO  C\u00f3mpralo aqu\u00ed en digital y l\u00e9elo en nuestra App. \u00bfPrefieres en papel? C\u00f3mpralo en Amazon.\" \/>\n<meta property=\"og:url\" content=\"https:\/\/bibliaparalavida.com\/es\/prod\/historicos-maestro\/\" \/>\n<meta property=\"og:site_name\" content=\"Biblia para la Vida ESPA\u00d1A\" \/>\n<meta property=\"article:publisher\" content=\"https:\/\/www.facebook.com\/BibliaParaLaVida\" \/>\n<meta property=\"article:modified_time\" content=\"2024-11-06T23:36:53+00:00\" \/>\n<meta property=\"og:image\" content=\"https:\/\/bibliaparalavida.com\/es\/wp-content\/uploads\/2020\/03\/Serie-Historicos-Maestro.jpg\" \/>\n\t<meta property=\"og:image:width\" content=\"1000\" \/>\n\t<meta property=\"og:image:height\" content=\"1000\" \/>\n\t<meta property=\"og:image:type\" content=\"image\/jpeg\" \/>\n<meta name=\"twitter:card\" content=\"summary_large_image\" \/>\n<meta name=\"twitter:label1\" content=\"Tiempo de lectura\" \/>\n\t<meta name=\"twitter:data1\" content=\"2 minutos\" \/>\n<script type=\"application\/ld+json\" class=\"yoast-schema-graph\">{\"@context\":\"https:\/\/schema.org\",\"@graph\":[{\"@type\":\"WebPage\",\"@id\":\"https:\/\/bibliaparalavida.com\/es\/prod\/historicos-maestro\/\",\"url\":\"https:\/\/bibliaparalavida.com\/es\/prod\/historicos-maestro\/\",\"name\":\"Serie Libros Hist\u00f3ricos | Maestro - Biblia para la Vida ESPA\u00d1A\",\"isPartOf\":{\"@id\":\"https:\/\/bibliaparalavida.com\/es\/#website\"},\"primaryImageOfPage\":{\"@id\":\"https:\/\/bibliaparalavida.com\/es\/prod\/historicos-maestro\/#primaryimage\"},\"image\":{\"@id\":\"https:\/\/bibliaparalavida.com\/es\/prod\/historicos-maestro\/#primaryimage\"},\"thumbnailUrl\":\"https:\/\/bibliaparalavida.com\/es\/wp-content\/uploads\/2020\/03\/Serie-Historicos-Maestro.jpg\",\"datePublished\":\"2020-11-24T18:33:01+00:00\",\"dateModified\":\"2024-11-06T23:36:53+00:00\",\"breadcrumb\":{\"@id\":\"https:\/\/bibliaparalavida.com\/es\/prod\/historicos-maestro\/#breadcrumb\"},\"inLanguage\":\"es\",\"potentialAction\":[{\"@type\":\"ReadAction\",\"target\":[\"https:\/\/bibliaparalavida.com\/es\/prod\/historicos-maestro\/\"]}]},{\"@type\":\"ImageObject\",\"inLanguage\":\"es\",\"@id\":\"https:\/\/bibliaparalavida.com\/es\/prod\/historicos-maestro\/#primaryimage\",\"url\":\"https:\/\/bibliaparalavida.com\/es\/wp-content\/uploads\/2020\/03\/Serie-Historicos-Maestro.jpg\",\"contentUrl\":\"https:\/\/bibliaparalavida.com\/es\/wp-content\/uploads\/2020\/03\/Serie-Historicos-Maestro.jpg\",\"width\":1000,\"height\":1000,\"caption\":\"Serie Libros Hist\u00f3ricos - Manual del Maestro\"},{\"@type\":\"BreadcrumbList\",\"@id\":\"https:\/\/bibliaparalavida.com\/es\/prod\/historicos-maestro\/#breadcrumb\",\"itemListElement\":[{\"@type\":\"ListItem\",\"position\":1,\"name\":\"Portada\",\"item\":\"https:\/\/bibliaparalavida.com\/es\/\"},{\"@type\":\"ListItem\",\"position\":2,\"name\":\"Tienda\",\"item\":\"https:\/\/bibliaparalavida.com\/es\/tienda\/\"},{\"@type\":\"ListItem\",\"position\":3,\"name\":\"Serie Libros Hist\u00f3ricos | Maestro\"}]},{\"@type\":\"WebSite\",\"@id\":\"https:\/\/bibliaparalavida.com\/es\/#website\",\"url\":\"https:\/\/bibliaparalavida.com\/es\/\",\"name\":\"Biblia para la Vida ESPA\u00d1A\",\"description\":\"Aplica la Biblia a tu vida\",\"publisher\":{\"@id\":\"https:\/\/bibliaparalavida.com\/es\/#organization\"},\"potentialAction\":[{\"@type\":\"SearchAction\",\"target\":{\"@type\":\"EntryPoint\",\"urlTemplate\":\"https:\/\/bibliaparalavida.com\/es\/?s={search_term_string}\"},\"query-input\":\"required name=search_term_string\"}],\"inLanguage\":\"es\"},{\"@type\":\"Organization\",\"@id\":\"https:\/\/bibliaparalavida.com\/es\/#organization\",\"name\":\"Biblia para la Vida\",\"url\":\"https:\/\/bibliaparalavida.com\/es\/\",\"logo\":{\"@type\":\"ImageObject\",\"inLanguage\":\"es\",\"@id\":\"https:\/\/bibliaparalavida.com\/es\/#\/schema\/logo\/image\/\",\"url\":\"https:\/\/bibliaparalavida.com\/es\/wp-content\/uploads\/2022\/01\/Logo-BPLV-Header.png\",\"contentUrl\":\"https:\/\/bibliaparalavida.com\/es\/wp-content\/uploads\/2022\/01\/Logo-BPLV-Header.png\",\"width\":356,\"height\":97,\"caption\":\"Biblia para la Vida\"},\"image\":{\"@id\":\"https:\/\/bibliaparalavida.com\/es\/#\/schema\/logo\/image\/\"},\"sameAs\":[\"https:\/\/www.facebook.com\/BibliaParaLaVida\"]}]}<\/script>\n<!-- \/ Yoast SEO plugin. -->","yoast_head_json":{"title":"Serie Libros Hist\u00f3ricos | Maestro - Biblia para la Vida ESPA\u00d1A","robots":{"index":"index","follow":"follow","max-snippet":"max-snippet:-1","max-image-preview":"max-image-preview:large","max-video-preview":"max-video-preview:-1"},"canonical":"https:\/\/bibliaparalavida.com\/es\/prod\/historicos-maestro\/","og_locale":"es_ES","og_type":"article","og_title":"Serie Libros Hist\u00f3ricos | Maestro - Biblia para la Vida ESPA\u00d1A","og_description":"La Serie HIST\u00d3RICOS estudia los libros hist\u00f3ricos del Antiguo Testamento, con aplicaci\u00f3n a la vida cristiana a trav\u00e9s de preguntas inductivas. LEE UN ADELANTO DEL LIBRO  C\u00f3mpralo aqu\u00ed en digital y l\u00e9elo en nuestra App. \u00bfPrefieres en papel? C\u00f3mpralo en Amazon.","og_url":"https:\/\/bibliaparalavida.com\/es\/prod\/historicos-maestro\/","og_site_name":"Biblia para la Vida ESPA\u00d1A","article_publisher":"https:\/\/www.facebook.com\/BibliaParaLaVida","article_modified_time":"2024-11-06T23:36:53+00:00","og_image":[{"width":1000,"height":1000,"url":"https:\/\/bibliaparalavida.com\/es\/wp-content\/uploads\/2020\/03\/Serie-Historicos-Maestro.jpg","type":"image\/jpeg"}],"twitter_card":"summary_large_image","twitter_misc":{"Tiempo de lectura":"2 minutos"},"schema":{"@context":"https:\/\/schema.org","@graph":[{"@type":"WebPage","@id":"https:\/\/bibliaparalavida.com\/es\/prod\/historicos-maestro\/","url":"https:\/\/bibliaparalavida.com\/es\/prod\/historicos-maestro\/","name":"Serie Libros Hist\u00f3ricos | Maestro - Biblia para la Vida ESPA\u00d1A","isPartOf":{"@id":"https:\/\/bibliaparalavida.com\/es\/#website"},"primaryImageOfPage":{"@id":"https:\/\/bibliaparalavida.com\/es\/prod\/historicos-maestro\/#primaryimage"},"image":{"@id":"https:\/\/bibliaparalavida.com\/es\/prod\/historicos-maestro\/#primaryimage"},"thumbnailUrl":"https:\/\/bibliaparalavida.com\/es\/wp-content\/uploads\/2020\/03\/Serie-Historicos-Maestro.jpg","datePublished":"2020-11-24T18:33:01+00:00","dateModified":"2024-11-06T23:36:53+00:00","breadcrumb":{"@id":"https:\/\/bibliaparalavida.com\/es\/prod\/historicos-maestro\/#breadcrumb"},"inLanguage":"es","potentialAction":[{"@type":"ReadAction","target":["https:\/\/bibliaparalavida.com\/es\/prod\/historicos-maestro\/"]}]},{"@type":"ImageObject","inLanguage":"es","@id":"https:\/\/bibliaparalavida.com\/es\/prod\/historicos-maestro\/#primaryimage","url":"https:\/\/bibliaparalavida.com\/es\/wp-content\/uploads\/2020\/03\/Serie-Historicos-Maestro.jpg","contentUrl":"https:\/\/bibliaparalavida.com\/es\/wp-content\/uploads\/2020\/03\/Serie-Historicos-Maestro.jpg","width":1000,"height":1000,"caption":"Serie Libros Hist\u00f3ricos - Manual del Maestro"},{"@type":"BreadcrumbList","@id":"https:\/\/bibliaparalavida.com\/es\/prod\/historicos-maestro\/#breadcrumb","itemListElement":[{"@type":"ListItem","position":1,"name":"Portada","item":"https:\/\/bibliaparalavida.com\/es\/"},{"@type":"ListItem","position":2,"name":"Tienda","item":"https:\/\/bibliaparalavida.com\/es\/tienda\/"},{"@type":"ListItem","position":3,"name":"Serie Libros Hist\u00f3ricos | Maestro"}]},{"@type":"WebSite","@id":"https:\/\/bibliaparalavida.com\/es\/#website","url":"https:\/\/bibliaparalavida.com\/es\/","name":"Biblia para la Vida ESPA\u00d1A","description":"Aplica la Biblia a tu vida","publisher":{"@id":"https:\/\/bibliaparalavida.com\/es\/#organization"},"potentialAction":[{"@type":"SearchAction","target":{"@type":"EntryPoint","urlTemplate":"https:\/\/bibliaparalavida.com\/es\/?s={search_term_string}"},"query-input":"required name=search_term_string"}],"inLanguage":"es"},{"@type":"Organization","@id":"https:\/\/bibliaparalavida.com\/es\/#organization","name":"Biblia para la Vida","url":"https:\/\/bibliaparalavida.com\/es\/","logo":{"@type":"ImageObject","inLanguage":"es","@id":"https:\/\/bibliaparalavida.com\/es\/#\/schema\/logo\/image\/","url":"https:\/\/bibliaparalavida.com\/es\/wp-content\/uploads\/2022\/01\/Logo-BPLV-Header.png","contentUrl":"https:\/\/bibliaparalavida.com\/es\/wp-content\/uploads\/2022\/01\/Logo-BPLV-Header.png","width":356,"height":97,"caption":"Biblia para la Vida"},"image":{"@id":"https:\/\/bibliaparalavida.com\/es\/#\/schema\/logo\/image\/"},"sameAs":["https:\/\/www.facebook.com\/BibliaParaLaVida"]}]}},"_links":{"self":[{"href":"https:\/\/bibliaparalavida.com\/es\/wp-json\/wp\/v2\/product\/146"}],"collection":[{"href":"https:\/\/bibliaparalavida.com\/es\/wp-json\/wp\/v2\/product"}],"about":[{"href":"https:\/\/bibliaparalavida.com\/es\/wp-json\/wp\/v2\/types\/product"}],"replies":[{"embeddable":true,"href":"https:\/\/bibliaparalavida.com\/es\/wp-json\/wp\/v2\/comments?post=146"}],"wp:featuredmedia":[{"embeddable":true,"href":"https:\/\/bibliaparalavida.com\/es\/wp-json\/wp\/v2\/media\/147"}],"wp:attachment":[{"href":"https:\/\/bibliaparalavida.com\/es\/wp-json\/wp\/v2\/media?parent=146"}],"wp:term":[{"taxonomy":"product_cat","embeddable":true,"href":"https:\/\/bibliaparalavida.com\/es\/wp-json\/wp\/v2\/product_cat?post=146"},{"taxonomy":"product_tag","embeddable":true,"href":"https:\/\/bibliaparalavida.com\/es\/wp-json\/wp\/v2\/product_tag?post=146"}],"curies":[{"name":"wp","href":"https:\/\/api.w.org\/{rel}","templated":true}]}}