{"id":1262,"date":"2023-07-16T19:09:24","date_gmt":"2023-07-16T19:09:24","guid":{"rendered":"https:\/\/bibliaparalavida.com\/es\/?post_type=product&#038;p=1262"},"modified":"2025-02-25T13:35:05","modified_gmt":"2025-02-25T13:35:05","slug":"promo-juvenil","status":"publish","type":"product","link":"https:\/\/bibliaparalavida.com\/es\/prod\/promo-juvenil\/","title":{"rendered":"Promo Ministerio Juvenil"},"content":{"rendered":"<p><strong><a href=\"https:\/\/bibliaparalavida.com\/es\/prod\/liderazgo-juvenil\/\">Manual B\u00edblico de Liderazgo Juvenil<\/a>:<\/strong> Redactado con el prop\u00f3sito de equipar a los l\u00edderes juveniles de las iglesias locales para desarrollar su tarea con eficacia y relevancia, a la vez que identifican \u00e1reas del car\u00e1cter por mejorar con la ayuda del Esp\u00edritu Santo.<\/p>\n<p><a href=\"https:\/\/bibliaparalavida.com\/es\/prod\/recursos-para-lideres-juveniles\/\"><strong>Manual de Recursos para L\u00edderes Juveniles:<\/strong><\/a> Este manual tiene como objetivo brindar recursos b\u00edblicos y pr\u00e1cticos para ayudar a los l\u00edderes juveniles a ministrar eficazmente a sus j\u00f3venes y adolescentes.<\/p>\n<p><a href=\"https:\/\/bibliaparalavida.com\/es\/prod\/predicas-jovenes\/\"><strong>P<\/strong><strong>r\u00e9dicas para j\u00f3venes<\/strong><\/a>: 30 bosquejos listos para predicar a j\u00f3venes, abordando temas de inter\u00e9s juvenil desde una perspectiva b\u00edblica y con aplicaci\u00f3n directa a la vida diaria.<\/p>\n","protected":false},"excerpt":{"rendered":"<p><a href=\"https:\/\/bibliaparalavida.com\/tutorialapp\" target=\"_blank\" rel=\"noopener\"><img loading=\"lazy\" decoding=\"async\" class=\"alignright wp-image-2502\" src=\"https:\/\/bibliaparalavida.com\/es\/wp-content\/uploads\/2023\/07\/stores-icons-B.png\" alt=\"\" width=\"48\" height=\"90\" \/><\/a>Esta <strong>Promo<\/strong> incluye los Manuales de <strong>Liderazgo Juvenil<\/strong>, <strong>Recursos para L\u00edderes Juveniles<\/strong> y <strong>Pr\u00e9dicas para J\u00f3venes<\/strong> con un <strong>10% de descuento<\/strong>. <strong>[FORMATO DIGITAL]<\/strong><\/p>\n<p><a style=\"padding: 8px; background-color: #0f9d58; font-weight: bold; text-align: center; color: #fff; border-radius: 5px;\" href=\"https:\/\/wa.me\/5493513073050?text=Quisiera%20los%20Demos%20de%20la%20Promo%20Mentoreo%20Juvenil.\"><img loading=\"lazy\" decoding=\"async\" style=\"float: left, margin-right:10px; margin-bottom: -7px; margin-right: 5px;\" src=\"https:\/\/bibliaparalavida.com\/wp-content\/uploads\/2020\/12\/WhatsApp-icon.png\" alt=\"WhatsApp\" width=\"24\" height=\"24\" \/>SOLICITA UN ADELANTO EN PDF<\/a><\/p>\n<p><strong>C\u00f3mpralos aqu\u00ed en digital <\/strong>y l\u00e9elos en nuestra <a href=\"https:\/\/bibliaparalavida.com\/es\/app\/\" rel=\"noopener\">App.<\/a><br \/>\n<strong>Si los prefieres IMPRESOS, <\/strong>c\u00f3mpralos en <a href=\"https:\/\/www.amazon.es\/-\/es\/dp\/B092CWF72F\" target=\"_blank\" rel=\"noopener\">Amazon<\/a>.<\/p>\n","protected":false},"featured_media":2677,"comment_status":"closed","ping_status":"closed","template":"","meta":{"_joinchat":[]},"product_cat":[62],"product_tag":[],"yoast_head":"<!-- This site is optimized with the Yoast SEO plugin v22.8 - https:\/\/yoast.com\/wordpress\/plugins\/seo\/ -->\n<title>Promo Ministerio Juvenil - Biblia para la Vida ESPA\u00d1A<\/title>\n<meta name=\"robots\" content=\"index, follow, max-snippet:-1, max-image-preview:large, max-video-preview:-1\" \/>\n<link rel=\"canonical\" href=\"https:\/\/bibliaparalavida.com\/es\/prod\/promo-juvenil\/\" \/>\n<meta property=\"og:locale\" content=\"es_ES\" \/>\n<meta property=\"og:type\" content=\"article\" \/>\n<meta property=\"og:title\" content=\"Promo Ministerio Juvenil - Biblia para la Vida ESPA\u00d1A\" \/>\n<meta property=\"og:description\" content=\"Esta Promo incluye los Manuales de Liderazgo Juvenil, Recursos para L\u00edderes Juveniles y Pr\u00e9dicas para J\u00f3venes con un 10% de descuento. [FORMATO DIGITAL]  SOLICITA UN ADELANTO EN PDF  C\u00f3mpralos aqu\u00ed en digital y l\u00e9elos en nuestra App. Si los prefieres IMPRESOS, c\u00f3mpralos en Amazon.\" \/>\n<meta property=\"og:url\" content=\"https:\/\/bibliaparalavida.com\/es\/prod\/promo-juvenil\/\" \/>\n<meta property=\"og:site_name\" content=\"Biblia para la Vida ESPA\u00d1A\" \/>\n<meta property=\"article:publisher\" content=\"https:\/\/www.facebook.com\/BibliaParaLaVida\" \/>\n<meta property=\"article:modified_time\" content=\"2025-02-25T13:35:05+00:00\" \/>\n<meta property=\"og:image\" content=\"https:\/\/bibliaparalavida.com\/es\/wp-content\/uploads\/2023\/07\/Promo-Juvenil-x3.jpg\" \/>\n\t<meta property=\"og:image:width\" content=\"1080\" \/>\n\t<meta property=\"og:image:height\" content=\"1080\" \/>\n\t<meta property=\"og:image:type\" content=\"image\/jpeg\" \/>\n<meta name=\"twitter:card\" content=\"summary_large_image\" \/>\n<meta name=\"twitter:label1\" content=\"Tiempo de lectura\" \/>\n\t<meta name=\"twitter:data1\" content=\"1 minuto\" \/>\n<script type=\"application\/ld+json\" class=\"yoast-schema-graph\">{\"@context\":\"https:\/\/schema.org\",\"@graph\":[{\"@type\":\"WebPage\",\"@id\":\"https:\/\/bibliaparalavida.com\/es\/prod\/promo-juvenil\/\",\"url\":\"https:\/\/bibliaparalavida.com\/es\/prod\/promo-juvenil\/\",\"name\":\"Promo Ministerio Juvenil - Biblia para la Vida ESPA\u00d1A\",\"isPartOf\":{\"@id\":\"https:\/\/bibliaparalavida.com\/es\/#website\"},\"primaryImageOfPage\":{\"@id\":\"https:\/\/bibliaparalavida.com\/es\/prod\/promo-juvenil\/#primaryimage\"},\"image\":{\"@id\":\"https:\/\/bibliaparalavida.com\/es\/prod\/promo-juvenil\/#primaryimage\"},\"thumbnailUrl\":\"https:\/\/bibliaparalavida.com\/es\/wp-content\/uploads\/2023\/07\/Promo-Juvenil-x3.jpg\",\"datePublished\":\"2023-07-16T19:09:24+00:00\",\"dateModified\":\"2025-02-25T13:35:05+00:00\",\"breadcrumb\":{\"@id\":\"https:\/\/bibliaparalavida.com\/es\/prod\/promo-juvenil\/#breadcrumb\"},\"inLanguage\":\"es\",\"potentialAction\":[{\"@type\":\"ReadAction\",\"target\":[\"https:\/\/bibliaparalavida.com\/es\/prod\/promo-juvenil\/\"]}]},{\"@type\":\"ImageObject\",\"inLanguage\":\"es\",\"@id\":\"https:\/\/bibliaparalavida.com\/es\/prod\/promo-juvenil\/#primaryimage\",\"url\":\"https:\/\/bibliaparalavida.com\/es\/wp-content\/uploads\/2023\/07\/Promo-Juvenil-x3.jpg\",\"contentUrl\":\"https:\/\/bibliaparalavida.com\/es\/wp-content\/uploads\/2023\/07\/Promo-Juvenil-x3.jpg\",\"width\":1080,\"height\":1080,\"caption\":\"Promo Ministerio Juvenil\"},{\"@type\":\"BreadcrumbList\",\"@id\":\"https:\/\/bibliaparalavida.com\/es\/prod\/promo-juvenil\/#breadcrumb\",\"itemListElement\":[{\"@type\":\"ListItem\",\"position\":1,\"name\":\"Portada\",\"item\":\"https:\/\/bibliaparalavida.com\/es\/\"},{\"@type\":\"ListItem\",\"position\":2,\"name\":\"Tienda\",\"item\":\"https:\/\/bibliaparalavida.com\/es\/tienda\/\"},{\"@type\":\"ListItem\",\"position\":3,\"name\":\"Promo Ministerio Juvenil\"}]},{\"@type\":\"WebSite\",\"@id\":\"https:\/\/bibliaparalavida.com\/es\/#website\",\"url\":\"https:\/\/bibliaparalavida.com\/es\/\",\"name\":\"Biblia para la Vida ESPA\u00d1A\",\"description\":\"Aplica la Biblia a tu vida\",\"publisher\":{\"@id\":\"https:\/\/bibliaparalavida.com\/es\/#organization\"},\"potentialAction\":[{\"@type\":\"SearchAction\",\"target\":{\"@type\":\"EntryPoint\",\"urlTemplate\":\"https:\/\/bibliaparalavida.com\/es\/?s={search_term_string}\"},\"query-input\":\"required name=search_term_string\"}],\"inLanguage\":\"es\"},{\"@type\":\"Organization\",\"@id\":\"https:\/\/bibliaparalavida.com\/es\/#organization\",\"name\":\"Biblia para la Vida\",\"url\":\"https:\/\/bibliaparalavida.com\/es\/\",\"logo\":{\"@type\":\"ImageObject\",\"inLanguage\":\"es\",\"@id\":\"https:\/\/bibliaparalavida.com\/es\/#\/schema\/logo\/image\/\",\"url\":\"https:\/\/bibliaparalavida.com\/es\/wp-content\/uploads\/2022\/01\/Logo-BPLV-Header.png\",\"contentUrl\":\"https:\/\/bibliaparalavida.com\/es\/wp-content\/uploads\/2022\/01\/Logo-BPLV-Header.png\",\"width\":356,\"height\":97,\"caption\":\"Biblia para la Vida\"},\"image\":{\"@id\":\"https:\/\/bibliaparalavida.com\/es\/#\/schema\/logo\/image\/\"},\"sameAs\":[\"https:\/\/www.facebook.com\/BibliaParaLaVida\"]}]}<\/script>\n<!-- \/ Yoast SEO plugin. -->","yoast_head_json":{"title":"Promo Ministerio Juvenil - Biblia para la Vida ESPA\u00d1A","robots":{"index":"index","follow":"follow","max-snippet":"max-snippet:-1","max-image-preview":"max-image-preview:large","max-video-preview":"max-video-preview:-1"},"canonical":"https:\/\/bibliaparalavida.com\/es\/prod\/promo-juvenil\/","og_locale":"es_ES","og_type":"article","og_title":"Promo Ministerio Juvenil - Biblia para la Vida ESPA\u00d1A","og_description":"Esta Promo incluye los Manuales de Liderazgo Juvenil, Recursos para L\u00edderes Juveniles y Pr\u00e9dicas para J\u00f3venes con un 10% de descuento. [FORMATO DIGITAL]  SOLICITA UN ADELANTO EN PDF  C\u00f3mpralos aqu\u00ed en digital y l\u00e9elos en nuestra App. Si los prefieres IMPRESOS, c\u00f3mpralos en Amazon.","og_url":"https:\/\/bibliaparalavida.com\/es\/prod\/promo-juvenil\/","og_site_name":"Biblia para la Vida ESPA\u00d1A","article_publisher":"https:\/\/www.facebook.com\/BibliaParaLaVida","article_modified_time":"2025-02-25T13:35:05+00:00","og_image":[{"width":1080,"height":1080,"url":"https:\/\/bibliaparalavida.com\/es\/wp-content\/uploads\/2023\/07\/Promo-Juvenil-x3.jpg","type":"image\/jpeg"}],"twitter_card":"summary_large_image","twitter_misc":{"Tiempo de lectura":"1 minuto"},"schema":{"@context":"https:\/\/schema.org","@graph":[{"@type":"WebPage","@id":"https:\/\/bibliaparalavida.com\/es\/prod\/promo-juvenil\/","url":"https:\/\/bibliaparalavida.com\/es\/prod\/promo-juvenil\/","name":"Promo Ministerio Juvenil - Biblia para la Vida ESPA\u00d1A","isPartOf":{"@id":"https:\/\/bibliaparalavida.com\/es\/#website"},"primaryImageOfPage":{"@id":"https:\/\/bibliaparalavida.com\/es\/prod\/promo-juvenil\/#primaryimage"},"image":{"@id":"https:\/\/bibliaparalavida.com\/es\/prod\/promo-juvenil\/#primaryimage"},"thumbnailUrl":"https:\/\/bibliaparalavida.com\/es\/wp-content\/uploads\/2023\/07\/Promo-Juvenil-x3.jpg","datePublished":"2023-07-16T19:09:24+00:00","dateModified":"2025-02-25T13:35:05+00:00","breadcrumb":{"@id":"https:\/\/bibliaparalavida.com\/es\/prod\/promo-juvenil\/#breadcrumb"},"inLanguage":"es","potentialAction":[{"@type":"ReadAction","target":["https:\/\/bibliaparalavida.com\/es\/prod\/promo-juvenil\/"]}]},{"@type":"ImageObject","inLanguage":"es","@id":"https:\/\/bibliaparalavida.com\/es\/prod\/promo-juvenil\/#primaryimage","url":"https:\/\/bibliaparalavida.com\/es\/wp-content\/uploads\/2023\/07\/Promo-Juvenil-x3.jpg","contentUrl":"https:\/\/bibliaparalavida.com\/es\/wp-content\/uploads\/2023\/07\/Promo-Juvenil-x3.jpg","width":1080,"height":1080,"caption":"Promo Ministerio Juvenil"},{"@type":"BreadcrumbList","@id":"https:\/\/bibliaparalavida.com\/es\/prod\/promo-juvenil\/#breadcrumb","itemListElement":[{"@type":"ListItem","position":1,"name":"Portada","item":"https:\/\/bibliaparalavida.com\/es\/"},{"@type":"ListItem","position":2,"name":"Tienda","item":"https:\/\/bibliaparalavida.com\/es\/tienda\/"},{"@type":"ListItem","position":3,"name":"Promo Ministerio Juvenil"}]},{"@type":"WebSite","@id":"https:\/\/bibliaparalavida.com\/es\/#website","url":"https:\/\/bibliaparalavida.com\/es\/","name":"Biblia para la Vida ESPA\u00d1A","description":"Aplica la Biblia a tu vida","publisher":{"@id":"https:\/\/bibliaparalavida.com\/es\/#organization"},"potentialAction":[{"@type":"SearchAction","target":{"@type":"EntryPoint","urlTemplate":"https:\/\/bibliaparalavida.com\/es\/?s={search_term_string}"},"query-input":"required name=search_term_string"}],"inLanguage":"es"},{"@type":"Organization","@id":"https:\/\/bibliaparalavida.com\/es\/#organization","name":"Biblia para la Vida","url":"https:\/\/bibliaparalavida.com\/es\/","logo":{"@type":"ImageObject","inLanguage":"es","@id":"https:\/\/bibliaparalavida.com\/es\/#\/schema\/logo\/image\/","url":"https:\/\/bibliaparalavida.com\/es\/wp-content\/uploads\/2022\/01\/Logo-BPLV-Header.png","contentUrl":"https:\/\/bibliaparalavida.com\/es\/wp-content\/uploads\/2022\/01\/Logo-BPLV-Header.png","width":356,"height":97,"caption":"Biblia para la Vida"},"image":{"@id":"https:\/\/bibliaparalavida.com\/es\/#\/schema\/logo\/image\/"},"sameAs":["https:\/\/www.facebook.com\/BibliaParaLaVida"]}]}},"_links":{"self":[{"href":"https:\/\/bibliaparalavida.com\/es\/wp-json\/wp\/v2\/product\/1262"}],"collection":[{"href":"https:\/\/bibliaparalavida.com\/es\/wp-json\/wp\/v2\/product"}],"about":[{"href":"https:\/\/bibliaparalavida.com\/es\/wp-json\/wp\/v2\/types\/product"}],"replies":[{"embeddable":true,"href":"https:\/\/bibliaparalavida.com\/es\/wp-json\/wp\/v2\/comments?post=1262"}],"wp:featuredmedia":[{"embeddable":true,"href":"https:\/\/bibliaparalavida.com\/es\/wp-json\/wp\/v2\/media\/2677"}],"wp:attachment":[{"href":"https:\/\/bibliaparalavida.com\/es\/wp-json\/wp\/v2\/media?parent=1262"}],"wp:term":[{"taxonomy":"product_cat","embeddable":true,"href":"https:\/\/bibliaparalavida.com\/es\/wp-json\/wp\/v2\/product_cat?post=1262"},{"taxonomy":"product_tag","embeddable":true,"href":"https:\/\/bibliaparalavida.com\/es\/wp-json\/wp\/v2\/product_tag?post=1262"}],"curies":[{"name":"wp","href":"https:\/\/api.w.org\/{rel}","templated":true}]}}