{"id":1260,"date":"2024-06-11T23:53:04","date_gmt":"2024-06-11T23:53:04","guid":{"rendered":"https:\/\/bibliaparalavida.com\/es\/?post_type=product&#038;p=1260"},"modified":"2024-11-12T17:21:12","modified_gmt":"2024-11-12T17:21:12","slug":"mentoreo-completo","status":"publish","type":"product","link":"https:\/\/bibliaparalavida.com\/es\/prod\/mentoreo-completo\/","title":{"rendered":"Promo Mentoreo Completo"},"content":{"rendered":"<p>Los <strong>Manuales B\u00edblicos de Discipulado y Mentoreo<\/strong> son una herramienta b\u00edblica, pr\u00e1ctica y sistem\u00e1tica para guiar a cada persona en su crecimiento espiritual, desde sus primeros pasos en la <strong>vida cristiana<\/strong> hasta ser un <strong>obrero<\/strong> o <strong>l\u00edder cristiano<\/strong>.<\/p>\n<p><strong><a href=\"https:\/\/bibliaparalavida.com\/es\/prod\/manual-de-vida-cristiana\/\">Manual B\u00edblico de Vida Cristiana<\/a>:<\/strong> Tiene como fin guiar al creyente a descubrir y avanzar en el prop\u00f3sito de Dios para su vida, a trav\u00e9s del estudio pr\u00e1ctico de La Biblia. Se estudian los valores cristianos, los fundamentos de la fe y los principios pr\u00e1cticos para la vida cristiana.<\/p>\n<p><strong><a href=\"https:\/\/bibliaparalavida.com\/es\/prod\/manual-de-servicio-cristiano\/\">Manual B\u00edblico de Servicio Cristiano<\/a>:<\/strong> Desarrollado para preparar a los obreros en quienes Dios ha puesto el deseo de servirle, de tal manera que lleguen a ser las personas que Dios necesita para alcanzar a los perdidos y para edificar la iglesia de Se\u00f1or, mediante el estudio pr\u00e1ctico de La Biblia.<\/p>\n<p><strong><a href=\"https:\/\/bibliaparalavida.com\/es\/prod\/manual-de-liderazgo-cristiano\/\">Manual B\u00edblico de Liderazgo Cristiano<\/a>:<\/strong> Su objetivo es guiar a los l\u00edderes a desarrollar el ministerio pastoral como la manera de ejercer su liderazgo en la iglesia local, haci\u00e9ndolo de manera integral, sana, madura y efectiva; y reproduci\u00e9ndose en otros l\u00edderes con la ayuda del Esp\u00edritu Santo y la Palabra.<\/p>\n<p><a href=\"https:\/\/bibliaparalavida.com\/es\/prod\/matrimonios\/\"><strong>Manual B\u00edblico para Matrimonios y Parejas:<\/strong><\/a> 24 lecciones b\u00edblicas y pr\u00e1cticas para ayudar a las parejas a fortalecer el v\u00ednculo matrimonial, seg\u00fan el plan de Dios para la familia, a trav\u00e9s del estudio y aplicaci\u00f3n pr\u00e1ctica de la Biblia.<\/p>\n<p><strong><a href=\"https:\/\/bibliaparalavida.com\/es\/prod\/liderazgo-juvenil\/\">Manual B\u00edblico de Liderazgo Juvenil<\/a>:<\/strong> Redactado con el prop\u00f3sito de equipar a los l\u00edderes juveniles de las iglesias locales para desarrollar su tarea con eficacia y relevancia, a la vez que identifican \u00e1reas del car\u00e1cter por mejorar con la ayuda del Esp\u00edritu Santo.<\/p>\n<p><a href=\"https:\/\/bibliaparalavida.com\/es\/prod\/recursos-para-lideres-juveniles\/\"><strong>Manual de Recursos para L\u00edderes Juveniles:<\/strong><\/a> Este manual tiene como objetivo brindar recursos b\u00edblicos y pr\u00e1cticos para ayudar a los l\u00edderes juveniles a ministrar eficazmente a sus j\u00f3venes y adolescentes.<\/p>\n<p><strong><a href=\"https:\/\/bibliaparalavida.com\/es\/prod\/dones-y-ministerios\/\">Libro Dones, Talentos y Ministerios:<\/a><\/strong> Tiene el prop\u00f3sito de guiarte en el proceso de identificar los dones, talentos y ministerios que el Se\u00f1or ya ha puesto en ti, con el fin de que los desarrolles y los pongas al servicio de Dios.<\/p>\n<p><strong><a href=\"https:\/\/bibliaparalavida.com\/es\/prod\/mentoreo-de-pastores-jovenes\/\">Libro Mentoreo de Pastores J\u00f3venes<\/a>:<\/strong> Este libro es el resultado de una investigaci\u00f3n realizada por el autor ante la escasez de pastores j\u00f3venes. Se exponen la causas de esta realidad y se brindan propuestas para revertirla, con la ayuda del Se\u00f1or.<\/p>\n","protected":false},"excerpt":{"rendered":"<p><a href=\"https:\/\/bibliaparalavida.com\/tutorialapp\" target=\"_blank\" rel=\"noopener\"><img loading=\"lazy\" decoding=\"async\" class=\"alignright wp-image-2502\" src=\"https:\/\/bibliaparalavida.com\/es\/wp-content\/uploads\/2023\/07\/stores-icons-B.png\" alt=\"\" width=\"48\" height=\"90\" \/><\/a>Lleva estos <b>8 libros <\/b>con un <strong>50% de Descuento<\/strong>: Vida Cristiana, Servicio Cristiano, Liderazgo Cristiano, Matrimonios y Parejas, Liderazgo Juvenil, Recursos para L\u00edderes Juveniles, Mentoreo de Pastores J\u00f3venes y Dones, Talentos y Ministerios.<\/p>\n<p><a style=\"padding: 8px; background-color: #0f9d58; font-weight: bold; text-align: center; color: #fff; border-radius: 5px;\" href=\"https:\/\/wa.me\/5493513073050?text=Quisiera%20los%20Demos%20del%20Juego%20Completo%20de%20Discipulado%20y%20Mentoreo.\"><img loading=\"lazy\" decoding=\"async\" style=\"float: left, margin-right:10px; margin-bottom: -7px; margin-right: 5px;\" src=\"https:\/\/bibliaparalavida.com\/wp-content\/uploads\/2020\/12\/WhatsApp-icon.png\" alt=\"WhatsApp\" width=\"24\" height=\"24\" \/>SOLICITA UN ADELANTO EN PDF<\/a><\/p>\n<p><strong>C\u00f3mpralos aqu\u00ed en digital <\/strong>y l\u00e9elos en nuestra <a href=\"https:\/\/bibliaparalavida.com\/es\/app\/\" rel=\"noopener\">App.<\/a><br \/>\n<strong>\u00bfPrefieres en papel? <\/strong>C\u00f3mpralos en <a href=\"https:\/\/www.amazon.es\/-\/es\/dp\/B092CWF72F\" target=\"_blank\" rel=\"noopener\">Amazon<\/a>.<\/p>\n","protected":false},"featured_media":2660,"comment_status":"closed","ping_status":"closed","template":"","meta":{"_joinchat":[]},"product_cat":[62],"product_tag":[],"yoast_head":"<!-- This site is optimized with the Yoast SEO plugin v22.8 - https:\/\/yoast.com\/wordpress\/plugins\/seo\/ -->\n<title>Promo Mentoreo Completo - Biblia para la Vida ESPA\u00d1A<\/title>\n<meta name=\"robots\" content=\"index, follow, max-snippet:-1, max-image-preview:large, max-video-preview:-1\" \/>\n<link rel=\"canonical\" href=\"https:\/\/bibliaparalavida.com\/es\/prod\/mentoreo-completo\/\" \/>\n<meta property=\"og:locale\" content=\"es_ES\" \/>\n<meta property=\"og:type\" content=\"article\" \/>\n<meta property=\"og:title\" content=\"Promo Mentoreo Completo - Biblia para la Vida ESPA\u00d1A\" \/>\n<meta property=\"og:description\" content=\"Lleva estos 8 libros con un 50% de Descuento: Vida Cristiana, Servicio Cristiano, Liderazgo Cristiano, Matrimonios y Parejas, Liderazgo Juvenil, Recursos para L\u00edderes Juveniles, Mentoreo de Pastores J\u00f3venes y Dones, Talentos y Ministerios.  SOLICITA UN ADELANTO EN PDF  C\u00f3mpralos aqu\u00ed en digital y l\u00e9elos en nuestra App. \u00bfPrefieres en papel? C\u00f3mpralos en Amazon.\" \/>\n<meta property=\"og:url\" content=\"https:\/\/bibliaparalavida.com\/es\/prod\/mentoreo-completo\/\" \/>\n<meta property=\"og:site_name\" content=\"Biblia para la Vida ESPA\u00d1A\" \/>\n<meta property=\"article:publisher\" content=\"https:\/\/www.facebook.com\/BibliaParaLaVida\" \/>\n<meta property=\"article:modified_time\" content=\"2024-11-12T17:21:12+00:00\" \/>\n<meta property=\"og:image\" content=\"https:\/\/bibliaparalavida.com\/es\/wp-content\/uploads\/2024\/06\/Promo-Ment-Completo-x8.jpg\" \/>\n\t<meta property=\"og:image:width\" content=\"1080\" \/>\n\t<meta property=\"og:image:height\" content=\"1080\" \/>\n\t<meta property=\"og:image:type\" content=\"image\/jpeg\" \/>\n<meta name=\"twitter:card\" content=\"summary_large_image\" \/>\n<meta name=\"twitter:label1\" content=\"Tiempo de lectura\" \/>\n\t<meta name=\"twitter:data1\" content=\"2 minutos\" \/>\n<script type=\"application\/ld+json\" class=\"yoast-schema-graph\">{\"@context\":\"https:\/\/schema.org\",\"@graph\":[{\"@type\":\"WebPage\",\"@id\":\"https:\/\/bibliaparalavida.com\/es\/prod\/mentoreo-completo\/\",\"url\":\"https:\/\/bibliaparalavida.com\/es\/prod\/mentoreo-completo\/\",\"name\":\"Promo Mentoreo Completo - Biblia para la Vida ESPA\u00d1A\",\"isPartOf\":{\"@id\":\"https:\/\/bibliaparalavida.com\/es\/#website\"},\"primaryImageOfPage\":{\"@id\":\"https:\/\/bibliaparalavida.com\/es\/prod\/mentoreo-completo\/#primaryimage\"},\"image\":{\"@id\":\"https:\/\/bibliaparalavida.com\/es\/prod\/mentoreo-completo\/#primaryimage\"},\"thumbnailUrl\":\"https:\/\/bibliaparalavida.com\/es\/wp-content\/uploads\/2024\/06\/Promo-Ment-Completo-x8.jpg\",\"datePublished\":\"2024-06-11T23:53:04+00:00\",\"dateModified\":\"2024-11-12T17:21:12+00:00\",\"breadcrumb\":{\"@id\":\"https:\/\/bibliaparalavida.com\/es\/prod\/mentoreo-completo\/#breadcrumb\"},\"inLanguage\":\"es\",\"potentialAction\":[{\"@type\":\"ReadAction\",\"target\":[\"https:\/\/bibliaparalavida.com\/es\/prod\/mentoreo-completo\/\"]}]},{\"@type\":\"ImageObject\",\"inLanguage\":\"es\",\"@id\":\"https:\/\/bibliaparalavida.com\/es\/prod\/mentoreo-completo\/#primaryimage\",\"url\":\"https:\/\/bibliaparalavida.com\/es\/wp-content\/uploads\/2024\/06\/Promo-Ment-Completo-x8.jpg\",\"contentUrl\":\"https:\/\/bibliaparalavida.com\/es\/wp-content\/uploads\/2024\/06\/Promo-Ment-Completo-x8.jpg\",\"width\":1080,\"height\":1080,\"caption\":\"Promo Mentoreo Completo\"},{\"@type\":\"BreadcrumbList\",\"@id\":\"https:\/\/bibliaparalavida.com\/es\/prod\/mentoreo-completo\/#breadcrumb\",\"itemListElement\":[{\"@type\":\"ListItem\",\"position\":1,\"name\":\"Portada\",\"item\":\"https:\/\/bibliaparalavida.com\/es\/\"},{\"@type\":\"ListItem\",\"position\":2,\"name\":\"Tienda\",\"item\":\"https:\/\/bibliaparalavida.com\/es\/tienda\/\"},{\"@type\":\"ListItem\",\"position\":3,\"name\":\"Promo Mentoreo Completo\"}]},{\"@type\":\"WebSite\",\"@id\":\"https:\/\/bibliaparalavida.com\/es\/#website\",\"url\":\"https:\/\/bibliaparalavida.com\/es\/\",\"name\":\"Biblia para la Vida ESPA\u00d1A\",\"description\":\"Aplica la Biblia a tu vida\",\"publisher\":{\"@id\":\"https:\/\/bibliaparalavida.com\/es\/#organization\"},\"potentialAction\":[{\"@type\":\"SearchAction\",\"target\":{\"@type\":\"EntryPoint\",\"urlTemplate\":\"https:\/\/bibliaparalavida.com\/es\/?s={search_term_string}\"},\"query-input\":\"required name=search_term_string\"}],\"inLanguage\":\"es\"},{\"@type\":\"Organization\",\"@id\":\"https:\/\/bibliaparalavida.com\/es\/#organization\",\"name\":\"Biblia para la Vida\",\"url\":\"https:\/\/bibliaparalavida.com\/es\/\",\"logo\":{\"@type\":\"ImageObject\",\"inLanguage\":\"es\",\"@id\":\"https:\/\/bibliaparalavida.com\/es\/#\/schema\/logo\/image\/\",\"url\":\"https:\/\/bibliaparalavida.com\/es\/wp-content\/uploads\/2022\/01\/Logo-BPLV-Header.png\",\"contentUrl\":\"https:\/\/bibliaparalavida.com\/es\/wp-content\/uploads\/2022\/01\/Logo-BPLV-Header.png\",\"width\":356,\"height\":97,\"caption\":\"Biblia para la Vida\"},\"image\":{\"@id\":\"https:\/\/bibliaparalavida.com\/es\/#\/schema\/logo\/image\/\"},\"sameAs\":[\"https:\/\/www.facebook.com\/BibliaParaLaVida\"]}]}<\/script>\n<!-- \/ Yoast SEO plugin. -->","yoast_head_json":{"title":"Promo Mentoreo Completo - Biblia para la Vida ESPA\u00d1A","robots":{"index":"index","follow":"follow","max-snippet":"max-snippet:-1","max-image-preview":"max-image-preview:large","max-video-preview":"max-video-preview:-1"},"canonical":"https:\/\/bibliaparalavida.com\/es\/prod\/mentoreo-completo\/","og_locale":"es_ES","og_type":"article","og_title":"Promo Mentoreo Completo - Biblia para la Vida ESPA\u00d1A","og_description":"Lleva estos 8 libros con un 50% de Descuento: Vida Cristiana, Servicio Cristiano, Liderazgo Cristiano, Matrimonios y Parejas, Liderazgo Juvenil, Recursos para L\u00edderes Juveniles, Mentoreo de Pastores J\u00f3venes y Dones, Talentos y Ministerios.  SOLICITA UN ADELANTO EN PDF  C\u00f3mpralos aqu\u00ed en digital y l\u00e9elos en nuestra App. \u00bfPrefieres en papel? C\u00f3mpralos en Amazon.","og_url":"https:\/\/bibliaparalavida.com\/es\/prod\/mentoreo-completo\/","og_site_name":"Biblia para la Vida ESPA\u00d1A","article_publisher":"https:\/\/www.facebook.com\/BibliaParaLaVida","article_modified_time":"2024-11-12T17:21:12+00:00","og_image":[{"width":1080,"height":1080,"url":"https:\/\/bibliaparalavida.com\/es\/wp-content\/uploads\/2024\/06\/Promo-Ment-Completo-x8.jpg","type":"image\/jpeg"}],"twitter_card":"summary_large_image","twitter_misc":{"Tiempo de lectura":"2 minutos"},"schema":{"@context":"https:\/\/schema.org","@graph":[{"@type":"WebPage","@id":"https:\/\/bibliaparalavida.com\/es\/prod\/mentoreo-completo\/","url":"https:\/\/bibliaparalavida.com\/es\/prod\/mentoreo-completo\/","name":"Promo Mentoreo Completo - Biblia para la Vida ESPA\u00d1A","isPartOf":{"@id":"https:\/\/bibliaparalavida.com\/es\/#website"},"primaryImageOfPage":{"@id":"https:\/\/bibliaparalavida.com\/es\/prod\/mentoreo-completo\/#primaryimage"},"image":{"@id":"https:\/\/bibliaparalavida.com\/es\/prod\/mentoreo-completo\/#primaryimage"},"thumbnailUrl":"https:\/\/bibliaparalavida.com\/es\/wp-content\/uploads\/2024\/06\/Promo-Ment-Completo-x8.jpg","datePublished":"2024-06-11T23:53:04+00:00","dateModified":"2024-11-12T17:21:12+00:00","breadcrumb":{"@id":"https:\/\/bibliaparalavida.com\/es\/prod\/mentoreo-completo\/#breadcrumb"},"inLanguage":"es","potentialAction":[{"@type":"ReadAction","target":["https:\/\/bibliaparalavida.com\/es\/prod\/mentoreo-completo\/"]}]},{"@type":"ImageObject","inLanguage":"es","@id":"https:\/\/bibliaparalavida.com\/es\/prod\/mentoreo-completo\/#primaryimage","url":"https:\/\/bibliaparalavida.com\/es\/wp-content\/uploads\/2024\/06\/Promo-Ment-Completo-x8.jpg","contentUrl":"https:\/\/bibliaparalavida.com\/es\/wp-content\/uploads\/2024\/06\/Promo-Ment-Completo-x8.jpg","width":1080,"height":1080,"caption":"Promo Mentoreo Completo"},{"@type":"BreadcrumbList","@id":"https:\/\/bibliaparalavida.com\/es\/prod\/mentoreo-completo\/#breadcrumb","itemListElement":[{"@type":"ListItem","position":1,"name":"Portada","item":"https:\/\/bibliaparalavida.com\/es\/"},{"@type":"ListItem","position":2,"name":"Tienda","item":"https:\/\/bibliaparalavida.com\/es\/tienda\/"},{"@type":"ListItem","position":3,"name":"Promo Mentoreo Completo"}]},{"@type":"WebSite","@id":"https:\/\/bibliaparalavida.com\/es\/#website","url":"https:\/\/bibliaparalavida.com\/es\/","name":"Biblia para la Vida ESPA\u00d1A","description":"Aplica la Biblia a tu vida","publisher":{"@id":"https:\/\/bibliaparalavida.com\/es\/#organization"},"potentialAction":[{"@type":"SearchAction","target":{"@type":"EntryPoint","urlTemplate":"https:\/\/bibliaparalavida.com\/es\/?s={search_term_string}"},"query-input":"required name=search_term_string"}],"inLanguage":"es"},{"@type":"Organization","@id":"https:\/\/bibliaparalavida.com\/es\/#organization","name":"Biblia para la Vida","url":"https:\/\/bibliaparalavida.com\/es\/","logo":{"@type":"ImageObject","inLanguage":"es","@id":"https:\/\/bibliaparalavida.com\/es\/#\/schema\/logo\/image\/","url":"https:\/\/bibliaparalavida.com\/es\/wp-content\/uploads\/2022\/01\/Logo-BPLV-Header.png","contentUrl":"https:\/\/bibliaparalavida.com\/es\/wp-content\/uploads\/2022\/01\/Logo-BPLV-Header.png","width":356,"height":97,"caption":"Biblia para la Vida"},"image":{"@id":"https:\/\/bibliaparalavida.com\/es\/#\/schema\/logo\/image\/"},"sameAs":["https:\/\/www.facebook.com\/BibliaParaLaVida"]}]}},"_links":{"self":[{"href":"https:\/\/bibliaparalavida.com\/es\/wp-json\/wp\/v2\/product\/1260"}],"collection":[{"href":"https:\/\/bibliaparalavida.com\/es\/wp-json\/wp\/v2\/product"}],"about":[{"href":"https:\/\/bibliaparalavida.com\/es\/wp-json\/wp\/v2\/types\/product"}],"replies":[{"embeddable":true,"href":"https:\/\/bibliaparalavida.com\/es\/wp-json\/wp\/v2\/comments?post=1260"}],"wp:featuredmedia":[{"embeddable":true,"href":"https:\/\/bibliaparalavida.com\/es\/wp-json\/wp\/v2\/media\/2660"}],"wp:attachment":[{"href":"https:\/\/bibliaparalavida.com\/es\/wp-json\/wp\/v2\/media?parent=1260"}],"wp:term":[{"taxonomy":"product_cat","embeddable":true,"href":"https:\/\/bibliaparalavida.com\/es\/wp-json\/wp\/v2\/product_cat?post=1260"},{"taxonomy":"product_tag","embeddable":true,"href":"https:\/\/bibliaparalavida.com\/es\/wp-json\/wp\/v2\/product_tag?post=1260"}],"curies":[{"name":"wp","href":"https:\/\/api.w.org\/{rel}","templated":true}]}}