{"id":1258,"date":"2024-06-12T18:41:20","date_gmt":"2024-06-12T18:41:20","guid":{"rendered":"https:\/\/bibliaparalavida.com\/es\/?post_type=product&#038;p=1258"},"modified":"2026-01-08T16:10:15","modified_gmt":"2026-01-08T16:10:15","slug":"promo-discipulado","status":"publish","type":"product","link":"https:\/\/bibliaparalavida.com\/es\/prod\/promo-discipulado\/","title":{"rendered":"Promo Discipulado &#8211; 10% OFF"},"content":{"rendered":"<p>Los <strong>Manuales B\u00edblicos de Discipulado y Mentoreo<\/strong> son una herramienta b\u00edblica, pr\u00e1ctica y sistem\u00e1tica para guiar a cada persona en su crecimiento espiritual, desde sus primeros pasos en la <strong>vida cristiana<\/strong> hasta ser un <strong>obrero<\/strong> o <strong>l\u00edder cristiano<\/strong>.<\/p>\n<p>Son 3 manuales aut\u00f3nomos y correlativos, con 18 clases cada uno:<\/p>\n<div class=\"o9v6fnle cxmmr5t8 oygrvhab hcukyx3x c1et5uql ii04i59q\">\n<div dir=\"auto\"><strong><a href=\"https:\/\/bibliaparalavida.com\/es\/prod\/manual-de-vida-cristiana\/\">Manual B\u00edblico de Vida Cristiana<\/a>:<\/strong> Tiene como fin guiar al creyente a descubrir y avanzar en el prop\u00f3sito de Dios para su vida, a trav\u00e9s del estudio pr\u00e1ctico de La Biblia. Se estudian los valores cristianos, los fundamentos de la fe y los principios pr\u00e1cticos para la vida cristiana.<\/div>\n<\/div>\n<div class=\"o9v6fnle cxmmr5t8 oygrvhab hcukyx3x c1et5uql ii04i59q\">\n<div dir=\"auto\"><\/div>\n<div dir=\"auto\"><strong><a href=\"https:\/\/bibliaparalavida.com\/es\/prod\/manual-de-servicio-cristiano\/\">Manual B\u00edblico de Servicio Cristiano<\/a>:<\/strong> Desarrollado para preparar a los obreros en quienes Dios ha puesto el deseo de servirle, de tal manera que lleguen a ser las personas que Dios necesita para alcanzar a los perdidos y para edificar la iglesia de Se\u00f1or, mediante el estudio pr\u00e1ctico de La Biblia.<\/div>\n<\/div>\n<div class=\"o9v6fnle cxmmr5t8 oygrvhab hcukyx3x c1et5uql ii04i59q\">\n<div dir=\"auto\"><\/div>\n<div dir=\"auto\"><strong><a href=\"https:\/\/bibliaparalavida.com\/es\/prod\/manual-de-liderazgo-cristiano\/\">Manual B\u00edblico de Liderazgo Cristiano<\/a>:<\/strong> Su objetivo es guiar a los l\u00edderes a desarrollar el ministerio pastoral como la manera de ejercer su liderazgo en la iglesia local, haci\u00e9ndolo de manera integral, sana, madura y efectiva; y reproduci\u00e9ndose en otros l\u00edderes con la ayuda del Esp\u00edritu Santo y la Palabra.<\/div>\n<\/div>\n","protected":false},"excerpt":{"rendered":"<p><a href=\"https:\/\/bibliaparalavida.com\/tutorialapp\" target=\"_blank\" rel=\"noopener\"><img loading=\"lazy\" decoding=\"async\" class=\"alignright wp-image-2502\" src=\"https:\/\/bibliaparalavida.com\/es\/wp-content\/uploads\/2023\/07\/stores-icons-B.png\" alt=\"\" width=\"48\" height=\"90\" \/><\/a>Estos 3 Manuales son una herramienta b\u00edblica para guiar a cada creyente, desde sus primeros pasos en la vida cristiana, hasta ser obrero o l\u00edder cristiano.<\/p>\n<p><a style=\"padding: 8px; background-color: #0f9d58; font-weight: bold; text-align: center; color: #fff; border-radius: 5px;\" href=\"https:\/\/wa.me\/5493513073050?text=Quisiera%20un%20Demo%20de%20la%20Promo%20Discipulado%20y%20Mentoreo.\"><img loading=\"lazy\" decoding=\"async\" style=\"float: left, margin-right:10px; margin-bottom: -7px; margin-right: 5px;\" src=\"https:\/\/bibliaparalavida.com\/wp-content\/uploads\/2020\/12\/WhatsApp-icon.png\" alt=\"WhatsApp\" width=\"24\" height=\"24\" \/>SOLICITA UN ADELANTO EN PDF<\/a><\/p>\n<p><strong>C\u00f3mpralos aqu\u00ed en digital <\/strong>y l\u00e9elos en nuestra <a href=\"https:\/\/bibliaparalavida.com\/es\/app\/\" rel=\"noopener\">App.<\/a><br \/>\n<strong>\u00bfLos prefieres IMPRESOS? <\/strong>C\u00f3mpralos en <a href=\"https:\/\/www.amazon.es\/-\/es\/dp\/B092CWF72F\" target=\"_blank\" rel=\"noopener\">Amazon<\/a>.<\/p>\n","protected":false},"featured_media":2697,"comment_status":"closed","ping_status":"closed","template":"","meta":{"_joinchat":[]},"product_cat":[62],"product_tag":[],"yoast_head":"<!-- This site is optimized with the Yoast SEO plugin v22.8 - https:\/\/yoast.com\/wordpress\/plugins\/seo\/ -->\n<title>Promo Discipulado - 10% OFF - Biblia para la Vida ESPA\u00d1A<\/title>\n<meta name=\"robots\" content=\"index, follow, max-snippet:-1, max-image-preview:large, max-video-preview:-1\" \/>\n<link rel=\"canonical\" href=\"https:\/\/bibliaparalavida.com\/es\/prod\/promo-discipulado\/\" \/>\n<meta property=\"og:locale\" content=\"es_ES\" \/>\n<meta property=\"og:type\" content=\"article\" \/>\n<meta property=\"og:title\" content=\"Promo Discipulado - 10% OFF - Biblia para la Vida ESPA\u00d1A\" \/>\n<meta property=\"og:description\" content=\"Estos 3 Manuales son una herramienta b\u00edblica para guiar a cada creyente, desde sus primeros pasos en la vida cristiana, hasta ser obrero o l\u00edder cristiano.  SOLICITA UN ADELANTO EN PDF  C\u00f3mpralos aqu\u00ed en digital y l\u00e9elos en nuestra App. \u00bfLos prefieres IMPRESOS? C\u00f3mpralos en Amazon.\" \/>\n<meta property=\"og:url\" content=\"https:\/\/bibliaparalavida.com\/es\/prod\/promo-discipulado\/\" \/>\n<meta property=\"og:site_name\" content=\"Biblia para la Vida ESPA\u00d1A\" \/>\n<meta property=\"article:publisher\" content=\"https:\/\/www.facebook.com\/BibliaParaLaVida\" \/>\n<meta property=\"article:modified_time\" content=\"2026-01-08T16:10:15+00:00\" \/>\n<meta property=\"og:image\" content=\"https:\/\/bibliaparalavida.com\/es\/wp-content\/uploads\/2024\/06\/Promos-Discipulado.png\" \/>\n\t<meta property=\"og:image:width\" content=\"1080\" \/>\n\t<meta property=\"og:image:height\" content=\"1080\" \/>\n\t<meta property=\"og:image:type\" content=\"image\/png\" \/>\n<meta name=\"twitter:card\" content=\"summary_large_image\" \/>\n<meta name=\"twitter:label1\" content=\"Tiempo de lectura\" \/>\n\t<meta name=\"twitter:data1\" content=\"2 minutos\" \/>\n<script type=\"application\/ld+json\" class=\"yoast-schema-graph\">{\"@context\":\"https:\/\/schema.org\",\"@graph\":[{\"@type\":\"WebPage\",\"@id\":\"https:\/\/bibliaparalavida.com\/es\/prod\/promo-discipulado\/\",\"url\":\"https:\/\/bibliaparalavida.com\/es\/prod\/promo-discipulado\/\",\"name\":\"Promo Discipulado - 10% OFF - Biblia para la Vida ESPA\u00d1A\",\"isPartOf\":{\"@id\":\"https:\/\/bibliaparalavida.com\/es\/#website\"},\"primaryImageOfPage\":{\"@id\":\"https:\/\/bibliaparalavida.com\/es\/prod\/promo-discipulado\/#primaryimage\"},\"image\":{\"@id\":\"https:\/\/bibliaparalavida.com\/es\/prod\/promo-discipulado\/#primaryimage\"},\"thumbnailUrl\":\"https:\/\/bibliaparalavida.com\/es\/wp-content\/uploads\/2024\/06\/Promos-Discipulado.png\",\"datePublished\":\"2024-06-12T18:41:20+00:00\",\"dateModified\":\"2026-01-08T16:10:15+00:00\",\"breadcrumb\":{\"@id\":\"https:\/\/bibliaparalavida.com\/es\/prod\/promo-discipulado\/#breadcrumb\"},\"inLanguage\":\"es\",\"potentialAction\":[{\"@type\":\"ReadAction\",\"target\":[\"https:\/\/bibliaparalavida.com\/es\/prod\/promo-discipulado\/\"]}]},{\"@type\":\"ImageObject\",\"inLanguage\":\"es\",\"@id\":\"https:\/\/bibliaparalavida.com\/es\/prod\/promo-discipulado\/#primaryimage\",\"url\":\"https:\/\/bibliaparalavida.com\/es\/wp-content\/uploads\/2024\/06\/Promos-Discipulado.png\",\"contentUrl\":\"https:\/\/bibliaparalavida.com\/es\/wp-content\/uploads\/2024\/06\/Promos-Discipulado.png\",\"width\":1080,\"height\":1080,\"caption\":\"Promos Discipulado\"},{\"@type\":\"BreadcrumbList\",\"@id\":\"https:\/\/bibliaparalavida.com\/es\/prod\/promo-discipulado\/#breadcrumb\",\"itemListElement\":[{\"@type\":\"ListItem\",\"position\":1,\"name\":\"Portada\",\"item\":\"https:\/\/bibliaparalavida.com\/es\/\"},{\"@type\":\"ListItem\",\"position\":2,\"name\":\"Tienda\",\"item\":\"https:\/\/bibliaparalavida.com\/es\/tienda\/\"},{\"@type\":\"ListItem\",\"position\":3,\"name\":\"Promo Discipulado &#8211; 10% OFF\"}]},{\"@type\":\"WebSite\",\"@id\":\"https:\/\/bibliaparalavida.com\/es\/#website\",\"url\":\"https:\/\/bibliaparalavida.com\/es\/\",\"name\":\"Biblia para la Vida ESPA\u00d1A\",\"description\":\"Aplica la Biblia a tu vida\",\"publisher\":{\"@id\":\"https:\/\/bibliaparalavida.com\/es\/#organization\"},\"potentialAction\":[{\"@type\":\"SearchAction\",\"target\":{\"@type\":\"EntryPoint\",\"urlTemplate\":\"https:\/\/bibliaparalavida.com\/es\/?s={search_term_string}\"},\"query-input\":\"required name=search_term_string\"}],\"inLanguage\":\"es\"},{\"@type\":\"Organization\",\"@id\":\"https:\/\/bibliaparalavida.com\/es\/#organization\",\"name\":\"Biblia para la Vida\",\"url\":\"https:\/\/bibliaparalavida.com\/es\/\",\"logo\":{\"@type\":\"ImageObject\",\"inLanguage\":\"es\",\"@id\":\"https:\/\/bibliaparalavida.com\/es\/#\/schema\/logo\/image\/\",\"url\":\"https:\/\/bibliaparalavida.com\/es\/wp-content\/uploads\/2022\/01\/Logo-BPLV-Header.png\",\"contentUrl\":\"https:\/\/bibliaparalavida.com\/es\/wp-content\/uploads\/2022\/01\/Logo-BPLV-Header.png\",\"width\":356,\"height\":97,\"caption\":\"Biblia para la Vida\"},\"image\":{\"@id\":\"https:\/\/bibliaparalavida.com\/es\/#\/schema\/logo\/image\/\"},\"sameAs\":[\"https:\/\/www.facebook.com\/BibliaParaLaVida\"]}]}<\/script>\n<!-- \/ Yoast SEO plugin. -->","yoast_head_json":{"title":"Promo Discipulado - 10% OFF - Biblia para la Vida ESPA\u00d1A","robots":{"index":"index","follow":"follow","max-snippet":"max-snippet:-1","max-image-preview":"max-image-preview:large","max-video-preview":"max-video-preview:-1"},"canonical":"https:\/\/bibliaparalavida.com\/es\/prod\/promo-discipulado\/","og_locale":"es_ES","og_type":"article","og_title":"Promo Discipulado - 10% OFF - Biblia para la Vida ESPA\u00d1A","og_description":"Estos 3 Manuales son una herramienta b\u00edblica para guiar a cada creyente, desde sus primeros pasos en la vida cristiana, hasta ser obrero o l\u00edder cristiano.  SOLICITA UN ADELANTO EN PDF  C\u00f3mpralos aqu\u00ed en digital y l\u00e9elos en nuestra App. \u00bfLos prefieres IMPRESOS? C\u00f3mpralos en Amazon.","og_url":"https:\/\/bibliaparalavida.com\/es\/prod\/promo-discipulado\/","og_site_name":"Biblia para la Vida ESPA\u00d1A","article_publisher":"https:\/\/www.facebook.com\/BibliaParaLaVida","article_modified_time":"2026-01-08T16:10:15+00:00","og_image":[{"width":1080,"height":1080,"url":"https:\/\/bibliaparalavida.com\/es\/wp-content\/uploads\/2024\/06\/Promos-Discipulado.png","type":"image\/png"}],"twitter_card":"summary_large_image","twitter_misc":{"Tiempo de lectura":"2 minutos"},"schema":{"@context":"https:\/\/schema.org","@graph":[{"@type":"WebPage","@id":"https:\/\/bibliaparalavida.com\/es\/prod\/promo-discipulado\/","url":"https:\/\/bibliaparalavida.com\/es\/prod\/promo-discipulado\/","name":"Promo Discipulado - 10% OFF - Biblia para la Vida ESPA\u00d1A","isPartOf":{"@id":"https:\/\/bibliaparalavida.com\/es\/#website"},"primaryImageOfPage":{"@id":"https:\/\/bibliaparalavida.com\/es\/prod\/promo-discipulado\/#primaryimage"},"image":{"@id":"https:\/\/bibliaparalavida.com\/es\/prod\/promo-discipulado\/#primaryimage"},"thumbnailUrl":"https:\/\/bibliaparalavida.com\/es\/wp-content\/uploads\/2024\/06\/Promos-Discipulado.png","datePublished":"2024-06-12T18:41:20+00:00","dateModified":"2026-01-08T16:10:15+00:00","breadcrumb":{"@id":"https:\/\/bibliaparalavida.com\/es\/prod\/promo-discipulado\/#breadcrumb"},"inLanguage":"es","potentialAction":[{"@type":"ReadAction","target":["https:\/\/bibliaparalavida.com\/es\/prod\/promo-discipulado\/"]}]},{"@type":"ImageObject","inLanguage":"es","@id":"https:\/\/bibliaparalavida.com\/es\/prod\/promo-discipulado\/#primaryimage","url":"https:\/\/bibliaparalavida.com\/es\/wp-content\/uploads\/2024\/06\/Promos-Discipulado.png","contentUrl":"https:\/\/bibliaparalavida.com\/es\/wp-content\/uploads\/2024\/06\/Promos-Discipulado.png","width":1080,"height":1080,"caption":"Promos Discipulado"},{"@type":"BreadcrumbList","@id":"https:\/\/bibliaparalavida.com\/es\/prod\/promo-discipulado\/#breadcrumb","itemListElement":[{"@type":"ListItem","position":1,"name":"Portada","item":"https:\/\/bibliaparalavida.com\/es\/"},{"@type":"ListItem","position":2,"name":"Tienda","item":"https:\/\/bibliaparalavida.com\/es\/tienda\/"},{"@type":"ListItem","position":3,"name":"Promo Discipulado &#8211; 10% OFF"}]},{"@type":"WebSite","@id":"https:\/\/bibliaparalavida.com\/es\/#website","url":"https:\/\/bibliaparalavida.com\/es\/","name":"Biblia para la Vida ESPA\u00d1A","description":"Aplica la Biblia a tu vida","publisher":{"@id":"https:\/\/bibliaparalavida.com\/es\/#organization"},"potentialAction":[{"@type":"SearchAction","target":{"@type":"EntryPoint","urlTemplate":"https:\/\/bibliaparalavida.com\/es\/?s={search_term_string}"},"query-input":"required name=search_term_string"}],"inLanguage":"es"},{"@type":"Organization","@id":"https:\/\/bibliaparalavida.com\/es\/#organization","name":"Biblia para la Vida","url":"https:\/\/bibliaparalavida.com\/es\/","logo":{"@type":"ImageObject","inLanguage":"es","@id":"https:\/\/bibliaparalavida.com\/es\/#\/schema\/logo\/image\/","url":"https:\/\/bibliaparalavida.com\/es\/wp-content\/uploads\/2022\/01\/Logo-BPLV-Header.png","contentUrl":"https:\/\/bibliaparalavida.com\/es\/wp-content\/uploads\/2022\/01\/Logo-BPLV-Header.png","width":356,"height":97,"caption":"Biblia para la Vida"},"image":{"@id":"https:\/\/bibliaparalavida.com\/es\/#\/schema\/logo\/image\/"},"sameAs":["https:\/\/www.facebook.com\/BibliaParaLaVida"]}]}},"_links":{"self":[{"href":"https:\/\/bibliaparalavida.com\/es\/wp-json\/wp\/v2\/product\/1258"}],"collection":[{"href":"https:\/\/bibliaparalavida.com\/es\/wp-json\/wp\/v2\/product"}],"about":[{"href":"https:\/\/bibliaparalavida.com\/es\/wp-json\/wp\/v2\/types\/product"}],"replies":[{"embeddable":true,"href":"https:\/\/bibliaparalavida.com\/es\/wp-json\/wp\/v2\/comments?post=1258"}],"wp:featuredmedia":[{"embeddable":true,"href":"https:\/\/bibliaparalavida.com\/es\/wp-json\/wp\/v2\/media\/2697"}],"wp:attachment":[{"href":"https:\/\/bibliaparalavida.com\/es\/wp-json\/wp\/v2\/media?parent=1258"}],"wp:term":[{"taxonomy":"product_cat","embeddable":true,"href":"https:\/\/bibliaparalavida.com\/es\/wp-json\/wp\/v2\/product_cat?post=1258"},{"taxonomy":"product_tag","embeddable":true,"href":"https:\/\/bibliaparalavida.com\/es\/wp-json\/wp\/v2\/product_tag?post=1258"}],"curies":[{"name":"wp","href":"https:\/\/api.w.org\/{rel}","templated":true}]}}