{"id":1183,"date":"2025-03-12T13:21:42","date_gmt":"2025-03-12T13:21:42","guid":{"rendered":"https:\/\/bibliaparalavida.com\/es\/?post_type=product&#038;p=1183"},"modified":"2025-03-18T00:08:43","modified_gmt":"2025-03-18T00:08:43","slug":"recursos-para-lideres-juveniles","status":"publish","type":"product","link":"https:\/\/bibliaparalavida.com\/es\/prod\/recursos-para-lideres-juveniles\/","title":{"rendered":"Recursos para L\u00edderes Juveniles"},"content":{"rendered":"<p>Para la confecci\u00f3n de este manual, han participado m\u00e1s de 15 l\u00edderes y pastores con un gran amor por las personas, cada uno apasionado por el tema que abord\u00f3 y con amplia experiencia pr\u00e1ctica en el mismo. Incluso muchos de ellos son, adem\u00e1s de ministros, profesionales en cada \u00e1rea. Conf\u00edo en que ser\u00e1 de utilidad para que los l\u00edderes juveniles.<\/p>\n<h3>Contenido del Manual de Recursos para L\u00edderes Juveniles<\/h3>\n<p><strong>M\u00f3dulo 1: El l\u00edder juvenil, sus relaciones y responsabilidades<\/strong><br \/>\n1. Prop\u00f3sito e identidad del l\u00edder cristiano<br \/>\n2. Un sano orden de prioridades en el liderazgo<br \/>\n3. El l\u00edder juvenil y sus relaciones interpersonales<br \/>\n4. Equilibrio entre el matrimonio y el ministerio<br \/>\n5. \u00a1Dinero, cu\u00e1nto te quiero! Principios b\u00edblicos de administraci\u00f3n<\/p>\n<p><strong>M\u00f3dulo 2: Temas para ense\u00f1ar a los j\u00f3venes y adolescentes<\/strong><br \/>\n6. Noviazgo con prop\u00f3sito<br \/>\n7. Sexualidad: dise\u00f1o de Dios versus dise\u00f1o de Satan\u00e1s<br \/>\n8. Noviazgo y sexualidad<br \/>\n9. Moldeados para servir a Dios<br \/>\n10. Herramientas para ayudar a tus j\u00f3venes a buscar empleo<br \/>\n11. Evangelismo b\u00edblico y pr\u00e1ctico<br \/>\n12. Todos para uno \u00a1y uno para todos! Consejos pr\u00e1cticos para trabajar en equipo<br \/>\n13. Adoradores 4&#215;4: Taller para m\u00fasicos<\/p>\n<p><strong>M\u00f3dulo 3: Orientaciones para ministrar casos dif\u00edciles<\/strong><br \/>\n14. Entendiendo y ministrando la pornograf\u00eda y la masturbaci\u00f3n<br \/>\n15. C\u00f3mo vencer a la adicci\u00f3n sexual<br \/>\n16. Entendiendo y ministrando la homosexualidad<br \/>\n17. C\u00f3mo trabajar con personas con discapacidad<br \/>\n18. Ministraci\u00f3n, restauraci\u00f3n y acompa\u00f1amiento en las adicciones<br \/>\n19. Descubriendo el valor de la vida: C\u00f3mo ministrar a personas con tendencia suicida<br \/>\n20. Abuso sexual: comprensi\u00f3n y ayuda a la v\u00edctima<br \/>\n21. Cutting: conductas autolesivas<br \/>\n22. Desenredando las redes sociales: consejos para su uso responsable<\/p>\n","protected":false},"excerpt":{"rendered":"<p><a href=\"https:\/\/bibliaparalavida.com\/tutorialapp\" target=\"_blank\" rel=\"noopener\"><img loading=\"lazy\" decoding=\"async\" class=\"alignright wp-image-2502\" src=\"https:\/\/bibliaparalavida.com\/es\/wp-content\/uploads\/2023\/07\/stores-icons-B.png\" alt=\"\" width=\"48\" height=\"90\" \/><\/a><\/p>\n<p>Este manual brinda recursos b\u00edblicos y pr\u00e1cticos para ayudar a los l\u00edderes juveniles a ministrar eficazmente a sus j\u00f3venes y adolescentes. <a href=\"https:\/\/bibliaparalavida.com\/es\/mentoreo-biblico\/recursos-para-lideres-juveniles-demo\/\">LEE UN ADELANTO DEL LIBRO<\/a><\/p>\n<p><strong>C\u00f3mpralo aqu\u00ed en digital <\/strong>y l\u00e9elo en nuestra <a href=\"https:\/\/bibliaparalavida.com\/es\/app\/\" rel=\"noopener\">App.<\/a><br \/>\n<strong>\u00bfPrefieres en papel? <\/strong>C\u00f3mpralo en <a href=\"https:\/\/www.amazon.es\/dp\/9874824042\" target=\"_blank\" rel=\"noopener\">Amazon<\/a>.<\/p>\n","protected":false},"featured_media":1184,"comment_status":"closed","ping_status":"closed","template":"","meta":{"_joinchat":[]},"product_cat":[51],"product_tag":[],"yoast_head":"<!-- This site is optimized with the Yoast SEO plugin v22.8 - https:\/\/yoast.com\/wordpress\/plugins\/seo\/ -->\n<title>Recursos para L\u00edderes Juveniles - Biblia para la Vida ESPA\u00d1A<\/title>\n<meta name=\"robots\" content=\"index, follow, max-snippet:-1, max-image-preview:large, max-video-preview:-1\" \/>\n<link rel=\"canonical\" href=\"https:\/\/bibliaparalavida.com\/es\/prod\/recursos-para-lideres-juveniles\/\" \/>\n<meta property=\"og:locale\" content=\"es_ES\" \/>\n<meta property=\"og:type\" content=\"article\" \/>\n<meta property=\"og:title\" content=\"Recursos para L\u00edderes Juveniles - Biblia para la Vida ESPA\u00d1A\" \/>\n<meta property=\"og:description\" content=\"Este manual brinda recursos b\u00edblicos y pr\u00e1cticos para ayudar a los l\u00edderes juveniles a ministrar eficazmente a sus j\u00f3venes y adolescentes. LEE UN ADELANTO DEL LIBRO  C\u00f3mpralo aqu\u00ed en digital y l\u00e9elo en nuestra App. \u00bfPrefieres en papel? C\u00f3mpralo en Amazon.\" \/>\n<meta property=\"og:url\" content=\"https:\/\/bibliaparalavida.com\/es\/prod\/recursos-para-lideres-juveniles\/\" \/>\n<meta property=\"og:site_name\" content=\"Biblia para la Vida ESPA\u00d1A\" \/>\n<meta property=\"article:publisher\" content=\"https:\/\/www.facebook.com\/BibliaParaLaVida\" \/>\n<meta property=\"article:modified_time\" content=\"2025-03-18T00:08:43+00:00\" \/>\n<meta property=\"og:image\" content=\"https:\/\/bibliaparalavida.com\/es\/wp-content\/uploads\/2021\/11\/Recursos-Lideres-Juveniles-tapa.jpg\" \/>\n\t<meta property=\"og:image:width\" content=\"1000\" \/>\n\t<meta property=\"og:image:height\" content=\"1000\" \/>\n\t<meta property=\"og:image:type\" content=\"image\/jpeg\" \/>\n<meta name=\"twitter:card\" content=\"summary_large_image\" \/>\n<meta name=\"twitter:label1\" content=\"Tiempo de lectura\" \/>\n\t<meta name=\"twitter:data1\" content=\"2 minutos\" \/>\n<script type=\"application\/ld+json\" class=\"yoast-schema-graph\">{\"@context\":\"https:\/\/schema.org\",\"@graph\":[{\"@type\":\"WebPage\",\"@id\":\"https:\/\/bibliaparalavida.com\/es\/prod\/recursos-para-lideres-juveniles\/\",\"url\":\"https:\/\/bibliaparalavida.com\/es\/prod\/recursos-para-lideres-juveniles\/\",\"name\":\"Recursos para L\u00edderes Juveniles - Biblia para la Vida ESPA\u00d1A\",\"isPartOf\":{\"@id\":\"https:\/\/bibliaparalavida.com\/es\/#website\"},\"primaryImageOfPage\":{\"@id\":\"https:\/\/bibliaparalavida.com\/es\/prod\/recursos-para-lideres-juveniles\/#primaryimage\"},\"image\":{\"@id\":\"https:\/\/bibliaparalavida.com\/es\/prod\/recursos-para-lideres-juveniles\/#primaryimage\"},\"thumbnailUrl\":\"https:\/\/bibliaparalavida.com\/es\/wp-content\/uploads\/2021\/11\/Recursos-Lideres-Juveniles-tapa.jpg\",\"datePublished\":\"2025-03-12T13:21:42+00:00\",\"dateModified\":\"2025-03-18T00:08:43+00:00\",\"breadcrumb\":{\"@id\":\"https:\/\/bibliaparalavida.com\/es\/prod\/recursos-para-lideres-juveniles\/#breadcrumb\"},\"inLanguage\":\"es\",\"potentialAction\":[{\"@type\":\"ReadAction\",\"target\":[\"https:\/\/bibliaparalavida.com\/es\/prod\/recursos-para-lideres-juveniles\/\"]}]},{\"@type\":\"ImageObject\",\"inLanguage\":\"es\",\"@id\":\"https:\/\/bibliaparalavida.com\/es\/prod\/recursos-para-lideres-juveniles\/#primaryimage\",\"url\":\"https:\/\/bibliaparalavida.com\/es\/wp-content\/uploads\/2021\/11\/Recursos-Lideres-Juveniles-tapa.jpg\",\"contentUrl\":\"https:\/\/bibliaparalavida.com\/es\/wp-content\/uploads\/2021\/11\/Recursos-Lideres-Juveniles-tapa.jpg\",\"width\":1000,\"height\":1000,\"caption\":\"Recursos para L\u00edderes Juveniles\"},{\"@type\":\"BreadcrumbList\",\"@id\":\"https:\/\/bibliaparalavida.com\/es\/prod\/recursos-para-lideres-juveniles\/#breadcrumb\",\"itemListElement\":[{\"@type\":\"ListItem\",\"position\":1,\"name\":\"Portada\",\"item\":\"https:\/\/bibliaparalavida.com\/es\/\"},{\"@type\":\"ListItem\",\"position\":2,\"name\":\"Tienda\",\"item\":\"https:\/\/bibliaparalavida.com\/es\/tienda\/\"},{\"@type\":\"ListItem\",\"position\":3,\"name\":\"Recursos para L\u00edderes Juveniles\"}]},{\"@type\":\"WebSite\",\"@id\":\"https:\/\/bibliaparalavida.com\/es\/#website\",\"url\":\"https:\/\/bibliaparalavida.com\/es\/\",\"name\":\"Biblia para la Vida ESPA\u00d1A\",\"description\":\"Aplica la Biblia a tu vida\",\"publisher\":{\"@id\":\"https:\/\/bibliaparalavida.com\/es\/#organization\"},\"potentialAction\":[{\"@type\":\"SearchAction\",\"target\":{\"@type\":\"EntryPoint\",\"urlTemplate\":\"https:\/\/bibliaparalavida.com\/es\/?s={search_term_string}\"},\"query-input\":\"required name=search_term_string\"}],\"inLanguage\":\"es\"},{\"@type\":\"Organization\",\"@id\":\"https:\/\/bibliaparalavida.com\/es\/#organization\",\"name\":\"Biblia para la Vida\",\"url\":\"https:\/\/bibliaparalavida.com\/es\/\",\"logo\":{\"@type\":\"ImageObject\",\"inLanguage\":\"es\",\"@id\":\"https:\/\/bibliaparalavida.com\/es\/#\/schema\/logo\/image\/\",\"url\":\"https:\/\/bibliaparalavida.com\/es\/wp-content\/uploads\/2022\/01\/Logo-BPLV-Header.png\",\"contentUrl\":\"https:\/\/bibliaparalavida.com\/es\/wp-content\/uploads\/2022\/01\/Logo-BPLV-Header.png\",\"width\":356,\"height\":97,\"caption\":\"Biblia para la Vida\"},\"image\":{\"@id\":\"https:\/\/bibliaparalavida.com\/es\/#\/schema\/logo\/image\/\"},\"sameAs\":[\"https:\/\/www.facebook.com\/BibliaParaLaVida\"]}]}<\/script>\n<!-- \/ Yoast SEO plugin. -->","yoast_head_json":{"title":"Recursos para L\u00edderes Juveniles - Biblia para la Vida ESPA\u00d1A","robots":{"index":"index","follow":"follow","max-snippet":"max-snippet:-1","max-image-preview":"max-image-preview:large","max-video-preview":"max-video-preview:-1"},"canonical":"https:\/\/bibliaparalavida.com\/es\/prod\/recursos-para-lideres-juveniles\/","og_locale":"es_ES","og_type":"article","og_title":"Recursos para L\u00edderes Juveniles - Biblia para la Vida ESPA\u00d1A","og_description":"Este manual brinda recursos b\u00edblicos y pr\u00e1cticos para ayudar a los l\u00edderes juveniles a ministrar eficazmente a sus j\u00f3venes y adolescentes. LEE UN ADELANTO DEL LIBRO  C\u00f3mpralo aqu\u00ed en digital y l\u00e9elo en nuestra App. \u00bfPrefieres en papel? C\u00f3mpralo en Amazon.","og_url":"https:\/\/bibliaparalavida.com\/es\/prod\/recursos-para-lideres-juveniles\/","og_site_name":"Biblia para la Vida ESPA\u00d1A","article_publisher":"https:\/\/www.facebook.com\/BibliaParaLaVida","article_modified_time":"2025-03-18T00:08:43+00:00","og_image":[{"width":1000,"height":1000,"url":"https:\/\/bibliaparalavida.com\/es\/wp-content\/uploads\/2021\/11\/Recursos-Lideres-Juveniles-tapa.jpg","type":"image\/jpeg"}],"twitter_card":"summary_large_image","twitter_misc":{"Tiempo de lectura":"2 minutos"},"schema":{"@context":"https:\/\/schema.org","@graph":[{"@type":"WebPage","@id":"https:\/\/bibliaparalavida.com\/es\/prod\/recursos-para-lideres-juveniles\/","url":"https:\/\/bibliaparalavida.com\/es\/prod\/recursos-para-lideres-juveniles\/","name":"Recursos para L\u00edderes Juveniles - Biblia para la Vida ESPA\u00d1A","isPartOf":{"@id":"https:\/\/bibliaparalavida.com\/es\/#website"},"primaryImageOfPage":{"@id":"https:\/\/bibliaparalavida.com\/es\/prod\/recursos-para-lideres-juveniles\/#primaryimage"},"image":{"@id":"https:\/\/bibliaparalavida.com\/es\/prod\/recursos-para-lideres-juveniles\/#primaryimage"},"thumbnailUrl":"https:\/\/bibliaparalavida.com\/es\/wp-content\/uploads\/2021\/11\/Recursos-Lideres-Juveniles-tapa.jpg","datePublished":"2025-03-12T13:21:42+00:00","dateModified":"2025-03-18T00:08:43+00:00","breadcrumb":{"@id":"https:\/\/bibliaparalavida.com\/es\/prod\/recursos-para-lideres-juveniles\/#breadcrumb"},"inLanguage":"es","potentialAction":[{"@type":"ReadAction","target":["https:\/\/bibliaparalavida.com\/es\/prod\/recursos-para-lideres-juveniles\/"]}]},{"@type":"ImageObject","inLanguage":"es","@id":"https:\/\/bibliaparalavida.com\/es\/prod\/recursos-para-lideres-juveniles\/#primaryimage","url":"https:\/\/bibliaparalavida.com\/es\/wp-content\/uploads\/2021\/11\/Recursos-Lideres-Juveniles-tapa.jpg","contentUrl":"https:\/\/bibliaparalavida.com\/es\/wp-content\/uploads\/2021\/11\/Recursos-Lideres-Juveniles-tapa.jpg","width":1000,"height":1000,"caption":"Recursos para L\u00edderes Juveniles"},{"@type":"BreadcrumbList","@id":"https:\/\/bibliaparalavida.com\/es\/prod\/recursos-para-lideres-juveniles\/#breadcrumb","itemListElement":[{"@type":"ListItem","position":1,"name":"Portada","item":"https:\/\/bibliaparalavida.com\/es\/"},{"@type":"ListItem","position":2,"name":"Tienda","item":"https:\/\/bibliaparalavida.com\/es\/tienda\/"},{"@type":"ListItem","position":3,"name":"Recursos para L\u00edderes Juveniles"}]},{"@type":"WebSite","@id":"https:\/\/bibliaparalavida.com\/es\/#website","url":"https:\/\/bibliaparalavida.com\/es\/","name":"Biblia para la Vida ESPA\u00d1A","description":"Aplica la Biblia a tu vida","publisher":{"@id":"https:\/\/bibliaparalavida.com\/es\/#organization"},"potentialAction":[{"@type":"SearchAction","target":{"@type":"EntryPoint","urlTemplate":"https:\/\/bibliaparalavida.com\/es\/?s={search_term_string}"},"query-input":"required name=search_term_string"}],"inLanguage":"es"},{"@type":"Organization","@id":"https:\/\/bibliaparalavida.com\/es\/#organization","name":"Biblia para la Vida","url":"https:\/\/bibliaparalavida.com\/es\/","logo":{"@type":"ImageObject","inLanguage":"es","@id":"https:\/\/bibliaparalavida.com\/es\/#\/schema\/logo\/image\/","url":"https:\/\/bibliaparalavida.com\/es\/wp-content\/uploads\/2022\/01\/Logo-BPLV-Header.png","contentUrl":"https:\/\/bibliaparalavida.com\/es\/wp-content\/uploads\/2022\/01\/Logo-BPLV-Header.png","width":356,"height":97,"caption":"Biblia para la Vida"},"image":{"@id":"https:\/\/bibliaparalavida.com\/es\/#\/schema\/logo\/image\/"},"sameAs":["https:\/\/www.facebook.com\/BibliaParaLaVida"]}]}},"_links":{"self":[{"href":"https:\/\/bibliaparalavida.com\/es\/wp-json\/wp\/v2\/product\/1183"}],"collection":[{"href":"https:\/\/bibliaparalavida.com\/es\/wp-json\/wp\/v2\/product"}],"about":[{"href":"https:\/\/bibliaparalavida.com\/es\/wp-json\/wp\/v2\/types\/product"}],"replies":[{"embeddable":true,"href":"https:\/\/bibliaparalavida.com\/es\/wp-json\/wp\/v2\/comments?post=1183"}],"wp:featuredmedia":[{"embeddable":true,"href":"https:\/\/bibliaparalavida.com\/es\/wp-json\/wp\/v2\/media\/1184"}],"wp:attachment":[{"href":"https:\/\/bibliaparalavida.com\/es\/wp-json\/wp\/v2\/media?parent=1183"}],"wp:term":[{"taxonomy":"product_cat","embeddable":true,"href":"https:\/\/bibliaparalavida.com\/es\/wp-json\/wp\/v2\/product_cat?post=1183"},{"taxonomy":"product_tag","embeddable":true,"href":"https:\/\/bibliaparalavida.com\/es\/wp-json\/wp\/v2\/product_tag?post=1183"}],"curies":[{"name":"wp","href":"https:\/\/api.w.org\/{rel}","templated":true}]}}