{"id":118,"date":"2020-09-23T13:12:05","date_gmt":"2020-09-23T13:12:05","guid":{"rendered":"https:\/\/bibliaparalavida.com\/es\/?post_type=product&#038;p=118"},"modified":"2024-11-06T23:37:06","modified_gmt":"2024-11-06T23:37:06","slug":"evangelios-1-maestro","status":"publish","type":"product","link":"https:\/\/bibliaparalavida.com\/es\/prod\/evangelios-1-maestro\/","title":{"rendered":"Serie Evangelios 1 | Maestro"},"content":{"rendered":"<p>Complementario con el <a href=\"https:\/\/bibliaparalavida.com\/es\/manuales\/evangelios-1-alumno\/\">Manual del Alumno<\/a>. Tambi\u00e9n est\u00e1 disponible <a href=\"https:\/\/bibliaparalavida.com\/es\/manuales\/evangelios-2-maestro\/\">Evangelios Parte 2<\/a>.<\/p>\n<p>Es ideal para Escuela B\u00edblica, Grupos de Discipulado, y para estudiar la Biblia de manera individual.<\/p>\n<p>Los cuatro Evangelios son b\u00e1sicamente una biograf\u00eda de Jes\u00fas vista desde cuatro perspectivas diferentes.\u00a0Dios permiti\u00f3 que estas cuatro biograf\u00edas de Jes\u00fas queden registradas no s\u00f3lo como un testimonio, sino tambi\u00e9n para podamos ver en Jes\u00fas un modelo de la vida que Dios espera de cada uno de sus hijos. Hay historias que son relatadas por los cuatro autores, con detalles complementarios, por eso es interesante estudiarlos en concordancia.<\/p>\n<p><strong>Historias B\u00edblicas para la Vida Cristiana<\/strong> promueve la participaci\u00f3n de los estudiantes trav\u00e9s de preguntas inductivas. De esta manera no s\u00f3lo se aprende acerca de la historia de la iglesia primitiva, sino tambi\u00e9n pueden descubrirse las verdades y principios escondidos en la Palabra, que siguen siendo relevantes, y as\u00ed poder aplicarlos a su propia vida.<\/p>\n<h3>HISTORIAS INCLUIDAS EN LA SERIE EVANGELIOS &#8211; Parte 1<\/h3>\n<ol>\n<li>Anuncio y nacimiento de Juan el Bautista<\/li>\n<li>Anuncio del nacimiento de Jes\u00fas<\/li>\n<li>El Nacimiento de Jes\u00fas<\/li>\n<li>Visita de los magos y huida a Egipto<\/li>\n<li>Presentaci\u00f3n de Jes\u00fas en el Templo<\/li>\n<li>El ni\u00f1o Jes\u00fas entre los maestros de la ley<\/li>\n<li>Ministerio y predicaci\u00f3n de Juan el Bautista<\/li>\n<li>Bautismo y Tentaci\u00f3n de Jes\u00fas<\/li>\n<li>Rechazo en Nazaret<\/li>\n<li>Elecci\u00f3n de los Doce<\/li>\n<li>Misi\u00f3n de los Doce<\/li>\n<li>Jes\u00fas convierte el agua en vino<\/li>\n<li>Jes\u00fas y Nicodemo<\/li>\n<li>Jes\u00fas y la mujer samaritana<\/li>\n<li>La pesca milagrosa<\/li>\n<li>Jes\u00fas sana un leproso<\/li>\n<li>Jes\u00fas sana a un paral\u00edtico<\/li>\n<li>Jes\u00fas sana al siervo del centuri\u00f3n<\/li>\n<li>Jes\u00fas resucita al hijo de la viuda de Na\u00edn<\/li>\n<li>Liberaci\u00f3n del endemoniado gadareno<\/li>\n<li>Jes\u00fas sana a la mujer con flujo y resucita hija de Jairo<\/li>\n<li>Alimentaci\u00f3n de los cinco mil<\/li>\n<li>Pedro confiesa a Jes\u00fas como el Cristo<\/li>\n<li>La transfiguraci\u00f3n de Jes\u00fas<\/li>\n<li>Jes\u00fas libera a un muchacho endemoniado<\/li>\n<li>Petici\u00f3n de Santiago y Juan<\/li>\n<li>Misi\u00f3n de los 70 disc\u00edpulos<\/li>\n<li>Jes\u00fas visita a Marta y Mar\u00eda<\/li>\n<li>Jes\u00fas ense\u00f1a a sus disc\u00edpulos a orar<\/li>\n<li>Jes\u00fas sana a una mujer encorvada en d\u00eda de reposo<\/li>\n<\/ol>\n<h2 id=\"presentacion\">Video presentaci\u00f3n del Manual<\/h2>\n<p><iframe loading=\"lazy\" src=\"https:\/\/www.youtube.com\/embed\/l-8dQk4fYuU\" width=\"721\" height=\"405\" frameborder=\"0\" allowfullscreen=\"allowfullscreen\"><\/iframe><\/p>\n","protected":false},"excerpt":{"rendered":"<p><a href=\"https:\/\/bibliaparalavida.com\/tutorialapp\" target=\"_blank\" rel=\"noopener\"><img loading=\"lazy\" decoding=\"async\" class=\"alignright wp-image-2502\" src=\"https:\/\/bibliaparalavida.com\/es\/wp-content\/uploads\/2023\/07\/stores-icons-B.png\" alt=\"\" width=\"48\" height=\"90\" \/><\/a><\/p>\n<p>La\u00a0serie <strong>EVANGELIOS Parte 1<\/strong>\u00a0estudia 30 diferentes historias de Jes\u00fas y los Doce, con aplicaci\u00f3n a la vida cristiana a trav\u00e9s de preguntas inductivas. <a href=\"https:\/\/bibliaparalavida.com\/es\/historias-biblicas\/evangelios-1-maestro-demo\/\">LEE UN ADELANTO DEL LIBRO<\/a><\/p>\n<p><strong>C\u00f3mpralo aqu\u00ed en digital <\/strong>y l\u00e9elo en nuestra <a href=\"https:\/\/bibliaparalavida.com\/es\/app\/\" rel=\"noopener\">App.<\/a><br \/>\n<strong>\u00bfPrefieres en papel? <\/strong>C\u00f3mpralo en <a href=\"https:\/\/www.amazon.es\/dp\/B08VR9FGM9\" target=\"_blank\" rel=\"noopener\">Amazon<\/a>.<\/p>\n","protected":false},"featured_media":554,"comment_status":"closed","ping_status":"closed","template":"","meta":{"_joinchat":[]},"product_cat":[19],"product_tag":[],"yoast_head":"<!-- This site is optimized with the Yoast SEO plugin v22.8 - https:\/\/yoast.com\/wordpress\/plugins\/seo\/ -->\n<title>Serie Evangelios 1 | Maestro - Biblia para la Vida ESPA\u00d1A<\/title>\n<meta name=\"robots\" content=\"index, follow, max-snippet:-1, max-image-preview:large, max-video-preview:-1\" \/>\n<link rel=\"canonical\" href=\"https:\/\/bibliaparalavida.com\/es\/prod\/evangelios-1-maestro\/\" \/>\n<meta property=\"og:locale\" content=\"es_ES\" \/>\n<meta property=\"og:type\" content=\"article\" \/>\n<meta property=\"og:title\" content=\"Serie Evangelios 1 | Maestro - Biblia para la Vida ESPA\u00d1A\" \/>\n<meta property=\"og:description\" content=\"La\u00a0serie EVANGELIOS Parte 1\u00a0estudia 30 diferentes historias de Jes\u00fas y los Doce, con aplicaci\u00f3n a la vida cristiana a trav\u00e9s de preguntas inductivas. LEE UN ADELANTO DEL LIBRO  C\u00f3mpralo aqu\u00ed en digital y l\u00e9elo en nuestra App. \u00bfPrefieres en papel? C\u00f3mpralo en Amazon.\" \/>\n<meta property=\"og:url\" content=\"https:\/\/bibliaparalavida.com\/es\/prod\/evangelios-1-maestro\/\" \/>\n<meta property=\"og:site_name\" content=\"Biblia para la Vida ESPA\u00d1A\" \/>\n<meta property=\"article:publisher\" content=\"https:\/\/www.facebook.com\/BibliaParaLaVida\" \/>\n<meta property=\"article:modified_time\" content=\"2024-11-06T23:37:06+00:00\" \/>\n<meta property=\"og:image\" content=\"https:\/\/bibliaparalavida.com\/es\/wp-content\/uploads\/2020\/03\/Serie-Evangelios-Parte-1-Maestro.jpg\" \/>\n\t<meta property=\"og:image:width\" content=\"1263\" \/>\n\t<meta property=\"og:image:height\" content=\"1263\" \/>\n\t<meta property=\"og:image:type\" content=\"image\/jpeg\" \/>\n<meta name=\"twitter:card\" content=\"summary_large_image\" \/>\n<meta name=\"twitter:label1\" content=\"Tiempo de lectura\" \/>\n\t<meta name=\"twitter:data1\" content=\"2 minutos\" \/>\n<script type=\"application\/ld+json\" class=\"yoast-schema-graph\">{\"@context\":\"https:\/\/schema.org\",\"@graph\":[{\"@type\":\"WebPage\",\"@id\":\"https:\/\/bibliaparalavida.com\/es\/prod\/evangelios-1-maestro\/\",\"url\":\"https:\/\/bibliaparalavida.com\/es\/prod\/evangelios-1-maestro\/\",\"name\":\"Serie Evangelios 1 | Maestro - Biblia para la Vida ESPA\u00d1A\",\"isPartOf\":{\"@id\":\"https:\/\/bibliaparalavida.com\/es\/#website\"},\"primaryImageOfPage\":{\"@id\":\"https:\/\/bibliaparalavida.com\/es\/prod\/evangelios-1-maestro\/#primaryimage\"},\"image\":{\"@id\":\"https:\/\/bibliaparalavida.com\/es\/prod\/evangelios-1-maestro\/#primaryimage\"},\"thumbnailUrl\":\"https:\/\/bibliaparalavida.com\/es\/wp-content\/uploads\/2020\/03\/Serie-Evangelios-Parte-1-Maestro.jpg\",\"datePublished\":\"2020-09-23T13:12:05+00:00\",\"dateModified\":\"2024-11-06T23:37:06+00:00\",\"breadcrumb\":{\"@id\":\"https:\/\/bibliaparalavida.com\/es\/prod\/evangelios-1-maestro\/#breadcrumb\"},\"inLanguage\":\"es\",\"potentialAction\":[{\"@type\":\"ReadAction\",\"target\":[\"https:\/\/bibliaparalavida.com\/es\/prod\/evangelios-1-maestro\/\"]}]},{\"@type\":\"ImageObject\",\"inLanguage\":\"es\",\"@id\":\"https:\/\/bibliaparalavida.com\/es\/prod\/evangelios-1-maestro\/#primaryimage\",\"url\":\"https:\/\/bibliaparalavida.com\/es\/wp-content\/uploads\/2020\/03\/Serie-Evangelios-Parte-1-Maestro.jpg\",\"contentUrl\":\"https:\/\/bibliaparalavida.com\/es\/wp-content\/uploads\/2020\/03\/Serie-Evangelios-Parte-1-Maestro.jpg\",\"width\":1263,\"height\":1263,\"caption\":\"Serie Evangelios Parte 1 - Maestro\"},{\"@type\":\"BreadcrumbList\",\"@id\":\"https:\/\/bibliaparalavida.com\/es\/prod\/evangelios-1-maestro\/#breadcrumb\",\"itemListElement\":[{\"@type\":\"ListItem\",\"position\":1,\"name\":\"Portada\",\"item\":\"https:\/\/bibliaparalavida.com\/es\/\"},{\"@type\":\"ListItem\",\"position\":2,\"name\":\"Tienda\",\"item\":\"https:\/\/bibliaparalavida.com\/es\/tienda\/\"},{\"@type\":\"ListItem\",\"position\":3,\"name\":\"Serie Evangelios 1 | Maestro\"}]},{\"@type\":\"WebSite\",\"@id\":\"https:\/\/bibliaparalavida.com\/es\/#website\",\"url\":\"https:\/\/bibliaparalavida.com\/es\/\",\"name\":\"Biblia para la Vida ESPA\u00d1A\",\"description\":\"Aplica la Biblia a tu vida\",\"publisher\":{\"@id\":\"https:\/\/bibliaparalavida.com\/es\/#organization\"},\"potentialAction\":[{\"@type\":\"SearchAction\",\"target\":{\"@type\":\"EntryPoint\",\"urlTemplate\":\"https:\/\/bibliaparalavida.com\/es\/?s={search_term_string}\"},\"query-input\":\"required name=search_term_string\"}],\"inLanguage\":\"es\"},{\"@type\":\"Organization\",\"@id\":\"https:\/\/bibliaparalavida.com\/es\/#organization\",\"name\":\"Biblia para la Vida\",\"url\":\"https:\/\/bibliaparalavida.com\/es\/\",\"logo\":{\"@type\":\"ImageObject\",\"inLanguage\":\"es\",\"@id\":\"https:\/\/bibliaparalavida.com\/es\/#\/schema\/logo\/image\/\",\"url\":\"https:\/\/bibliaparalavida.com\/es\/wp-content\/uploads\/2022\/01\/Logo-BPLV-Header.png\",\"contentUrl\":\"https:\/\/bibliaparalavida.com\/es\/wp-content\/uploads\/2022\/01\/Logo-BPLV-Header.png\",\"width\":356,\"height\":97,\"caption\":\"Biblia para la Vida\"},\"image\":{\"@id\":\"https:\/\/bibliaparalavida.com\/es\/#\/schema\/logo\/image\/\"},\"sameAs\":[\"https:\/\/www.facebook.com\/BibliaParaLaVida\"]}]}<\/script>\n<!-- \/ Yoast SEO plugin. -->","yoast_head_json":{"title":"Serie Evangelios 1 | Maestro - Biblia para la Vida ESPA\u00d1A","robots":{"index":"index","follow":"follow","max-snippet":"max-snippet:-1","max-image-preview":"max-image-preview:large","max-video-preview":"max-video-preview:-1"},"canonical":"https:\/\/bibliaparalavida.com\/es\/prod\/evangelios-1-maestro\/","og_locale":"es_ES","og_type":"article","og_title":"Serie Evangelios 1 | Maestro - Biblia para la Vida ESPA\u00d1A","og_description":"La\u00a0serie EVANGELIOS Parte 1\u00a0estudia 30 diferentes historias de Jes\u00fas y los Doce, con aplicaci\u00f3n a la vida cristiana a trav\u00e9s de preguntas inductivas. LEE UN ADELANTO DEL LIBRO  C\u00f3mpralo aqu\u00ed en digital y l\u00e9elo en nuestra App. \u00bfPrefieres en papel? C\u00f3mpralo en Amazon.","og_url":"https:\/\/bibliaparalavida.com\/es\/prod\/evangelios-1-maestro\/","og_site_name":"Biblia para la Vida ESPA\u00d1A","article_publisher":"https:\/\/www.facebook.com\/BibliaParaLaVida","article_modified_time":"2024-11-06T23:37:06+00:00","og_image":[{"width":1263,"height":1263,"url":"https:\/\/bibliaparalavida.com\/es\/wp-content\/uploads\/2020\/03\/Serie-Evangelios-Parte-1-Maestro.jpg","type":"image\/jpeg"}],"twitter_card":"summary_large_image","twitter_misc":{"Tiempo de lectura":"2 minutos"},"schema":{"@context":"https:\/\/schema.org","@graph":[{"@type":"WebPage","@id":"https:\/\/bibliaparalavida.com\/es\/prod\/evangelios-1-maestro\/","url":"https:\/\/bibliaparalavida.com\/es\/prod\/evangelios-1-maestro\/","name":"Serie Evangelios 1 | Maestro - Biblia para la Vida ESPA\u00d1A","isPartOf":{"@id":"https:\/\/bibliaparalavida.com\/es\/#website"},"primaryImageOfPage":{"@id":"https:\/\/bibliaparalavida.com\/es\/prod\/evangelios-1-maestro\/#primaryimage"},"image":{"@id":"https:\/\/bibliaparalavida.com\/es\/prod\/evangelios-1-maestro\/#primaryimage"},"thumbnailUrl":"https:\/\/bibliaparalavida.com\/es\/wp-content\/uploads\/2020\/03\/Serie-Evangelios-Parte-1-Maestro.jpg","datePublished":"2020-09-23T13:12:05+00:00","dateModified":"2024-11-06T23:37:06+00:00","breadcrumb":{"@id":"https:\/\/bibliaparalavida.com\/es\/prod\/evangelios-1-maestro\/#breadcrumb"},"inLanguage":"es","potentialAction":[{"@type":"ReadAction","target":["https:\/\/bibliaparalavida.com\/es\/prod\/evangelios-1-maestro\/"]}]},{"@type":"ImageObject","inLanguage":"es","@id":"https:\/\/bibliaparalavida.com\/es\/prod\/evangelios-1-maestro\/#primaryimage","url":"https:\/\/bibliaparalavida.com\/es\/wp-content\/uploads\/2020\/03\/Serie-Evangelios-Parte-1-Maestro.jpg","contentUrl":"https:\/\/bibliaparalavida.com\/es\/wp-content\/uploads\/2020\/03\/Serie-Evangelios-Parte-1-Maestro.jpg","width":1263,"height":1263,"caption":"Serie Evangelios Parte 1 - Maestro"},{"@type":"BreadcrumbList","@id":"https:\/\/bibliaparalavida.com\/es\/prod\/evangelios-1-maestro\/#breadcrumb","itemListElement":[{"@type":"ListItem","position":1,"name":"Portada","item":"https:\/\/bibliaparalavida.com\/es\/"},{"@type":"ListItem","position":2,"name":"Tienda","item":"https:\/\/bibliaparalavida.com\/es\/tienda\/"},{"@type":"ListItem","position":3,"name":"Serie Evangelios 1 | Maestro"}]},{"@type":"WebSite","@id":"https:\/\/bibliaparalavida.com\/es\/#website","url":"https:\/\/bibliaparalavida.com\/es\/","name":"Biblia para la Vida ESPA\u00d1A","description":"Aplica la Biblia a tu vida","publisher":{"@id":"https:\/\/bibliaparalavida.com\/es\/#organization"},"potentialAction":[{"@type":"SearchAction","target":{"@type":"EntryPoint","urlTemplate":"https:\/\/bibliaparalavida.com\/es\/?s={search_term_string}"},"query-input":"required name=search_term_string"}],"inLanguage":"es"},{"@type":"Organization","@id":"https:\/\/bibliaparalavida.com\/es\/#organization","name":"Biblia para la Vida","url":"https:\/\/bibliaparalavida.com\/es\/","logo":{"@type":"ImageObject","inLanguage":"es","@id":"https:\/\/bibliaparalavida.com\/es\/#\/schema\/logo\/image\/","url":"https:\/\/bibliaparalavida.com\/es\/wp-content\/uploads\/2022\/01\/Logo-BPLV-Header.png","contentUrl":"https:\/\/bibliaparalavida.com\/es\/wp-content\/uploads\/2022\/01\/Logo-BPLV-Header.png","width":356,"height":97,"caption":"Biblia para la Vida"},"image":{"@id":"https:\/\/bibliaparalavida.com\/es\/#\/schema\/logo\/image\/"},"sameAs":["https:\/\/www.facebook.com\/BibliaParaLaVida"]}]}},"_links":{"self":[{"href":"https:\/\/bibliaparalavida.com\/es\/wp-json\/wp\/v2\/product\/118"}],"collection":[{"href":"https:\/\/bibliaparalavida.com\/es\/wp-json\/wp\/v2\/product"}],"about":[{"href":"https:\/\/bibliaparalavida.com\/es\/wp-json\/wp\/v2\/types\/product"}],"replies":[{"embeddable":true,"href":"https:\/\/bibliaparalavida.com\/es\/wp-json\/wp\/v2\/comments?post=118"}],"wp:featuredmedia":[{"embeddable":true,"href":"https:\/\/bibliaparalavida.com\/es\/wp-json\/wp\/v2\/media\/554"}],"wp:attachment":[{"href":"https:\/\/bibliaparalavida.com\/es\/wp-json\/wp\/v2\/media?parent=118"}],"wp:term":[{"taxonomy":"product_cat","embeddable":true,"href":"https:\/\/bibliaparalavida.com\/es\/wp-json\/wp\/v2\/product_cat?post=118"},{"taxonomy":"product_tag","embeddable":true,"href":"https:\/\/bibliaparalavida.com\/es\/wp-json\/wp\/v2\/product_tag?post=118"}],"curies":[{"name":"wp","href":"https:\/\/api.w.org\/{rel}","templated":true}]}}