{"id":1177,"date":"2025-03-15T13:03:16","date_gmt":"2025-03-15T13:03:16","guid":{"rendered":"https:\/\/bibliaparalavida.com\/es\/?post_type=product&#038;p=1177"},"modified":"2025-03-18T00:08:17","modified_gmt":"2025-03-18T00:08:17","slug":"manual-de-liderazgo-cristiano","status":"publish","type":"product","link":"https:\/\/bibliaparalavida.com\/es\/prod\/manual-de-liderazgo-cristiano\/","title":{"rendered":"Manual de Liderazgo Cristiano"},"content":{"rendered":"<p>El Manual brinda orientaci\u00f3n sobre el liderazgo de manera integral, sana, madura y efectiva, reproduci\u00e9ndose en otros l\u00edderes con la ayuda del Esp\u00edritu Santo. El manual utiliza La Biblia como \u00fanica referencia, y est\u00e1 despojado de interpretaciones o doctrinas particulares.<\/p>\n<p>Adem\u00e1s se brindar\u00e1n herramientas para optimizar su influencia y se identificar\u00e1n tentaciones y los problemas a evitar o resolver; enfatizando la importancia de la sanidad emocional y el amor genuino a Dios y a las personas.<\/p>\n<p>El manual tiene 18 clases en total, agrupadas en 3 m\u00f3dulos, y sirve tanto para el maestro como para el alumno, ya que cada lecci\u00f3n tiene preguntas para afianzar conceptos clave.<\/p>\n<h2>Contenido del Manual B\u00edblico de Liderazgo Cristiano<\/h2>\n<p><strong>M\u00f3dulo 1: Introducci\u00f3n al Liderazgo<\/strong><br \/>\n1. Introducci\u00f3n al liderazgo<br \/>\n2. Liderazgo pastoral<br \/>\n3. Liderazgo b\u00edblico seg\u00fan Juan 10<\/p>\n<p><strong>M\u00f3dulo 2: Caracter\u00edsticas del L\u00edder Cristiano<\/strong><br \/>\n4. La importancia y el poder del llamado<br \/>\n5. Actitudes de un buen l\u00edder cristiano \u2013 Parte 1<br \/>\n6. Actitudes de un buen l\u00edder cristiano \u2013 Parte 2<br \/>\n7. Tentaciones y problemas en el liderazgo \u2013 Parte 1<br \/>\n8. Tentaciones y problemas en el liderazgo \u2013 Parte 2<br \/>\n9. La autoridad en el liderazgo<\/p>\n<p><strong>M\u00f3dulo 3: Funciones del L\u00edder Cristiano<\/strong><br \/>\n10. Consejer\u00eda cristiana pr\u00e1ctica<br \/>\n11. Homil\u00e9tica pr\u00e1ctica<br \/>\n12. Introducci\u00f3n al ministerio juvenil<br \/>\n13. Liderazgo equilibrado<br \/>\n14. \u00c9nfasis indispensables<br \/>\n15. C\u00f3mo formar un equipo de trabajo<br \/>\n16. Mentoreo: desarrollo de l\u00edderes<br \/>\n17. Administraci\u00f3n de las finanzas en la iglesia<br \/>\n18. Planificaci\u00f3n de un proyectos de liderazgo<\/p>\n","protected":false},"excerpt":{"rendered":"<p><a href=\"https:\/\/bibliaparalavida.com\/tutorialapp\" target=\"_blank\" rel=\"noopener\"><img loading=\"lazy\" decoding=\"async\" class=\"alignright wp-image-2502\" src=\"https:\/\/bibliaparalavida.com\/es\/wp-content\/uploads\/2023\/07\/stores-icons-B.png\" alt=\"\" width=\"48\" height=\"90\" \/><\/a><\/p>\n<p>El <strong>Manual B\u00edblico de Liderazgo Cristiano<\/strong> ayuda a los l\u00edderes de la iglesia local a desarrollar todo su potencial de liderazgo al dirigir a los creyentes. <a href=\"https:\/\/bibliaparalavida.com\/es\/mentoreo-biblico\/manual-biblico-de-liderazgo-cristiano-demo\/\">LEE UN ADELANTO DEL LIBRO<\/a><\/p>\n<p><strong>C\u00f3mpralo aqu\u00ed en digital <\/strong>y l\u00e9elo en nuestra <a href=\"https:\/\/bibliaparalavida.com\/es\/app\/\" rel=\"noopener\">App.<\/a><br \/>\n<strong>\u00bfPrefieres en papel? <\/strong>C\u00f3mpralo en <a href=\"https:\/\/www.amazon.es\/dp\/9874771364\" target=\"_blank\" rel=\"noopener\">Amazon<\/a>.<\/p>\n","protected":false},"featured_media":1178,"comment_status":"closed","ping_status":"closed","template":"","meta":{"_joinchat":[]},"product_cat":[51],"product_tag":[],"yoast_head":"<!-- This site is optimized with the Yoast SEO plugin v22.8 - https:\/\/yoast.com\/wordpress\/plugins\/seo\/ -->\n<title>Manual de Liderazgo Cristiano - Biblia para la Vida ESPA\u00d1A<\/title>\n<meta name=\"robots\" content=\"index, follow, max-snippet:-1, max-image-preview:large, max-video-preview:-1\" \/>\n<link rel=\"canonical\" href=\"https:\/\/bibliaparalavida.com\/es\/prod\/manual-de-liderazgo-cristiano\/\" \/>\n<meta property=\"og:locale\" content=\"es_ES\" \/>\n<meta property=\"og:type\" content=\"article\" \/>\n<meta property=\"og:title\" content=\"Manual de Liderazgo Cristiano - Biblia para la Vida ESPA\u00d1A\" \/>\n<meta property=\"og:description\" content=\"El Manual B\u00edblico de Liderazgo Cristiano ayuda a los l\u00edderes de la iglesia local a desarrollar todo su potencial de liderazgo al dirigir a los creyentes. LEE UN ADELANTO DEL LIBRO  C\u00f3mpralo aqu\u00ed en digital y l\u00e9elo en nuestra App. \u00bfPrefieres en papel? C\u00f3mpralo en Amazon.\" \/>\n<meta property=\"og:url\" content=\"https:\/\/bibliaparalavida.com\/es\/prod\/manual-de-liderazgo-cristiano\/\" \/>\n<meta property=\"og:site_name\" content=\"Biblia para la Vida ESPA\u00d1A\" \/>\n<meta property=\"article:publisher\" content=\"https:\/\/www.facebook.com\/BibliaParaLaVida\" \/>\n<meta property=\"article:modified_time\" content=\"2025-03-18T00:08:17+00:00\" \/>\n<meta property=\"og:image\" content=\"https:\/\/bibliaparalavida.com\/es\/wp-content\/uploads\/2021\/11\/Liderazgo-Cristiano-tapa1.jpg\" \/>\n\t<meta property=\"og:image:width\" content=\"1000\" \/>\n\t<meta property=\"og:image:height\" content=\"1000\" \/>\n\t<meta property=\"og:image:type\" content=\"image\/jpeg\" \/>\n<meta name=\"twitter:card\" content=\"summary_large_image\" \/>\n<meta name=\"twitter:label1\" content=\"Tiempo de lectura\" \/>\n\t<meta name=\"twitter:data1\" content=\"2 minutos\" \/>\n<script type=\"application\/ld+json\" class=\"yoast-schema-graph\">{\"@context\":\"https:\/\/schema.org\",\"@graph\":[{\"@type\":\"WebPage\",\"@id\":\"https:\/\/bibliaparalavida.com\/es\/prod\/manual-de-liderazgo-cristiano\/\",\"url\":\"https:\/\/bibliaparalavida.com\/es\/prod\/manual-de-liderazgo-cristiano\/\",\"name\":\"Manual de Liderazgo Cristiano - Biblia para la Vida ESPA\u00d1A\",\"isPartOf\":{\"@id\":\"https:\/\/bibliaparalavida.com\/es\/#website\"},\"primaryImageOfPage\":{\"@id\":\"https:\/\/bibliaparalavida.com\/es\/prod\/manual-de-liderazgo-cristiano\/#primaryimage\"},\"image\":{\"@id\":\"https:\/\/bibliaparalavida.com\/es\/prod\/manual-de-liderazgo-cristiano\/#primaryimage\"},\"thumbnailUrl\":\"https:\/\/bibliaparalavida.com\/es\/wp-content\/uploads\/2021\/11\/Liderazgo-Cristiano-tapa1.jpg\",\"datePublished\":\"2025-03-15T13:03:16+00:00\",\"dateModified\":\"2025-03-18T00:08:17+00:00\",\"breadcrumb\":{\"@id\":\"https:\/\/bibliaparalavida.com\/es\/prod\/manual-de-liderazgo-cristiano\/#breadcrumb\"},\"inLanguage\":\"es\",\"potentialAction\":[{\"@type\":\"ReadAction\",\"target\":[\"https:\/\/bibliaparalavida.com\/es\/prod\/manual-de-liderazgo-cristiano\/\"]}]},{\"@type\":\"ImageObject\",\"inLanguage\":\"es\",\"@id\":\"https:\/\/bibliaparalavida.com\/es\/prod\/manual-de-liderazgo-cristiano\/#primaryimage\",\"url\":\"https:\/\/bibliaparalavida.com\/es\/wp-content\/uploads\/2021\/11\/Liderazgo-Cristiano-tapa1.jpg\",\"contentUrl\":\"https:\/\/bibliaparalavida.com\/es\/wp-content\/uploads\/2021\/11\/Liderazgo-Cristiano-tapa1.jpg\",\"width\":1000,\"height\":1000,\"caption\":\"Manual B\u00edblico de Liderazgo Cristiano\"},{\"@type\":\"BreadcrumbList\",\"@id\":\"https:\/\/bibliaparalavida.com\/es\/prod\/manual-de-liderazgo-cristiano\/#breadcrumb\",\"itemListElement\":[{\"@type\":\"ListItem\",\"position\":1,\"name\":\"Portada\",\"item\":\"https:\/\/bibliaparalavida.com\/es\/\"},{\"@type\":\"ListItem\",\"position\":2,\"name\":\"Tienda\",\"item\":\"https:\/\/bibliaparalavida.com\/es\/tienda\/\"},{\"@type\":\"ListItem\",\"position\":3,\"name\":\"Manual de Liderazgo Cristiano\"}]},{\"@type\":\"WebSite\",\"@id\":\"https:\/\/bibliaparalavida.com\/es\/#website\",\"url\":\"https:\/\/bibliaparalavida.com\/es\/\",\"name\":\"Biblia para la Vida ESPA\u00d1A\",\"description\":\"Aplica la Biblia a tu vida\",\"publisher\":{\"@id\":\"https:\/\/bibliaparalavida.com\/es\/#organization\"},\"potentialAction\":[{\"@type\":\"SearchAction\",\"target\":{\"@type\":\"EntryPoint\",\"urlTemplate\":\"https:\/\/bibliaparalavida.com\/es\/?s={search_term_string}\"},\"query-input\":\"required name=search_term_string\"}],\"inLanguage\":\"es\"},{\"@type\":\"Organization\",\"@id\":\"https:\/\/bibliaparalavida.com\/es\/#organization\",\"name\":\"Biblia para la Vida\",\"url\":\"https:\/\/bibliaparalavida.com\/es\/\",\"logo\":{\"@type\":\"ImageObject\",\"inLanguage\":\"es\",\"@id\":\"https:\/\/bibliaparalavida.com\/es\/#\/schema\/logo\/image\/\",\"url\":\"https:\/\/bibliaparalavida.com\/es\/wp-content\/uploads\/2022\/01\/Logo-BPLV-Header.png\",\"contentUrl\":\"https:\/\/bibliaparalavida.com\/es\/wp-content\/uploads\/2022\/01\/Logo-BPLV-Header.png\",\"width\":356,\"height\":97,\"caption\":\"Biblia para la Vida\"},\"image\":{\"@id\":\"https:\/\/bibliaparalavida.com\/es\/#\/schema\/logo\/image\/\"},\"sameAs\":[\"https:\/\/www.facebook.com\/BibliaParaLaVida\"]}]}<\/script>\n<!-- \/ Yoast SEO plugin. -->","yoast_head_json":{"title":"Manual de Liderazgo Cristiano - Biblia para la Vida ESPA\u00d1A","robots":{"index":"index","follow":"follow","max-snippet":"max-snippet:-1","max-image-preview":"max-image-preview:large","max-video-preview":"max-video-preview:-1"},"canonical":"https:\/\/bibliaparalavida.com\/es\/prod\/manual-de-liderazgo-cristiano\/","og_locale":"es_ES","og_type":"article","og_title":"Manual de Liderazgo Cristiano - Biblia para la Vida ESPA\u00d1A","og_description":"El Manual B\u00edblico de Liderazgo Cristiano ayuda a los l\u00edderes de la iglesia local a desarrollar todo su potencial de liderazgo al dirigir a los creyentes. LEE UN ADELANTO DEL LIBRO  C\u00f3mpralo aqu\u00ed en digital y l\u00e9elo en nuestra App. \u00bfPrefieres en papel? C\u00f3mpralo en Amazon.","og_url":"https:\/\/bibliaparalavida.com\/es\/prod\/manual-de-liderazgo-cristiano\/","og_site_name":"Biblia para la Vida ESPA\u00d1A","article_publisher":"https:\/\/www.facebook.com\/BibliaParaLaVida","article_modified_time":"2025-03-18T00:08:17+00:00","og_image":[{"width":1000,"height":1000,"url":"https:\/\/bibliaparalavida.com\/es\/wp-content\/uploads\/2021\/11\/Liderazgo-Cristiano-tapa1.jpg","type":"image\/jpeg"}],"twitter_card":"summary_large_image","twitter_misc":{"Tiempo de lectura":"2 minutos"},"schema":{"@context":"https:\/\/schema.org","@graph":[{"@type":"WebPage","@id":"https:\/\/bibliaparalavida.com\/es\/prod\/manual-de-liderazgo-cristiano\/","url":"https:\/\/bibliaparalavida.com\/es\/prod\/manual-de-liderazgo-cristiano\/","name":"Manual de Liderazgo Cristiano - Biblia para la Vida ESPA\u00d1A","isPartOf":{"@id":"https:\/\/bibliaparalavida.com\/es\/#website"},"primaryImageOfPage":{"@id":"https:\/\/bibliaparalavida.com\/es\/prod\/manual-de-liderazgo-cristiano\/#primaryimage"},"image":{"@id":"https:\/\/bibliaparalavida.com\/es\/prod\/manual-de-liderazgo-cristiano\/#primaryimage"},"thumbnailUrl":"https:\/\/bibliaparalavida.com\/es\/wp-content\/uploads\/2021\/11\/Liderazgo-Cristiano-tapa1.jpg","datePublished":"2025-03-15T13:03:16+00:00","dateModified":"2025-03-18T00:08:17+00:00","breadcrumb":{"@id":"https:\/\/bibliaparalavida.com\/es\/prod\/manual-de-liderazgo-cristiano\/#breadcrumb"},"inLanguage":"es","potentialAction":[{"@type":"ReadAction","target":["https:\/\/bibliaparalavida.com\/es\/prod\/manual-de-liderazgo-cristiano\/"]}]},{"@type":"ImageObject","inLanguage":"es","@id":"https:\/\/bibliaparalavida.com\/es\/prod\/manual-de-liderazgo-cristiano\/#primaryimage","url":"https:\/\/bibliaparalavida.com\/es\/wp-content\/uploads\/2021\/11\/Liderazgo-Cristiano-tapa1.jpg","contentUrl":"https:\/\/bibliaparalavida.com\/es\/wp-content\/uploads\/2021\/11\/Liderazgo-Cristiano-tapa1.jpg","width":1000,"height":1000,"caption":"Manual B\u00edblico de Liderazgo Cristiano"},{"@type":"BreadcrumbList","@id":"https:\/\/bibliaparalavida.com\/es\/prod\/manual-de-liderazgo-cristiano\/#breadcrumb","itemListElement":[{"@type":"ListItem","position":1,"name":"Portada","item":"https:\/\/bibliaparalavida.com\/es\/"},{"@type":"ListItem","position":2,"name":"Tienda","item":"https:\/\/bibliaparalavida.com\/es\/tienda\/"},{"@type":"ListItem","position":3,"name":"Manual de Liderazgo Cristiano"}]},{"@type":"WebSite","@id":"https:\/\/bibliaparalavida.com\/es\/#website","url":"https:\/\/bibliaparalavida.com\/es\/","name":"Biblia para la Vida ESPA\u00d1A","description":"Aplica la Biblia a tu vida","publisher":{"@id":"https:\/\/bibliaparalavida.com\/es\/#organization"},"potentialAction":[{"@type":"SearchAction","target":{"@type":"EntryPoint","urlTemplate":"https:\/\/bibliaparalavida.com\/es\/?s={search_term_string}"},"query-input":"required name=search_term_string"}],"inLanguage":"es"},{"@type":"Organization","@id":"https:\/\/bibliaparalavida.com\/es\/#organization","name":"Biblia para la Vida","url":"https:\/\/bibliaparalavida.com\/es\/","logo":{"@type":"ImageObject","inLanguage":"es","@id":"https:\/\/bibliaparalavida.com\/es\/#\/schema\/logo\/image\/","url":"https:\/\/bibliaparalavida.com\/es\/wp-content\/uploads\/2022\/01\/Logo-BPLV-Header.png","contentUrl":"https:\/\/bibliaparalavida.com\/es\/wp-content\/uploads\/2022\/01\/Logo-BPLV-Header.png","width":356,"height":97,"caption":"Biblia para la Vida"},"image":{"@id":"https:\/\/bibliaparalavida.com\/es\/#\/schema\/logo\/image\/"},"sameAs":["https:\/\/www.facebook.com\/BibliaParaLaVida"]}]}},"_links":{"self":[{"href":"https:\/\/bibliaparalavida.com\/es\/wp-json\/wp\/v2\/product\/1177"}],"collection":[{"href":"https:\/\/bibliaparalavida.com\/es\/wp-json\/wp\/v2\/product"}],"about":[{"href":"https:\/\/bibliaparalavida.com\/es\/wp-json\/wp\/v2\/types\/product"}],"replies":[{"embeddable":true,"href":"https:\/\/bibliaparalavida.com\/es\/wp-json\/wp\/v2\/comments?post=1177"}],"wp:featuredmedia":[{"embeddable":true,"href":"https:\/\/bibliaparalavida.com\/es\/wp-json\/wp\/v2\/media\/1178"}],"wp:attachment":[{"href":"https:\/\/bibliaparalavida.com\/es\/wp-json\/wp\/v2\/media?parent=1177"}],"wp:term":[{"taxonomy":"product_cat","embeddable":true,"href":"https:\/\/bibliaparalavida.com\/es\/wp-json\/wp\/v2\/product_cat?post=1177"},{"taxonomy":"product_tag","embeddable":true,"href":"https:\/\/bibliaparalavida.com\/es\/wp-json\/wp\/v2\/product_tag?post=1177"}],"curies":[{"name":"wp","href":"https:\/\/api.w.org\/{rel}","templated":true}]}}