{"id":1174,"date":"2025-03-16T12:57:38","date_gmt":"2025-03-16T12:57:38","guid":{"rendered":"https:\/\/bibliaparalavida.com\/es\/?post_type=product&#038;p=1174"},"modified":"2025-03-18T00:08:08","modified_gmt":"2025-03-18T00:08:08","slug":"manual-de-servicio-cristiano","status":"publish","type":"product","link":"https:\/\/bibliaparalavida.com\/es\/prod\/manual-de-servicio-cristiano\/","title":{"rendered":"Manual de Servicio Cristiano"},"content":{"rendered":"<p>El Manual gu\u00eda a los obreros a llegar a ser las personas que Dios necesita para alcanzar a los perdidos y ministrar a los creyentes, usando La Biblia como \u00fanica referencia, sin ning\u00fan tipo de interpretaci\u00f3n particular o doctrina espec\u00edfica.<\/p>\n<p>Primeramente se enfoca en el car\u00e1cter del obrero cristiano, luego brinda herramientas ministeriales, y finalmente aborda el fascinante mundo de de los dones y ministerios.<\/p>\n<p>El manual tiene 18 clases en total, agrupadas en 3 m\u00f3dulos, y sirve tanto para el maestro como para el alumno, ya que cada lecci\u00f3n tiene preguntas para afianzar conceptos clave.<\/p>\n<h3>Contenido del Manual B\u00edblico de Servicio Cristiano<\/h3>\n<p><strong>M\u00f3dulo 1: Car\u00e1cter del obrero cristiano<\/strong><br \/>\n1. Ama a Dios y a todas las personas<br \/>\n2. Es santo e \u00edntegro<br \/>\n3. Est\u00e1 sano emocionalmente<br \/>\n4. Tiene actitud de siervo<br \/>\n5. Depende de Dios<br \/>\n6. Est\u00e1 dispuesto a padecer<br \/>\n7. Refrena su lengua<br \/>\n8. Es estable y permanece en el tiempo<br \/>\n9. Es objetivo (no subjetivo)<br \/>\n10. Tiene una actitud correcta hacia el dinero<br \/>\n11. Se sujeta a las autoridades<\/p>\n<p><strong>M\u00f3dulo 2: Herramientas para ministrar a las personas<\/strong><br \/>\n12. Consolidaci\u00f3n de nuevos creyentes<br \/>\n13. Discipulado: su importancia y proceso<br \/>\n14. Intercesi\u00f3n y guerra espiritual<br \/>\n15. Principios b\u00e1sicos de liberaci\u00f3n<\/p>\n<p><strong>M\u00f3dulo 3: Dones y ministerios<\/strong><br \/>\n16. Dones espirituales &#8211; Parte 1<br \/>\n17. Dones espirituales &#8211; Parte 1<br \/>\n18. Los 5 Ministerios<\/p>\n","protected":false},"excerpt":{"rendered":"<p><a href=\"https:\/\/bibliaparalavida.com\/tutorialapp\" target=\"_blank\" rel=\"noopener\"><img loading=\"lazy\" decoding=\"async\" class=\"alignright wp-image-2502\" src=\"https:\/\/bibliaparalavida.com\/es\/wp-content\/uploads\/2023\/07\/stores-icons-B.png\" alt=\"\" width=\"48\" height=\"90\" \/><\/a><\/p>\n<p>El <strong>Manual B\u00edblico de Servicio Cristiano<\/strong> tiene como fin preparar a los obreros de la iglesia local para servir mejor a los creyentes. <a href=\"https:\/\/bibliaparalavida.com\/es\/mentoreo-biblico\/manual-biblico-de-servicio-cristiano-demo\/\">LEE UN ADELANTO DEL LIBRO<\/a><\/p>\n<p><strong>C\u00f3mpralo aqu\u00ed en digital <\/strong>y l\u00e9elo en nuestra <a href=\"https:\/\/bibliaparalavida.com\/es\/app\/\" rel=\"noopener\">App.<\/a><br \/>\n<strong>\u00bfPrefieres en papel? <\/strong>C\u00f3mpralo en <a href=\"https:\/\/www.amazon.es\/dp\/9874771356\" target=\"_blank\" rel=\"noopener\">Amazon<\/a>.<\/p>\n","protected":false},"featured_media":1175,"comment_status":"closed","ping_status":"closed","template":"","meta":{"_joinchat":[]},"product_cat":[51],"product_tag":[],"yoast_head":"<!-- This site is optimized with the Yoast SEO plugin v22.8 - https:\/\/yoast.com\/wordpress\/plugins\/seo\/ -->\n<title>Manual de Servicio Cristiano - Biblia para la Vida ESPA\u00d1A<\/title>\n<meta name=\"robots\" content=\"index, follow, max-snippet:-1, max-image-preview:large, max-video-preview:-1\" \/>\n<link rel=\"canonical\" href=\"https:\/\/bibliaparalavida.com\/es\/prod\/manual-de-servicio-cristiano\/\" \/>\n<meta property=\"og:locale\" content=\"es_ES\" \/>\n<meta property=\"og:type\" content=\"article\" \/>\n<meta property=\"og:title\" content=\"Manual de Servicio Cristiano - Biblia para la Vida ESPA\u00d1A\" \/>\n<meta property=\"og:description\" content=\"El Manual B\u00edblico de Servicio Cristiano tiene como fin preparar a los obreros de la iglesia local para servir mejor a los creyentes. LEE UN ADELANTO DEL LIBRO  C\u00f3mpralo aqu\u00ed en digital y l\u00e9elo en nuestra App. \u00bfPrefieres en papel? C\u00f3mpralo en Amazon.\" \/>\n<meta property=\"og:url\" content=\"https:\/\/bibliaparalavida.com\/es\/prod\/manual-de-servicio-cristiano\/\" \/>\n<meta property=\"og:site_name\" content=\"Biblia para la Vida ESPA\u00d1A\" \/>\n<meta property=\"article:publisher\" content=\"https:\/\/www.facebook.com\/BibliaParaLaVida\" \/>\n<meta property=\"article:modified_time\" content=\"2025-03-18T00:08:08+00:00\" \/>\n<meta property=\"og:image\" content=\"https:\/\/bibliaparalavida.com\/es\/wp-content\/uploads\/2021\/11\/Servicio-Cristiano-tapa1.jpg\" \/>\n\t<meta property=\"og:image:width\" content=\"1000\" \/>\n\t<meta property=\"og:image:height\" content=\"1000\" \/>\n\t<meta property=\"og:image:type\" content=\"image\/jpeg\" \/>\n<meta name=\"twitter:card\" content=\"summary_large_image\" \/>\n<meta name=\"twitter:label1\" content=\"Tiempo de lectura\" \/>\n\t<meta name=\"twitter:data1\" content=\"2 minutos\" \/>\n<script type=\"application\/ld+json\" class=\"yoast-schema-graph\">{\"@context\":\"https:\/\/schema.org\",\"@graph\":[{\"@type\":\"WebPage\",\"@id\":\"https:\/\/bibliaparalavida.com\/es\/prod\/manual-de-servicio-cristiano\/\",\"url\":\"https:\/\/bibliaparalavida.com\/es\/prod\/manual-de-servicio-cristiano\/\",\"name\":\"Manual de Servicio Cristiano - Biblia para la Vida ESPA\u00d1A\",\"isPartOf\":{\"@id\":\"https:\/\/bibliaparalavida.com\/es\/#website\"},\"primaryImageOfPage\":{\"@id\":\"https:\/\/bibliaparalavida.com\/es\/prod\/manual-de-servicio-cristiano\/#primaryimage\"},\"image\":{\"@id\":\"https:\/\/bibliaparalavida.com\/es\/prod\/manual-de-servicio-cristiano\/#primaryimage\"},\"thumbnailUrl\":\"https:\/\/bibliaparalavida.com\/es\/wp-content\/uploads\/2021\/11\/Servicio-Cristiano-tapa1.jpg\",\"datePublished\":\"2025-03-16T12:57:38+00:00\",\"dateModified\":\"2025-03-18T00:08:08+00:00\",\"breadcrumb\":{\"@id\":\"https:\/\/bibliaparalavida.com\/es\/prod\/manual-de-servicio-cristiano\/#breadcrumb\"},\"inLanguage\":\"es\",\"potentialAction\":[{\"@type\":\"ReadAction\",\"target\":[\"https:\/\/bibliaparalavida.com\/es\/prod\/manual-de-servicio-cristiano\/\"]}]},{\"@type\":\"ImageObject\",\"inLanguage\":\"es\",\"@id\":\"https:\/\/bibliaparalavida.com\/es\/prod\/manual-de-servicio-cristiano\/#primaryimage\",\"url\":\"https:\/\/bibliaparalavida.com\/es\/wp-content\/uploads\/2021\/11\/Servicio-Cristiano-tapa1.jpg\",\"contentUrl\":\"https:\/\/bibliaparalavida.com\/es\/wp-content\/uploads\/2021\/11\/Servicio-Cristiano-tapa1.jpg\",\"width\":1000,\"height\":1000,\"caption\":\"Manual B\u00edblico de Servicio Cristiano\"},{\"@type\":\"BreadcrumbList\",\"@id\":\"https:\/\/bibliaparalavida.com\/es\/prod\/manual-de-servicio-cristiano\/#breadcrumb\",\"itemListElement\":[{\"@type\":\"ListItem\",\"position\":1,\"name\":\"Portada\",\"item\":\"https:\/\/bibliaparalavida.com\/es\/\"},{\"@type\":\"ListItem\",\"position\":2,\"name\":\"Tienda\",\"item\":\"https:\/\/bibliaparalavida.com\/es\/tienda\/\"},{\"@type\":\"ListItem\",\"position\":3,\"name\":\"Manual de Servicio Cristiano\"}]},{\"@type\":\"WebSite\",\"@id\":\"https:\/\/bibliaparalavida.com\/es\/#website\",\"url\":\"https:\/\/bibliaparalavida.com\/es\/\",\"name\":\"Biblia para la Vida ESPA\u00d1A\",\"description\":\"Aplica la Biblia a tu vida\",\"publisher\":{\"@id\":\"https:\/\/bibliaparalavida.com\/es\/#organization\"},\"potentialAction\":[{\"@type\":\"SearchAction\",\"target\":{\"@type\":\"EntryPoint\",\"urlTemplate\":\"https:\/\/bibliaparalavida.com\/es\/?s={search_term_string}\"},\"query-input\":\"required name=search_term_string\"}],\"inLanguage\":\"es\"},{\"@type\":\"Organization\",\"@id\":\"https:\/\/bibliaparalavida.com\/es\/#organization\",\"name\":\"Biblia para la Vida\",\"url\":\"https:\/\/bibliaparalavida.com\/es\/\",\"logo\":{\"@type\":\"ImageObject\",\"inLanguage\":\"es\",\"@id\":\"https:\/\/bibliaparalavida.com\/es\/#\/schema\/logo\/image\/\",\"url\":\"https:\/\/bibliaparalavida.com\/es\/wp-content\/uploads\/2022\/01\/Logo-BPLV-Header.png\",\"contentUrl\":\"https:\/\/bibliaparalavida.com\/es\/wp-content\/uploads\/2022\/01\/Logo-BPLV-Header.png\",\"width\":356,\"height\":97,\"caption\":\"Biblia para la Vida\"},\"image\":{\"@id\":\"https:\/\/bibliaparalavida.com\/es\/#\/schema\/logo\/image\/\"},\"sameAs\":[\"https:\/\/www.facebook.com\/BibliaParaLaVida\"]}]}<\/script>\n<!-- \/ Yoast SEO plugin. -->","yoast_head_json":{"title":"Manual de Servicio Cristiano - Biblia para la Vida ESPA\u00d1A","robots":{"index":"index","follow":"follow","max-snippet":"max-snippet:-1","max-image-preview":"max-image-preview:large","max-video-preview":"max-video-preview:-1"},"canonical":"https:\/\/bibliaparalavida.com\/es\/prod\/manual-de-servicio-cristiano\/","og_locale":"es_ES","og_type":"article","og_title":"Manual de Servicio Cristiano - Biblia para la Vida ESPA\u00d1A","og_description":"El Manual B\u00edblico de Servicio Cristiano tiene como fin preparar a los obreros de la iglesia local para servir mejor a los creyentes. LEE UN ADELANTO DEL LIBRO  C\u00f3mpralo aqu\u00ed en digital y l\u00e9elo en nuestra App. \u00bfPrefieres en papel? C\u00f3mpralo en Amazon.","og_url":"https:\/\/bibliaparalavida.com\/es\/prod\/manual-de-servicio-cristiano\/","og_site_name":"Biblia para la Vida ESPA\u00d1A","article_publisher":"https:\/\/www.facebook.com\/BibliaParaLaVida","article_modified_time":"2025-03-18T00:08:08+00:00","og_image":[{"width":1000,"height":1000,"url":"https:\/\/bibliaparalavida.com\/es\/wp-content\/uploads\/2021\/11\/Servicio-Cristiano-tapa1.jpg","type":"image\/jpeg"}],"twitter_card":"summary_large_image","twitter_misc":{"Tiempo de lectura":"2 minutos"},"schema":{"@context":"https:\/\/schema.org","@graph":[{"@type":"WebPage","@id":"https:\/\/bibliaparalavida.com\/es\/prod\/manual-de-servicio-cristiano\/","url":"https:\/\/bibliaparalavida.com\/es\/prod\/manual-de-servicio-cristiano\/","name":"Manual de Servicio Cristiano - Biblia para la Vida ESPA\u00d1A","isPartOf":{"@id":"https:\/\/bibliaparalavida.com\/es\/#website"},"primaryImageOfPage":{"@id":"https:\/\/bibliaparalavida.com\/es\/prod\/manual-de-servicio-cristiano\/#primaryimage"},"image":{"@id":"https:\/\/bibliaparalavida.com\/es\/prod\/manual-de-servicio-cristiano\/#primaryimage"},"thumbnailUrl":"https:\/\/bibliaparalavida.com\/es\/wp-content\/uploads\/2021\/11\/Servicio-Cristiano-tapa1.jpg","datePublished":"2025-03-16T12:57:38+00:00","dateModified":"2025-03-18T00:08:08+00:00","breadcrumb":{"@id":"https:\/\/bibliaparalavida.com\/es\/prod\/manual-de-servicio-cristiano\/#breadcrumb"},"inLanguage":"es","potentialAction":[{"@type":"ReadAction","target":["https:\/\/bibliaparalavida.com\/es\/prod\/manual-de-servicio-cristiano\/"]}]},{"@type":"ImageObject","inLanguage":"es","@id":"https:\/\/bibliaparalavida.com\/es\/prod\/manual-de-servicio-cristiano\/#primaryimage","url":"https:\/\/bibliaparalavida.com\/es\/wp-content\/uploads\/2021\/11\/Servicio-Cristiano-tapa1.jpg","contentUrl":"https:\/\/bibliaparalavida.com\/es\/wp-content\/uploads\/2021\/11\/Servicio-Cristiano-tapa1.jpg","width":1000,"height":1000,"caption":"Manual B\u00edblico de Servicio Cristiano"},{"@type":"BreadcrumbList","@id":"https:\/\/bibliaparalavida.com\/es\/prod\/manual-de-servicio-cristiano\/#breadcrumb","itemListElement":[{"@type":"ListItem","position":1,"name":"Portada","item":"https:\/\/bibliaparalavida.com\/es\/"},{"@type":"ListItem","position":2,"name":"Tienda","item":"https:\/\/bibliaparalavida.com\/es\/tienda\/"},{"@type":"ListItem","position":3,"name":"Manual de Servicio Cristiano"}]},{"@type":"WebSite","@id":"https:\/\/bibliaparalavida.com\/es\/#website","url":"https:\/\/bibliaparalavida.com\/es\/","name":"Biblia para la Vida ESPA\u00d1A","description":"Aplica la Biblia a tu vida","publisher":{"@id":"https:\/\/bibliaparalavida.com\/es\/#organization"},"potentialAction":[{"@type":"SearchAction","target":{"@type":"EntryPoint","urlTemplate":"https:\/\/bibliaparalavida.com\/es\/?s={search_term_string}"},"query-input":"required name=search_term_string"}],"inLanguage":"es"},{"@type":"Organization","@id":"https:\/\/bibliaparalavida.com\/es\/#organization","name":"Biblia para la Vida","url":"https:\/\/bibliaparalavida.com\/es\/","logo":{"@type":"ImageObject","inLanguage":"es","@id":"https:\/\/bibliaparalavida.com\/es\/#\/schema\/logo\/image\/","url":"https:\/\/bibliaparalavida.com\/es\/wp-content\/uploads\/2022\/01\/Logo-BPLV-Header.png","contentUrl":"https:\/\/bibliaparalavida.com\/es\/wp-content\/uploads\/2022\/01\/Logo-BPLV-Header.png","width":356,"height":97,"caption":"Biblia para la Vida"},"image":{"@id":"https:\/\/bibliaparalavida.com\/es\/#\/schema\/logo\/image\/"},"sameAs":["https:\/\/www.facebook.com\/BibliaParaLaVida"]}]}},"_links":{"self":[{"href":"https:\/\/bibliaparalavida.com\/es\/wp-json\/wp\/v2\/product\/1174"}],"collection":[{"href":"https:\/\/bibliaparalavida.com\/es\/wp-json\/wp\/v2\/product"}],"about":[{"href":"https:\/\/bibliaparalavida.com\/es\/wp-json\/wp\/v2\/types\/product"}],"replies":[{"embeddable":true,"href":"https:\/\/bibliaparalavida.com\/es\/wp-json\/wp\/v2\/comments?post=1174"}],"wp:featuredmedia":[{"embeddable":true,"href":"https:\/\/bibliaparalavida.com\/es\/wp-json\/wp\/v2\/media\/1175"}],"wp:attachment":[{"href":"https:\/\/bibliaparalavida.com\/es\/wp-json\/wp\/v2\/media?parent=1174"}],"wp:term":[{"taxonomy":"product_cat","embeddable":true,"href":"https:\/\/bibliaparalavida.com\/es\/wp-json\/wp\/v2\/product_cat?post=1174"},{"taxonomy":"product_tag","embeddable":true,"href":"https:\/\/bibliaparalavida.com\/es\/wp-json\/wp\/v2\/product_tag?post=1174"}],"curies":[{"name":"wp","href":"https:\/\/api.w.org\/{rel}","templated":true}]}}