{"id":1157,"date":"2025-01-29T10:24:02","date_gmt":"2025-01-29T10:24:02","guid":{"rendered":"https:\/\/bibliaparalavida.com\/es\/?post_type=product&#038;p=1157"},"modified":"2025-01-29T15:31:34","modified_gmt":"2025-01-29T15:31:34","slug":"promo-corintios","status":"publish","type":"product","link":"https:\/\/bibliaparalavida.com\/es\/prod\/promo-corintios\/","title":{"rendered":"PROMO CORINTIOS (Maestro+Alumno)"},"content":{"rendered":"<p>Se estudian las 2 cartas que Pablo a los Corintios, a lo largo de 42 lecciones con aplicaci\u00f3n a la vida cristiana y al ministerio a trav\u00e9s de preguntas inductivas.<\/p>\n<p>Es un estudio ideal para ayudar a pastores a desarrollar l\u00edderes en su congregaci\u00f3n de manera b\u00edblica y pr\u00e1ctica.<\/p>\n<p><a style=\"padding: 8px; background-color: #0f9d58; font-weight: bold; text-align: center; color: #fff; border-radius: 5px;\" href=\"https:\/\/wa.me\/5493513073050?text=Quisiera%20una%20Demo%20de%20la%20Promo%20Corintios.\" target=\"_blank\" rel=\"noopener\"><img loading=\"lazy\" decoding=\"async\" style=\"float: left, margin-right:10px; margin-bottom: -7px; margin-right: 5px;\" src=\"https:\/\/bibliaparalavida.com\/es\/wp-content\/uploads\/2020\/12\/WhatsApp-icon.png\" alt=\"WhatsApp\" width=\"24\" height=\"24\" \/>SOLICITA UN DEMO EN PDF<\/a><\/p>\n<p><b>En este manual profundizaremos en las dos cartas que Pablo escribi\u00f3 a los Corintios<\/b>, con la meta comprender las problem\u00e1ticas surgidas en esta iglesia tan particular, ubicada en una t\u00edpica ciudad de cultura greco-romana, totalmente pagana y sin noci\u00f3n de Dios. Adem\u00e1s observaremos la manera en que Pablo lidi\u00f3 con situaciones complejas, a la vez que aprenderemos de las instrucciones dadas por el Ap\u00f3stol, de tal manera que podamos aplicarlas y\/o adaptarlas en nuestras congregaciones locales.<\/p>\n<p><b>Algunos temas incluidos en este Manual:<\/b><\/p>\n<p><b>PRIMERA CARTA A LOS CORINTIOS<\/b><\/p>\n<ol>\n<li>Divisiones por facciones<\/li>\n<li>Sabidur\u00eda del mundo versus de Dios<\/li>\n<li>El peligro de envanecerse<\/li>\n<li>Inmoralidad tolerada<\/li>\n<li>Pleitos entre creyentes<\/li>\n<li>Evitar el pecado sexual<\/li>\n<li>Instrucciones para los casados<\/li>\n<li>Orientaciones con respecto al divorcio<\/li>\n<li>Instrucciones para los solteros<\/li>\n<li>Idolatr\u00eda: lo sacrificado a los \u00eddolos<\/li>\n<li>Derechos, decisiones y actitudes de Pablo como ap\u00f3stol<\/li>\n<li>Advertencia respecto a no pecar<\/li>\n<li>La mujer en la congregaci\u00f3n<\/li>\n<li>Cena del Se\u00f1or: abusos e instrucciones<\/li>\n<li>Dones espirituales<\/li>\n<li>La importancia del amor en el ministerio<\/li>\n<li>Dones de Lenguas y Profec\u00eda<\/li>\n<li>Ense\u00f1anzas sobre la resurrecci\u00f3n<\/li>\n<\/ol>\n<p><b>SEGUNDA CARTA A LOS CORINTIOS<\/b><\/p>\n<ol>\n<li>Consolaci\u00f3n en la tribulaci\u00f3n<\/li>\n<li>Integridad y sinceridad en el ministerio<\/li>\n<li>Perd\u00f3n al inmoral arrepentido<\/li>\n<li>Ministros de un nuevo pacto<\/li>\n<li>Padeciendo en el ministerio con la esperanza de la resurrecci\u00f3n<\/li>\n<li>Ministerio de la reconciliaci\u00f3n<\/li>\n<li>Paradojas del ministerio y el yugo desigual<\/li>\n<li>La importancia y el prop\u00f3sito de la represi\u00f3n<\/li>\n<li>La ofrenda para los santos<\/li>\n<li>Actitudes correctas al dar las ofrendas<\/li>\n<li>Pablo defiende su ministerio apost\u00f3lico<\/li>\n<li>Pablo denuncia a los falsos ap\u00f3stoles<\/li>\n<li>Sufrimientos de Pablo como ap\u00f3stol<\/li>\n<li>Visi\u00f3n de Pablo y el \u201caguij\u00f3n en la carne\u201d<\/li>\n<li>Preocupaci\u00f3n de Pablo por los Corintios<\/li>\n<li>Advertencias y saludos finales<\/li>\n<\/ol>\n","protected":false},"excerpt":{"rendered":"<p><a href=\"https:\/\/bibliaparalavida.com\/tutorialapp\" target=\"_blank\" rel=\"noopener\"><img loading=\"lazy\" decoding=\"async\" class=\"alignright wp-image-2502\" src=\"https:\/\/bibliaparalavida.com\/es\/wp-content\/uploads\/2023\/07\/stores-icons-B.png\" alt=\"\" width=\"48\" height=\"90\" \/><\/a>La PROMO CORINTIOS es un estudio inductivo de las 2 cartas a los <strong>CORINTIOS<\/strong> con aplicaci\u00f3n a la vida cristiana y al ministerio a trav\u00e9s de preguntas. Incluye el <strong>Manual del <a href=\"https:\/\/bibliaparalavida.com\/es\/manuales\/corintios-maestro\/\">Maestro<\/a> y del <a href=\"https:\/\/bibliaparalavida.com\/es\/manuales\/corintios-alumno\/\">Alumno<\/a><\/strong><\/p>\n<p><a style=\"padding: 8px; background-color: #0f9d58; font-weight: bold; text-align: center; color: #fff; border-radius: 5px;\" href=\"https:\/\/wa.me\/5493513073050?text=Quisiera%20una%20Demo%20de%20la%20Promo%20Corintios.\"><img loading=\"lazy\" decoding=\"async\" style=\"float: left, margin-right:10px; margin-bottom: -7px; margin-right: 5px;\" src=\"https:\/\/bibliaparalavida.com\/wp-content\/uploads\/2020\/12\/WhatsApp-icon.png\" alt=\"WhatsApp\" width=\"24\" height=\"24\" \/>SOLICITA UN ADELANTO EN PDF<\/a><\/p>\n<p><strong>C\u00f3mpralos aqu\u00ed en digital <\/strong>y l\u00e9elos en nuestra <a href=\"https:\/\/bibliaparalavida.com\/es\/app\/\" rel=\"noopener\">App.<\/a><br \/>\n<strong>\u00bfLos prefieres IMPRESOS? <\/strong>C\u00f3mpralos en <a href=\"https:\/\/www.amazon.es\/dp\/B09F4RHP75\" target=\"_blank\" rel=\"noopener\">Amazon<\/a>.<\/p>\n","protected":false},"featured_media":2663,"comment_status":"closed","ping_status":"closed","template":"","meta":{"_joinchat":[]},"product_cat":[62,79],"product_tag":[],"yoast_head":"<!-- This site is optimized with the Yoast SEO plugin v22.8 - https:\/\/yoast.com\/wordpress\/plugins\/seo\/ -->\n<title>PROMO CORINTIOS (Maestro+Alumno) - Biblia para la Vida ESPA\u00d1A<\/title>\n<meta name=\"robots\" content=\"index, follow, max-snippet:-1, max-image-preview:large, max-video-preview:-1\" \/>\n<link rel=\"canonical\" href=\"https:\/\/bibliaparalavida.com\/es\/prod\/promo-corintios\/\" \/>\n<meta property=\"og:locale\" content=\"es_ES\" \/>\n<meta property=\"og:type\" content=\"article\" \/>\n<meta property=\"og:title\" content=\"PROMO CORINTIOS (Maestro+Alumno) - Biblia para la Vida ESPA\u00d1A\" \/>\n<meta property=\"og:description\" content=\"La PROMO CORINTIOS es un estudio inductivo de las 2 cartas a los CORINTIOS con aplicaci\u00f3n a la vida cristiana y al ministerio a trav\u00e9s de preguntas. Incluye el Manual del Maestro y del Alumno  SOLICITA UN ADELANTO EN PDF  C\u00f3mpralos aqu\u00ed en digital y l\u00e9elos en nuestra App. \u00bfLos prefieres IMPRESOS? C\u00f3mpralos en Amazon.\" \/>\n<meta property=\"og:url\" content=\"https:\/\/bibliaparalavida.com\/es\/prod\/promo-corintios\/\" \/>\n<meta property=\"og:site_name\" content=\"Biblia para la Vida ESPA\u00d1A\" \/>\n<meta property=\"article:publisher\" content=\"https:\/\/www.facebook.com\/BibliaParaLaVida\" \/>\n<meta property=\"article:modified_time\" content=\"2025-01-29T15:31:34+00:00\" \/>\n<meta property=\"og:image\" content=\"https:\/\/bibliaparalavida.com\/es\/wp-content\/uploads\/2020\/05\/Promo-Corintios.jpg\" \/>\n\t<meta property=\"og:image:width\" content=\"1080\" \/>\n\t<meta property=\"og:image:height\" content=\"1080\" \/>\n\t<meta property=\"og:image:type\" content=\"image\/jpeg\" \/>\n<meta name=\"twitter:card\" content=\"summary_large_image\" \/>\n<meta name=\"twitter:label1\" content=\"Tiempo de lectura\" \/>\n\t<meta name=\"twitter:data1\" content=\"2 minutos\" \/>\n<script type=\"application\/ld+json\" class=\"yoast-schema-graph\">{\"@context\":\"https:\/\/schema.org\",\"@graph\":[{\"@type\":\"WebPage\",\"@id\":\"https:\/\/bibliaparalavida.com\/es\/prod\/promo-corintios\/\",\"url\":\"https:\/\/bibliaparalavida.com\/es\/prod\/promo-corintios\/\",\"name\":\"PROMO CORINTIOS (Maestro+Alumno) - Biblia para la Vida ESPA\u00d1A\",\"isPartOf\":{\"@id\":\"https:\/\/bibliaparalavida.com\/es\/#website\"},\"primaryImageOfPage\":{\"@id\":\"https:\/\/bibliaparalavida.com\/es\/prod\/promo-corintios\/#primaryimage\"},\"image\":{\"@id\":\"https:\/\/bibliaparalavida.com\/es\/prod\/promo-corintios\/#primaryimage\"},\"thumbnailUrl\":\"https:\/\/bibliaparalavida.com\/es\/wp-content\/uploads\/2020\/05\/Promo-Corintios.jpg\",\"datePublished\":\"2025-01-29T10:24:02+00:00\",\"dateModified\":\"2025-01-29T15:31:34+00:00\",\"breadcrumb\":{\"@id\":\"https:\/\/bibliaparalavida.com\/es\/prod\/promo-corintios\/#breadcrumb\"},\"inLanguage\":\"es\",\"potentialAction\":[{\"@type\":\"ReadAction\",\"target\":[\"https:\/\/bibliaparalavida.com\/es\/prod\/promo-corintios\/\"]}]},{\"@type\":\"ImageObject\",\"inLanguage\":\"es\",\"@id\":\"https:\/\/bibliaparalavida.com\/es\/prod\/promo-corintios\/#primaryimage\",\"url\":\"https:\/\/bibliaparalavida.com\/es\/wp-content\/uploads\/2020\/05\/Promo-Corintios.jpg\",\"contentUrl\":\"https:\/\/bibliaparalavida.com\/es\/wp-content\/uploads\/2020\/05\/Promo-Corintios.jpg\",\"width\":1080,\"height\":1080,\"caption\":\"Promo 1 y 2 Corintios\"},{\"@type\":\"BreadcrumbList\",\"@id\":\"https:\/\/bibliaparalavida.com\/es\/prod\/promo-corintios\/#breadcrumb\",\"itemListElement\":[{\"@type\":\"ListItem\",\"position\":1,\"name\":\"Portada\",\"item\":\"https:\/\/bibliaparalavida.com\/es\/\"},{\"@type\":\"ListItem\",\"position\":2,\"name\":\"Tienda\",\"item\":\"https:\/\/bibliaparalavida.com\/es\/tienda\/\"},{\"@type\":\"ListItem\",\"position\":3,\"name\":\"PROMO CORINTIOS (Maestro+Alumno)\"}]},{\"@type\":\"WebSite\",\"@id\":\"https:\/\/bibliaparalavida.com\/es\/#website\",\"url\":\"https:\/\/bibliaparalavida.com\/es\/\",\"name\":\"Biblia para la Vida ESPA\u00d1A\",\"description\":\"Aplica la Biblia a tu vida\",\"publisher\":{\"@id\":\"https:\/\/bibliaparalavida.com\/es\/#organization\"},\"potentialAction\":[{\"@type\":\"SearchAction\",\"target\":{\"@type\":\"EntryPoint\",\"urlTemplate\":\"https:\/\/bibliaparalavida.com\/es\/?s={search_term_string}\"},\"query-input\":\"required name=search_term_string\"}],\"inLanguage\":\"es\"},{\"@type\":\"Organization\",\"@id\":\"https:\/\/bibliaparalavida.com\/es\/#organization\",\"name\":\"Biblia para la Vida\",\"url\":\"https:\/\/bibliaparalavida.com\/es\/\",\"logo\":{\"@type\":\"ImageObject\",\"inLanguage\":\"es\",\"@id\":\"https:\/\/bibliaparalavida.com\/es\/#\/schema\/logo\/image\/\",\"url\":\"https:\/\/bibliaparalavida.com\/es\/wp-content\/uploads\/2022\/01\/Logo-BPLV-Header.png\",\"contentUrl\":\"https:\/\/bibliaparalavida.com\/es\/wp-content\/uploads\/2022\/01\/Logo-BPLV-Header.png\",\"width\":356,\"height\":97,\"caption\":\"Biblia para la Vida\"},\"image\":{\"@id\":\"https:\/\/bibliaparalavida.com\/es\/#\/schema\/logo\/image\/\"},\"sameAs\":[\"https:\/\/www.facebook.com\/BibliaParaLaVida\"]}]}<\/script>\n<!-- \/ Yoast SEO plugin. -->","yoast_head_json":{"title":"PROMO CORINTIOS (Maestro+Alumno) - Biblia para la Vida ESPA\u00d1A","robots":{"index":"index","follow":"follow","max-snippet":"max-snippet:-1","max-image-preview":"max-image-preview:large","max-video-preview":"max-video-preview:-1"},"canonical":"https:\/\/bibliaparalavida.com\/es\/prod\/promo-corintios\/","og_locale":"es_ES","og_type":"article","og_title":"PROMO CORINTIOS (Maestro+Alumno) - Biblia para la Vida ESPA\u00d1A","og_description":"La PROMO CORINTIOS es un estudio inductivo de las 2 cartas a los CORINTIOS con aplicaci\u00f3n a la vida cristiana y al ministerio a trav\u00e9s de preguntas. Incluye el Manual del Maestro y del Alumno  SOLICITA UN ADELANTO EN PDF  C\u00f3mpralos aqu\u00ed en digital y l\u00e9elos en nuestra App. \u00bfLos prefieres IMPRESOS? C\u00f3mpralos en Amazon.","og_url":"https:\/\/bibliaparalavida.com\/es\/prod\/promo-corintios\/","og_site_name":"Biblia para la Vida ESPA\u00d1A","article_publisher":"https:\/\/www.facebook.com\/BibliaParaLaVida","article_modified_time":"2025-01-29T15:31:34+00:00","og_image":[{"width":1080,"height":1080,"url":"https:\/\/bibliaparalavida.com\/es\/wp-content\/uploads\/2020\/05\/Promo-Corintios.jpg","type":"image\/jpeg"}],"twitter_card":"summary_large_image","twitter_misc":{"Tiempo de lectura":"2 minutos"},"schema":{"@context":"https:\/\/schema.org","@graph":[{"@type":"WebPage","@id":"https:\/\/bibliaparalavida.com\/es\/prod\/promo-corintios\/","url":"https:\/\/bibliaparalavida.com\/es\/prod\/promo-corintios\/","name":"PROMO CORINTIOS (Maestro+Alumno) - Biblia para la Vida ESPA\u00d1A","isPartOf":{"@id":"https:\/\/bibliaparalavida.com\/es\/#website"},"primaryImageOfPage":{"@id":"https:\/\/bibliaparalavida.com\/es\/prod\/promo-corintios\/#primaryimage"},"image":{"@id":"https:\/\/bibliaparalavida.com\/es\/prod\/promo-corintios\/#primaryimage"},"thumbnailUrl":"https:\/\/bibliaparalavida.com\/es\/wp-content\/uploads\/2020\/05\/Promo-Corintios.jpg","datePublished":"2025-01-29T10:24:02+00:00","dateModified":"2025-01-29T15:31:34+00:00","breadcrumb":{"@id":"https:\/\/bibliaparalavida.com\/es\/prod\/promo-corintios\/#breadcrumb"},"inLanguage":"es","potentialAction":[{"@type":"ReadAction","target":["https:\/\/bibliaparalavida.com\/es\/prod\/promo-corintios\/"]}]},{"@type":"ImageObject","inLanguage":"es","@id":"https:\/\/bibliaparalavida.com\/es\/prod\/promo-corintios\/#primaryimage","url":"https:\/\/bibliaparalavida.com\/es\/wp-content\/uploads\/2020\/05\/Promo-Corintios.jpg","contentUrl":"https:\/\/bibliaparalavida.com\/es\/wp-content\/uploads\/2020\/05\/Promo-Corintios.jpg","width":1080,"height":1080,"caption":"Promo 1 y 2 Corintios"},{"@type":"BreadcrumbList","@id":"https:\/\/bibliaparalavida.com\/es\/prod\/promo-corintios\/#breadcrumb","itemListElement":[{"@type":"ListItem","position":1,"name":"Portada","item":"https:\/\/bibliaparalavida.com\/es\/"},{"@type":"ListItem","position":2,"name":"Tienda","item":"https:\/\/bibliaparalavida.com\/es\/tienda\/"},{"@type":"ListItem","position":3,"name":"PROMO CORINTIOS (Maestro+Alumno)"}]},{"@type":"WebSite","@id":"https:\/\/bibliaparalavida.com\/es\/#website","url":"https:\/\/bibliaparalavida.com\/es\/","name":"Biblia para la Vida ESPA\u00d1A","description":"Aplica la Biblia a tu vida","publisher":{"@id":"https:\/\/bibliaparalavida.com\/es\/#organization"},"potentialAction":[{"@type":"SearchAction","target":{"@type":"EntryPoint","urlTemplate":"https:\/\/bibliaparalavida.com\/es\/?s={search_term_string}"},"query-input":"required name=search_term_string"}],"inLanguage":"es"},{"@type":"Organization","@id":"https:\/\/bibliaparalavida.com\/es\/#organization","name":"Biblia para la Vida","url":"https:\/\/bibliaparalavida.com\/es\/","logo":{"@type":"ImageObject","inLanguage":"es","@id":"https:\/\/bibliaparalavida.com\/es\/#\/schema\/logo\/image\/","url":"https:\/\/bibliaparalavida.com\/es\/wp-content\/uploads\/2022\/01\/Logo-BPLV-Header.png","contentUrl":"https:\/\/bibliaparalavida.com\/es\/wp-content\/uploads\/2022\/01\/Logo-BPLV-Header.png","width":356,"height":97,"caption":"Biblia para la Vida"},"image":{"@id":"https:\/\/bibliaparalavida.com\/es\/#\/schema\/logo\/image\/"},"sameAs":["https:\/\/www.facebook.com\/BibliaParaLaVida"]}]}},"_links":{"self":[{"href":"https:\/\/bibliaparalavida.com\/es\/wp-json\/wp\/v2\/product\/1157"}],"collection":[{"href":"https:\/\/bibliaparalavida.com\/es\/wp-json\/wp\/v2\/product"}],"about":[{"href":"https:\/\/bibliaparalavida.com\/es\/wp-json\/wp\/v2\/types\/product"}],"replies":[{"embeddable":true,"href":"https:\/\/bibliaparalavida.com\/es\/wp-json\/wp\/v2\/comments?post=1157"}],"wp:featuredmedia":[{"embeddable":true,"href":"https:\/\/bibliaparalavida.com\/es\/wp-json\/wp\/v2\/media\/2663"}],"wp:attachment":[{"href":"https:\/\/bibliaparalavida.com\/es\/wp-json\/wp\/v2\/media?parent=1157"}],"wp:term":[{"taxonomy":"product_cat","embeddable":true,"href":"https:\/\/bibliaparalavida.com\/es\/wp-json\/wp\/v2\/product_cat?post=1157"},{"taxonomy":"product_tag","embeddable":true,"href":"https:\/\/bibliaparalavida.com\/es\/wp-json\/wp\/v2\/product_tag?post=1157"}],"curies":[{"name":"wp","href":"https:\/\/api.w.org\/{rel}","templated":true}]}}