{"id":1149,"date":"2021-05-23T00:03:20","date_gmt":"2021-05-23T00:03:20","guid":{"rendered":"https:\/\/bibliaparalavida.com\/es\/?post_type=product&#038;p=1149"},"modified":"2024-11-06T23:36:29","modified_gmt":"2024-11-06T23:36:29","slug":"corintios-alumno","status":"publish","type":"product","link":"https:\/\/bibliaparalavida.com\/es\/prod\/corintios-alumno\/","title":{"rendered":"Corintios | Alumno"},"content":{"rendered":"<p>El <strong>Manual del Alumno de CORINTIOS<\/strong> incluye 42 lecciones basadas en preguntas inductivas, a trav\u00e9s de las cuales se estudian las dos cartas que Pablo a los Corintios, con aplicaci\u00f3n a la vida cristiana y al ministerio.<\/p>\n<p>Es complementario con el <a href=\"https:\/\/bibliaparalavida.com\/es\/prod\/corintios-maestro\/\"><strong>Manual del Maestro<\/strong><\/a> que tiene las respuestas ya desarrolladas.<\/p>\n<p>Es un estudio ideal para ayudar a pastores a desarrollar l\u00edderes en su congregaci\u00f3n de manera b\u00edblica y pr\u00e1ctica.<\/p>\n<p><b>En este manual profundizaremos en las dos cartas que Pablo escribi\u00f3 a los Corintios<\/b>, con la meta comprender las problem\u00e1ticas surgidas en esta iglesia tan particular, ubicada en una t\u00edpica ciudad de cultura greco-romana, totalmente pagana y sin noci\u00f3n de Dios. Adem\u00e1s observaremos la manera en que Pablo lidi\u00f3 con situaciones complejas, a la vez que aprenderemos de las instrucciones dadas por el Ap\u00f3stol, de tal manera que podamos aplicarlas y\/o adaptarlas en nuestras congregaciones locales.<\/p>\n<p><b>Algunos temas incluidos en este Manual:<\/b><\/p>\n<p><b>PRIMERA CARTA A LOS CORINTIOS<\/b><\/p>\n<ol>\n<li>Divisiones por facciones<\/li>\n<li>Sabidur\u00eda del mundo versus de Dios<\/li>\n<li>El peligro de envanecerse<\/li>\n<li>Inmoralidad tolerada<\/li>\n<li>Pleitos entre creyentes<\/li>\n<li>Evitar el pecado sexual<\/li>\n<li>Instrucciones para los casados<\/li>\n<li>Orientaciones con respecto al divorcio<\/li>\n<li>Instrucciones para los solteros<\/li>\n<li>Idolatr\u00eda: lo sacrificado a los \u00eddolos<\/li>\n<li>Derechos, decisiones y actitudes de Pablo como ap\u00f3stol<\/li>\n<li>Advertencia respecto a no pecar<\/li>\n<li>La mujer en la congregaci\u00f3n<\/li>\n<li>Cena del Se\u00f1or: abusos e instrucciones<\/li>\n<li>Dones espirituales<\/li>\n<li>La importancia del amor en el ministerio<\/li>\n<li>Dones de Lenguas y Profec\u00eda<\/li>\n<li>Ense\u00f1anzas sobre la resurrecci\u00f3n<\/li>\n<\/ol>\n<p><b>SEGUNDA CARTA A LOS CORINTIOS<\/b><\/p>\n<ol>\n<li>Consolaci\u00f3n en la tribulaci\u00f3n<\/li>\n<li>Integridad y sinceridad en el ministerio<\/li>\n<li>Perd\u00f3n al inmoral arrepentido<\/li>\n<li>Ministros de un nuevo pacto<\/li>\n<li>Padeciendo en el ministerio con la esperanza de la resurrecci\u00f3n<\/li>\n<li>Ministerio de la reconciliaci\u00f3n<\/li>\n<li>Paradojas del ministerio y el yugo desigual<\/li>\n<li>La importancia y el prop\u00f3sito de la represi\u00f3n<\/li>\n<li>La ofrenda para los santos<\/li>\n<li>Actitudes correctas al dar las ofrendas<\/li>\n<li>Pablo defiende su ministerio apost\u00f3lico<\/li>\n<li>Pablo denuncia a los falsos ap\u00f3stoles<\/li>\n<li>Sufrimientos de Pablo como ap\u00f3stol<\/li>\n<li>Visi\u00f3n de Pablo y el \u201caguij\u00f3n en la carne\u201d<\/li>\n<li>Preocupaci\u00f3n de Pablo por los Corintios<\/li>\n<li>Advertencias y saludos finales<\/li>\n<\/ol>\n","protected":false},"excerpt":{"rendered":"<p><a href=\"https:\/\/bibliaparalavida.com\/tutorialapp\" target=\"_blank\" rel=\"noopener\"><img loading=\"lazy\" decoding=\"async\" class=\"alignright wp-image-2502\" src=\"https:\/\/bibliaparalavida.com\/es\/wp-content\/uploads\/2023\/07\/stores-icons-B.png\" alt=\"\" width=\"48\" height=\"90\" \/><\/a><\/p>\n<p><strong>CORINTIOS Alumno<\/strong> es un estudio inductivo de las dos cartas que Pablo a los Corintios, con aplicaci\u00f3n a la vida cristiana y al ministerio a trav\u00e9s de preguntas. <a href=\"https:\/\/bibliaparalavida.com\/es\/biblia-inductiva\/corintios-alumno-demo\/\">LEE UN ADELANTO DEL LIBRO<\/a><\/p>\n<p><strong>C\u00f3mpralo aqu\u00ed en digital <\/strong>y l\u00e9elo en nuestra <a href=\"https:\/\/bibliaparalavida.com\/es\/app\/\" rel=\"noopener\">App.<\/a><br \/>\n<strong>\u00bfPrefieres en papel? <\/strong>C\u00f3mpralo en <a href=\"https:\/\/www.amazon.es\/dp\/9874824034\" target=\"_blank\" rel=\"noopener\">Amazon<\/a>.<\/p>\n","protected":false},"featured_media":1150,"comment_status":"closed","ping_status":"closed","template":"","meta":{"_joinchat":[]},"product_cat":[52],"product_tag":[],"yoast_head":"<!-- This site is optimized with the Yoast SEO plugin v22.8 - https:\/\/yoast.com\/wordpress\/plugins\/seo\/ -->\n<title>Corintios | Alumno - Biblia para la Vida ESPA\u00d1A<\/title>\n<meta name=\"robots\" content=\"index, follow, max-snippet:-1, max-image-preview:large, max-video-preview:-1\" \/>\n<link rel=\"canonical\" href=\"https:\/\/bibliaparalavida.com\/es\/prod\/corintios-alumno\/\" \/>\n<meta property=\"og:locale\" content=\"es_ES\" \/>\n<meta property=\"og:type\" content=\"article\" \/>\n<meta property=\"og:title\" content=\"Corintios | Alumno - Biblia para la Vida ESPA\u00d1A\" \/>\n<meta property=\"og:description\" content=\"CORINTIOS Alumno es un estudio inductivo de las dos cartas que Pablo a los Corintios, con aplicaci\u00f3n a la vida cristiana y al ministerio a trav\u00e9s de preguntas. LEE UN ADELANTO DEL LIBRO  C\u00f3mpralo aqu\u00ed en digital y l\u00e9elo en nuestra App. \u00bfPrefieres en papel? C\u00f3mpralo en Amazon.\" \/>\n<meta property=\"og:url\" content=\"https:\/\/bibliaparalavida.com\/es\/prod\/corintios-alumno\/\" \/>\n<meta property=\"og:site_name\" content=\"Biblia para la Vida ESPA\u00d1A\" \/>\n<meta property=\"article:publisher\" content=\"https:\/\/www.facebook.com\/BibliaParaLaVida\" \/>\n<meta property=\"article:modified_time\" content=\"2024-11-06T23:36:29+00:00\" \/>\n<meta property=\"og:image\" content=\"https:\/\/bibliaparalavida.com\/es\/wp-content\/uploads\/2021\/11\/Corintios-Alumno.jpg\" \/>\n\t<meta property=\"og:image:width\" content=\"1000\" \/>\n\t<meta property=\"og:image:height\" content=\"1000\" \/>\n\t<meta property=\"og:image:type\" content=\"image\/jpeg\" \/>\n<meta name=\"twitter:card\" content=\"summary_large_image\" \/>\n<meta name=\"twitter:label1\" content=\"Tiempo de lectura\" \/>\n\t<meta name=\"twitter:data1\" content=\"2 minutos\" \/>\n<script type=\"application\/ld+json\" class=\"yoast-schema-graph\">{\"@context\":\"https:\/\/schema.org\",\"@graph\":[{\"@type\":\"WebPage\",\"@id\":\"https:\/\/bibliaparalavida.com\/es\/prod\/corintios-alumno\/\",\"url\":\"https:\/\/bibliaparalavida.com\/es\/prod\/corintios-alumno\/\",\"name\":\"Corintios | Alumno - Biblia para la Vida ESPA\u00d1A\",\"isPartOf\":{\"@id\":\"https:\/\/bibliaparalavida.com\/es\/#website\"},\"primaryImageOfPage\":{\"@id\":\"https:\/\/bibliaparalavida.com\/es\/prod\/corintios-alumno\/#primaryimage\"},\"image\":{\"@id\":\"https:\/\/bibliaparalavida.com\/es\/prod\/corintios-alumno\/#primaryimage\"},\"thumbnailUrl\":\"https:\/\/bibliaparalavida.com\/es\/wp-content\/uploads\/2021\/11\/Corintios-Alumno.jpg\",\"datePublished\":\"2021-05-23T00:03:20+00:00\",\"dateModified\":\"2024-11-06T23:36:29+00:00\",\"breadcrumb\":{\"@id\":\"https:\/\/bibliaparalavida.com\/es\/prod\/corintios-alumno\/#breadcrumb\"},\"inLanguage\":\"es\",\"potentialAction\":[{\"@type\":\"ReadAction\",\"target\":[\"https:\/\/bibliaparalavida.com\/es\/prod\/corintios-alumno\/\"]}]},{\"@type\":\"ImageObject\",\"inLanguage\":\"es\",\"@id\":\"https:\/\/bibliaparalavida.com\/es\/prod\/corintios-alumno\/#primaryimage\",\"url\":\"https:\/\/bibliaparalavida.com\/es\/wp-content\/uploads\/2021\/11\/Corintios-Alumno.jpg\",\"contentUrl\":\"https:\/\/bibliaparalavida.com\/es\/wp-content\/uploads\/2021\/11\/Corintios-Alumno.jpg\",\"width\":1000,\"height\":1000,\"caption\":\"Corintios Alumno\"},{\"@type\":\"BreadcrumbList\",\"@id\":\"https:\/\/bibliaparalavida.com\/es\/prod\/corintios-alumno\/#breadcrumb\",\"itemListElement\":[{\"@type\":\"ListItem\",\"position\":1,\"name\":\"Portada\",\"item\":\"https:\/\/bibliaparalavida.com\/es\/\"},{\"@type\":\"ListItem\",\"position\":2,\"name\":\"Tienda\",\"item\":\"https:\/\/bibliaparalavida.com\/es\/tienda\/\"},{\"@type\":\"ListItem\",\"position\":3,\"name\":\"Corintios | Alumno\"}]},{\"@type\":\"WebSite\",\"@id\":\"https:\/\/bibliaparalavida.com\/es\/#website\",\"url\":\"https:\/\/bibliaparalavida.com\/es\/\",\"name\":\"Biblia para la Vida ESPA\u00d1A\",\"description\":\"Aplica la Biblia a tu vida\",\"publisher\":{\"@id\":\"https:\/\/bibliaparalavida.com\/es\/#organization\"},\"potentialAction\":[{\"@type\":\"SearchAction\",\"target\":{\"@type\":\"EntryPoint\",\"urlTemplate\":\"https:\/\/bibliaparalavida.com\/es\/?s={search_term_string}\"},\"query-input\":\"required name=search_term_string\"}],\"inLanguage\":\"es\"},{\"@type\":\"Organization\",\"@id\":\"https:\/\/bibliaparalavida.com\/es\/#organization\",\"name\":\"Biblia para la Vida\",\"url\":\"https:\/\/bibliaparalavida.com\/es\/\",\"logo\":{\"@type\":\"ImageObject\",\"inLanguage\":\"es\",\"@id\":\"https:\/\/bibliaparalavida.com\/es\/#\/schema\/logo\/image\/\",\"url\":\"https:\/\/bibliaparalavida.com\/es\/wp-content\/uploads\/2022\/01\/Logo-BPLV-Header.png\",\"contentUrl\":\"https:\/\/bibliaparalavida.com\/es\/wp-content\/uploads\/2022\/01\/Logo-BPLV-Header.png\",\"width\":356,\"height\":97,\"caption\":\"Biblia para la Vida\"},\"image\":{\"@id\":\"https:\/\/bibliaparalavida.com\/es\/#\/schema\/logo\/image\/\"},\"sameAs\":[\"https:\/\/www.facebook.com\/BibliaParaLaVida\"]}]}<\/script>\n<!-- \/ Yoast SEO plugin. -->","yoast_head_json":{"title":"Corintios | Alumno - Biblia para la Vida ESPA\u00d1A","robots":{"index":"index","follow":"follow","max-snippet":"max-snippet:-1","max-image-preview":"max-image-preview:large","max-video-preview":"max-video-preview:-1"},"canonical":"https:\/\/bibliaparalavida.com\/es\/prod\/corintios-alumno\/","og_locale":"es_ES","og_type":"article","og_title":"Corintios | Alumno - Biblia para la Vida ESPA\u00d1A","og_description":"CORINTIOS Alumno es un estudio inductivo de las dos cartas que Pablo a los Corintios, con aplicaci\u00f3n a la vida cristiana y al ministerio a trav\u00e9s de preguntas. LEE UN ADELANTO DEL LIBRO  C\u00f3mpralo aqu\u00ed en digital y l\u00e9elo en nuestra App. \u00bfPrefieres en papel? C\u00f3mpralo en Amazon.","og_url":"https:\/\/bibliaparalavida.com\/es\/prod\/corintios-alumno\/","og_site_name":"Biblia para la Vida ESPA\u00d1A","article_publisher":"https:\/\/www.facebook.com\/BibliaParaLaVida","article_modified_time":"2024-11-06T23:36:29+00:00","og_image":[{"width":1000,"height":1000,"url":"https:\/\/bibliaparalavida.com\/es\/wp-content\/uploads\/2021\/11\/Corintios-Alumno.jpg","type":"image\/jpeg"}],"twitter_card":"summary_large_image","twitter_misc":{"Tiempo de lectura":"2 minutos"},"schema":{"@context":"https:\/\/schema.org","@graph":[{"@type":"WebPage","@id":"https:\/\/bibliaparalavida.com\/es\/prod\/corintios-alumno\/","url":"https:\/\/bibliaparalavida.com\/es\/prod\/corintios-alumno\/","name":"Corintios | Alumno - Biblia para la Vida ESPA\u00d1A","isPartOf":{"@id":"https:\/\/bibliaparalavida.com\/es\/#website"},"primaryImageOfPage":{"@id":"https:\/\/bibliaparalavida.com\/es\/prod\/corintios-alumno\/#primaryimage"},"image":{"@id":"https:\/\/bibliaparalavida.com\/es\/prod\/corintios-alumno\/#primaryimage"},"thumbnailUrl":"https:\/\/bibliaparalavida.com\/es\/wp-content\/uploads\/2021\/11\/Corintios-Alumno.jpg","datePublished":"2021-05-23T00:03:20+00:00","dateModified":"2024-11-06T23:36:29+00:00","breadcrumb":{"@id":"https:\/\/bibliaparalavida.com\/es\/prod\/corintios-alumno\/#breadcrumb"},"inLanguage":"es","potentialAction":[{"@type":"ReadAction","target":["https:\/\/bibliaparalavida.com\/es\/prod\/corintios-alumno\/"]}]},{"@type":"ImageObject","inLanguage":"es","@id":"https:\/\/bibliaparalavida.com\/es\/prod\/corintios-alumno\/#primaryimage","url":"https:\/\/bibliaparalavida.com\/es\/wp-content\/uploads\/2021\/11\/Corintios-Alumno.jpg","contentUrl":"https:\/\/bibliaparalavida.com\/es\/wp-content\/uploads\/2021\/11\/Corintios-Alumno.jpg","width":1000,"height":1000,"caption":"Corintios Alumno"},{"@type":"BreadcrumbList","@id":"https:\/\/bibliaparalavida.com\/es\/prod\/corintios-alumno\/#breadcrumb","itemListElement":[{"@type":"ListItem","position":1,"name":"Portada","item":"https:\/\/bibliaparalavida.com\/es\/"},{"@type":"ListItem","position":2,"name":"Tienda","item":"https:\/\/bibliaparalavida.com\/es\/tienda\/"},{"@type":"ListItem","position":3,"name":"Corintios | Alumno"}]},{"@type":"WebSite","@id":"https:\/\/bibliaparalavida.com\/es\/#website","url":"https:\/\/bibliaparalavida.com\/es\/","name":"Biblia para la Vida ESPA\u00d1A","description":"Aplica la Biblia a tu vida","publisher":{"@id":"https:\/\/bibliaparalavida.com\/es\/#organization"},"potentialAction":[{"@type":"SearchAction","target":{"@type":"EntryPoint","urlTemplate":"https:\/\/bibliaparalavida.com\/es\/?s={search_term_string}"},"query-input":"required name=search_term_string"}],"inLanguage":"es"},{"@type":"Organization","@id":"https:\/\/bibliaparalavida.com\/es\/#organization","name":"Biblia para la Vida","url":"https:\/\/bibliaparalavida.com\/es\/","logo":{"@type":"ImageObject","inLanguage":"es","@id":"https:\/\/bibliaparalavida.com\/es\/#\/schema\/logo\/image\/","url":"https:\/\/bibliaparalavida.com\/es\/wp-content\/uploads\/2022\/01\/Logo-BPLV-Header.png","contentUrl":"https:\/\/bibliaparalavida.com\/es\/wp-content\/uploads\/2022\/01\/Logo-BPLV-Header.png","width":356,"height":97,"caption":"Biblia para la Vida"},"image":{"@id":"https:\/\/bibliaparalavida.com\/es\/#\/schema\/logo\/image\/"},"sameAs":["https:\/\/www.facebook.com\/BibliaParaLaVida"]}]}},"_links":{"self":[{"href":"https:\/\/bibliaparalavida.com\/es\/wp-json\/wp\/v2\/product\/1149"}],"collection":[{"href":"https:\/\/bibliaparalavida.com\/es\/wp-json\/wp\/v2\/product"}],"about":[{"href":"https:\/\/bibliaparalavida.com\/es\/wp-json\/wp\/v2\/types\/product"}],"replies":[{"embeddable":true,"href":"https:\/\/bibliaparalavida.com\/es\/wp-json\/wp\/v2\/comments?post=1149"}],"wp:featuredmedia":[{"embeddable":true,"href":"https:\/\/bibliaparalavida.com\/es\/wp-json\/wp\/v2\/media\/1150"}],"wp:attachment":[{"href":"https:\/\/bibliaparalavida.com\/es\/wp-json\/wp\/v2\/media?parent=1149"}],"wp:term":[{"taxonomy":"product_cat","embeddable":true,"href":"https:\/\/bibliaparalavida.com\/es\/wp-json\/wp\/v2\/product_cat?post=1149"},{"taxonomy":"product_tag","embeddable":true,"href":"https:\/\/bibliaparalavida.com\/es\/wp-json\/wp\/v2\/product_tag?post=1149"}],"curies":[{"name":"wp","href":"https:\/\/api.w.org\/{rel}","templated":true}]}}