{"id":2637,"date":"2024-04-04T17:29:38","date_gmt":"2024-04-04T17:29:38","guid":{"rendered":"https:\/\/bibliaparalavida.com\/es\/?page_id=2637"},"modified":"2024-04-04T17:29:53","modified_gmt":"2024-04-04T17:29:53","slug":"101-meditaciones","status":"publish","type":"page","link":"https:\/\/bibliaparalavida.com\/es\/libros\/101-meditaciones\/","title":{"rendered":"101 Meditaciones b\u00edblicas de la vida cotidiana (Demo)"},"content":{"rendered":"\n<h2 class=\"wp-block-heading has-text-align-center\">101 MEDITACIONES B\u00cdBLICAS (DEMO)<\/h2>\n\n\n\n<p class=\"has-text-align-center\"><strong>\u00bfTe gust\u00f3? <\/strong><a href=\"https:\/\/bibliaparalavida.com\/es\/prod\/101-meditaciones\/\">Cons\u00edguelo aqu\u00ed<\/a>.<\/p>\n\n\n\n<div class=\"wp-block-pdfjsblock-pdfjs-embed pdfjs-wrapper\"><\/div>\n","protected":false},"excerpt":{"rendered":"<p>101 MEDITACIONES B\u00cdBLICAS (DEMO) \u00bfTe gust\u00f3? Cons\u00edguelo aqu\u00ed.<\/p>\n","protected":false},"author":2,"featured_media":0,"parent":1447,"menu_order":0,"comment_status":"closed","ping_status":"closed","template":"","meta":{"_joinchat":[],"footnotes":""},"yoast_head":"<!-- This site is optimized with the Yoast SEO plugin v22.8 - https:\/\/yoast.com\/wordpress\/plugins\/seo\/ -->\n<title>101 Meditaciones b\u00edblicas de la vida cotidiana (Demo) - Biblia para la Vida ESPA\u00d1A<\/title>\n<meta name=\"robots\" content=\"index, follow, max-snippet:-1, max-image-preview:large, max-video-preview:-1\" \/>\n<link rel=\"canonical\" href=\"https:\/\/bibliaparalavida.com\/es\/libros\/101-meditaciones\/\" \/>\n<meta property=\"og:locale\" content=\"es_ES\" \/>\n<meta property=\"og:type\" content=\"article\" \/>\n<meta property=\"og:title\" content=\"101 Meditaciones b\u00edblicas de la vida cotidiana (Demo) - Biblia para la Vida ESPA\u00d1A\" \/>\n<meta property=\"og:description\" content=\"101 MEDITACIONES B\u00cdBLICAS (DEMO) \u00bfTe gust\u00f3? Cons\u00edguelo aqu\u00ed.\" \/>\n<meta property=\"og:url\" content=\"https:\/\/bibliaparalavida.com\/es\/libros\/101-meditaciones\/\" \/>\n<meta property=\"og:site_name\" content=\"Biblia para la Vida ESPA\u00d1A\" \/>\n<meta property=\"article:publisher\" content=\"https:\/\/www.facebook.com\/BibliaParaLaVida\" \/>\n<meta property=\"article:modified_time\" content=\"2024-04-04T17:29:53+00:00\" \/>\n<meta name=\"twitter:card\" content=\"summary_large_image\" \/>\n<meta name=\"twitter:label1\" content=\"Tiempo de lectura\" \/>\n\t<meta name=\"twitter:data1\" content=\"1 minuto\" \/>\n<script type=\"application\/ld+json\" class=\"yoast-schema-graph\">{\"@context\":\"https:\/\/schema.org\",\"@graph\":[{\"@type\":\"WebPage\",\"@id\":\"https:\/\/bibliaparalavida.com\/es\/libros\/101-meditaciones\/\",\"url\":\"https:\/\/bibliaparalavida.com\/es\/libros\/101-meditaciones\/\",\"name\":\"101 Meditaciones b\u00edblicas de la vida cotidiana (Demo) - Biblia para la Vida ESPA\u00d1A\",\"isPartOf\":{\"@id\":\"https:\/\/bibliaparalavida.com\/es\/#website\"},\"datePublished\":\"2024-04-04T17:29:38+00:00\",\"dateModified\":\"2024-04-04T17:29:53+00:00\",\"breadcrumb\":{\"@id\":\"https:\/\/bibliaparalavida.com\/es\/libros\/101-meditaciones\/#breadcrumb\"},\"inLanguage\":\"es\",\"potentialAction\":[{\"@type\":\"ReadAction\",\"target\":[\"https:\/\/bibliaparalavida.com\/es\/libros\/101-meditaciones\/\"]}]},{\"@type\":\"BreadcrumbList\",\"@id\":\"https:\/\/bibliaparalavida.com\/es\/libros\/101-meditaciones\/#breadcrumb\",\"itemListElement\":[{\"@type\":\"ListItem\",\"position\":1,\"name\":\"Portada\",\"item\":\"https:\/\/bibliaparalavida.com\/es\/\"},{\"@type\":\"ListItem\",\"position\":2,\"name\":\"Libros\",\"item\":\"https:\/\/bibliaparalavida.com\/es\/libros\/\"},{\"@type\":\"ListItem\",\"position\":3,\"name\":\"101 Meditaciones b\u00edblicas de la vida cotidiana (Demo)\"}]},{\"@type\":\"WebSite\",\"@id\":\"https:\/\/bibliaparalavida.com\/es\/#website\",\"url\":\"https:\/\/bibliaparalavida.com\/es\/\",\"name\":\"Biblia para la Vida ESPA\u00d1A\",\"description\":\"Aplica la Biblia a tu vida\",\"publisher\":{\"@id\":\"https:\/\/bibliaparalavida.com\/es\/#organization\"},\"potentialAction\":[{\"@type\":\"SearchAction\",\"target\":{\"@type\":\"EntryPoint\",\"urlTemplate\":\"https:\/\/bibliaparalavida.com\/es\/?s={search_term_string}\"},\"query-input\":\"required name=search_term_string\"}],\"inLanguage\":\"es\"},{\"@type\":\"Organization\",\"@id\":\"https:\/\/bibliaparalavida.com\/es\/#organization\",\"name\":\"Biblia para la Vida\",\"url\":\"https:\/\/bibliaparalavida.com\/es\/\",\"logo\":{\"@type\":\"ImageObject\",\"inLanguage\":\"es\",\"@id\":\"https:\/\/bibliaparalavida.com\/es\/#\/schema\/logo\/image\/\",\"url\":\"https:\/\/bibliaparalavida.com\/es\/wp-content\/uploads\/2022\/01\/Logo-BPLV-Header.png\",\"contentUrl\":\"https:\/\/bibliaparalavida.com\/es\/wp-content\/uploads\/2022\/01\/Logo-BPLV-Header.png\",\"width\":356,\"height\":97,\"caption\":\"Biblia para la Vida\"},\"image\":{\"@id\":\"https:\/\/bibliaparalavida.com\/es\/#\/schema\/logo\/image\/\"},\"sameAs\":[\"https:\/\/www.facebook.com\/BibliaParaLaVida\"]}]}<\/script>\n<!-- \/ Yoast SEO plugin. -->","yoast_head_json":{"title":"101 Meditaciones b\u00edblicas de la vida cotidiana (Demo) - Biblia para la Vida ESPA\u00d1A","robots":{"index":"index","follow":"follow","max-snippet":"max-snippet:-1","max-image-preview":"max-image-preview:large","max-video-preview":"max-video-preview:-1"},"canonical":"https:\/\/bibliaparalavida.com\/es\/libros\/101-meditaciones\/","og_locale":"es_ES","og_type":"article","og_title":"101 Meditaciones b\u00edblicas de la vida cotidiana (Demo) - Biblia para la Vida ESPA\u00d1A","og_description":"101 MEDITACIONES B\u00cdBLICAS (DEMO) \u00bfTe gust\u00f3? Cons\u00edguelo aqu\u00ed.","og_url":"https:\/\/bibliaparalavida.com\/es\/libros\/101-meditaciones\/","og_site_name":"Biblia para la Vida ESPA\u00d1A","article_publisher":"https:\/\/www.facebook.com\/BibliaParaLaVida","article_modified_time":"2024-04-04T17:29:53+00:00","twitter_card":"summary_large_image","twitter_misc":{"Tiempo de lectura":"1 minuto"},"schema":{"@context":"https:\/\/schema.org","@graph":[{"@type":"WebPage","@id":"https:\/\/bibliaparalavida.com\/es\/libros\/101-meditaciones\/","url":"https:\/\/bibliaparalavida.com\/es\/libros\/101-meditaciones\/","name":"101 Meditaciones b\u00edblicas de la vida cotidiana (Demo) - Biblia para la Vida ESPA\u00d1A","isPartOf":{"@id":"https:\/\/bibliaparalavida.com\/es\/#website"},"datePublished":"2024-04-04T17:29:38+00:00","dateModified":"2024-04-04T17:29:53+00:00","breadcrumb":{"@id":"https:\/\/bibliaparalavida.com\/es\/libros\/101-meditaciones\/#breadcrumb"},"inLanguage":"es","potentialAction":[{"@type":"ReadAction","target":["https:\/\/bibliaparalavida.com\/es\/libros\/101-meditaciones\/"]}]},{"@type":"BreadcrumbList","@id":"https:\/\/bibliaparalavida.com\/es\/libros\/101-meditaciones\/#breadcrumb","itemListElement":[{"@type":"ListItem","position":1,"name":"Portada","item":"https:\/\/bibliaparalavida.com\/es\/"},{"@type":"ListItem","position":2,"name":"Libros","item":"https:\/\/bibliaparalavida.com\/es\/libros\/"},{"@type":"ListItem","position":3,"name":"101 Meditaciones b\u00edblicas de la vida cotidiana (Demo)"}]},{"@type":"WebSite","@id":"https:\/\/bibliaparalavida.com\/es\/#website","url":"https:\/\/bibliaparalavida.com\/es\/","name":"Biblia para la Vida ESPA\u00d1A","description":"Aplica la Biblia a tu vida","publisher":{"@id":"https:\/\/bibliaparalavida.com\/es\/#organization"},"potentialAction":[{"@type":"SearchAction","target":{"@type":"EntryPoint","urlTemplate":"https:\/\/bibliaparalavida.com\/es\/?s={search_term_string}"},"query-input":"required name=search_term_string"}],"inLanguage":"es"},{"@type":"Organization","@id":"https:\/\/bibliaparalavida.com\/es\/#organization","name":"Biblia para la Vida","url":"https:\/\/bibliaparalavida.com\/es\/","logo":{"@type":"ImageObject","inLanguage":"es","@id":"https:\/\/bibliaparalavida.com\/es\/#\/schema\/logo\/image\/","url":"https:\/\/bibliaparalavida.com\/es\/wp-content\/uploads\/2022\/01\/Logo-BPLV-Header.png","contentUrl":"https:\/\/bibliaparalavida.com\/es\/wp-content\/uploads\/2022\/01\/Logo-BPLV-Header.png","width":356,"height":97,"caption":"Biblia para la Vida"},"image":{"@id":"https:\/\/bibliaparalavida.com\/es\/#\/schema\/logo\/image\/"},"sameAs":["https:\/\/www.facebook.com\/BibliaParaLaVida"]}]}},"_links":{"self":[{"href":"https:\/\/bibliaparalavida.com\/es\/wp-json\/wp\/v2\/pages\/2637"}],"collection":[{"href":"https:\/\/bibliaparalavida.com\/es\/wp-json\/wp\/v2\/pages"}],"about":[{"href":"https:\/\/bibliaparalavida.com\/es\/wp-json\/wp\/v2\/types\/page"}],"author":[{"embeddable":true,"href":"https:\/\/bibliaparalavida.com\/es\/wp-json\/wp\/v2\/users\/2"}],"replies":[{"embeddable":true,"href":"https:\/\/bibliaparalavida.com\/es\/wp-json\/wp\/v2\/comments?post=2637"}],"version-history":[{"count":1,"href":"https:\/\/bibliaparalavida.com\/es\/wp-json\/wp\/v2\/pages\/2637\/revisions"}],"predecessor-version":[{"id":2639,"href":"https:\/\/bibliaparalavida.com\/es\/wp-json\/wp\/v2\/pages\/2637\/revisions\/2639"}],"up":[{"embeddable":true,"href":"https:\/\/bibliaparalavida.com\/es\/wp-json\/wp\/v2\/pages\/1447"}],"wp:attachment":[{"href":"https:\/\/bibliaparalavida.com\/es\/wp-json\/wp\/v2\/media?parent=2637"}],"curies":[{"name":"wp","href":"https:\/\/api.w.org\/{rel}","templated":true}]}}