{"id":2526,"date":"2023-08-09T19:52:39","date_gmt":"2023-08-09T19:52:39","guid":{"rendered":"https:\/\/bibliaparalavida.com\/es\/?page_id=2526"},"modified":"2025-03-24T15:22:24","modified_gmt":"2025-03-24T15:22:24","slug":"app","status":"publish","type":"page","link":"https:\/\/bibliaparalavida.com\/es\/app\/","title":{"rendered":"Tutorial App"},"content":{"rendered":"\n<h2 class=\"wp-block-heading has-text-align-center\"><strong>Descarga e instala la App<\/strong><\/h2>\n\n\n\n<div class=\"wp-block-columns is-layout-flex wp-container-core-columns-is-layout-1 wp-block-columns-is-layout-flex\">\n<div class=\"wp-block-column is-layout-flow wp-block-column-is-layout-flow\"><div class=\"wp-block-image\">\n<figure class=\"aligncenter size-medium\"><a href=\"https:\/\/play.google.com\/store\/apps\/details?id=biblia.para.la.vidapp.android\" target=\"_blank\" rel=\"noreferrer noopener\"><img decoding=\"async\" src=\"https:\/\/bibliaparalavida.com\/wp-content\/uploads\/2023\/07\/botones-app-gplay-300x88.jpg\" alt=\"\" class=\"wp-image-2130\"\/><\/a><\/figure><\/div><\/div>\n\n\n\n<div class=\"wp-block-column is-layout-flow wp-block-column-is-layout-flow\"><div class=\"wp-block-image\">\n<figure class=\"aligncenter size-medium\"><a href=\"https:\/\/apps.apple.com\/us\/app\/biblia-para-la-vida\/id6449496775\" target=\"_blank\" rel=\"noreferrer noopener\"><img decoding=\"async\" src=\"https:\/\/bibliaparalavida.com\/wp-content\/uploads\/2023\/07\/botones-app-apstore-300x88.jpg\" alt=\"\" class=\"wp-image-2131\"\/><\/a><\/figure><\/div><\/div>\n<\/div>\n\n\n\n<h2 class=\"wp-block-heading has-text-align-center has-pale-cyan-blue-background-color has-background\">C\u00f3mo instalar y registrarte en la App<\/h2>\n\n\n<div class=\"wp-block-image\">\n<figure class=\"aligncenter size-full\"><img loading=\"lazy\" decoding=\"async\" width=\"1000\" height=\"1000\" src=\"https:\/\/bibliaparalavida.com\/es\/wp-content\/uploads\/2023\/08\/Tutorial-01b.jpg\" alt=\"\" class=\"wp-image-2527\" srcset=\"https:\/\/bibliaparalavida.com\/es\/wp-content\/uploads\/2023\/08\/Tutorial-01b.jpg 1000w, https:\/\/bibliaparalavida.com\/es\/wp-content\/uploads\/2023\/08\/Tutorial-01b-300x300.jpg 300w, https:\/\/bibliaparalavida.com\/es\/wp-content\/uploads\/2023\/08\/Tutorial-01b-150x150.jpg 150w, https:\/\/bibliaparalavida.com\/es\/wp-content\/uploads\/2023\/08\/Tutorial-01b-768x768.jpg 768w, https:\/\/bibliaparalavida.com\/es\/wp-content\/uploads\/2023\/08\/Tutorial-01b-600x600.jpg 600w, https:\/\/bibliaparalavida.com\/es\/wp-content\/uploads\/2023\/08\/Tutorial-01b-100x100.jpg 100w\" sizes=\"(max-width: 1000px) 100vw, 1000px\" \/><\/figure><\/div>\n\n<div class=\"wp-block-image\">\n<figure class=\"aligncenter size-full\"><img loading=\"lazy\" decoding=\"async\" width=\"1000\" height=\"1000\" src=\"https:\/\/bibliaparalavida.com\/es\/wp-content\/uploads\/2023\/08\/Tutorial-02c.jpg\" alt=\"\" class=\"wp-image-2528\" srcset=\"https:\/\/bibliaparalavida.com\/es\/wp-content\/uploads\/2023\/08\/Tutorial-02c.jpg 1000w, https:\/\/bibliaparalavida.com\/es\/wp-content\/uploads\/2023\/08\/Tutorial-02c-300x300.jpg 300w, https:\/\/bibliaparalavida.com\/es\/wp-content\/uploads\/2023\/08\/Tutorial-02c-150x150.jpg 150w, https:\/\/bibliaparalavida.com\/es\/wp-content\/uploads\/2023\/08\/Tutorial-02c-768x768.jpg 768w, https:\/\/bibliaparalavida.com\/es\/wp-content\/uploads\/2023\/08\/Tutorial-02c-600x600.jpg 600w, https:\/\/bibliaparalavida.com\/es\/wp-content\/uploads\/2023\/08\/Tutorial-02c-100x100.jpg 100w\" sizes=\"(max-width: 1000px) 100vw, 1000px\" \/><\/figure><\/div>\n\n\n<p><\/p>\n\n\n<div class=\"wp-block-image\">\n<figure class=\"aligncenter size-full\"><img loading=\"lazy\" decoding=\"async\" width=\"1000\" height=\"1000\" src=\"https:\/\/bibliaparalavida.com\/es\/wp-content\/uploads\/2023\/08\/Tutorial-03b.jpg\" alt=\"\" class=\"wp-image-2529\" srcset=\"https:\/\/bibliaparalavida.com\/es\/wp-content\/uploads\/2023\/08\/Tutorial-03b.jpg 1000w, https:\/\/bibliaparalavida.com\/es\/wp-content\/uploads\/2023\/08\/Tutorial-03b-300x300.jpg 300w, https:\/\/bibliaparalavida.com\/es\/wp-content\/uploads\/2023\/08\/Tutorial-03b-150x150.jpg 150w, https:\/\/bibliaparalavida.com\/es\/wp-content\/uploads\/2023\/08\/Tutorial-03b-768x768.jpg 768w, https:\/\/bibliaparalavida.com\/es\/wp-content\/uploads\/2023\/08\/Tutorial-03b-600x600.jpg 600w, https:\/\/bibliaparalavida.com\/es\/wp-content\/uploads\/2023\/08\/Tutorial-03b-100x100.jpg 100w\" sizes=\"(max-width: 1000px) 100vw, 1000px\" \/><\/figure><\/div>\n\n<div class=\"wp-block-image\">\n<figure class=\"aligncenter size-full\"><img loading=\"lazy\" decoding=\"async\" width=\"1000\" height=\"1000\" src=\"https:\/\/bibliaparalavida.com\/es\/wp-content\/uploads\/2023\/08\/Tutorial-04.jpg\" alt=\"\" class=\"wp-image-2530\" srcset=\"https:\/\/bibliaparalavida.com\/es\/wp-content\/uploads\/2023\/08\/Tutorial-04.jpg 1000w, https:\/\/bibliaparalavida.com\/es\/wp-content\/uploads\/2023\/08\/Tutorial-04-300x300.jpg 300w, https:\/\/bibliaparalavida.com\/es\/wp-content\/uploads\/2023\/08\/Tutorial-04-150x150.jpg 150w, https:\/\/bibliaparalavida.com\/es\/wp-content\/uploads\/2023\/08\/Tutorial-04-768x768.jpg 768w, https:\/\/bibliaparalavida.com\/es\/wp-content\/uploads\/2023\/08\/Tutorial-04-600x600.jpg 600w, https:\/\/bibliaparalavida.com\/es\/wp-content\/uploads\/2023\/08\/Tutorial-04-100x100.jpg 100w\" sizes=\"(max-width: 1000px) 100vw, 1000px\" \/><\/figure><\/div>\n\n<div class=\"wp-block-image\">\n<figure class=\"aligncenter size-full\"><a href=\"https:\/\/bibliaparalavida.com\/es\/wp-content\/uploads\/2023\/08\/Tutorial-05.jpg\"><img loading=\"lazy\" decoding=\"async\" width=\"1000\" height=\"1000\" src=\"https:\/\/bibliaparalavida.com\/es\/wp-content\/uploads\/2023\/08\/Tutorial-05.jpg\" alt=\"\" class=\"wp-image-2531\" srcset=\"https:\/\/bibliaparalavida.com\/es\/wp-content\/uploads\/2023\/08\/Tutorial-05.jpg 1000w, https:\/\/bibliaparalavida.com\/es\/wp-content\/uploads\/2023\/08\/Tutorial-05-300x300.jpg 300w, https:\/\/bibliaparalavida.com\/es\/wp-content\/uploads\/2023\/08\/Tutorial-05-150x150.jpg 150w, https:\/\/bibliaparalavida.com\/es\/wp-content\/uploads\/2023\/08\/Tutorial-05-768x768.jpg 768w, https:\/\/bibliaparalavida.com\/es\/wp-content\/uploads\/2023\/08\/Tutorial-05-600x600.jpg 600w, https:\/\/bibliaparalavida.com\/es\/wp-content\/uploads\/2023\/08\/Tutorial-05-100x100.jpg 100w\" sizes=\"(max-width: 1000px) 100vw, 1000px\" \/><\/a><\/figure><\/div>\n\n\n<h3 class=\"wp-block-heading has-text-align-center\"><a href=\"https:\/\/wa.me\/5493513073050\" target=\"_blank\" rel=\"noreferrer noopener\">Cualquier duda escr\u00edbenos al 3513073050<\/a><\/h3>\n","protected":false},"excerpt":{"rendered":"<p>Descarga e instala la App C\u00f3mo instalar y registrarte en la App Cualquier duda escr\u00edbenos al 3513073050<\/p>\n","protected":false},"author":2,"featured_media":0,"parent":0,"menu_order":0,"comment_status":"closed","ping_status":"closed","template":"","meta":{"_joinchat":[],"footnotes":""},"yoast_head":"<!-- This site is optimized with the Yoast SEO plugin v22.8 - https:\/\/yoast.com\/wordpress\/plugins\/seo\/ -->\n<title>Tutorial App - Biblia para la Vida ESPA\u00d1A<\/title>\n<meta name=\"robots\" content=\"index, follow, max-snippet:-1, max-image-preview:large, max-video-preview:-1\" \/>\n<link rel=\"canonical\" href=\"https:\/\/bibliaparalavida.com\/es\/app\/\" \/>\n<meta property=\"og:locale\" content=\"es_ES\" \/>\n<meta property=\"og:type\" content=\"article\" \/>\n<meta property=\"og:title\" content=\"Tutorial App - Biblia para la Vida ESPA\u00d1A\" \/>\n<meta property=\"og:description\" content=\"Descarga e instala la App C\u00f3mo instalar y registrarte en la App Cualquier duda escr\u00edbenos al 3513073050\" \/>\n<meta property=\"og:url\" content=\"https:\/\/bibliaparalavida.com\/es\/app\/\" \/>\n<meta property=\"og:site_name\" content=\"Biblia para la Vida ESPA\u00d1A\" \/>\n<meta property=\"article:publisher\" content=\"https:\/\/www.facebook.com\/BibliaParaLaVida\" \/>\n<meta property=\"article:modified_time\" content=\"2025-03-24T15:22:24+00:00\" \/>\n<meta property=\"og:image\" content=\"https:\/\/bibliaparalavida.com\/wp-content\/uploads\/2023\/07\/botones-app-gplay-300x88.jpg\" \/>\n<meta name=\"twitter:card\" content=\"summary_large_image\" \/>\n<meta name=\"twitter:label1\" content=\"Tiempo de lectura\" \/>\n\t<meta name=\"twitter:data1\" content=\"2 minutos\" \/>\n<script type=\"application\/ld+json\" class=\"yoast-schema-graph\">{\"@context\":\"https:\/\/schema.org\",\"@graph\":[{\"@type\":\"WebPage\",\"@id\":\"https:\/\/bibliaparalavida.com\/es\/app\/\",\"url\":\"https:\/\/bibliaparalavida.com\/es\/app\/\",\"name\":\"Tutorial App - Biblia para la Vida ESPA\u00d1A\",\"isPartOf\":{\"@id\":\"https:\/\/bibliaparalavida.com\/es\/#website\"},\"primaryImageOfPage\":{\"@id\":\"https:\/\/bibliaparalavida.com\/es\/app\/#primaryimage\"},\"image\":{\"@id\":\"https:\/\/bibliaparalavida.com\/es\/app\/#primaryimage\"},\"thumbnailUrl\":\"https:\/\/bibliaparalavida.com\/wp-content\/uploads\/2023\/07\/botones-app-gplay-300x88.jpg\",\"datePublished\":\"2023-08-09T19:52:39+00:00\",\"dateModified\":\"2025-03-24T15:22:24+00:00\",\"breadcrumb\":{\"@id\":\"https:\/\/bibliaparalavida.com\/es\/app\/#breadcrumb\"},\"inLanguage\":\"es\",\"potentialAction\":[{\"@type\":\"ReadAction\",\"target\":[\"https:\/\/bibliaparalavida.com\/es\/app\/\"]}]},{\"@type\":\"ImageObject\",\"inLanguage\":\"es\",\"@id\":\"https:\/\/bibliaparalavida.com\/es\/app\/#primaryimage\",\"url\":\"https:\/\/bibliaparalavida.com\/wp-content\/uploads\/2023\/07\/botones-app-gplay-300x88.jpg\",\"contentUrl\":\"https:\/\/bibliaparalavida.com\/wp-content\/uploads\/2023\/07\/botones-app-gplay-300x88.jpg\"},{\"@type\":\"BreadcrumbList\",\"@id\":\"https:\/\/bibliaparalavida.com\/es\/app\/#breadcrumb\",\"itemListElement\":[{\"@type\":\"ListItem\",\"position\":1,\"name\":\"Portada\",\"item\":\"https:\/\/bibliaparalavida.com\/es\/\"},{\"@type\":\"ListItem\",\"position\":2,\"name\":\"Tutorial App\"}]},{\"@type\":\"WebSite\",\"@id\":\"https:\/\/bibliaparalavida.com\/es\/#website\",\"url\":\"https:\/\/bibliaparalavida.com\/es\/\",\"name\":\"Biblia para la Vida ESPA\u00d1A\",\"description\":\"Aplica la Biblia a tu vida\",\"publisher\":{\"@id\":\"https:\/\/bibliaparalavida.com\/es\/#organization\"},\"potentialAction\":[{\"@type\":\"SearchAction\",\"target\":{\"@type\":\"EntryPoint\",\"urlTemplate\":\"https:\/\/bibliaparalavida.com\/es\/?s={search_term_string}\"},\"query-input\":\"required name=search_term_string\"}],\"inLanguage\":\"es\"},{\"@type\":\"Organization\",\"@id\":\"https:\/\/bibliaparalavida.com\/es\/#organization\",\"name\":\"Biblia para la Vida\",\"url\":\"https:\/\/bibliaparalavida.com\/es\/\",\"logo\":{\"@type\":\"ImageObject\",\"inLanguage\":\"es\",\"@id\":\"https:\/\/bibliaparalavida.com\/es\/#\/schema\/logo\/image\/\",\"url\":\"https:\/\/bibliaparalavida.com\/es\/wp-content\/uploads\/2022\/01\/Logo-BPLV-Header.png\",\"contentUrl\":\"https:\/\/bibliaparalavida.com\/es\/wp-content\/uploads\/2022\/01\/Logo-BPLV-Header.png\",\"width\":356,\"height\":97,\"caption\":\"Biblia para la Vida\"},\"image\":{\"@id\":\"https:\/\/bibliaparalavida.com\/es\/#\/schema\/logo\/image\/\"},\"sameAs\":[\"https:\/\/www.facebook.com\/BibliaParaLaVida\"]}]}<\/script>\n<!-- \/ Yoast SEO plugin. -->","yoast_head_json":{"title":"Tutorial App - Biblia para la Vida ESPA\u00d1A","robots":{"index":"index","follow":"follow","max-snippet":"max-snippet:-1","max-image-preview":"max-image-preview:large","max-video-preview":"max-video-preview:-1"},"canonical":"https:\/\/bibliaparalavida.com\/es\/app\/","og_locale":"es_ES","og_type":"article","og_title":"Tutorial App - Biblia para la Vida ESPA\u00d1A","og_description":"Descarga e instala la App C\u00f3mo instalar y registrarte en la App Cualquier duda escr\u00edbenos al 3513073050","og_url":"https:\/\/bibliaparalavida.com\/es\/app\/","og_site_name":"Biblia para la Vida ESPA\u00d1A","article_publisher":"https:\/\/www.facebook.com\/BibliaParaLaVida","article_modified_time":"2025-03-24T15:22:24+00:00","og_image":[{"url":"https:\/\/bibliaparalavida.com\/wp-content\/uploads\/2023\/07\/botones-app-gplay-300x88.jpg"}],"twitter_card":"summary_large_image","twitter_misc":{"Tiempo de lectura":"2 minutos"},"schema":{"@context":"https:\/\/schema.org","@graph":[{"@type":"WebPage","@id":"https:\/\/bibliaparalavida.com\/es\/app\/","url":"https:\/\/bibliaparalavida.com\/es\/app\/","name":"Tutorial App - Biblia para la Vida ESPA\u00d1A","isPartOf":{"@id":"https:\/\/bibliaparalavida.com\/es\/#website"},"primaryImageOfPage":{"@id":"https:\/\/bibliaparalavida.com\/es\/app\/#primaryimage"},"image":{"@id":"https:\/\/bibliaparalavida.com\/es\/app\/#primaryimage"},"thumbnailUrl":"https:\/\/bibliaparalavida.com\/wp-content\/uploads\/2023\/07\/botones-app-gplay-300x88.jpg","datePublished":"2023-08-09T19:52:39+00:00","dateModified":"2025-03-24T15:22:24+00:00","breadcrumb":{"@id":"https:\/\/bibliaparalavida.com\/es\/app\/#breadcrumb"},"inLanguage":"es","potentialAction":[{"@type":"ReadAction","target":["https:\/\/bibliaparalavida.com\/es\/app\/"]}]},{"@type":"ImageObject","inLanguage":"es","@id":"https:\/\/bibliaparalavida.com\/es\/app\/#primaryimage","url":"https:\/\/bibliaparalavida.com\/wp-content\/uploads\/2023\/07\/botones-app-gplay-300x88.jpg","contentUrl":"https:\/\/bibliaparalavida.com\/wp-content\/uploads\/2023\/07\/botones-app-gplay-300x88.jpg"},{"@type":"BreadcrumbList","@id":"https:\/\/bibliaparalavida.com\/es\/app\/#breadcrumb","itemListElement":[{"@type":"ListItem","position":1,"name":"Portada","item":"https:\/\/bibliaparalavida.com\/es\/"},{"@type":"ListItem","position":2,"name":"Tutorial App"}]},{"@type":"WebSite","@id":"https:\/\/bibliaparalavida.com\/es\/#website","url":"https:\/\/bibliaparalavida.com\/es\/","name":"Biblia para la Vida ESPA\u00d1A","description":"Aplica la Biblia a tu vida","publisher":{"@id":"https:\/\/bibliaparalavida.com\/es\/#organization"},"potentialAction":[{"@type":"SearchAction","target":{"@type":"EntryPoint","urlTemplate":"https:\/\/bibliaparalavida.com\/es\/?s={search_term_string}"},"query-input":"required name=search_term_string"}],"inLanguage":"es"},{"@type":"Organization","@id":"https:\/\/bibliaparalavida.com\/es\/#organization","name":"Biblia para la Vida","url":"https:\/\/bibliaparalavida.com\/es\/","logo":{"@type":"ImageObject","inLanguage":"es","@id":"https:\/\/bibliaparalavida.com\/es\/#\/schema\/logo\/image\/","url":"https:\/\/bibliaparalavida.com\/es\/wp-content\/uploads\/2022\/01\/Logo-BPLV-Header.png","contentUrl":"https:\/\/bibliaparalavida.com\/es\/wp-content\/uploads\/2022\/01\/Logo-BPLV-Header.png","width":356,"height":97,"caption":"Biblia para la Vida"},"image":{"@id":"https:\/\/bibliaparalavida.com\/es\/#\/schema\/logo\/image\/"},"sameAs":["https:\/\/www.facebook.com\/BibliaParaLaVida"]}]}},"_links":{"self":[{"href":"https:\/\/bibliaparalavida.com\/es\/wp-json\/wp\/v2\/pages\/2526"}],"collection":[{"href":"https:\/\/bibliaparalavida.com\/es\/wp-json\/wp\/v2\/pages"}],"about":[{"href":"https:\/\/bibliaparalavida.com\/es\/wp-json\/wp\/v2\/types\/page"}],"author":[{"embeddable":true,"href":"https:\/\/bibliaparalavida.com\/es\/wp-json\/wp\/v2\/users\/2"}],"replies":[{"embeddable":true,"href":"https:\/\/bibliaparalavida.com\/es\/wp-json\/wp\/v2\/comments?post=2526"}],"version-history":[{"count":5,"href":"https:\/\/bibliaparalavida.com\/es\/wp-json\/wp\/v2\/pages\/2526\/revisions"}],"predecessor-version":[{"id":2690,"href":"https:\/\/bibliaparalavida.com\/es\/wp-json\/wp\/v2\/pages\/2526\/revisions\/2690"}],"wp:attachment":[{"href":"https:\/\/bibliaparalavida.com\/es\/wp-json\/wp\/v2\/media?parent=2526"}],"curies":[{"name":"wp","href":"https:\/\/api.w.org\/{rel}","templated":true}]}}