{"id":2140,"date":"2022-08-26T02:01:38","date_gmt":"2022-08-26T02:01:38","guid":{"rendered":"https:\/\/bibliaparalavida.com\/es\/?page_id=2140"},"modified":"2022-08-31T18:12:24","modified_gmt":"2022-08-31T18:12:24","slug":"recursos-para-lideres-juveniles-demo","status":"publish","type":"page","link":"https:\/\/bibliaparalavida.com\/es\/mentoreo-biblico\/recursos-para-lideres-juveniles-demo\/","title":{"rendered":"Recursos para L\u00edderes Juveniles (Demo)"},"content":{"rendered":"\n<p class=\"has-text-align-center\"><strong>RECURSOS PARA L\u00cdDERES JUVENILES (DEMO)<\/strong><\/p>\n\n\n\n<p class=\"has-text-align-center\"><strong>\u00bfTe interesa?<\/strong> <a href=\"https:\/\/bibliaparalavida.com\/es\/prod\/recursos-para-lideres-juveniles\/\">Cons\u00edguelo aqu\u00ed<\/a>.<\/p>\n\n\n\n<div class=\"wp-block-pdfjsblock-pdfjs-embed pdfjs-wrapper\"><\/div>\n","protected":false},"excerpt":{"rendered":"<p>RECURSOS PARA L\u00cdDERES JUVENILES (DEMO) \u00bfTe interesa? Cons\u00edguelo aqu\u00ed.<\/p>\n","protected":false},"author":2,"featured_media":0,"parent":1221,"menu_order":0,"comment_status":"closed","ping_status":"closed","template":"","meta":{"_joinchat":[],"footnotes":""},"yoast_head":"<!-- This site is optimized with the Yoast SEO plugin v22.8 - https:\/\/yoast.com\/wordpress\/plugins\/seo\/ -->\n<title>Recursos para L\u00edderes Juveniles (Demo) - Biblia para la Vida ESPA\u00d1A<\/title>\n<meta name=\"robots\" content=\"index, follow, max-snippet:-1, max-image-preview:large, max-video-preview:-1\" \/>\n<link rel=\"canonical\" href=\"https:\/\/bibliaparalavida.com\/es\/mentoreo-biblico\/recursos-para-lideres-juveniles-demo\/\" \/>\n<meta property=\"og:locale\" content=\"es_ES\" \/>\n<meta property=\"og:type\" content=\"article\" \/>\n<meta property=\"og:title\" content=\"Recursos para L\u00edderes Juveniles (Demo) - Biblia para la Vida ESPA\u00d1A\" \/>\n<meta property=\"og:description\" content=\"RECURSOS PARA L\u00cdDERES JUVENILES (DEMO) \u00bfTe interesa? Cons\u00edguelo aqu\u00ed.\" \/>\n<meta property=\"og:url\" content=\"https:\/\/bibliaparalavida.com\/es\/mentoreo-biblico\/recursos-para-lideres-juveniles-demo\/\" \/>\n<meta property=\"og:site_name\" content=\"Biblia para la Vida ESPA\u00d1A\" \/>\n<meta property=\"article:publisher\" content=\"https:\/\/www.facebook.com\/BibliaParaLaVida\" \/>\n<meta property=\"article:modified_time\" content=\"2022-08-31T18:12:24+00:00\" \/>\n<meta name=\"twitter:card\" content=\"summary_large_image\" \/>\n<meta name=\"twitter:label1\" content=\"Tiempo de lectura\" \/>\n\t<meta name=\"twitter:data1\" content=\"1 minuto\" \/>\n<script type=\"application\/ld+json\" class=\"yoast-schema-graph\">{\"@context\":\"https:\/\/schema.org\",\"@graph\":[{\"@type\":\"WebPage\",\"@id\":\"https:\/\/bibliaparalavida.com\/es\/mentoreo-biblico\/recursos-para-lideres-juveniles-demo\/\",\"url\":\"https:\/\/bibliaparalavida.com\/es\/mentoreo-biblico\/recursos-para-lideres-juveniles-demo\/\",\"name\":\"Recursos para L\u00edderes Juveniles (Demo) - Biblia para la Vida ESPA\u00d1A\",\"isPartOf\":{\"@id\":\"https:\/\/bibliaparalavida.com\/es\/#website\"},\"datePublished\":\"2022-08-26T02:01:38+00:00\",\"dateModified\":\"2022-08-31T18:12:24+00:00\",\"breadcrumb\":{\"@id\":\"https:\/\/bibliaparalavida.com\/es\/mentoreo-biblico\/recursos-para-lideres-juveniles-demo\/#breadcrumb\"},\"inLanguage\":\"es\",\"potentialAction\":[{\"@type\":\"ReadAction\",\"target\":[\"https:\/\/bibliaparalavida.com\/es\/mentoreo-biblico\/recursos-para-lideres-juveniles-demo\/\"]}]},{\"@type\":\"BreadcrumbList\",\"@id\":\"https:\/\/bibliaparalavida.com\/es\/mentoreo-biblico\/recursos-para-lideres-juveniles-demo\/#breadcrumb\",\"itemListElement\":[{\"@type\":\"ListItem\",\"position\":1,\"name\":\"Portada\",\"item\":\"https:\/\/bibliaparalavida.com\/es\/\"},{\"@type\":\"ListItem\",\"position\":2,\"name\":\"Mentoreo B\u00edblico\",\"item\":\"https:\/\/bibliaparalavida.com\/es\/mentoreo-biblico\/\"},{\"@type\":\"ListItem\",\"position\":3,\"name\":\"Recursos para L\u00edderes Juveniles (Demo)\"}]},{\"@type\":\"WebSite\",\"@id\":\"https:\/\/bibliaparalavida.com\/es\/#website\",\"url\":\"https:\/\/bibliaparalavida.com\/es\/\",\"name\":\"Biblia para la Vida ESPA\u00d1A\",\"description\":\"Aplica la Biblia a tu vida\",\"publisher\":{\"@id\":\"https:\/\/bibliaparalavida.com\/es\/#organization\"},\"potentialAction\":[{\"@type\":\"SearchAction\",\"target\":{\"@type\":\"EntryPoint\",\"urlTemplate\":\"https:\/\/bibliaparalavida.com\/es\/?s={search_term_string}\"},\"query-input\":\"required name=search_term_string\"}],\"inLanguage\":\"es\"},{\"@type\":\"Organization\",\"@id\":\"https:\/\/bibliaparalavida.com\/es\/#organization\",\"name\":\"Biblia para la Vida\",\"url\":\"https:\/\/bibliaparalavida.com\/es\/\",\"logo\":{\"@type\":\"ImageObject\",\"inLanguage\":\"es\",\"@id\":\"https:\/\/bibliaparalavida.com\/es\/#\/schema\/logo\/image\/\",\"url\":\"https:\/\/bibliaparalavida.com\/es\/wp-content\/uploads\/2022\/01\/Logo-BPLV-Header.png\",\"contentUrl\":\"https:\/\/bibliaparalavida.com\/es\/wp-content\/uploads\/2022\/01\/Logo-BPLV-Header.png\",\"width\":356,\"height\":97,\"caption\":\"Biblia para la Vida\"},\"image\":{\"@id\":\"https:\/\/bibliaparalavida.com\/es\/#\/schema\/logo\/image\/\"},\"sameAs\":[\"https:\/\/www.facebook.com\/BibliaParaLaVida\"]}]}<\/script>\n<!-- \/ Yoast SEO plugin. -->","yoast_head_json":{"title":"Recursos para L\u00edderes Juveniles (Demo) - Biblia para la Vida ESPA\u00d1A","robots":{"index":"index","follow":"follow","max-snippet":"max-snippet:-1","max-image-preview":"max-image-preview:large","max-video-preview":"max-video-preview:-1"},"canonical":"https:\/\/bibliaparalavida.com\/es\/mentoreo-biblico\/recursos-para-lideres-juveniles-demo\/","og_locale":"es_ES","og_type":"article","og_title":"Recursos para L\u00edderes Juveniles (Demo) - Biblia para la Vida ESPA\u00d1A","og_description":"RECURSOS PARA L\u00cdDERES JUVENILES (DEMO) \u00bfTe interesa? Cons\u00edguelo aqu\u00ed.","og_url":"https:\/\/bibliaparalavida.com\/es\/mentoreo-biblico\/recursos-para-lideres-juveniles-demo\/","og_site_name":"Biblia para la Vida ESPA\u00d1A","article_publisher":"https:\/\/www.facebook.com\/BibliaParaLaVida","article_modified_time":"2022-08-31T18:12:24+00:00","twitter_card":"summary_large_image","twitter_misc":{"Tiempo de lectura":"1 minuto"},"schema":{"@context":"https:\/\/schema.org","@graph":[{"@type":"WebPage","@id":"https:\/\/bibliaparalavida.com\/es\/mentoreo-biblico\/recursos-para-lideres-juveniles-demo\/","url":"https:\/\/bibliaparalavida.com\/es\/mentoreo-biblico\/recursos-para-lideres-juveniles-demo\/","name":"Recursos para L\u00edderes Juveniles (Demo) - Biblia para la Vida ESPA\u00d1A","isPartOf":{"@id":"https:\/\/bibliaparalavida.com\/es\/#website"},"datePublished":"2022-08-26T02:01:38+00:00","dateModified":"2022-08-31T18:12:24+00:00","breadcrumb":{"@id":"https:\/\/bibliaparalavida.com\/es\/mentoreo-biblico\/recursos-para-lideres-juveniles-demo\/#breadcrumb"},"inLanguage":"es","potentialAction":[{"@type":"ReadAction","target":["https:\/\/bibliaparalavida.com\/es\/mentoreo-biblico\/recursos-para-lideres-juveniles-demo\/"]}]},{"@type":"BreadcrumbList","@id":"https:\/\/bibliaparalavida.com\/es\/mentoreo-biblico\/recursos-para-lideres-juveniles-demo\/#breadcrumb","itemListElement":[{"@type":"ListItem","position":1,"name":"Portada","item":"https:\/\/bibliaparalavida.com\/es\/"},{"@type":"ListItem","position":2,"name":"Mentoreo B\u00edblico","item":"https:\/\/bibliaparalavida.com\/es\/mentoreo-biblico\/"},{"@type":"ListItem","position":3,"name":"Recursos para L\u00edderes Juveniles (Demo)"}]},{"@type":"WebSite","@id":"https:\/\/bibliaparalavida.com\/es\/#website","url":"https:\/\/bibliaparalavida.com\/es\/","name":"Biblia para la Vida ESPA\u00d1A","description":"Aplica la Biblia a tu vida","publisher":{"@id":"https:\/\/bibliaparalavida.com\/es\/#organization"},"potentialAction":[{"@type":"SearchAction","target":{"@type":"EntryPoint","urlTemplate":"https:\/\/bibliaparalavida.com\/es\/?s={search_term_string}"},"query-input":"required name=search_term_string"}],"inLanguage":"es"},{"@type":"Organization","@id":"https:\/\/bibliaparalavida.com\/es\/#organization","name":"Biblia para la Vida","url":"https:\/\/bibliaparalavida.com\/es\/","logo":{"@type":"ImageObject","inLanguage":"es","@id":"https:\/\/bibliaparalavida.com\/es\/#\/schema\/logo\/image\/","url":"https:\/\/bibliaparalavida.com\/es\/wp-content\/uploads\/2022\/01\/Logo-BPLV-Header.png","contentUrl":"https:\/\/bibliaparalavida.com\/es\/wp-content\/uploads\/2022\/01\/Logo-BPLV-Header.png","width":356,"height":97,"caption":"Biblia para la Vida"},"image":{"@id":"https:\/\/bibliaparalavida.com\/es\/#\/schema\/logo\/image\/"},"sameAs":["https:\/\/www.facebook.com\/BibliaParaLaVida"]}]}},"_links":{"self":[{"href":"https:\/\/bibliaparalavida.com\/es\/wp-json\/wp\/v2\/pages\/2140"}],"collection":[{"href":"https:\/\/bibliaparalavida.com\/es\/wp-json\/wp\/v2\/pages"}],"about":[{"href":"https:\/\/bibliaparalavida.com\/es\/wp-json\/wp\/v2\/types\/page"}],"author":[{"embeddable":true,"href":"https:\/\/bibliaparalavida.com\/es\/wp-json\/wp\/v2\/users\/2"}],"replies":[{"embeddable":true,"href":"https:\/\/bibliaparalavida.com\/es\/wp-json\/wp\/v2\/comments?post=2140"}],"version-history":[{"count":2,"href":"https:\/\/bibliaparalavida.com\/es\/wp-json\/wp\/v2\/pages\/2140\/revisions"}],"predecessor-version":[{"id":2253,"href":"https:\/\/bibliaparalavida.com\/es\/wp-json\/wp\/v2\/pages\/2140\/revisions\/2253"}],"up":[{"embeddable":true,"href":"https:\/\/bibliaparalavida.com\/es\/wp-json\/wp\/v2\/pages\/1221"}],"wp:attachment":[{"href":"https:\/\/bibliaparalavida.com\/es\/wp-json\/wp\/v2\/media?parent=2140"}],"curies":[{"name":"wp","href":"https:\/\/api.w.org\/{rel}","templated":true}]}}