{"id":105,"date":"2020-03-24T01:37:19","date_gmt":"2020-03-24T01:37:19","guid":{"rendered":"https:\/\/bibliaparalavida.com\/es\/?page_id=105"},"modified":"2022-05-31T13:28:19","modified_gmt":"2022-05-31T13:28:19","slug":"acerca-del-autor","status":"publish","type":"page","link":"https:\/\/bibliaparalavida.com\/es\/acerca-del-autor\/","title":{"rendered":"Billy Saint"},"content":{"rendered":"\n<div class=\"wp-block-image is-style-default\"><figure class=\"alignright size-medium\"><img loading=\"lazy\" decoding=\"async\" width=\"300\" height=\"300\" src=\"https:\/\/bibliaparalavida.com\/es\/wp-content\/uploads\/2020\/03\/Autor-Billy-Saint-300x300.jpg\" alt=\"Acerca de Billy Saint - Autor de Historias B\u00edblicas para la Vida Cristiana\" class=\"wp-image-109\" srcset=\"https:\/\/bibliaparalavida.com\/es\/wp-content\/uploads\/2020\/03\/Autor-Billy-Saint-300x300.jpg 300w, https:\/\/bibliaparalavida.com\/es\/wp-content\/uploads\/2020\/03\/Autor-Billy-Saint-100x100.jpg 100w, https:\/\/bibliaparalavida.com\/es\/wp-content\/uploads\/2020\/03\/Autor-Billy-Saint-600x600.jpg 600w, https:\/\/bibliaparalavida.com\/es\/wp-content\/uploads\/2020\/03\/Autor-Billy-Saint-150x150.jpg 150w, https:\/\/bibliaparalavida.com\/es\/wp-content\/uploads\/2020\/03\/Autor-Billy-Saint-768x768.jpg 768w, https:\/\/bibliaparalavida.com\/es\/wp-content\/uploads\/2020\/03\/Autor-Billy-Saint.jpg 789w\" sizes=\"(max-width: 300px) 100vw, 300px\" \/><figcaption>Pastor Billy Saint<\/figcaption><\/figure><\/div>\n\n\n\n<p><strong>Billy Saint <\/strong>es un pastor joven con una trayectoria de m\u00e1s de 25 a\u00f1os ense\u00f1ando y predicando la Palabra de Dios en toda Argentina y en otros pa\u00edses.<\/p>\n\n\n\n<p>Tiene 43 a\u00f1os de edad, est\u00e1 casado hace 20 a\u00f1os con In\u00e9s y tienen un hijo adolescente: Joan. Es dise\u00f1ador gr\u00e1fico de profesi\u00f3n y maestro de la Biblia por vocaci\u00f3n y llamado.<\/p>\n\n\n\n<p>Junto a su esposa In\u00e9s fue l\u00edder juvenil durante 20 a\u00f1os en la misma congregaci\u00f3n. <\/p>\n\n\n\n<p>Desde 2017 pastorean la <strong>Iglesia Centro Familiar Cristiano<\/strong>,<strong> <\/strong>en la ciudad de C\u00f3rdoba, Argentina, la cual pertenece a la Uni\u00f3n de las Asambleas de Dios.<\/p>\n\n\n\n<p>Billy es un apasionado por el estudio, ense\u00f1anza y predicaci\u00f3n de la Biblia. <\/p>\n\n\n\n<p>Luego de ense\u00f1ar a adolescentes y j\u00f3venes por varios a\u00f1os en la Escuela B\u00edblica, fue Maestro de la clase de Adultos por m\u00e1s de 10 a\u00f1os, per\u00edodo durante el cual desarroll\u00f3 y aplic\u00f3 el material de las distintas Series de <strong><a href=\"https:\/\/bibliaparalavida.com\/es\/serie\/historias-biblicas\/\">Historias B\u00edblicas para la Vida Cristiana<\/a><\/strong>.<\/p>\n\n\n\n<p>Su visi\u00f3n siempre fue&nbsp;<strong>predicar&nbsp;<\/strong>el evangelio a los no creyentes,&nbsp;<strong>discipular&nbsp;<\/strong>a los nuevos creyentes, mentorear obreros y enviar ministros. Esto los llev\u00f3 a desarrollar una serie de ense\u00f1anzas b\u00edblicas y pr\u00e1cticas que han transmitido a su gente desde los inicios de su ministerio. As\u00ed surgieron los <strong><a href=\"https:\/\/bibliaparalavida.com\/es\/serie\/mentoreo-biblico\/\">Manuales de Discipulado y Mentoreo.<\/a><\/strong><\/p>\n\n\n\n<p>Billy es <strong>ministro de la Uni\u00f3n de las Asambleas de Dios Argentina <\/strong>y es graduado del <strong>Instituto B\u00edblico Jeruel <\/strong>(UAD) con el t\u00edtulo de <strong>Bachiller Educacional en Teolog\u00eda<\/strong>. Ha ense\u00f1ado en diferentes institutos b\u00edblicos y recorrido el pa\u00eds capacitando a l\u00edderes.<\/p>\n\n\n\n<h3 class=\"wp-block-heading\">Libros y estudios b\u00edblicos escritos por Billy Saint<\/h3>\n\n\n","protected":false},"excerpt":{"rendered":"<p>Billy Saint es un pastor joven con una trayectoria de m\u00e1s de 25 a\u00f1os ense\u00f1ando y predicando la Palabra de Dios en toda Argentina y en otros pa\u00edses. Tiene 43 a\u00f1os de edad, est\u00e1 casado hace 20 a\u00f1os con In\u00e9s y tienen un hijo adolescente: Joan. Es dise\u00f1ador gr\u00e1fico de profesi\u00f3n y maestro de la [&hellip;]<\/p>\n","protected":false},"author":2,"featured_media":0,"parent":0,"menu_order":0,"comment_status":"closed","ping_status":"closed","template":"","meta":{"_joinchat":[],"footnotes":""},"yoast_head":"<!-- This site is optimized with the Yoast SEO plugin v22.8 - https:\/\/yoast.com\/wordpress\/plugins\/seo\/ -->\n<title>Billy Saint - Biblia para la Vida ESPA\u00d1A<\/title>\n<meta name=\"robots\" content=\"index, follow, max-snippet:-1, max-image-preview:large, max-video-preview:-1\" \/>\n<link rel=\"canonical\" href=\"https:\/\/bibliaparalavida.com\/es\/acerca-del-autor\/\" \/>\n<meta property=\"og:locale\" content=\"es_ES\" \/>\n<meta property=\"og:type\" content=\"article\" \/>\n<meta property=\"og:title\" content=\"Billy Saint - Biblia para la Vida ESPA\u00d1A\" \/>\n<meta property=\"og:description\" content=\"Billy Saint es un pastor joven con una trayectoria de m\u00e1s de 25 a\u00f1os ense\u00f1ando y predicando la Palabra de Dios en toda Argentina y en otros pa\u00edses. Tiene 43 a\u00f1os de edad, est\u00e1 casado hace 20 a\u00f1os con In\u00e9s y tienen un hijo adolescente: Joan. Es dise\u00f1ador gr\u00e1fico de profesi\u00f3n y maestro de la [&hellip;]\" \/>\n<meta property=\"og:url\" content=\"https:\/\/bibliaparalavida.com\/es\/acerca-del-autor\/\" \/>\n<meta property=\"og:site_name\" content=\"Biblia para la Vida ESPA\u00d1A\" \/>\n<meta property=\"article:publisher\" content=\"https:\/\/www.facebook.com\/BibliaParaLaVida\" \/>\n<meta property=\"article:modified_time\" content=\"2022-05-31T13:28:19+00:00\" \/>\n<meta property=\"og:image\" content=\"https:\/\/bibliaparalavida.com\/es\/wp-content\/uploads\/2020\/03\/Autor-Billy-Saint-300x300.jpg\" \/>\n<meta name=\"twitter:card\" content=\"summary_large_image\" \/>\n<meta name=\"twitter:label1\" content=\"Tiempo de lectura\" \/>\n\t<meta name=\"twitter:data1\" content=\"2 minutos\" \/>\n<script type=\"application\/ld+json\" class=\"yoast-schema-graph\">{\"@context\":\"https:\/\/schema.org\",\"@graph\":[{\"@type\":\"WebPage\",\"@id\":\"https:\/\/bibliaparalavida.com\/es\/acerca-del-autor\/\",\"url\":\"https:\/\/bibliaparalavida.com\/es\/acerca-del-autor\/\",\"name\":\"Billy Saint - Biblia para la Vida ESPA\u00d1A\",\"isPartOf\":{\"@id\":\"https:\/\/bibliaparalavida.com\/es\/#website\"},\"primaryImageOfPage\":{\"@id\":\"https:\/\/bibliaparalavida.com\/es\/acerca-del-autor\/#primaryimage\"},\"image\":{\"@id\":\"https:\/\/bibliaparalavida.com\/es\/acerca-del-autor\/#primaryimage\"},\"thumbnailUrl\":\"https:\/\/bibliaparalavida.com\/es\/wp-content\/uploads\/2020\/03\/Autor-Billy-Saint-300x300.jpg\",\"datePublished\":\"2020-03-24T01:37:19+00:00\",\"dateModified\":\"2022-05-31T13:28:19+00:00\",\"breadcrumb\":{\"@id\":\"https:\/\/bibliaparalavida.com\/es\/acerca-del-autor\/#breadcrumb\"},\"inLanguage\":\"es\",\"potentialAction\":[{\"@type\":\"ReadAction\",\"target\":[\"https:\/\/bibliaparalavida.com\/es\/acerca-del-autor\/\"]}]},{\"@type\":\"ImageObject\",\"inLanguage\":\"es\",\"@id\":\"https:\/\/bibliaparalavida.com\/es\/acerca-del-autor\/#primaryimage\",\"url\":\"https:\/\/bibliaparalavida.com\/es\/wp-content\/uploads\/2020\/03\/Autor-Billy-Saint.jpg\",\"contentUrl\":\"https:\/\/bibliaparalavida.com\/es\/wp-content\/uploads\/2020\/03\/Autor-Billy-Saint.jpg\",\"width\":789,\"height\":789,\"caption\":\"Billy Saint\"},{\"@type\":\"BreadcrumbList\",\"@id\":\"https:\/\/bibliaparalavida.com\/es\/acerca-del-autor\/#breadcrumb\",\"itemListElement\":[{\"@type\":\"ListItem\",\"position\":1,\"name\":\"Portada\",\"item\":\"https:\/\/bibliaparalavida.com\/es\/\"},{\"@type\":\"ListItem\",\"position\":2,\"name\":\"Billy Saint\"}]},{\"@type\":\"WebSite\",\"@id\":\"https:\/\/bibliaparalavida.com\/es\/#website\",\"url\":\"https:\/\/bibliaparalavida.com\/es\/\",\"name\":\"Biblia para la Vida ESPA\u00d1A\",\"description\":\"Aplica la Biblia a tu vida\",\"publisher\":{\"@id\":\"https:\/\/bibliaparalavida.com\/es\/#organization\"},\"potentialAction\":[{\"@type\":\"SearchAction\",\"target\":{\"@type\":\"EntryPoint\",\"urlTemplate\":\"https:\/\/bibliaparalavida.com\/es\/?s={search_term_string}\"},\"query-input\":\"required name=search_term_string\"}],\"inLanguage\":\"es\"},{\"@type\":\"Organization\",\"@id\":\"https:\/\/bibliaparalavida.com\/es\/#organization\",\"name\":\"Biblia para la Vida\",\"url\":\"https:\/\/bibliaparalavida.com\/es\/\",\"logo\":{\"@type\":\"ImageObject\",\"inLanguage\":\"es\",\"@id\":\"https:\/\/bibliaparalavida.com\/es\/#\/schema\/logo\/image\/\",\"url\":\"https:\/\/bibliaparalavida.com\/es\/wp-content\/uploads\/2022\/01\/Logo-BPLV-Header.png\",\"contentUrl\":\"https:\/\/bibliaparalavida.com\/es\/wp-content\/uploads\/2022\/01\/Logo-BPLV-Header.png\",\"width\":356,\"height\":97,\"caption\":\"Biblia para la Vida\"},\"image\":{\"@id\":\"https:\/\/bibliaparalavida.com\/es\/#\/schema\/logo\/image\/\"},\"sameAs\":[\"https:\/\/www.facebook.com\/BibliaParaLaVida\"]}]}<\/script>\n<!-- \/ Yoast SEO plugin. -->","yoast_head_json":{"title":"Billy Saint - Biblia para la Vida ESPA\u00d1A","robots":{"index":"index","follow":"follow","max-snippet":"max-snippet:-1","max-image-preview":"max-image-preview:large","max-video-preview":"max-video-preview:-1"},"canonical":"https:\/\/bibliaparalavida.com\/es\/acerca-del-autor\/","og_locale":"es_ES","og_type":"article","og_title":"Billy Saint - Biblia para la Vida ESPA\u00d1A","og_description":"Billy Saint es un pastor joven con una trayectoria de m\u00e1s de 25 a\u00f1os ense\u00f1ando y predicando la Palabra de Dios en toda Argentina y en otros pa\u00edses. Tiene 43 a\u00f1os de edad, est\u00e1 casado hace 20 a\u00f1os con In\u00e9s y tienen un hijo adolescente: Joan. Es dise\u00f1ador gr\u00e1fico de profesi\u00f3n y maestro de la [&hellip;]","og_url":"https:\/\/bibliaparalavida.com\/es\/acerca-del-autor\/","og_site_name":"Biblia para la Vida ESPA\u00d1A","article_publisher":"https:\/\/www.facebook.com\/BibliaParaLaVida","article_modified_time":"2022-05-31T13:28:19+00:00","og_image":[{"url":"https:\/\/bibliaparalavida.com\/es\/wp-content\/uploads\/2020\/03\/Autor-Billy-Saint-300x300.jpg"}],"twitter_card":"summary_large_image","twitter_misc":{"Tiempo de lectura":"2 minutos"},"schema":{"@context":"https:\/\/schema.org","@graph":[{"@type":"WebPage","@id":"https:\/\/bibliaparalavida.com\/es\/acerca-del-autor\/","url":"https:\/\/bibliaparalavida.com\/es\/acerca-del-autor\/","name":"Billy Saint - Biblia para la Vida ESPA\u00d1A","isPartOf":{"@id":"https:\/\/bibliaparalavida.com\/es\/#website"},"primaryImageOfPage":{"@id":"https:\/\/bibliaparalavida.com\/es\/acerca-del-autor\/#primaryimage"},"image":{"@id":"https:\/\/bibliaparalavida.com\/es\/acerca-del-autor\/#primaryimage"},"thumbnailUrl":"https:\/\/bibliaparalavida.com\/es\/wp-content\/uploads\/2020\/03\/Autor-Billy-Saint-300x300.jpg","datePublished":"2020-03-24T01:37:19+00:00","dateModified":"2022-05-31T13:28:19+00:00","breadcrumb":{"@id":"https:\/\/bibliaparalavida.com\/es\/acerca-del-autor\/#breadcrumb"},"inLanguage":"es","potentialAction":[{"@type":"ReadAction","target":["https:\/\/bibliaparalavida.com\/es\/acerca-del-autor\/"]}]},{"@type":"ImageObject","inLanguage":"es","@id":"https:\/\/bibliaparalavida.com\/es\/acerca-del-autor\/#primaryimage","url":"https:\/\/bibliaparalavida.com\/es\/wp-content\/uploads\/2020\/03\/Autor-Billy-Saint.jpg","contentUrl":"https:\/\/bibliaparalavida.com\/es\/wp-content\/uploads\/2020\/03\/Autor-Billy-Saint.jpg","width":789,"height":789,"caption":"Billy Saint"},{"@type":"BreadcrumbList","@id":"https:\/\/bibliaparalavida.com\/es\/acerca-del-autor\/#breadcrumb","itemListElement":[{"@type":"ListItem","position":1,"name":"Portada","item":"https:\/\/bibliaparalavida.com\/es\/"},{"@type":"ListItem","position":2,"name":"Billy Saint"}]},{"@type":"WebSite","@id":"https:\/\/bibliaparalavida.com\/es\/#website","url":"https:\/\/bibliaparalavida.com\/es\/","name":"Biblia para la Vida ESPA\u00d1A","description":"Aplica la Biblia a tu vida","publisher":{"@id":"https:\/\/bibliaparalavida.com\/es\/#organization"},"potentialAction":[{"@type":"SearchAction","target":{"@type":"EntryPoint","urlTemplate":"https:\/\/bibliaparalavida.com\/es\/?s={search_term_string}"},"query-input":"required name=search_term_string"}],"inLanguage":"es"},{"@type":"Organization","@id":"https:\/\/bibliaparalavida.com\/es\/#organization","name":"Biblia para la Vida","url":"https:\/\/bibliaparalavida.com\/es\/","logo":{"@type":"ImageObject","inLanguage":"es","@id":"https:\/\/bibliaparalavida.com\/es\/#\/schema\/logo\/image\/","url":"https:\/\/bibliaparalavida.com\/es\/wp-content\/uploads\/2022\/01\/Logo-BPLV-Header.png","contentUrl":"https:\/\/bibliaparalavida.com\/es\/wp-content\/uploads\/2022\/01\/Logo-BPLV-Header.png","width":356,"height":97,"caption":"Biblia para la Vida"},"image":{"@id":"https:\/\/bibliaparalavida.com\/es\/#\/schema\/logo\/image\/"},"sameAs":["https:\/\/www.facebook.com\/BibliaParaLaVida"]}]}},"_links":{"self":[{"href":"https:\/\/bibliaparalavida.com\/es\/wp-json\/wp\/v2\/pages\/105"}],"collection":[{"href":"https:\/\/bibliaparalavida.com\/es\/wp-json\/wp\/v2\/pages"}],"about":[{"href":"https:\/\/bibliaparalavida.com\/es\/wp-json\/wp\/v2\/types\/page"}],"author":[{"embeddable":true,"href":"https:\/\/bibliaparalavida.com\/es\/wp-json\/wp\/v2\/users\/2"}],"replies":[{"embeddable":true,"href":"https:\/\/bibliaparalavida.com\/es\/wp-json\/wp\/v2\/comments?post=105"}],"version-history":[{"count":10,"href":"https:\/\/bibliaparalavida.com\/es\/wp-json\/wp\/v2\/pages\/105\/revisions"}],"predecessor-version":[{"id":1654,"href":"https:\/\/bibliaparalavida.com\/es\/wp-json\/wp\/v2\/pages\/105\/revisions\/1654"}],"wp:attachment":[{"href":"https:\/\/bibliaparalavida.com\/es\/wp-json\/wp\/v2\/media?parent=105"}],"curies":[{"name":"wp","href":"https:\/\/api.w.org\/{rel}","templated":true}]}}