{"id":2849,"date":"2025-12-23T00:08:40","date_gmt":"2025-12-23T00:08:40","guid":{"rendered":"https:\/\/bibliaparalavida.com\/app\/?post_type=product&#038;p=2849"},"modified":"2026-02-26T13:15:50","modified_gmt":"2026-02-26T13:15:50","slug":"promo-reflexiones","status":"publish","type":"product","link":"https:\/\/bibliaparalavida.com\/app\/prod\/promo-reflexiones\/","title":{"rendered":"Promo Reflexiones &#8211; 10% OFF"},"content":{"rendered":"<p>La <strong>Promo Reflexiones<\/strong> incluye dos libros maravillosos, con m\u00e1s de <strong>160 reflexiones cristianas<\/strong> breves, interesantes y profundas. Ll\u00e9valos juntos y aprovecha un 10% de descuento.<\/p>\n<p><a href=\"https:\/\/bibliaparalavida.com\/app\/prod\/101-meditaciones\/\"><strong><em>101 Meditaciones B\u00edblicas <\/em><\/strong><\/a>incluye 101 reflexiones inspirados en situaciones cotidianas y relacionadas con una verdad b\u00edblica de manera interesante y profunda.<\/p>\n<p><a href=\"https:\/\/bibliaparalavida.com\/app\/prod\/perlitas-de-proverbios\/\"><em><strong>Perlitas de Proverbios <\/strong><\/em><\/a>es un libro de bolsillo con una selecci\u00f3n de 60 proverbios b\u00edblicos destacados, cada uno acompa\u00f1ado con una breve reflexi\u00f3n b\u00edblica y pr\u00e1ctica.<\/p>\n<p><a style=\"padding: 8px; background-color: #0f9d58; font-weight: bold; text-align: center; color: #fff; border-radius: 5px;\" href=\"https:\/\/wa.me\/5493513073050?text=Quisiera%20los%20Demos%20de%20la%20Promo%20Reflexiones.\"><img loading=\"lazy\" decoding=\"async\" style=\"float: left, margin-right:10px; margin-bottom: -7px; margin-right: 5px;\" src=\"https:\/\/bibliaparalavida.com\/wp-content\/uploads\/2020\/12\/WhatsApp-icon.png\" alt=\"WhatsApp\" width=\"24\" height=\"24\" \/>SOLICITA UN DEMO EN PDF<\/a><\/p>\n","protected":false},"excerpt":{"rendered":"<p><a href=\"https:\/\/bibliaparalavida.com\/tutorialapp\" target=\"_blank\" rel=\"noopener\"><img loading=\"lazy\" decoding=\"async\" class=\"alignright wp-image-2502\" src=\"https:\/\/bibliaparalavida.com\/app\/wp-content\/uploads\/2023\/07\/stores-icons-B.png\" alt=\"\" width=\"48\" height=\"90\" \/><\/a>La <strong>Promo Reflexiones<\/strong> incluye dos libros con m\u00e1s de <strong>160 reflexiones cristianas<\/strong> breves, interesantes y profundas, con un <strong>10% de descuento<\/strong>. <strong>[FORMATO DIGITAL]<\/strong><\/p>\n<p><a style=\"padding: 8px; background-color: #0f9d58; font-weight: bold; text-align: center; color: #fff; border-radius: 5px;\" href=\"https:\/\/wa.me\/5493513073050?text=Quisiera%20los%20Demos%20de%20la%20Promo%20Reflexiones.\"><img loading=\"lazy\" decoding=\"async\" style=\"float: left, margin-right:10px; margin-bottom: -7px; margin-right: 5px;\" src=\"https:\/\/bibliaparalavida.com\/wp-content\/uploads\/2020\/12\/WhatsApp-icon.png\" alt=\"WhatsApp\" width=\"24\" height=\"24\" \/>SOLICITA UN ADELANTO EN PDF<\/a><\/p>\n<p><strong>C\u00f3mpralo aqu\u00ed.<\/strong> <strong>L\u00e9elo en nuestra <\/strong><a href=\"https:\/\/bibliaparalavida.com\/app\/app\" target=\"_blank\" rel=\"noopener\"><strong>App.<\/strong><\/a><br \/>\n<strong>\u00bfPrefieres en papel? <\/strong>C\u00f3mpralo <a href=\"https:\/\/bibliaparalavida.com\/prod\/promo-reflexiones\">aqu\u00ed<\/a>.<\/p>\n","protected":false},"featured_media":2850,"comment_status":"closed","ping_status":"closed","template":"","meta":{"_joinchat":[]},"product_brand":[],"product_cat":[62,79],"product_tag":[],"class_list":{"0":"post-2849","1":"product","2":"type-product","3":"status-publish","4":"has-post-thumbnail","6":"product_cat-promos","7":"product_cat-promos-libros","9":"first","10":"instock","11":"sale","12":"virtual","13":"purchasable","14":"product-type-simple"},"yoast_head":"<!-- This site is optimized with the Yoast SEO plugin v26.5 - https:\/\/yoast.com\/wordpress\/plugins\/seo\/ -->\n<title>Promo Reflexiones - 10% OFF - Biblia para la Vida App<\/title>\n<meta name=\"description\" content=\"La Promo Reflexiones incluye dos libros digitales con m\u00e1s de 160 reflexiones cristianas breves, interesantes y profundas, con un 10% de descuento.\" \/>\n<meta name=\"robots\" content=\"index, follow, max-snippet:-1, max-image-preview:large, max-video-preview:-1\" \/>\n<link rel=\"canonical\" href=\"https:\/\/bibliaparalavida.com\/app\/prod\/promo-reflexiones\/\" \/>\n<meta property=\"og:locale\" content=\"es_ES\" \/>\n<meta property=\"og:type\" content=\"article\" \/>\n<meta property=\"og:title\" content=\"Promo Reflexiones - 10% OFF - Biblia para la Vida App\" \/>\n<meta property=\"og:description\" content=\"La Promo Reflexiones incluye dos libros digitales con m\u00e1s de 160 reflexiones cristianas breves, interesantes y profundas, con un 10% de descuento.\" \/>\n<meta property=\"og:url\" content=\"https:\/\/bibliaparalavida.com\/app\/prod\/promo-reflexiones\/\" \/>\n<meta property=\"og:site_name\" content=\"Biblia para la Vida App\" \/>\n<meta property=\"article:publisher\" content=\"https:\/\/www.facebook.com\/BibliaParaLaVida\" \/>\n<meta property=\"article:modified_time\" content=\"2026-02-26T13:15:50+00:00\" \/>\n<meta property=\"og:image\" content=\"http:\/\/bibliaparalavida.com\/app\/wp-content\/uploads\/2025\/12\/Promo-Reflexiones.jpg\" \/>\n\t<meta property=\"og:image:width\" content=\"1080\" \/>\n\t<meta property=\"og:image:height\" content=\"1080\" \/>\n\t<meta property=\"og:image:type\" content=\"image\/jpeg\" \/>\n<meta name=\"twitter:card\" content=\"summary_large_image\" \/>\n<meta name=\"twitter:label1\" content=\"Tiempo de lectura\" \/>\n\t<meta name=\"twitter:data1\" content=\"1 minuto\" \/>\n<script type=\"application\/ld+json\" class=\"yoast-schema-graph\">{\"@context\":\"https:\/\/schema.org\",\"@graph\":[{\"@type\":\"WebPage\",\"@id\":\"https:\/\/bibliaparalavida.com\/app\/prod\/promo-reflexiones\/\",\"url\":\"https:\/\/bibliaparalavida.com\/app\/prod\/promo-reflexiones\/\",\"name\":\"Promo Reflexiones - 10% OFF - Biblia para la Vida App\",\"isPartOf\":{\"@id\":\"https:\/\/bibliaparalavida.com\/app\/#website\"},\"primaryImageOfPage\":{\"@id\":\"https:\/\/bibliaparalavida.com\/app\/prod\/promo-reflexiones\/#primaryimage\"},\"image\":{\"@id\":\"https:\/\/bibliaparalavida.com\/app\/prod\/promo-reflexiones\/#primaryimage\"},\"thumbnailUrl\":\"https:\/\/bibliaparalavida.com\/app\/wp-content\/uploads\/2025\/12\/Promo-Reflexiones.jpg\",\"datePublished\":\"2025-12-23T00:08:40+00:00\",\"dateModified\":\"2026-02-26T13:15:50+00:00\",\"description\":\"La Promo Reflexiones incluye dos libros digitales con m\u00e1s de 160 reflexiones cristianas breves, interesantes y profundas, con un 10% de descuento.\",\"breadcrumb\":{\"@id\":\"https:\/\/bibliaparalavida.com\/app\/prod\/promo-reflexiones\/#breadcrumb\"},\"inLanguage\":\"es\",\"potentialAction\":[{\"@type\":\"ReadAction\",\"target\":[\"https:\/\/bibliaparalavida.com\/app\/prod\/promo-reflexiones\/\"]}]},{\"@type\":\"ImageObject\",\"inLanguage\":\"es\",\"@id\":\"https:\/\/bibliaparalavida.com\/app\/prod\/promo-reflexiones\/#primaryimage\",\"url\":\"https:\/\/bibliaparalavida.com\/app\/wp-content\/uploads\/2025\/12\/Promo-Reflexiones.jpg\",\"contentUrl\":\"https:\/\/bibliaparalavida.com\/app\/wp-content\/uploads\/2025\/12\/Promo-Reflexiones.jpg\",\"width\":1080,\"height\":1080,\"caption\":\"Promo Reflexiones 10% OFF\"},{\"@type\":\"BreadcrumbList\",\"@id\":\"https:\/\/bibliaparalavida.com\/app\/prod\/promo-reflexiones\/#breadcrumb\",\"itemListElement\":[{\"@type\":\"ListItem\",\"position\":1,\"name\":\"Portada\",\"item\":\"https:\/\/bibliaparalavida.com\/app\/\"},{\"@type\":\"ListItem\",\"position\":2,\"name\":\"Tienda\",\"item\":\"https:\/\/bibliaparalavida.com\/app\/tienda\/\"},{\"@type\":\"ListItem\",\"position\":3,\"name\":\"Promo Reflexiones &#8211; 10% OFF\"}]},{\"@type\":\"WebSite\",\"@id\":\"https:\/\/bibliaparalavida.com\/app\/#website\",\"url\":\"https:\/\/bibliaparalavida.com\/app\/\",\"name\":\"Biblia para la Vida App\",\"description\":\"Aplica la Biblia a tu vida\",\"publisher\":{\"@id\":\"https:\/\/bibliaparalavida.com\/app\/#organization\"},\"potentialAction\":[{\"@type\":\"SearchAction\",\"target\":{\"@type\":\"EntryPoint\",\"urlTemplate\":\"https:\/\/bibliaparalavida.com\/app\/?s={search_term_string}\"},\"query-input\":{\"@type\":\"PropertyValueSpecification\",\"valueRequired\":true,\"valueName\":\"search_term_string\"}}],\"inLanguage\":\"es\"},{\"@type\":\"Organization\",\"@id\":\"https:\/\/bibliaparalavida.com\/app\/#organization\",\"name\":\"Biblia para la Vida\",\"url\":\"https:\/\/bibliaparalavida.com\/app\/\",\"logo\":{\"@type\":\"ImageObject\",\"inLanguage\":\"es\",\"@id\":\"https:\/\/bibliaparalavida.com\/app\/#\/schema\/logo\/image\/\",\"url\":\"https:\/\/bibliaparalavida.com\/app\/wp-content\/uploads\/2022\/01\/Logo-BPLV-Header.png\",\"contentUrl\":\"https:\/\/bibliaparalavida.com\/app\/wp-content\/uploads\/2022\/01\/Logo-BPLV-Header.png\",\"width\":356,\"height\":97,\"caption\":\"Biblia para la Vida\"},\"image\":{\"@id\":\"https:\/\/bibliaparalavida.com\/app\/#\/schema\/logo\/image\/\"},\"sameAs\":[\"https:\/\/www.facebook.com\/BibliaParaLaVida\"]}]}<\/script>\n<!-- \/ Yoast SEO plugin. -->","yoast_head_json":{"title":"Promo Reflexiones - 10% OFF - Biblia para la Vida App","description":"La Promo Reflexiones incluye dos libros digitales con m\u00e1s de 160 reflexiones cristianas breves, interesantes y profundas, con un 10% de descuento.","robots":{"index":"index","follow":"follow","max-snippet":"max-snippet:-1","max-image-preview":"max-image-preview:large","max-video-preview":"max-video-preview:-1"},"canonical":"https:\/\/bibliaparalavida.com\/app\/prod\/promo-reflexiones\/","og_locale":"es_ES","og_type":"article","og_title":"Promo Reflexiones - 10% OFF - Biblia para la Vida App","og_description":"La Promo Reflexiones incluye dos libros digitales con m\u00e1s de 160 reflexiones cristianas breves, interesantes y profundas, con un 10% de descuento.","og_url":"https:\/\/bibliaparalavida.com\/app\/prod\/promo-reflexiones\/","og_site_name":"Biblia para la Vida App","article_publisher":"https:\/\/www.facebook.com\/BibliaParaLaVida","article_modified_time":"2026-02-26T13:15:50+00:00","og_image":[{"width":1080,"height":1080,"url":"http:\/\/bibliaparalavida.com\/app\/wp-content\/uploads\/2025\/12\/Promo-Reflexiones.jpg","type":"image\/jpeg"}],"twitter_card":"summary_large_image","twitter_misc":{"Tiempo de lectura":"1 minuto"},"schema":{"@context":"https:\/\/schema.org","@graph":[{"@type":"WebPage","@id":"https:\/\/bibliaparalavida.com\/app\/prod\/promo-reflexiones\/","url":"https:\/\/bibliaparalavida.com\/app\/prod\/promo-reflexiones\/","name":"Promo Reflexiones - 10% OFF - Biblia para la Vida App","isPartOf":{"@id":"https:\/\/bibliaparalavida.com\/app\/#website"},"primaryImageOfPage":{"@id":"https:\/\/bibliaparalavida.com\/app\/prod\/promo-reflexiones\/#primaryimage"},"image":{"@id":"https:\/\/bibliaparalavida.com\/app\/prod\/promo-reflexiones\/#primaryimage"},"thumbnailUrl":"https:\/\/bibliaparalavida.com\/app\/wp-content\/uploads\/2025\/12\/Promo-Reflexiones.jpg","datePublished":"2025-12-23T00:08:40+00:00","dateModified":"2026-02-26T13:15:50+00:00","description":"La Promo Reflexiones incluye dos libros digitales con m\u00e1s de 160 reflexiones cristianas breves, interesantes y profundas, con un 10% de descuento.","breadcrumb":{"@id":"https:\/\/bibliaparalavida.com\/app\/prod\/promo-reflexiones\/#breadcrumb"},"inLanguage":"es","potentialAction":[{"@type":"ReadAction","target":["https:\/\/bibliaparalavida.com\/app\/prod\/promo-reflexiones\/"]}]},{"@type":"ImageObject","inLanguage":"es","@id":"https:\/\/bibliaparalavida.com\/app\/prod\/promo-reflexiones\/#primaryimage","url":"https:\/\/bibliaparalavida.com\/app\/wp-content\/uploads\/2025\/12\/Promo-Reflexiones.jpg","contentUrl":"https:\/\/bibliaparalavida.com\/app\/wp-content\/uploads\/2025\/12\/Promo-Reflexiones.jpg","width":1080,"height":1080,"caption":"Promo Reflexiones 10% OFF"},{"@type":"BreadcrumbList","@id":"https:\/\/bibliaparalavida.com\/app\/prod\/promo-reflexiones\/#breadcrumb","itemListElement":[{"@type":"ListItem","position":1,"name":"Portada","item":"https:\/\/bibliaparalavida.com\/app\/"},{"@type":"ListItem","position":2,"name":"Tienda","item":"https:\/\/bibliaparalavida.com\/app\/tienda\/"},{"@type":"ListItem","position":3,"name":"Promo Reflexiones &#8211; 10% OFF"}]},{"@type":"WebSite","@id":"https:\/\/bibliaparalavida.com\/app\/#website","url":"https:\/\/bibliaparalavida.com\/app\/","name":"Biblia para la Vida App","description":"Aplica la Biblia a tu vida","publisher":{"@id":"https:\/\/bibliaparalavida.com\/app\/#organization"},"potentialAction":[{"@type":"SearchAction","target":{"@type":"EntryPoint","urlTemplate":"https:\/\/bibliaparalavida.com\/app\/?s={search_term_string}"},"query-input":{"@type":"PropertyValueSpecification","valueRequired":true,"valueName":"search_term_string"}}],"inLanguage":"es"},{"@type":"Organization","@id":"https:\/\/bibliaparalavida.com\/app\/#organization","name":"Biblia para la Vida","url":"https:\/\/bibliaparalavida.com\/app\/","logo":{"@type":"ImageObject","inLanguage":"es","@id":"https:\/\/bibliaparalavida.com\/app\/#\/schema\/logo\/image\/","url":"https:\/\/bibliaparalavida.com\/app\/wp-content\/uploads\/2022\/01\/Logo-BPLV-Header.png","contentUrl":"https:\/\/bibliaparalavida.com\/app\/wp-content\/uploads\/2022\/01\/Logo-BPLV-Header.png","width":356,"height":97,"caption":"Biblia para la Vida"},"image":{"@id":"https:\/\/bibliaparalavida.com\/app\/#\/schema\/logo\/image\/"},"sameAs":["https:\/\/www.facebook.com\/BibliaParaLaVida"]}]}},"_links":{"self":[{"href":"https:\/\/bibliaparalavida.com\/app\/wp-json\/wp\/v2\/product\/2849","targetHints":{"allow":["GET"]}}],"collection":[{"href":"https:\/\/bibliaparalavida.com\/app\/wp-json\/wp\/v2\/product"}],"about":[{"href":"https:\/\/bibliaparalavida.com\/app\/wp-json\/wp\/v2\/types\/product"}],"replies":[{"embeddable":true,"href":"https:\/\/bibliaparalavida.com\/app\/wp-json\/wp\/v2\/comments?post=2849"}],"wp:featuredmedia":[{"embeddable":true,"href":"https:\/\/bibliaparalavida.com\/app\/wp-json\/wp\/v2\/media\/2850"}],"wp:attachment":[{"href":"https:\/\/bibliaparalavida.com\/app\/wp-json\/wp\/v2\/media?parent=2849"}],"wp:term":[{"taxonomy":"product_brand","embeddable":true,"href":"https:\/\/bibliaparalavida.com\/app\/wp-json\/wp\/v2\/product_brand?post=2849"},{"taxonomy":"product_cat","embeddable":true,"href":"https:\/\/bibliaparalavida.com\/app\/wp-json\/wp\/v2\/product_cat?post=2849"},{"taxonomy":"product_tag","embeddable":true,"href":"https:\/\/bibliaparalavida.com\/app\/wp-json\/wp\/v2\/product_tag?post=2849"}],"curies":[{"name":"wp","href":"https:\/\/api.w.org\/{rel}","templated":true}]}}