{"id":2809,"date":"2025-05-20T14:56:26","date_gmt":"2025-05-20T14:56:26","guid":{"rendered":"https:\/\/bibliaparalavida.com\/app\/?post_type=product&#038;p=2809"},"modified":"2026-02-26T13:13:26","modified_gmt":"2026-02-26T13:13:26","slug":"conoces-al-espiritu-santo","status":"publish","type":"product","link":"https:\/\/bibliaparalavida.com\/app\/prod\/conoces-al-espiritu-santo\/","title":{"rendered":"\u00bfConoces al Esp\u00edritu Santo?"},"content":{"rendered":"<p>Desde mi primera encuentro con el Esp\u00edritu Santo, en mi adolescencia, he estado enamorado de \u00e9l y he procurado conocerlo cada d\u00eda m\u00e1s.<\/p>\n<p>Hay muy buenos libros al respecto; algunos se basan en la experiencia del autor y otros se enfocan s\u00f3lo en el estudio teol\u00f3gico. Creo que ambos aspectos son importantes y necesarios, ya que uno es incompleto sin el otro.<\/p>\n<p>La Biblia habla mucho acerca del Esp\u00edritu Santo, y en ella vemos una invitaci\u00f3n permanente a conocerlo y relacionarnos con \u00e9l. Por eso, creo que no es s\u00f3lo un tema para estudiar; m\u00e1s bien, se trata de una persona por conocer, y un sinf\u00edn de experiencias por vivir en carne propia.<\/p>\n<p>Por esa raz\u00f3n, me propuse unificar ambos aspectos en este libro. Por un lado, profundizar en la teolog\u00eda del Esp\u00edritu Santo: su persona y divinidad, su ministerio, sus frutos y dones, as\u00ed como tambi\u00e9n su llenura; y a la vez animar al lector a tener una relaci\u00f3n personal con \u00e9l, disfrutando de su compa\u00f1\u00eda y su ayuda tan valiosa.<\/p>\n<p><strong>Este libro te ayudar\u00e1 a conocer a\u00fan m\u00e1s acerca del Esp\u00edritu Santo; a la vez que te motivar\u00e1 a conocerlo a \u00c9l de manera personal, y llevar tu relaci\u00f3n con \u00e9l a un nuevo nivel.<\/strong><\/p>\n<p><a href=\"https:\/\/bibliaparalavida.com\/acerca-del-autor\/\">Billy Saint<\/a><\/p>\n<p><a style=\"padding: 8px; background-color: #0f9d58; font-weight: bold; text-align: center; color: #fff; border-radius: 5px;\" href=\"https:\/\/wa.me\/5493513073050?text=Quisiera%20un%20Demo%20del%20libro%20\u00bfConoces%20al%20Esp\u00edritu%20Santo?\"><img loading=\"lazy\" decoding=\"async\" style=\"float: left, margin-right:10px; margin-bottom: -7px; margin-right: 5px;\" src=\"https:\/\/bibliaparalavida.com\/wp-content\/uploads\/2020\/12\/WhatsApp-icon.png\" alt=\"WhatsApp\" width=\"24\" height=\"24\" \/>SOLICITA UNA DEMO EN PDF<\/a><\/p>\n","protected":false},"excerpt":{"rendered":"<p><a href=\"https:\/\/bibliaparalavida.com\/app\/app\" target=\"_blank\" rel=\"noopener\"><img loading=\"lazy\" decoding=\"async\" class=\"alignright wp-image-2502\" src=\"https:\/\/bibliaparalavida.com\/app\/wp-content\/uploads\/2023\/07\/stores-icons-B.png\" alt=\"\" width=\"48\" height=\"90\" \/><\/a><\/p>\n<p><strong><em>\u00bfConoces al Esp\u00edritu Santo?<\/em><\/strong> te ayudar\u00e1 a conocer a\u00fan m\u00e1s al Esp\u00edritu Santo a trav\u00e9s del estudio b\u00edblico y la relaci\u00f3n personal con \u00c9l. <a href=\"#contenido\">Conoce un poco m\u00e1s aqu\u00ed.<\/a><\/p>\n<p><a style=\"padding: 8px; background-color: #0f9d58; font-weight: bold; text-align: center; color: #fff; border-radius: 5px;\" href=\"https:\/\/wa.me\/5493513073050?text=Quisiera%20un%20Demo%20del%20libro%20\u00bfConoces%20al%20Esp\u00edritu%20Santo?\"><img loading=\"lazy\" decoding=\"async\" style=\"float: left, margin-right:10px; margin-bottom: -7px; margin-right: 5px;\" src=\"https:\/\/bibliaparalavida.com\/wp-content\/uploads\/2020\/12\/WhatsApp-icon.png\" alt=\"WhatsApp\" width=\"24\" height=\"24\" \/>SOLICITA UN ADELANTO EN PDF<\/a><\/p>\n<p><a style=\"padding: 4px 8px; background-color: #f90; font-weight: bold; text-align: center; color: #fff; border-radius: 5px;\" href=\"https:\/\/bibliaparalavida.com\/prod\/conoces-al-espiritu-santo\/\" target=\"_blank\" rel=\"noopener\">\u00bfPREFER\u00cdS EN PAPEL?<\/a> <a href=\"https:\/\/bibliaparalavida.com\/prod\/conoces-al-espiritu-santo\/\">Encargalo desde aqu\u00ed.<\/a><\/p>\n<div style=\"clear: both; height: 10px;\"><\/div>\n","protected":false},"featured_media":2811,"comment_status":"closed","ping_status":"closed","template":"","meta":{"_joinchat":[]},"product_brand":[],"product_cat":[63],"product_tag":[89,90,87,91,88],"class_list":{"0":"post-2809","1":"product","2":"type-product","3":"status-publish","4":"has-post-thumbnail","6":"product_cat-libros","7":"product_tag-bautismo-en-el-espiritu-santo","8":"product_tag-dones-espirituales","9":"product_tag-espiritu-santo","10":"product_tag-fruto-del-espiritu","11":"product_tag-neumatologia","13":"first","14":"instock","15":"virtual","16":"purchasable","17":"product-type-simple"},"yoast_head":"<!-- This site is optimized with the Yoast SEO plugin v26.5 - https:\/\/yoast.com\/wordpress\/plugins\/seo\/ -->\n<title>\u00bfConoces al Esp\u00edritu Santo? - Biblia para la Vida App<\/title>\n<meta name=\"robots\" content=\"index, follow, max-snippet:-1, max-image-preview:large, max-video-preview:-1\" \/>\n<link rel=\"canonical\" href=\"https:\/\/bibliaparalavida.com\/app\/prod\/conoces-al-espiritu-santo\/\" \/>\n<meta property=\"og:locale\" content=\"es_ES\" \/>\n<meta property=\"og:type\" content=\"article\" \/>\n<meta property=\"og:title\" content=\"\u00bfConoces al Esp\u00edritu Santo? - Biblia para la Vida App\" \/>\n<meta property=\"og:description\" content=\"\u00bfConoces al Esp\u00edritu Santo? te ayudar\u00e1 a conocer a\u00fan m\u00e1s al Esp\u00edritu Santo a trav\u00e9s del estudio b\u00edblico y la relaci\u00f3n personal con \u00c9l. Conoce un poco m\u00e1s aqu\u00ed.  SOLICITA UN ADELANTO EN PDF  \u00bfPREFER\u00cdS EN PAPEL? Encargalo desde aqu\u00ed.\" \/>\n<meta property=\"og:url\" content=\"https:\/\/bibliaparalavida.com\/app\/prod\/conoces-al-espiritu-santo\/\" \/>\n<meta property=\"og:site_name\" content=\"Biblia para la Vida App\" \/>\n<meta property=\"article:publisher\" content=\"https:\/\/www.facebook.com\/BibliaParaLaVida\" \/>\n<meta property=\"article:modified_time\" content=\"2026-02-26T13:13:26+00:00\" \/>\n<meta property=\"og:image\" content=\"http:\/\/bibliaparalavida.com\/app\/wp-content\/uploads\/2025\/05\/Conoces-al-Espiritu-Santo-2.jpg\" \/>\n\t<meta property=\"og:image:width\" content=\"1000\" \/>\n\t<meta property=\"og:image:height\" content=\"1000\" \/>\n\t<meta property=\"og:image:type\" content=\"image\/jpeg\" \/>\n<meta name=\"twitter:card\" content=\"summary_large_image\" \/>\n<meta name=\"twitter:label1\" content=\"Tiempo de lectura\" \/>\n\t<meta name=\"twitter:data1\" content=\"2 minutos\" \/>\n<script type=\"application\/ld+json\" class=\"yoast-schema-graph\">{\"@context\":\"https:\/\/schema.org\",\"@graph\":[{\"@type\":\"WebPage\",\"@id\":\"https:\/\/bibliaparalavida.com\/app\/prod\/conoces-al-espiritu-santo\/\",\"url\":\"https:\/\/bibliaparalavida.com\/app\/prod\/conoces-al-espiritu-santo\/\",\"name\":\"\u00bfConoces al Esp\u00edritu Santo? - Biblia para la Vida App\",\"isPartOf\":{\"@id\":\"https:\/\/bibliaparalavida.com\/app\/#website\"},\"primaryImageOfPage\":{\"@id\":\"https:\/\/bibliaparalavida.com\/app\/prod\/conoces-al-espiritu-santo\/#primaryimage\"},\"image\":{\"@id\":\"https:\/\/bibliaparalavida.com\/app\/prod\/conoces-al-espiritu-santo\/#primaryimage\"},\"thumbnailUrl\":\"https:\/\/bibliaparalavida.com\/app\/wp-content\/uploads\/2025\/05\/Conoces-al-Espiritu-Santo-2.jpg\",\"datePublished\":\"2025-05-20T14:56:26+00:00\",\"dateModified\":\"2026-02-26T13:13:26+00:00\",\"breadcrumb\":{\"@id\":\"https:\/\/bibliaparalavida.com\/app\/prod\/conoces-al-espiritu-santo\/#breadcrumb\"},\"inLanguage\":\"es\",\"potentialAction\":[{\"@type\":\"ReadAction\",\"target\":[\"https:\/\/bibliaparalavida.com\/app\/prod\/conoces-al-espiritu-santo\/\"]}]},{\"@type\":\"ImageObject\",\"inLanguage\":\"es\",\"@id\":\"https:\/\/bibliaparalavida.com\/app\/prod\/conoces-al-espiritu-santo\/#primaryimage\",\"url\":\"https:\/\/bibliaparalavida.com\/app\/wp-content\/uploads\/2025\/05\/Conoces-al-Espiritu-Santo-2.jpg\",\"contentUrl\":\"https:\/\/bibliaparalavida.com\/app\/wp-content\/uploads\/2025\/05\/Conoces-al-Espiritu-Santo-2.jpg\",\"width\":1000,\"height\":1000,\"caption\":\"Conoces al Esp\u00edritu Santo\"},{\"@type\":\"BreadcrumbList\",\"@id\":\"https:\/\/bibliaparalavida.com\/app\/prod\/conoces-al-espiritu-santo\/#breadcrumb\",\"itemListElement\":[{\"@type\":\"ListItem\",\"position\":1,\"name\":\"Portada\",\"item\":\"https:\/\/bibliaparalavida.com\/app\/\"},{\"@type\":\"ListItem\",\"position\":2,\"name\":\"Tienda\",\"item\":\"https:\/\/bibliaparalavida.com\/app\/tienda\/\"},{\"@type\":\"ListItem\",\"position\":3,\"name\":\"\u00bfConoces al Esp\u00edritu Santo?\"}]},{\"@type\":\"WebSite\",\"@id\":\"https:\/\/bibliaparalavida.com\/app\/#website\",\"url\":\"https:\/\/bibliaparalavida.com\/app\/\",\"name\":\"Biblia para la Vida App\",\"description\":\"Aplica la Biblia a tu vida\",\"publisher\":{\"@id\":\"https:\/\/bibliaparalavida.com\/app\/#organization\"},\"potentialAction\":[{\"@type\":\"SearchAction\",\"target\":{\"@type\":\"EntryPoint\",\"urlTemplate\":\"https:\/\/bibliaparalavida.com\/app\/?s={search_term_string}\"},\"query-input\":{\"@type\":\"PropertyValueSpecification\",\"valueRequired\":true,\"valueName\":\"search_term_string\"}}],\"inLanguage\":\"es\"},{\"@type\":\"Organization\",\"@id\":\"https:\/\/bibliaparalavida.com\/app\/#organization\",\"name\":\"Biblia para la Vida\",\"url\":\"https:\/\/bibliaparalavida.com\/app\/\",\"logo\":{\"@type\":\"ImageObject\",\"inLanguage\":\"es\",\"@id\":\"https:\/\/bibliaparalavida.com\/app\/#\/schema\/logo\/image\/\",\"url\":\"https:\/\/bibliaparalavida.com\/app\/wp-content\/uploads\/2022\/01\/Logo-BPLV-Header.png\",\"contentUrl\":\"https:\/\/bibliaparalavida.com\/app\/wp-content\/uploads\/2022\/01\/Logo-BPLV-Header.png\",\"width\":356,\"height\":97,\"caption\":\"Biblia para la Vida\"},\"image\":{\"@id\":\"https:\/\/bibliaparalavida.com\/app\/#\/schema\/logo\/image\/\"},\"sameAs\":[\"https:\/\/www.facebook.com\/BibliaParaLaVida\"]}]}<\/script>\n<!-- \/ Yoast SEO plugin. -->","yoast_head_json":{"title":"\u00bfConoces al Esp\u00edritu Santo? - Biblia para la Vida App","robots":{"index":"index","follow":"follow","max-snippet":"max-snippet:-1","max-image-preview":"max-image-preview:large","max-video-preview":"max-video-preview:-1"},"canonical":"https:\/\/bibliaparalavida.com\/app\/prod\/conoces-al-espiritu-santo\/","og_locale":"es_ES","og_type":"article","og_title":"\u00bfConoces al Esp\u00edritu Santo? - Biblia para la Vida App","og_description":"\u00bfConoces al Esp\u00edritu Santo? te ayudar\u00e1 a conocer a\u00fan m\u00e1s al Esp\u00edritu Santo a trav\u00e9s del estudio b\u00edblico y la relaci\u00f3n personal con \u00c9l. Conoce un poco m\u00e1s aqu\u00ed.  SOLICITA UN ADELANTO EN PDF  \u00bfPREFER\u00cdS EN PAPEL? Encargalo desde aqu\u00ed.","og_url":"https:\/\/bibliaparalavida.com\/app\/prod\/conoces-al-espiritu-santo\/","og_site_name":"Biblia para la Vida App","article_publisher":"https:\/\/www.facebook.com\/BibliaParaLaVida","article_modified_time":"2026-02-26T13:13:26+00:00","og_image":[{"width":1000,"height":1000,"url":"http:\/\/bibliaparalavida.com\/app\/wp-content\/uploads\/2025\/05\/Conoces-al-Espiritu-Santo-2.jpg","type":"image\/jpeg"}],"twitter_card":"summary_large_image","twitter_misc":{"Tiempo de lectura":"2 minutos"},"schema":{"@context":"https:\/\/schema.org","@graph":[{"@type":"WebPage","@id":"https:\/\/bibliaparalavida.com\/app\/prod\/conoces-al-espiritu-santo\/","url":"https:\/\/bibliaparalavida.com\/app\/prod\/conoces-al-espiritu-santo\/","name":"\u00bfConoces al Esp\u00edritu Santo? - Biblia para la Vida App","isPartOf":{"@id":"https:\/\/bibliaparalavida.com\/app\/#website"},"primaryImageOfPage":{"@id":"https:\/\/bibliaparalavida.com\/app\/prod\/conoces-al-espiritu-santo\/#primaryimage"},"image":{"@id":"https:\/\/bibliaparalavida.com\/app\/prod\/conoces-al-espiritu-santo\/#primaryimage"},"thumbnailUrl":"https:\/\/bibliaparalavida.com\/app\/wp-content\/uploads\/2025\/05\/Conoces-al-Espiritu-Santo-2.jpg","datePublished":"2025-05-20T14:56:26+00:00","dateModified":"2026-02-26T13:13:26+00:00","breadcrumb":{"@id":"https:\/\/bibliaparalavida.com\/app\/prod\/conoces-al-espiritu-santo\/#breadcrumb"},"inLanguage":"es","potentialAction":[{"@type":"ReadAction","target":["https:\/\/bibliaparalavida.com\/app\/prod\/conoces-al-espiritu-santo\/"]}]},{"@type":"ImageObject","inLanguage":"es","@id":"https:\/\/bibliaparalavida.com\/app\/prod\/conoces-al-espiritu-santo\/#primaryimage","url":"https:\/\/bibliaparalavida.com\/app\/wp-content\/uploads\/2025\/05\/Conoces-al-Espiritu-Santo-2.jpg","contentUrl":"https:\/\/bibliaparalavida.com\/app\/wp-content\/uploads\/2025\/05\/Conoces-al-Espiritu-Santo-2.jpg","width":1000,"height":1000,"caption":"Conoces al Esp\u00edritu Santo"},{"@type":"BreadcrumbList","@id":"https:\/\/bibliaparalavida.com\/app\/prod\/conoces-al-espiritu-santo\/#breadcrumb","itemListElement":[{"@type":"ListItem","position":1,"name":"Portada","item":"https:\/\/bibliaparalavida.com\/app\/"},{"@type":"ListItem","position":2,"name":"Tienda","item":"https:\/\/bibliaparalavida.com\/app\/tienda\/"},{"@type":"ListItem","position":3,"name":"\u00bfConoces al Esp\u00edritu Santo?"}]},{"@type":"WebSite","@id":"https:\/\/bibliaparalavida.com\/app\/#website","url":"https:\/\/bibliaparalavida.com\/app\/","name":"Biblia para la Vida App","description":"Aplica la Biblia a tu vida","publisher":{"@id":"https:\/\/bibliaparalavida.com\/app\/#organization"},"potentialAction":[{"@type":"SearchAction","target":{"@type":"EntryPoint","urlTemplate":"https:\/\/bibliaparalavida.com\/app\/?s={search_term_string}"},"query-input":{"@type":"PropertyValueSpecification","valueRequired":true,"valueName":"search_term_string"}}],"inLanguage":"es"},{"@type":"Organization","@id":"https:\/\/bibliaparalavida.com\/app\/#organization","name":"Biblia para la Vida","url":"https:\/\/bibliaparalavida.com\/app\/","logo":{"@type":"ImageObject","inLanguage":"es","@id":"https:\/\/bibliaparalavida.com\/app\/#\/schema\/logo\/image\/","url":"https:\/\/bibliaparalavida.com\/app\/wp-content\/uploads\/2022\/01\/Logo-BPLV-Header.png","contentUrl":"https:\/\/bibliaparalavida.com\/app\/wp-content\/uploads\/2022\/01\/Logo-BPLV-Header.png","width":356,"height":97,"caption":"Biblia para la Vida"},"image":{"@id":"https:\/\/bibliaparalavida.com\/app\/#\/schema\/logo\/image\/"},"sameAs":["https:\/\/www.facebook.com\/BibliaParaLaVida"]}]}},"_links":{"self":[{"href":"https:\/\/bibliaparalavida.com\/app\/wp-json\/wp\/v2\/product\/2809","targetHints":{"allow":["GET"]}}],"collection":[{"href":"https:\/\/bibliaparalavida.com\/app\/wp-json\/wp\/v2\/product"}],"about":[{"href":"https:\/\/bibliaparalavida.com\/app\/wp-json\/wp\/v2\/types\/product"}],"replies":[{"embeddable":true,"href":"https:\/\/bibliaparalavida.com\/app\/wp-json\/wp\/v2\/comments?post=2809"}],"wp:featuredmedia":[{"embeddable":true,"href":"https:\/\/bibliaparalavida.com\/app\/wp-json\/wp\/v2\/media\/2811"}],"wp:attachment":[{"href":"https:\/\/bibliaparalavida.com\/app\/wp-json\/wp\/v2\/media?parent=2809"}],"wp:term":[{"taxonomy":"product_brand","embeddable":true,"href":"https:\/\/bibliaparalavida.com\/app\/wp-json\/wp\/v2\/product_brand?post=2809"},{"taxonomy":"product_cat","embeddable":true,"href":"https:\/\/bibliaparalavida.com\/app\/wp-json\/wp\/v2\/product_cat?post=2809"},{"taxonomy":"product_tag","embeddable":true,"href":"https:\/\/bibliaparalavida.com\/app\/wp-json\/wp\/v2\/product_tag?post=2809"}],"curies":[{"name":"wp","href":"https:\/\/api.w.org\/{rel}","templated":true}]}}