{"id":2692,"date":"2024-04-29T15:35:23","date_gmt":"2024-04-29T15:35:23","guid":{"rendered":"https:\/\/bibliaparalavida.com\/app\/?post_type=product&#038;p=2692"},"modified":"2026-02-26T13:07:09","modified_gmt":"2026-02-26T13:07:09","slug":"matrimonios","status":"publish","type":"product","link":"https:\/\/bibliaparalavida.com\/app\/prod\/matrimonios\/","title":{"rendered":"Manual para Matrimonios"},"content":{"rendered":"<p>El matrimonio es una de las etapas m\u00e1s hermosas e importantes de la vida, por eso en cada boda y en cada aniversario celebramos y reconocemos el valor y la belleza del amor.<\/p>\n<p>La relaci\u00f3n matrimonial es la m\u00e1s importante de todas las relaciones, por eso debemos cultivarla y cuidarla como lo m\u00e1s preciado, comprendiendo su naturaleza sagrada. En su Palabra, Dios nos ha dejado orientaciones para que podamos lograr una relaci\u00f3n matrimonial digna de disfrutar.<\/p>\n<p><a name=\"contenido\"><\/a><\/p>\n<h3>Contenido del Manual<\/h3>\n<p>1. El matrimonio: un regalo de Dios<br \/>\n2. Prop\u00f3sito b\u00edblico del matrimonio y roles de los c\u00f3nyuges<br \/>\n3. Maravillosamente diferentes<br \/>\n4. La danza de los miedos<br \/>\n5. Responsables de la sanidad personal<br \/>\n6. El poder del acuerdo<br \/>\n7. La comunicaci\u00f3n en la pareja<br \/>\n8. Intimidad sexual<br \/>\n9. Finanzas familiares<br \/>\n10. Perdonar para sanar el alma y la relaci\u00f3n<br \/>\n11. Pedir perd\u00f3n para restaurar la relaci\u00f3n<br \/>\n12. Los cinco lenguajes del amor<br \/>\n13. Las cuatro estaciones en el matrimonio<br \/>\n14. Resoluci\u00f3n de conflictos<br \/>\n15. El poder de la oraci\u00f3n de un c\u00f3nyuge<br \/>\n16. El sacerdocio de los padres<br \/>\n17. La crianza de los hijos<br \/>\n18. C\u00f3mo criar hijos delincuentes<br \/>\n19. Equilibrio entre la familia y el ministerio<br \/>\n20. Previniendo el adulterio<br \/>\n21 .Se\u00f1ales de alarma<br \/>\n22. Restaurando la sanidad matrimonial<br \/>\n23. Envejeciendo juntos<br \/>\n24. Orientaciones prematrimoniales<\/p>\n","protected":false},"excerpt":{"rendered":"<p><a href=\"https:\/\/bibliaparalavida.com\/app\/app\" target=\"_blank\" rel=\"noopener\"><img loading=\"lazy\" decoding=\"async\" class=\"alignright wp-image-2502\" src=\"https:\/\/bibliaparalavida.com\/app\/wp-content\/uploads\/2023\/07\/stores-icons-B.png\" alt=\"\" width=\"48\" height=\"90\" \/><\/a><a id=\"leerbtn\" class=\"leerbtn\" style=\"color: #fff; padding: 4px; background-color: #0f9d58; border-radius: 5px\" href=\"https:\/\/bibliaparalavida.com\/app\/mentoreo-biblico\/mbpmyp\/\">ACCEDE AL LIBRO<\/a> <span class=\"comprartxt\"> (Si ya lo compraste)<\/span><\/p>\n<p>El prop\u00f3sito de este manual es ayudar a las parejas a <strong>fortalecer el v\u00ednculo matrimonial<\/strong>, seg\u00fan el plan de Dios para la familia, a trav\u00e9s del <strong>estudio y aplicaci\u00f3n pr\u00e1ctica de la Biblia<\/strong>. <a href=\"#contenido\">Mira el contenido aqu\u00ed.<\/a><\/p>\n<p><strong>C\u00f3mpralo aqu\u00ed.<\/strong> <strong>L\u00e9elo en nuestra <\/strong><a href=\"https:\/\/bibliaparalavida.com\/app\/app\/\" target=\"_blank\" rel=\"noopener\"><strong>App.<\/strong><\/a><br \/>\n<strong>\u00bfPrefieres en papel? <\/strong>C\u00f3mpralo <a href=\"https:\/\/bibliaparalavida.com\/prod\/matrimonios\/\">aqu\u00ed<\/a>.<\/p>\n<p><a style=\"padding: 8px; background-color: #0f9d58; font-weight: bold; text-align: center; color: #fff; border-radius: 5px;\" href=\"https:\/\/wa.me\/5493513073050?text=Quisiera%20un%20Demo%20del%20Manual%20b\u00edblico%20para%20Matrimonios%20y%20Parejas.\"><img loading=\"lazy\" decoding=\"async\" style=\"float: left, margin-right:10px; margin-bottom: -7px; margin-right: 5px;\" src=\"https:\/\/bibliaparalavida.com\/wp-content\/uploads\/2020\/12\/WhatsApp-icon.png\" alt=\"WhatsApp\" width=\"24\" height=\"24\" \/>SOLICITA UN ADELANTO EN PDF<\/a><\/p>\n<div style=\"clear: both; height: 10px;\"><\/div>\n","protected":false},"featured_media":2697,"comment_status":"closed","ping_status":"closed","template":"","meta":{"_joinchat":[]},"product_brand":[],"product_cat":[51],"product_tag":[80,81],"class_list":{"0":"post-2692","1":"product","2":"type-product","3":"status-publish","4":"has-post-thumbnail","6":"product_cat-mentoreo-biblico","7":"product_tag-matrimonios","8":"product_tag-parajes","10":"first","11":"instock","12":"virtual","13":"purchasable","14":"product-type-simple"},"yoast_head":"<!-- This site is optimized with the Yoast SEO plugin v26.5 - https:\/\/yoast.com\/wordpress\/plugins\/seo\/ -->\n<title>Manual para Matrimonios - Biblia para la Vida App<\/title>\n<meta name=\"robots\" content=\"index, follow, max-snippet:-1, max-image-preview:large, max-video-preview:-1\" \/>\n<link rel=\"canonical\" href=\"https:\/\/bibliaparalavida.com\/app\/prod\/matrimonios\/\" \/>\n<meta property=\"og:locale\" content=\"es_ES\" \/>\n<meta property=\"og:type\" content=\"article\" \/>\n<meta property=\"og:title\" content=\"Manual para Matrimonios - Biblia para la Vida App\" \/>\n<meta property=\"og:description\" content=\"ACCEDE AL LIBRO (Si ya lo compraste)  El prop\u00f3sito de este manual es ayudar a las parejas a fortalecer el v\u00ednculo matrimonial, seg\u00fan el plan de Dios para la familia, a trav\u00e9s del estudio y aplicaci\u00f3n pr\u00e1ctica de la Biblia. Mira el contenido aqu\u00ed.  C\u00f3mpralo aqu\u00ed. L\u00e9elo en nuestra App. \u00bfPrefieres en papel? C\u00f3mpralo aqu\u00ed.  SOLICITA UN ADELANTO EN PDF\" \/>\n<meta property=\"og:url\" content=\"https:\/\/bibliaparalavida.com\/app\/prod\/matrimonios\/\" \/>\n<meta property=\"og:site_name\" content=\"Biblia para la Vida App\" \/>\n<meta property=\"article:publisher\" content=\"https:\/\/www.facebook.com\/BibliaParaLaVida\" \/>\n<meta property=\"article:modified_time\" content=\"2026-02-26T13:07:09+00:00\" \/>\n<meta property=\"og:image\" content=\"http:\/\/bibliaparalavida.com\/app\/wp-content\/uploads\/2024\/04\/Matrimonios-2.jpg\" \/>\n\t<meta property=\"og:image:width\" content=\"1024\" \/>\n\t<meta property=\"og:image:height\" content=\"1024\" \/>\n\t<meta property=\"og:image:type\" content=\"image\/jpeg\" \/>\n<meta name=\"twitter:card\" content=\"summary_large_image\" \/>\n<meta name=\"twitter:label1\" content=\"Tiempo de lectura\" \/>\n\t<meta name=\"twitter:data1\" content=\"2 minutos\" \/>\n<script type=\"application\/ld+json\" class=\"yoast-schema-graph\">{\"@context\":\"https:\/\/schema.org\",\"@graph\":[{\"@type\":\"WebPage\",\"@id\":\"https:\/\/bibliaparalavida.com\/app\/prod\/matrimonios\/\",\"url\":\"https:\/\/bibliaparalavida.com\/app\/prod\/matrimonios\/\",\"name\":\"Manual para Matrimonios - Biblia para la Vida App\",\"isPartOf\":{\"@id\":\"https:\/\/bibliaparalavida.com\/app\/#website\"},\"primaryImageOfPage\":{\"@id\":\"https:\/\/bibliaparalavida.com\/app\/prod\/matrimonios\/#primaryimage\"},\"image\":{\"@id\":\"https:\/\/bibliaparalavida.com\/app\/prod\/matrimonios\/#primaryimage\"},\"thumbnailUrl\":\"https:\/\/bibliaparalavida.com\/app\/wp-content\/uploads\/2024\/04\/Matrimonios-2.jpg\",\"datePublished\":\"2024-04-29T15:35:23+00:00\",\"dateModified\":\"2026-02-26T13:07:09+00:00\",\"breadcrumb\":{\"@id\":\"https:\/\/bibliaparalavida.com\/app\/prod\/matrimonios\/#breadcrumb\"},\"inLanguage\":\"es\",\"potentialAction\":[{\"@type\":\"ReadAction\",\"target\":[\"https:\/\/bibliaparalavida.com\/app\/prod\/matrimonios\/\"]}]},{\"@type\":\"ImageObject\",\"inLanguage\":\"es\",\"@id\":\"https:\/\/bibliaparalavida.com\/app\/prod\/matrimonios\/#primaryimage\",\"url\":\"https:\/\/bibliaparalavida.com\/app\/wp-content\/uploads\/2024\/04\/Matrimonios-2.jpg\",\"contentUrl\":\"https:\/\/bibliaparalavida.com\/app\/wp-content\/uploads\/2024\/04\/Matrimonios-2.jpg\",\"width\":1024,\"height\":1024,\"caption\":\"Manual B\u00edblico para Matrimonios y Parejas\"},{\"@type\":\"BreadcrumbList\",\"@id\":\"https:\/\/bibliaparalavida.com\/app\/prod\/matrimonios\/#breadcrumb\",\"itemListElement\":[{\"@type\":\"ListItem\",\"position\":1,\"name\":\"Portada\",\"item\":\"https:\/\/bibliaparalavida.com\/app\/\"},{\"@type\":\"ListItem\",\"position\":2,\"name\":\"Tienda\",\"item\":\"https:\/\/bibliaparalavida.com\/app\/tienda\/\"},{\"@type\":\"ListItem\",\"position\":3,\"name\":\"Manual para Matrimonios\"}]},{\"@type\":\"WebSite\",\"@id\":\"https:\/\/bibliaparalavida.com\/app\/#website\",\"url\":\"https:\/\/bibliaparalavida.com\/app\/\",\"name\":\"Biblia para la Vida App\",\"description\":\"Aplica la Biblia a tu vida\",\"publisher\":{\"@id\":\"https:\/\/bibliaparalavida.com\/app\/#organization\"},\"potentialAction\":[{\"@type\":\"SearchAction\",\"target\":{\"@type\":\"EntryPoint\",\"urlTemplate\":\"https:\/\/bibliaparalavida.com\/app\/?s={search_term_string}\"},\"query-input\":{\"@type\":\"PropertyValueSpecification\",\"valueRequired\":true,\"valueName\":\"search_term_string\"}}],\"inLanguage\":\"es\"},{\"@type\":\"Organization\",\"@id\":\"https:\/\/bibliaparalavida.com\/app\/#organization\",\"name\":\"Biblia para la Vida\",\"url\":\"https:\/\/bibliaparalavida.com\/app\/\",\"logo\":{\"@type\":\"ImageObject\",\"inLanguage\":\"es\",\"@id\":\"https:\/\/bibliaparalavida.com\/app\/#\/schema\/logo\/image\/\",\"url\":\"https:\/\/bibliaparalavida.com\/app\/wp-content\/uploads\/2022\/01\/Logo-BPLV-Header.png\",\"contentUrl\":\"https:\/\/bibliaparalavida.com\/app\/wp-content\/uploads\/2022\/01\/Logo-BPLV-Header.png\",\"width\":356,\"height\":97,\"caption\":\"Biblia para la Vida\"},\"image\":{\"@id\":\"https:\/\/bibliaparalavida.com\/app\/#\/schema\/logo\/image\/\"},\"sameAs\":[\"https:\/\/www.facebook.com\/BibliaParaLaVida\"]}]}<\/script>\n<!-- \/ Yoast SEO plugin. -->","yoast_head_json":{"title":"Manual para Matrimonios - Biblia para la Vida App","robots":{"index":"index","follow":"follow","max-snippet":"max-snippet:-1","max-image-preview":"max-image-preview:large","max-video-preview":"max-video-preview:-1"},"canonical":"https:\/\/bibliaparalavida.com\/app\/prod\/matrimonios\/","og_locale":"es_ES","og_type":"article","og_title":"Manual para Matrimonios - Biblia para la Vida App","og_description":"ACCEDE AL LIBRO (Si ya lo compraste)  El prop\u00f3sito de este manual es ayudar a las parejas a fortalecer el v\u00ednculo matrimonial, seg\u00fan el plan de Dios para la familia, a trav\u00e9s del estudio y aplicaci\u00f3n pr\u00e1ctica de la Biblia. Mira el contenido aqu\u00ed.  C\u00f3mpralo aqu\u00ed. L\u00e9elo en nuestra App. \u00bfPrefieres en papel? C\u00f3mpralo aqu\u00ed.  SOLICITA UN ADELANTO EN PDF","og_url":"https:\/\/bibliaparalavida.com\/app\/prod\/matrimonios\/","og_site_name":"Biblia para la Vida App","article_publisher":"https:\/\/www.facebook.com\/BibliaParaLaVida","article_modified_time":"2026-02-26T13:07:09+00:00","og_image":[{"width":1024,"height":1024,"url":"http:\/\/bibliaparalavida.com\/app\/wp-content\/uploads\/2024\/04\/Matrimonios-2.jpg","type":"image\/jpeg"}],"twitter_card":"summary_large_image","twitter_misc":{"Tiempo de lectura":"2 minutos"},"schema":{"@context":"https:\/\/schema.org","@graph":[{"@type":"WebPage","@id":"https:\/\/bibliaparalavida.com\/app\/prod\/matrimonios\/","url":"https:\/\/bibliaparalavida.com\/app\/prod\/matrimonios\/","name":"Manual para Matrimonios - Biblia para la Vida App","isPartOf":{"@id":"https:\/\/bibliaparalavida.com\/app\/#website"},"primaryImageOfPage":{"@id":"https:\/\/bibliaparalavida.com\/app\/prod\/matrimonios\/#primaryimage"},"image":{"@id":"https:\/\/bibliaparalavida.com\/app\/prod\/matrimonios\/#primaryimage"},"thumbnailUrl":"https:\/\/bibliaparalavida.com\/app\/wp-content\/uploads\/2024\/04\/Matrimonios-2.jpg","datePublished":"2024-04-29T15:35:23+00:00","dateModified":"2026-02-26T13:07:09+00:00","breadcrumb":{"@id":"https:\/\/bibliaparalavida.com\/app\/prod\/matrimonios\/#breadcrumb"},"inLanguage":"es","potentialAction":[{"@type":"ReadAction","target":["https:\/\/bibliaparalavida.com\/app\/prod\/matrimonios\/"]}]},{"@type":"ImageObject","inLanguage":"es","@id":"https:\/\/bibliaparalavida.com\/app\/prod\/matrimonios\/#primaryimage","url":"https:\/\/bibliaparalavida.com\/app\/wp-content\/uploads\/2024\/04\/Matrimonios-2.jpg","contentUrl":"https:\/\/bibliaparalavida.com\/app\/wp-content\/uploads\/2024\/04\/Matrimonios-2.jpg","width":1024,"height":1024,"caption":"Manual B\u00edblico para Matrimonios y Parejas"},{"@type":"BreadcrumbList","@id":"https:\/\/bibliaparalavida.com\/app\/prod\/matrimonios\/#breadcrumb","itemListElement":[{"@type":"ListItem","position":1,"name":"Portada","item":"https:\/\/bibliaparalavida.com\/app\/"},{"@type":"ListItem","position":2,"name":"Tienda","item":"https:\/\/bibliaparalavida.com\/app\/tienda\/"},{"@type":"ListItem","position":3,"name":"Manual para Matrimonios"}]},{"@type":"WebSite","@id":"https:\/\/bibliaparalavida.com\/app\/#website","url":"https:\/\/bibliaparalavida.com\/app\/","name":"Biblia para la Vida App","description":"Aplica la Biblia a tu vida","publisher":{"@id":"https:\/\/bibliaparalavida.com\/app\/#organization"},"potentialAction":[{"@type":"SearchAction","target":{"@type":"EntryPoint","urlTemplate":"https:\/\/bibliaparalavida.com\/app\/?s={search_term_string}"},"query-input":{"@type":"PropertyValueSpecification","valueRequired":true,"valueName":"search_term_string"}}],"inLanguage":"es"},{"@type":"Organization","@id":"https:\/\/bibliaparalavida.com\/app\/#organization","name":"Biblia para la Vida","url":"https:\/\/bibliaparalavida.com\/app\/","logo":{"@type":"ImageObject","inLanguage":"es","@id":"https:\/\/bibliaparalavida.com\/app\/#\/schema\/logo\/image\/","url":"https:\/\/bibliaparalavida.com\/app\/wp-content\/uploads\/2022\/01\/Logo-BPLV-Header.png","contentUrl":"https:\/\/bibliaparalavida.com\/app\/wp-content\/uploads\/2022\/01\/Logo-BPLV-Header.png","width":356,"height":97,"caption":"Biblia para la Vida"},"image":{"@id":"https:\/\/bibliaparalavida.com\/app\/#\/schema\/logo\/image\/"},"sameAs":["https:\/\/www.facebook.com\/BibliaParaLaVida"]}]}},"_links":{"self":[{"href":"https:\/\/bibliaparalavida.com\/app\/wp-json\/wp\/v2\/product\/2692","targetHints":{"allow":["GET"]}}],"collection":[{"href":"https:\/\/bibliaparalavida.com\/app\/wp-json\/wp\/v2\/product"}],"about":[{"href":"https:\/\/bibliaparalavida.com\/app\/wp-json\/wp\/v2\/types\/product"}],"replies":[{"embeddable":true,"href":"https:\/\/bibliaparalavida.com\/app\/wp-json\/wp\/v2\/comments?post=2692"}],"wp:featuredmedia":[{"embeddable":true,"href":"https:\/\/bibliaparalavida.com\/app\/wp-json\/wp\/v2\/media\/2697"}],"wp:attachment":[{"href":"https:\/\/bibliaparalavida.com\/app\/wp-json\/wp\/v2\/media?parent=2692"}],"wp:term":[{"taxonomy":"product_brand","embeddable":true,"href":"https:\/\/bibliaparalavida.com\/app\/wp-json\/wp\/v2\/product_brand?post=2692"},{"taxonomy":"product_cat","embeddable":true,"href":"https:\/\/bibliaparalavida.com\/app\/wp-json\/wp\/v2\/product_cat?post=2692"},{"taxonomy":"product_tag","embeddable":true,"href":"https:\/\/bibliaparalavida.com\/app\/wp-json\/wp\/v2\/product_tag?post=2692"}],"curies":[{"name":"wp","href":"https:\/\/api.w.org\/{rel}","templated":true}]}}