{"id":2527,"date":"2023-09-21T14:54:49","date_gmt":"2023-09-21T14:54:49","guid":{"rendered":"https:\/\/bibliaparalavida.com\/app\/?post_type=product&#038;p=2527"},"modified":"2026-02-26T13:09:18","modified_gmt":"2026-02-26T13:09:18","slug":"timoteo-y-tito-alumno","status":"publish","type":"product","link":"https:\/\/bibliaparalavida.com\/app\/prod\/timoteo-y-tito-alumno\/","title":{"rendered":"Timoteo y Tito | Alumno"},"content":{"rendered":"<p>El estudio de estas tres cartas ser\u00e1 de mucho provecho para el desarrollo de los ministros j\u00f3venes de la congregaci\u00f3n local, y ser\u00e1 de mucha utilidad para que el pastor principal de la iglesia pueda mentorear b\u00edblicamente a los l\u00edderes emergentes que lo rodean.<\/p>\n<h4>Primera carta de Pablo a Timoteo<\/h4>\n<p>1. Advertencia contra falsas ense\u00f1anzas<br \/>\n2. Testimonio y ministerio de Pablo<br \/>\n3. Instrucciones sobre la oraci\u00f3n y adoraci\u00f3n<br \/>\n4. Nombramiento de l\u00edderes en la iglesia<br \/>\n5. Nombramiento de di\u00e1conos en la iglesia<br \/>\n6. Advertencias sobre falsos ministros<br \/>\n7. Un buen ministro de Jesucristo<br \/>\n8. Orientaciones sobre ancianos, viudas y esclavos<br \/>\n9. Orientaciones sobre los l\u00edderes de la iglesia<br \/>\n10. Verdadera y falsa ense\u00f1anza.<br \/>\n11. Instrucciones finales de Pablo<\/p>\n<h4>Segunda carta de Pablo a Timoteo<\/h4>\n<p>12. Saludos, gratitud y recuerdos<br \/>\n13. Exhortaci\u00f3n a permanecer fiel<br \/>\n14. Exhortaci\u00f3n a predicar la sana doctrina<br \/>\n15. Exhortaci\u00f3n a soportar el sufrimiento<br \/>\n16. Exhortaci\u00f3n a esforzarse para ser aprobado<br \/>\n17. Caracter\u00edsticas de los hombres en los \u00faltimos d\u00edas<br \/>\n18. Exhortaci\u00f3n a seguir el ejemplo de sus mayores<br \/>\n19. Exhortaci\u00f3n a cumplir su ministerio<br \/>\n20. Palabras finales de Pablo<\/p>\n<h4>Carta de Pablo a Tito<\/h4>\n<p>21. Saludo de Pablo a Tito<br \/>\n22. Requisitos para los l\u00edderes de la iglesia<br \/>\n23. Ense\u00f1ar a los creyentes a vivir correctamente (1)<br \/>\n24. Ense\u00f1ar a los creyentes a vivir correctamente (2)<br \/>\n25. Salvados, justificados, regenerados y renovados<br \/>\n26. Instrucciones ministeriales y saludos finales<\/p>\n","protected":false},"excerpt":{"rendered":"<p><a href=\"https:\/\/bibliaparalavida.com\/tutorialapp\" target=\"_blank\" rel=\"noopener\"><img loading=\"lazy\" decoding=\"async\" class=\"alignright wp-image-2502\" src=\"https:\/\/bibliaparalavida.com\/app\/wp-content\/uploads\/2023\/07\/stores-icons-B.png\" alt=\"\" width=\"48\" height=\"90\" \/><\/a><a class=\"leerbtn\" style=\"color: #fff; padding: 4px; background-color: #0f9d58; border-radius: 5px;\" href=\"https:\/\/bibliaparalavida.com\/app\/biblia-inductiva\/bindtta\/\">ACCEDE AL LIBRO<\/a> <span class=\"comprartxt\"> (Si ya lo compraste)<\/span><\/p>\n<p><strong>TIMOTEO Y TITO Alumno<\/strong> un estudio inductivo de las cartas de Pablo a Timoteo y a Tito, con aplicaci\u00f3n al ministerio pastoral a trav\u00e9s de preguntas. <a href=\"https:\/\/bibliaparalavida.com\/app\/biblia-inductiva\/timoteo-y-tito-alumno-demo\/\">LEE UN ADELANTO DEL LIBRO<\/a><\/p>\n<p><strong>C\u00f3mpralo aqu\u00ed.<\/strong> <strong>L\u00e9elo en nuestra <\/strong><a href=\"https:\/\/bibliaparalavida.com\/tutorialapp\" target=\"_blank\" rel=\"noopener\"><strong>App.<\/strong><\/a><\/p>\n","protected":false},"featured_media":2525,"comment_status":"closed","ping_status":"closed","template":"","meta":{"_joinchat":[]},"product_brand":[],"product_cat":[52],"product_tag":[],"class_list":{"0":"post-2527","1":"product","2":"type-product","3":"status-publish","4":"has-post-thumbnail","6":"product_cat-biblia-inductiva","8":"first","9":"instock","10":"virtual","11":"purchasable","12":"product-type-simple"},"yoast_head":"<!-- This site is optimized with the Yoast SEO plugin v26.5 - https:\/\/yoast.com\/wordpress\/plugins\/seo\/ -->\n<title>Timoteo y Tito | Alumno - Biblia para la Vida App<\/title>\n<meta name=\"description\" content=\"TIMOTEO Y TITO Alumno un estudio inductivo de las Ep\u00edstolas Pastorales con aplicaci\u00f3n al ministerio pastoral a trav\u00e9s de preguntas inductivas.\" \/>\n<meta name=\"robots\" content=\"index, follow, max-snippet:-1, max-image-preview:large, max-video-preview:-1\" \/>\n<link rel=\"canonical\" href=\"https:\/\/bibliaparalavida.com\/app\/prod\/timoteo-y-tito-alumno\/\" \/>\n<meta property=\"og:locale\" content=\"es_ES\" \/>\n<meta property=\"og:type\" content=\"article\" \/>\n<meta property=\"og:title\" content=\"Timoteo y Tito | Alumno - Biblia para la Vida App\" \/>\n<meta property=\"og:description\" content=\"TIMOTEO Y TITO Alumno un estudio inductivo de las Ep\u00edstolas Pastorales con aplicaci\u00f3n al ministerio pastoral a trav\u00e9s de preguntas inductivas.\" \/>\n<meta property=\"og:url\" content=\"https:\/\/bibliaparalavida.com\/app\/prod\/timoteo-y-tito-alumno\/\" \/>\n<meta property=\"og:site_name\" content=\"Biblia para la Vida App\" \/>\n<meta property=\"article:publisher\" content=\"https:\/\/www.facebook.com\/BibliaParaLaVida\" \/>\n<meta property=\"article:modified_time\" content=\"2026-02-26T13:09:18+00:00\" \/>\n<meta property=\"og:image\" content=\"http:\/\/bibliaparalavida.com\/app\/wp-content\/uploads\/2023\/09\/Timoteo-y-Tito-Alumno.jpg\" \/>\n\t<meta property=\"og:image:width\" content=\"1080\" \/>\n\t<meta property=\"og:image:height\" content=\"1080\" \/>\n\t<meta property=\"og:image:type\" content=\"image\/jpeg\" \/>\n<meta name=\"twitter:card\" content=\"summary_large_image\" \/>\n<meta name=\"twitter:label1\" content=\"Tiempo de lectura\" \/>\n\t<meta name=\"twitter:data1\" content=\"2 minutos\" \/>\n<script type=\"application\/ld+json\" class=\"yoast-schema-graph\">{\"@context\":\"https:\/\/schema.org\",\"@graph\":[{\"@type\":\"WebPage\",\"@id\":\"https:\/\/bibliaparalavida.com\/app\/prod\/timoteo-y-tito-alumno\/\",\"url\":\"https:\/\/bibliaparalavida.com\/app\/prod\/timoteo-y-tito-alumno\/\",\"name\":\"Timoteo y Tito | Alumno - Biblia para la Vida App\",\"isPartOf\":{\"@id\":\"https:\/\/bibliaparalavida.com\/app\/#website\"},\"primaryImageOfPage\":{\"@id\":\"https:\/\/bibliaparalavida.com\/app\/prod\/timoteo-y-tito-alumno\/#primaryimage\"},\"image\":{\"@id\":\"https:\/\/bibliaparalavida.com\/app\/prod\/timoteo-y-tito-alumno\/#primaryimage\"},\"thumbnailUrl\":\"https:\/\/bibliaparalavida.com\/app\/wp-content\/uploads\/2023\/09\/Timoteo-y-Tito-Alumno.jpg\",\"datePublished\":\"2023-09-21T14:54:49+00:00\",\"dateModified\":\"2026-02-26T13:09:18+00:00\",\"description\":\"TIMOTEO Y TITO Alumno un estudio inductivo de las Ep\u00edstolas Pastorales con aplicaci\u00f3n al ministerio pastoral a trav\u00e9s de preguntas inductivas.\",\"breadcrumb\":{\"@id\":\"https:\/\/bibliaparalavida.com\/app\/prod\/timoteo-y-tito-alumno\/#breadcrumb\"},\"inLanguage\":\"es\",\"potentialAction\":[{\"@type\":\"ReadAction\",\"target\":[\"https:\/\/bibliaparalavida.com\/app\/prod\/timoteo-y-tito-alumno\/\"]}]},{\"@type\":\"ImageObject\",\"inLanguage\":\"es\",\"@id\":\"https:\/\/bibliaparalavida.com\/app\/prod\/timoteo-y-tito-alumno\/#primaryimage\",\"url\":\"https:\/\/bibliaparalavida.com\/app\/wp-content\/uploads\/2023\/09\/Timoteo-y-Tito-Alumno.jpg\",\"contentUrl\":\"https:\/\/bibliaparalavida.com\/app\/wp-content\/uploads\/2023\/09\/Timoteo-y-Tito-Alumno.jpg\",\"width\":1080,\"height\":1080,\"caption\":\"Timoteo y Tito Alumno\"},{\"@type\":\"BreadcrumbList\",\"@id\":\"https:\/\/bibliaparalavida.com\/app\/prod\/timoteo-y-tito-alumno\/#breadcrumb\",\"itemListElement\":[{\"@type\":\"ListItem\",\"position\":1,\"name\":\"Portada\",\"item\":\"https:\/\/bibliaparalavida.com\/app\/\"},{\"@type\":\"ListItem\",\"position\":2,\"name\":\"Tienda\",\"item\":\"https:\/\/bibliaparalavida.com\/app\/tienda\/\"},{\"@type\":\"ListItem\",\"position\":3,\"name\":\"Timoteo y Tito | Alumno\"}]},{\"@type\":\"WebSite\",\"@id\":\"https:\/\/bibliaparalavida.com\/app\/#website\",\"url\":\"https:\/\/bibliaparalavida.com\/app\/\",\"name\":\"Biblia para la Vida App\",\"description\":\"Aplica la Biblia a tu vida\",\"publisher\":{\"@id\":\"https:\/\/bibliaparalavida.com\/app\/#organization\"},\"potentialAction\":[{\"@type\":\"SearchAction\",\"target\":{\"@type\":\"EntryPoint\",\"urlTemplate\":\"https:\/\/bibliaparalavida.com\/app\/?s={search_term_string}\"},\"query-input\":{\"@type\":\"PropertyValueSpecification\",\"valueRequired\":true,\"valueName\":\"search_term_string\"}}],\"inLanguage\":\"es\"},{\"@type\":\"Organization\",\"@id\":\"https:\/\/bibliaparalavida.com\/app\/#organization\",\"name\":\"Biblia para la Vida\",\"url\":\"https:\/\/bibliaparalavida.com\/app\/\",\"logo\":{\"@type\":\"ImageObject\",\"inLanguage\":\"es\",\"@id\":\"https:\/\/bibliaparalavida.com\/app\/#\/schema\/logo\/image\/\",\"url\":\"https:\/\/bibliaparalavida.com\/app\/wp-content\/uploads\/2022\/01\/Logo-BPLV-Header.png\",\"contentUrl\":\"https:\/\/bibliaparalavida.com\/app\/wp-content\/uploads\/2022\/01\/Logo-BPLV-Header.png\",\"width\":356,\"height\":97,\"caption\":\"Biblia para la Vida\"},\"image\":{\"@id\":\"https:\/\/bibliaparalavida.com\/app\/#\/schema\/logo\/image\/\"},\"sameAs\":[\"https:\/\/www.facebook.com\/BibliaParaLaVida\"]}]}<\/script>\n<!-- \/ Yoast SEO plugin. -->","yoast_head_json":{"title":"Timoteo y Tito | Alumno - Biblia para la Vida App","description":"TIMOTEO Y TITO Alumno un estudio inductivo de las Ep\u00edstolas Pastorales con aplicaci\u00f3n al ministerio pastoral a trav\u00e9s de preguntas inductivas.","robots":{"index":"index","follow":"follow","max-snippet":"max-snippet:-1","max-image-preview":"max-image-preview:large","max-video-preview":"max-video-preview:-1"},"canonical":"https:\/\/bibliaparalavida.com\/app\/prod\/timoteo-y-tito-alumno\/","og_locale":"es_ES","og_type":"article","og_title":"Timoteo y Tito | Alumno - Biblia para la Vida App","og_description":"TIMOTEO Y TITO Alumno un estudio inductivo de las Ep\u00edstolas Pastorales con aplicaci\u00f3n al ministerio pastoral a trav\u00e9s de preguntas inductivas.","og_url":"https:\/\/bibliaparalavida.com\/app\/prod\/timoteo-y-tito-alumno\/","og_site_name":"Biblia para la Vida App","article_publisher":"https:\/\/www.facebook.com\/BibliaParaLaVida","article_modified_time":"2026-02-26T13:09:18+00:00","og_image":[{"width":1080,"height":1080,"url":"http:\/\/bibliaparalavida.com\/app\/wp-content\/uploads\/2023\/09\/Timoteo-y-Tito-Alumno.jpg","type":"image\/jpeg"}],"twitter_card":"summary_large_image","twitter_misc":{"Tiempo de lectura":"2 minutos"},"schema":{"@context":"https:\/\/schema.org","@graph":[{"@type":"WebPage","@id":"https:\/\/bibliaparalavida.com\/app\/prod\/timoteo-y-tito-alumno\/","url":"https:\/\/bibliaparalavida.com\/app\/prod\/timoteo-y-tito-alumno\/","name":"Timoteo y Tito | Alumno - Biblia para la Vida App","isPartOf":{"@id":"https:\/\/bibliaparalavida.com\/app\/#website"},"primaryImageOfPage":{"@id":"https:\/\/bibliaparalavida.com\/app\/prod\/timoteo-y-tito-alumno\/#primaryimage"},"image":{"@id":"https:\/\/bibliaparalavida.com\/app\/prod\/timoteo-y-tito-alumno\/#primaryimage"},"thumbnailUrl":"https:\/\/bibliaparalavida.com\/app\/wp-content\/uploads\/2023\/09\/Timoteo-y-Tito-Alumno.jpg","datePublished":"2023-09-21T14:54:49+00:00","dateModified":"2026-02-26T13:09:18+00:00","description":"TIMOTEO Y TITO Alumno un estudio inductivo de las Ep\u00edstolas Pastorales con aplicaci\u00f3n al ministerio pastoral a trav\u00e9s de preguntas inductivas.","breadcrumb":{"@id":"https:\/\/bibliaparalavida.com\/app\/prod\/timoteo-y-tito-alumno\/#breadcrumb"},"inLanguage":"es","potentialAction":[{"@type":"ReadAction","target":["https:\/\/bibliaparalavida.com\/app\/prod\/timoteo-y-tito-alumno\/"]}]},{"@type":"ImageObject","inLanguage":"es","@id":"https:\/\/bibliaparalavida.com\/app\/prod\/timoteo-y-tito-alumno\/#primaryimage","url":"https:\/\/bibliaparalavida.com\/app\/wp-content\/uploads\/2023\/09\/Timoteo-y-Tito-Alumno.jpg","contentUrl":"https:\/\/bibliaparalavida.com\/app\/wp-content\/uploads\/2023\/09\/Timoteo-y-Tito-Alumno.jpg","width":1080,"height":1080,"caption":"Timoteo y Tito Alumno"},{"@type":"BreadcrumbList","@id":"https:\/\/bibliaparalavida.com\/app\/prod\/timoteo-y-tito-alumno\/#breadcrumb","itemListElement":[{"@type":"ListItem","position":1,"name":"Portada","item":"https:\/\/bibliaparalavida.com\/app\/"},{"@type":"ListItem","position":2,"name":"Tienda","item":"https:\/\/bibliaparalavida.com\/app\/tienda\/"},{"@type":"ListItem","position":3,"name":"Timoteo y Tito | Alumno"}]},{"@type":"WebSite","@id":"https:\/\/bibliaparalavida.com\/app\/#website","url":"https:\/\/bibliaparalavida.com\/app\/","name":"Biblia para la Vida App","description":"Aplica la Biblia a tu vida","publisher":{"@id":"https:\/\/bibliaparalavida.com\/app\/#organization"},"potentialAction":[{"@type":"SearchAction","target":{"@type":"EntryPoint","urlTemplate":"https:\/\/bibliaparalavida.com\/app\/?s={search_term_string}"},"query-input":{"@type":"PropertyValueSpecification","valueRequired":true,"valueName":"search_term_string"}}],"inLanguage":"es"},{"@type":"Organization","@id":"https:\/\/bibliaparalavida.com\/app\/#organization","name":"Biblia para la Vida","url":"https:\/\/bibliaparalavida.com\/app\/","logo":{"@type":"ImageObject","inLanguage":"es","@id":"https:\/\/bibliaparalavida.com\/app\/#\/schema\/logo\/image\/","url":"https:\/\/bibliaparalavida.com\/app\/wp-content\/uploads\/2022\/01\/Logo-BPLV-Header.png","contentUrl":"https:\/\/bibliaparalavida.com\/app\/wp-content\/uploads\/2022\/01\/Logo-BPLV-Header.png","width":356,"height":97,"caption":"Biblia para la Vida"},"image":{"@id":"https:\/\/bibliaparalavida.com\/app\/#\/schema\/logo\/image\/"},"sameAs":["https:\/\/www.facebook.com\/BibliaParaLaVida"]}]}},"_links":{"self":[{"href":"https:\/\/bibliaparalavida.com\/app\/wp-json\/wp\/v2\/product\/2527","targetHints":{"allow":["GET"]}}],"collection":[{"href":"https:\/\/bibliaparalavida.com\/app\/wp-json\/wp\/v2\/product"}],"about":[{"href":"https:\/\/bibliaparalavida.com\/app\/wp-json\/wp\/v2\/types\/product"}],"replies":[{"embeddable":true,"href":"https:\/\/bibliaparalavida.com\/app\/wp-json\/wp\/v2\/comments?post=2527"}],"wp:featuredmedia":[{"embeddable":true,"href":"https:\/\/bibliaparalavida.com\/app\/wp-json\/wp\/v2\/media\/2525"}],"wp:attachment":[{"href":"https:\/\/bibliaparalavida.com\/app\/wp-json\/wp\/v2\/media?parent=2527"}],"wp:term":[{"taxonomy":"product_brand","embeddable":true,"href":"https:\/\/bibliaparalavida.com\/app\/wp-json\/wp\/v2\/product_brand?post=2527"},{"taxonomy":"product_cat","embeddable":true,"href":"https:\/\/bibliaparalavida.com\/app\/wp-json\/wp\/v2\/product_cat?post=2527"},{"taxonomy":"product_tag","embeddable":true,"href":"https:\/\/bibliaparalavida.com\/app\/wp-json\/wp\/v2\/product_tag?post=2527"}],"curies":[{"name":"wp","href":"https:\/\/api.w.org\/{rel}","templated":true}]}}