{"id":2390,"date":"2023-05-09T13:50:55","date_gmt":"2023-05-09T13:50:55","guid":{"rendered":"https:\/\/bibliaparalavida.com\/app\/?post_type=product&#038;p=2390"},"modified":"2026-01-10T18:22:32","modified_gmt":"2026-01-10T18:22:32","slug":"perlitas-de-proverbios","status":"publish","type":"product","link":"https:\/\/bibliaparalavida.com\/app\/prod\/perlitas-de-proverbios\/","title":{"rendered":"Perlitas de Proverbios"},"content":{"rendered":"<p><strong>Perlitas de Proverbios<\/strong> es un libro de bolsillo que incluye una selecci\u00f3n de 60 proverbios b\u00edblicos, acompa\u00f1ado con una breve reflexi\u00f3n b\u00edblica y pr\u00e1ctica.<\/p>\n<p>El libro de Proverbios contiene cientos de consejos breves y sencillos sobre c\u00f3mo vivir con sabidur\u00eda. Estos proverbios son m\u00e1s que dichos sabios: est\u00e1n basados en el respeto a Dios y a su voluntad.<\/p>\n<p>De todo ese bagaje de sabidur\u00eda, me pareci\u00f3 bien seleccionar 60 \u201cperlitas\u201d, o proverbios destacados, que consider\u00e9 los m\u00e1s relevantes, y darles una aplicaci\u00f3n pr\u00e1ctica para nuestro diario vivir.<\/p>\n<p><strong>Billy Saint<\/strong><\/p>\n<p><a href=\"https:\/\/bibliaparalavida.com\/app\/libros\/perl-demo\/\">LEE UN ADELANTO DEL LIBRO AQU\u00cd<\/a><\/p>\n","protected":false},"excerpt":{"rendered":"<p><a href=\"https:\/\/bibliaparalavida.com\/tutorialapp\" target=\"_blank\" rel=\"noopener\"><img loading=\"lazy\" decoding=\"async\" class=\"alignright wp-image-2502\" src=\"https:\/\/bibliaparalavida.com\/app\/wp-content\/uploads\/2023\/07\/stores-icons-B.png\" alt=\"\" width=\"48\" height=\"90\" \/><\/a><a id=\"leerbtn\" class=\"leerbtn\" style=\"color: #fff; padding: 4px; background-color: #0f9d58; border-radius: 5px;\" href=\"https:\/\/bibliaparalavida.com\/app\/libros\/pdp\">ACCEDE AL LIBRO<\/a> <span class=\"comprartxt\"> (Si ya lo compraste)<\/span><\/p>\n<p><strong>Perlitas de Proverbios<\/strong> es un libro de bolsillo que incluye una selecci\u00f3n de 60 proverbios b\u00edblicos, acompa\u00f1ado con una breve reflexi\u00f3n b\u00edblica y pr\u00e1ctica. <a href=\"https:\/\/bibliaparalavida.com\/app\/libros\/perl-demo\/\">LEE UN ADELANTO DEL LIBRO AQU\u00cd<\/a><\/p>\n<p><strong>C\u00f3mpralo aqu\u00ed.<\/strong> <strong>L\u00e9elo en nuestra <\/strong><a href=\"https:\/\/bibliaparalavida.com\/tutorialapp\" target=\"_blank\" rel=\"noopener\"><strong>App.<\/strong><\/a><\/p>\n","protected":false},"featured_media":2392,"comment_status":"closed","ping_status":"closed","template":"","meta":{"_joinchat":[]},"product_brand":[],"product_cat":[63],"product_tag":[],"class_list":{"0":"post-2390","1":"product","2":"type-product","3":"status-publish","4":"has-post-thumbnail","6":"product_cat-libros","8":"first","9":"instock","10":"virtual","11":"purchasable","12":"product-type-simple"},"yoast_head":"<!-- This site is optimized with the Yoast SEO plugin v26.5 - https:\/\/yoast.com\/wordpress\/plugins\/seo\/ -->\n<title>Perlitas de Proverbios - Biblia para la Vida App<\/title>\n<meta name=\"description\" content=\"Perlitas de Proverbios es un libro de bolsillo que incluye una selecci\u00f3n de 60 proverbios b\u00edblicos, acompa\u00f1ado con una breve reflexi\u00f3n b\u00edblica y pr\u00e1ctica.\" \/>\n<meta name=\"robots\" content=\"index, follow, max-snippet:-1, max-image-preview:large, max-video-preview:-1\" \/>\n<link rel=\"canonical\" href=\"https:\/\/bibliaparalavida.com\/app\/prod\/perlitas-de-proverbios\/\" \/>\n<meta property=\"og:locale\" content=\"es_ES\" \/>\n<meta property=\"og:type\" content=\"article\" \/>\n<meta property=\"og:title\" content=\"Perlitas de Proverbios - Biblia para la Vida App\" \/>\n<meta property=\"og:description\" content=\"Perlitas de Proverbios es un libro de bolsillo que incluye una selecci\u00f3n de 60 proverbios b\u00edblicos, acompa\u00f1ado con una breve reflexi\u00f3n b\u00edblica y pr\u00e1ctica.\" \/>\n<meta property=\"og:url\" content=\"https:\/\/bibliaparalavida.com\/app\/prod\/perlitas-de-proverbios\/\" \/>\n<meta property=\"og:site_name\" content=\"Biblia para la Vida App\" \/>\n<meta property=\"article:publisher\" content=\"https:\/\/www.facebook.com\/BibliaParaLaVida\" \/>\n<meta property=\"article:modified_time\" content=\"2026-01-10T18:22:32+00:00\" \/>\n<meta property=\"og:image\" content=\"http:\/\/bibliaparalavida.com\/app\/wp-content\/uploads\/2023\/05\/Perlitas-de-Proverbios-tapa.jpg\" \/>\n\t<meta property=\"og:image:width\" content=\"1053\" \/>\n\t<meta property=\"og:image:height\" content=\"1053\" \/>\n\t<meta property=\"og:image:type\" content=\"image\/jpeg\" \/>\n<meta name=\"twitter:card\" content=\"summary_large_image\" \/>\n<meta name=\"twitter:label1\" content=\"Tiempo de lectura\" \/>\n\t<meta name=\"twitter:data1\" content=\"1 minuto\" \/>\n<script type=\"application\/ld+json\" class=\"yoast-schema-graph\">{\"@context\":\"https:\/\/schema.org\",\"@graph\":[{\"@type\":\"WebPage\",\"@id\":\"https:\/\/bibliaparalavida.com\/app\/prod\/perlitas-de-proverbios\/\",\"url\":\"https:\/\/bibliaparalavida.com\/app\/prod\/perlitas-de-proverbios\/\",\"name\":\"Perlitas de Proverbios - Biblia para la Vida App\",\"isPartOf\":{\"@id\":\"https:\/\/bibliaparalavida.com\/app\/#website\"},\"primaryImageOfPage\":{\"@id\":\"https:\/\/bibliaparalavida.com\/app\/prod\/perlitas-de-proverbios\/#primaryimage\"},\"image\":{\"@id\":\"https:\/\/bibliaparalavida.com\/app\/prod\/perlitas-de-proverbios\/#primaryimage\"},\"thumbnailUrl\":\"https:\/\/bibliaparalavida.com\/app\/wp-content\/uploads\/2023\/05\/Perlitas-de-Proverbios-tapa.jpg\",\"datePublished\":\"2023-05-09T13:50:55+00:00\",\"dateModified\":\"2026-01-10T18:22:32+00:00\",\"description\":\"Perlitas de Proverbios es un libro de bolsillo que incluye una selecci\u00f3n de 60 proverbios b\u00edblicos, acompa\u00f1ado con una breve reflexi\u00f3n b\u00edblica y pr\u00e1ctica.\",\"breadcrumb\":{\"@id\":\"https:\/\/bibliaparalavida.com\/app\/prod\/perlitas-de-proverbios\/#breadcrumb\"},\"inLanguage\":\"es\",\"potentialAction\":[{\"@type\":\"ReadAction\",\"target\":[\"https:\/\/bibliaparalavida.com\/app\/prod\/perlitas-de-proverbios\/\"]}]},{\"@type\":\"ImageObject\",\"inLanguage\":\"es\",\"@id\":\"https:\/\/bibliaparalavida.com\/app\/prod\/perlitas-de-proverbios\/#primaryimage\",\"url\":\"https:\/\/bibliaparalavida.com\/app\/wp-content\/uploads\/2023\/05\/Perlitas-de-Proverbios-tapa.jpg\",\"contentUrl\":\"https:\/\/bibliaparalavida.com\/app\/wp-content\/uploads\/2023\/05\/Perlitas-de-Proverbios-tapa.jpg\",\"width\":1053,\"height\":1053,\"caption\":\"Perlitas de Proverbios\"},{\"@type\":\"BreadcrumbList\",\"@id\":\"https:\/\/bibliaparalavida.com\/app\/prod\/perlitas-de-proverbios\/#breadcrumb\",\"itemListElement\":[{\"@type\":\"ListItem\",\"position\":1,\"name\":\"Portada\",\"item\":\"https:\/\/bibliaparalavida.com\/app\/\"},{\"@type\":\"ListItem\",\"position\":2,\"name\":\"Tienda\",\"item\":\"https:\/\/bibliaparalavida.com\/app\/tienda\/\"},{\"@type\":\"ListItem\",\"position\":3,\"name\":\"Perlitas de Proverbios\"}]},{\"@type\":\"WebSite\",\"@id\":\"https:\/\/bibliaparalavida.com\/app\/#website\",\"url\":\"https:\/\/bibliaparalavida.com\/app\/\",\"name\":\"Biblia para la Vida App\",\"description\":\"Aplica la Biblia a tu vida\",\"publisher\":{\"@id\":\"https:\/\/bibliaparalavida.com\/app\/#organization\"},\"potentialAction\":[{\"@type\":\"SearchAction\",\"target\":{\"@type\":\"EntryPoint\",\"urlTemplate\":\"https:\/\/bibliaparalavida.com\/app\/?s={search_term_string}\"},\"query-input\":{\"@type\":\"PropertyValueSpecification\",\"valueRequired\":true,\"valueName\":\"search_term_string\"}}],\"inLanguage\":\"es\"},{\"@type\":\"Organization\",\"@id\":\"https:\/\/bibliaparalavida.com\/app\/#organization\",\"name\":\"Biblia para la Vida\",\"url\":\"https:\/\/bibliaparalavida.com\/app\/\",\"logo\":{\"@type\":\"ImageObject\",\"inLanguage\":\"es\",\"@id\":\"https:\/\/bibliaparalavida.com\/app\/#\/schema\/logo\/image\/\",\"url\":\"https:\/\/bibliaparalavida.com\/app\/wp-content\/uploads\/2022\/01\/Logo-BPLV-Header.png\",\"contentUrl\":\"https:\/\/bibliaparalavida.com\/app\/wp-content\/uploads\/2022\/01\/Logo-BPLV-Header.png\",\"width\":356,\"height\":97,\"caption\":\"Biblia para la Vida\"},\"image\":{\"@id\":\"https:\/\/bibliaparalavida.com\/app\/#\/schema\/logo\/image\/\"},\"sameAs\":[\"https:\/\/www.facebook.com\/BibliaParaLaVida\"]}]}<\/script>\n<!-- \/ Yoast SEO plugin. -->","yoast_head_json":{"title":"Perlitas de Proverbios - Biblia para la Vida App","description":"Perlitas de Proverbios es un libro de bolsillo que incluye una selecci\u00f3n de 60 proverbios b\u00edblicos, acompa\u00f1ado con una breve reflexi\u00f3n b\u00edblica y pr\u00e1ctica.","robots":{"index":"index","follow":"follow","max-snippet":"max-snippet:-1","max-image-preview":"max-image-preview:large","max-video-preview":"max-video-preview:-1"},"canonical":"https:\/\/bibliaparalavida.com\/app\/prod\/perlitas-de-proverbios\/","og_locale":"es_ES","og_type":"article","og_title":"Perlitas de Proverbios - Biblia para la Vida App","og_description":"Perlitas de Proverbios es un libro de bolsillo que incluye una selecci\u00f3n de 60 proverbios b\u00edblicos, acompa\u00f1ado con una breve reflexi\u00f3n b\u00edblica y pr\u00e1ctica.","og_url":"https:\/\/bibliaparalavida.com\/app\/prod\/perlitas-de-proverbios\/","og_site_name":"Biblia para la Vida App","article_publisher":"https:\/\/www.facebook.com\/BibliaParaLaVida","article_modified_time":"2026-01-10T18:22:32+00:00","og_image":[{"width":1053,"height":1053,"url":"http:\/\/bibliaparalavida.com\/app\/wp-content\/uploads\/2023\/05\/Perlitas-de-Proverbios-tapa.jpg","type":"image\/jpeg"}],"twitter_card":"summary_large_image","twitter_misc":{"Tiempo de lectura":"1 minuto"},"schema":{"@context":"https:\/\/schema.org","@graph":[{"@type":"WebPage","@id":"https:\/\/bibliaparalavida.com\/app\/prod\/perlitas-de-proverbios\/","url":"https:\/\/bibliaparalavida.com\/app\/prod\/perlitas-de-proverbios\/","name":"Perlitas de Proverbios - Biblia para la Vida App","isPartOf":{"@id":"https:\/\/bibliaparalavida.com\/app\/#website"},"primaryImageOfPage":{"@id":"https:\/\/bibliaparalavida.com\/app\/prod\/perlitas-de-proverbios\/#primaryimage"},"image":{"@id":"https:\/\/bibliaparalavida.com\/app\/prod\/perlitas-de-proverbios\/#primaryimage"},"thumbnailUrl":"https:\/\/bibliaparalavida.com\/app\/wp-content\/uploads\/2023\/05\/Perlitas-de-Proverbios-tapa.jpg","datePublished":"2023-05-09T13:50:55+00:00","dateModified":"2026-01-10T18:22:32+00:00","description":"Perlitas de Proverbios es un libro de bolsillo que incluye una selecci\u00f3n de 60 proverbios b\u00edblicos, acompa\u00f1ado con una breve reflexi\u00f3n b\u00edblica y pr\u00e1ctica.","breadcrumb":{"@id":"https:\/\/bibliaparalavida.com\/app\/prod\/perlitas-de-proverbios\/#breadcrumb"},"inLanguage":"es","potentialAction":[{"@type":"ReadAction","target":["https:\/\/bibliaparalavida.com\/app\/prod\/perlitas-de-proverbios\/"]}]},{"@type":"ImageObject","inLanguage":"es","@id":"https:\/\/bibliaparalavida.com\/app\/prod\/perlitas-de-proverbios\/#primaryimage","url":"https:\/\/bibliaparalavida.com\/app\/wp-content\/uploads\/2023\/05\/Perlitas-de-Proverbios-tapa.jpg","contentUrl":"https:\/\/bibliaparalavida.com\/app\/wp-content\/uploads\/2023\/05\/Perlitas-de-Proverbios-tapa.jpg","width":1053,"height":1053,"caption":"Perlitas de Proverbios"},{"@type":"BreadcrumbList","@id":"https:\/\/bibliaparalavida.com\/app\/prod\/perlitas-de-proverbios\/#breadcrumb","itemListElement":[{"@type":"ListItem","position":1,"name":"Portada","item":"https:\/\/bibliaparalavida.com\/app\/"},{"@type":"ListItem","position":2,"name":"Tienda","item":"https:\/\/bibliaparalavida.com\/app\/tienda\/"},{"@type":"ListItem","position":3,"name":"Perlitas de Proverbios"}]},{"@type":"WebSite","@id":"https:\/\/bibliaparalavida.com\/app\/#website","url":"https:\/\/bibliaparalavida.com\/app\/","name":"Biblia para la Vida App","description":"Aplica la Biblia a tu vida","publisher":{"@id":"https:\/\/bibliaparalavida.com\/app\/#organization"},"potentialAction":[{"@type":"SearchAction","target":{"@type":"EntryPoint","urlTemplate":"https:\/\/bibliaparalavida.com\/app\/?s={search_term_string}"},"query-input":{"@type":"PropertyValueSpecification","valueRequired":true,"valueName":"search_term_string"}}],"inLanguage":"es"},{"@type":"Organization","@id":"https:\/\/bibliaparalavida.com\/app\/#organization","name":"Biblia para la Vida","url":"https:\/\/bibliaparalavida.com\/app\/","logo":{"@type":"ImageObject","inLanguage":"es","@id":"https:\/\/bibliaparalavida.com\/app\/#\/schema\/logo\/image\/","url":"https:\/\/bibliaparalavida.com\/app\/wp-content\/uploads\/2022\/01\/Logo-BPLV-Header.png","contentUrl":"https:\/\/bibliaparalavida.com\/app\/wp-content\/uploads\/2022\/01\/Logo-BPLV-Header.png","width":356,"height":97,"caption":"Biblia para la Vida"},"image":{"@id":"https:\/\/bibliaparalavida.com\/app\/#\/schema\/logo\/image\/"},"sameAs":["https:\/\/www.facebook.com\/BibliaParaLaVida"]}]}},"_links":{"self":[{"href":"https:\/\/bibliaparalavida.com\/app\/wp-json\/wp\/v2\/product\/2390","targetHints":{"allow":["GET"]}}],"collection":[{"href":"https:\/\/bibliaparalavida.com\/app\/wp-json\/wp\/v2\/product"}],"about":[{"href":"https:\/\/bibliaparalavida.com\/app\/wp-json\/wp\/v2\/types\/product"}],"replies":[{"embeddable":true,"href":"https:\/\/bibliaparalavida.com\/app\/wp-json\/wp\/v2\/comments?post=2390"}],"wp:featuredmedia":[{"embeddable":true,"href":"https:\/\/bibliaparalavida.com\/app\/wp-json\/wp\/v2\/media\/2392"}],"wp:attachment":[{"href":"https:\/\/bibliaparalavida.com\/app\/wp-json\/wp\/v2\/media?parent=2390"}],"wp:term":[{"taxonomy":"product_brand","embeddable":true,"href":"https:\/\/bibliaparalavida.com\/app\/wp-json\/wp\/v2\/product_brand?post=2390"},{"taxonomy":"product_cat","embeddable":true,"href":"https:\/\/bibliaparalavida.com\/app\/wp-json\/wp\/v2\/product_cat?post=2390"},{"taxonomy":"product_tag","embeddable":true,"href":"https:\/\/bibliaparalavida.com\/app\/wp-json\/wp\/v2\/product_tag?post=2390"}],"curies":[{"name":"wp","href":"https:\/\/api.w.org\/{rel}","templated":true}]}}