{"id":2317,"date":"2023-12-07T13:49:09","date_gmt":"2023-12-07T13:49:09","guid":{"rendered":"https:\/\/bibliaparalavida.com\/app\/?post_type=product&#038;p=2317"},"modified":"2025-05-06T17:45:15","modified_gmt":"2025-05-06T17:45:15","slug":"promo-inspiracion","status":"publish","type":"product","link":"https:\/\/bibliaparalavida.com\/app\/prod\/promo-inspiracion\/","title":{"rendered":"Promo Inspiraci\u00f3n 15% off"},"content":{"rendered":"<div dir=\"auto\">\n<div dir=\"auto\"><a href=\"https:\/\/bibliaparalavida.com\/app\/prod\/mas-humanos\/\"><strong>M\u00e1s humanos de lo que quisi\u00e9ramos <\/strong><\/a>est\u00e1 dedicado a quienes aman y sirven a Dios con sinceridad, pero que no son tan perfectos como quisieran.<\/div>\n<div dir=\"auto\"><\/div>\n<div dir=\"auto\"><strong><a href=\"https:\/\/bibliaparalavida.com\/app\/prod\/carne-para-aguilas\/\">Carne para \u00c1guilas<\/a><\/strong> incluye 20 ense\u00f1anzas del pastor David Saint, las cuales tienen el prop\u00f3sito de brindar alimento b\u00edblico para renovar las fuerzas espirituales.<\/div>\n<div dir=\"auto\"><\/div>\n<div dir=\"auto\"><a href=\"https:\/\/bibliaparalavida.com\/app\/prod\/mana-para-el-alma\/\"><strong>Man\u00e1 para el Alma<\/strong><\/a> y <strong><a href=\"https:\/\/bibliaparalavida.com\/app\/prod\/mana-para-el-alma-2\/\">Man\u00e1 para el Alma 2<\/a><\/strong> son una selecci\u00f3n de las mejores pr\u00e9dicas y ense\u00f1anzas del pastor David Saint.<\/div>\n<\/div>\n<div dir=\"auto\"><\/div>\n<p>&nbsp;<\/p>\n<div dir=\"auto\"><a style=\"padding: 8px; background-color: #0f9d58; font-weight: bold; text-align: center; color: #fff; border-radius: 5px;\" href=\"https:\/\/wa.me\/5493513073050?text=Quisiera%20los%20Demos%20de%20la%20Promo%20Inspiraci\u00f3n.\"><img loading=\"lazy\" decoding=\"async\" style=\"float: left, margin-right:10px; margin-bottom: -7px; margin-right: 5px;\" src=\"https:\/\/bibliaparalavida.com\/wp-content\/uploads\/2020\/12\/WhatsApp-icon.png\" alt=\"WhatsApp\" width=\"24\" height=\"24\" \/>SOLICITA LOS DEMOS EN PDF<\/a><\/div>\n<div style=\"clear: both; height: 10px;\"><\/div>\n","protected":false},"excerpt":{"rendered":"<p><a href=\"https:\/\/bibliaparalavida.com\/tutorialapp\" target=\"_blank\" rel=\"noopener\"><img loading=\"lazy\" decoding=\"async\" class=\"alignright wp-image-2502\" src=\"https:\/\/bibliaparalavida.com\/app\/wp-content\/uploads\/2023\/07\/stores-icons-B.png\" alt=\"\" width=\"48\" height=\"90\" \/><\/a>La <strong>Promo Inspiraci\u00f3n <\/strong>incluye 4 maravillosos libros que ser\u00e1n una fuente de aliento e inspiraci\u00f3n para tu vida cristiana.<\/p>\n<p><a style=\"padding: 8px; background-color: #0f9d58; font-weight: bold; text-align: center; color: #fff; border-radius: 5px;\" href=\"https:\/\/wa.me\/5493513073050?text=Quisiera%20los%20Demos%20de%20la%20Promo%20Inspiraci\u00f3n.\"><img loading=\"lazy\" decoding=\"async\" style=\"float: left, margin-right:10px; margin-bottom: -7px; margin-right: 5px;\" src=\"https:\/\/bibliaparalavida.com\/wp-content\/uploads\/2020\/12\/WhatsApp-icon.png\" alt=\"WhatsApp\" width=\"24\" height=\"24\" \/>SOLICITA UN ADELANTO EN PDF<\/a><\/p>\n<p><strong>C\u00f3mpralo aqu\u00ed.<\/strong> <strong>L\u00e9elo en nuestra <\/strong><a href=\"https:\/\/bibliaparalavida.com\/tutorialapp\" target=\"_blank\" rel=\"noopener\"><strong>App.<\/strong><\/a><\/p>\n","protected":false},"featured_media":2589,"comment_status":"closed","ping_status":"closed","template":"","meta":{"_joinchat":[]},"product_brand":[],"product_cat":[79],"product_tag":[],"class_list":{"0":"post-2317","1":"product","2":"type-product","3":"status-publish","4":"has-post-thumbnail","6":"product_cat-promos-libros","8":"first","9":"instock","10":"sale","11":"virtual","12":"purchasable","13":"product-type-simple"},"yoast_head":"<!-- This site is optimized with the Yoast SEO plugin v26.5 - https:\/\/yoast.com\/wordpress\/plugins\/seo\/ -->\n<title>Promo Inspiraci\u00f3n 15% off - Biblia para la Vida App<\/title>\n<meta name=\"robots\" content=\"index, follow, max-snippet:-1, max-image-preview:large, max-video-preview:-1\" \/>\n<link rel=\"canonical\" href=\"https:\/\/bibliaparalavida.com\/app\/prod\/promo-inspiracion\/\" \/>\n<meta property=\"og:locale\" content=\"es_ES\" \/>\n<meta property=\"og:type\" content=\"article\" \/>\n<meta property=\"og:title\" content=\"Promo Inspiraci\u00f3n 15% off - Biblia para la Vida App\" \/>\n<meta property=\"og:description\" content=\"La Promo Inspiraci\u00f3n incluye 4 maravillosos libros que ser\u00e1n una fuente de aliento e inspiraci\u00f3n para tu vida cristiana.  SOLICITA UN ADELANTO EN PDF  C\u00f3mpralo aqu\u00ed. L\u00e9elo en nuestra App.\" \/>\n<meta property=\"og:url\" content=\"https:\/\/bibliaparalavida.com\/app\/prod\/promo-inspiracion\/\" \/>\n<meta property=\"og:site_name\" content=\"Biblia para la Vida App\" \/>\n<meta property=\"article:publisher\" content=\"https:\/\/www.facebook.com\/BibliaParaLaVida\" \/>\n<meta property=\"article:modified_time\" content=\"2025-05-06T17:45:15+00:00\" \/>\n<meta property=\"og:image\" content=\"http:\/\/bibliaparalavida.com\/app\/wp-content\/uploads\/2023\/07\/Promo-Inspiracion-15.jpg\" \/>\n\t<meta property=\"og:image:width\" content=\"1080\" \/>\n\t<meta property=\"og:image:height\" content=\"1080\" \/>\n\t<meta property=\"og:image:type\" content=\"image\/jpeg\" \/>\n<meta name=\"twitter:card\" content=\"summary_large_image\" \/>\n<meta name=\"twitter:label1\" content=\"Tiempo de lectura\" \/>\n\t<meta name=\"twitter:data1\" content=\"1 minuto\" \/>\n<script type=\"application\/ld+json\" class=\"yoast-schema-graph\">{\"@context\":\"https:\/\/schema.org\",\"@graph\":[{\"@type\":\"WebPage\",\"@id\":\"https:\/\/bibliaparalavida.com\/app\/prod\/promo-inspiracion\/\",\"url\":\"https:\/\/bibliaparalavida.com\/app\/prod\/promo-inspiracion\/\",\"name\":\"Promo Inspiraci\u00f3n 15% off - Biblia para la Vida App\",\"isPartOf\":{\"@id\":\"https:\/\/bibliaparalavida.com\/app\/#website\"},\"primaryImageOfPage\":{\"@id\":\"https:\/\/bibliaparalavida.com\/app\/prod\/promo-inspiracion\/#primaryimage\"},\"image\":{\"@id\":\"https:\/\/bibliaparalavida.com\/app\/prod\/promo-inspiracion\/#primaryimage\"},\"thumbnailUrl\":\"https:\/\/bibliaparalavida.com\/app\/wp-content\/uploads\/2023\/07\/Promo-Inspiracion-15.jpg\",\"datePublished\":\"2023-12-07T13:49:09+00:00\",\"dateModified\":\"2025-05-06T17:45:15+00:00\",\"breadcrumb\":{\"@id\":\"https:\/\/bibliaparalavida.com\/app\/prod\/promo-inspiracion\/#breadcrumb\"},\"inLanguage\":\"es\",\"potentialAction\":[{\"@type\":\"ReadAction\",\"target\":[\"https:\/\/bibliaparalavida.com\/app\/prod\/promo-inspiracion\/\"]}]},{\"@type\":\"ImageObject\",\"inLanguage\":\"es\",\"@id\":\"https:\/\/bibliaparalavida.com\/app\/prod\/promo-inspiracion\/#primaryimage\",\"url\":\"https:\/\/bibliaparalavida.com\/app\/wp-content\/uploads\/2023\/07\/Promo-Inspiracion-15.jpg\",\"contentUrl\":\"https:\/\/bibliaparalavida.com\/app\/wp-content\/uploads\/2023\/07\/Promo-Inspiracion-15.jpg\",\"width\":1080,\"height\":1080,\"caption\":\"Promo Inspiraci\u00f3n\"},{\"@type\":\"BreadcrumbList\",\"@id\":\"https:\/\/bibliaparalavida.com\/app\/prod\/promo-inspiracion\/#breadcrumb\",\"itemListElement\":[{\"@type\":\"ListItem\",\"position\":1,\"name\":\"Portada\",\"item\":\"https:\/\/bibliaparalavida.com\/app\/\"},{\"@type\":\"ListItem\",\"position\":2,\"name\":\"Tienda\",\"item\":\"https:\/\/bibliaparalavida.com\/app\/tienda\/\"},{\"@type\":\"ListItem\",\"position\":3,\"name\":\"Promo Inspiraci\u00f3n 15% off\"}]},{\"@type\":\"WebSite\",\"@id\":\"https:\/\/bibliaparalavida.com\/app\/#website\",\"url\":\"https:\/\/bibliaparalavida.com\/app\/\",\"name\":\"Biblia para la Vida App\",\"description\":\"Aplica la Biblia a tu vida\",\"publisher\":{\"@id\":\"https:\/\/bibliaparalavida.com\/app\/#organization\"},\"potentialAction\":[{\"@type\":\"SearchAction\",\"target\":{\"@type\":\"EntryPoint\",\"urlTemplate\":\"https:\/\/bibliaparalavida.com\/app\/?s={search_term_string}\"},\"query-input\":{\"@type\":\"PropertyValueSpecification\",\"valueRequired\":true,\"valueName\":\"search_term_string\"}}],\"inLanguage\":\"es\"},{\"@type\":\"Organization\",\"@id\":\"https:\/\/bibliaparalavida.com\/app\/#organization\",\"name\":\"Biblia para la Vida\",\"url\":\"https:\/\/bibliaparalavida.com\/app\/\",\"logo\":{\"@type\":\"ImageObject\",\"inLanguage\":\"es\",\"@id\":\"https:\/\/bibliaparalavida.com\/app\/#\/schema\/logo\/image\/\",\"url\":\"https:\/\/bibliaparalavida.com\/app\/wp-content\/uploads\/2022\/01\/Logo-BPLV-Header.png\",\"contentUrl\":\"https:\/\/bibliaparalavida.com\/app\/wp-content\/uploads\/2022\/01\/Logo-BPLV-Header.png\",\"width\":356,\"height\":97,\"caption\":\"Biblia para la Vida\"},\"image\":{\"@id\":\"https:\/\/bibliaparalavida.com\/app\/#\/schema\/logo\/image\/\"},\"sameAs\":[\"https:\/\/www.facebook.com\/BibliaParaLaVida\"]}]}<\/script>\n<!-- \/ Yoast SEO plugin. -->","yoast_head_json":{"title":"Promo Inspiraci\u00f3n 15% off - Biblia para la Vida App","robots":{"index":"index","follow":"follow","max-snippet":"max-snippet:-1","max-image-preview":"max-image-preview:large","max-video-preview":"max-video-preview:-1"},"canonical":"https:\/\/bibliaparalavida.com\/app\/prod\/promo-inspiracion\/","og_locale":"es_ES","og_type":"article","og_title":"Promo Inspiraci\u00f3n 15% off - Biblia para la Vida App","og_description":"La Promo Inspiraci\u00f3n incluye 4 maravillosos libros que ser\u00e1n una fuente de aliento e inspiraci\u00f3n para tu vida cristiana.  SOLICITA UN ADELANTO EN PDF  C\u00f3mpralo aqu\u00ed. L\u00e9elo en nuestra App.","og_url":"https:\/\/bibliaparalavida.com\/app\/prod\/promo-inspiracion\/","og_site_name":"Biblia para la Vida App","article_publisher":"https:\/\/www.facebook.com\/BibliaParaLaVida","article_modified_time":"2025-05-06T17:45:15+00:00","og_image":[{"width":1080,"height":1080,"url":"http:\/\/bibliaparalavida.com\/app\/wp-content\/uploads\/2023\/07\/Promo-Inspiracion-15.jpg","type":"image\/jpeg"}],"twitter_card":"summary_large_image","twitter_misc":{"Tiempo de lectura":"1 minuto"},"schema":{"@context":"https:\/\/schema.org","@graph":[{"@type":"WebPage","@id":"https:\/\/bibliaparalavida.com\/app\/prod\/promo-inspiracion\/","url":"https:\/\/bibliaparalavida.com\/app\/prod\/promo-inspiracion\/","name":"Promo Inspiraci\u00f3n 15% off - Biblia para la Vida App","isPartOf":{"@id":"https:\/\/bibliaparalavida.com\/app\/#website"},"primaryImageOfPage":{"@id":"https:\/\/bibliaparalavida.com\/app\/prod\/promo-inspiracion\/#primaryimage"},"image":{"@id":"https:\/\/bibliaparalavida.com\/app\/prod\/promo-inspiracion\/#primaryimage"},"thumbnailUrl":"https:\/\/bibliaparalavida.com\/app\/wp-content\/uploads\/2023\/07\/Promo-Inspiracion-15.jpg","datePublished":"2023-12-07T13:49:09+00:00","dateModified":"2025-05-06T17:45:15+00:00","breadcrumb":{"@id":"https:\/\/bibliaparalavida.com\/app\/prod\/promo-inspiracion\/#breadcrumb"},"inLanguage":"es","potentialAction":[{"@type":"ReadAction","target":["https:\/\/bibliaparalavida.com\/app\/prod\/promo-inspiracion\/"]}]},{"@type":"ImageObject","inLanguage":"es","@id":"https:\/\/bibliaparalavida.com\/app\/prod\/promo-inspiracion\/#primaryimage","url":"https:\/\/bibliaparalavida.com\/app\/wp-content\/uploads\/2023\/07\/Promo-Inspiracion-15.jpg","contentUrl":"https:\/\/bibliaparalavida.com\/app\/wp-content\/uploads\/2023\/07\/Promo-Inspiracion-15.jpg","width":1080,"height":1080,"caption":"Promo Inspiraci\u00f3n"},{"@type":"BreadcrumbList","@id":"https:\/\/bibliaparalavida.com\/app\/prod\/promo-inspiracion\/#breadcrumb","itemListElement":[{"@type":"ListItem","position":1,"name":"Portada","item":"https:\/\/bibliaparalavida.com\/app\/"},{"@type":"ListItem","position":2,"name":"Tienda","item":"https:\/\/bibliaparalavida.com\/app\/tienda\/"},{"@type":"ListItem","position":3,"name":"Promo Inspiraci\u00f3n 15% off"}]},{"@type":"WebSite","@id":"https:\/\/bibliaparalavida.com\/app\/#website","url":"https:\/\/bibliaparalavida.com\/app\/","name":"Biblia para la Vida App","description":"Aplica la Biblia a tu vida","publisher":{"@id":"https:\/\/bibliaparalavida.com\/app\/#organization"},"potentialAction":[{"@type":"SearchAction","target":{"@type":"EntryPoint","urlTemplate":"https:\/\/bibliaparalavida.com\/app\/?s={search_term_string}"},"query-input":{"@type":"PropertyValueSpecification","valueRequired":true,"valueName":"search_term_string"}}],"inLanguage":"es"},{"@type":"Organization","@id":"https:\/\/bibliaparalavida.com\/app\/#organization","name":"Biblia para la Vida","url":"https:\/\/bibliaparalavida.com\/app\/","logo":{"@type":"ImageObject","inLanguage":"es","@id":"https:\/\/bibliaparalavida.com\/app\/#\/schema\/logo\/image\/","url":"https:\/\/bibliaparalavida.com\/app\/wp-content\/uploads\/2022\/01\/Logo-BPLV-Header.png","contentUrl":"https:\/\/bibliaparalavida.com\/app\/wp-content\/uploads\/2022\/01\/Logo-BPLV-Header.png","width":356,"height":97,"caption":"Biblia para la Vida"},"image":{"@id":"https:\/\/bibliaparalavida.com\/app\/#\/schema\/logo\/image\/"},"sameAs":["https:\/\/www.facebook.com\/BibliaParaLaVida"]}]}},"_links":{"self":[{"href":"https:\/\/bibliaparalavida.com\/app\/wp-json\/wp\/v2\/product\/2317","targetHints":{"allow":["GET"]}}],"collection":[{"href":"https:\/\/bibliaparalavida.com\/app\/wp-json\/wp\/v2\/product"}],"about":[{"href":"https:\/\/bibliaparalavida.com\/app\/wp-json\/wp\/v2\/types\/product"}],"replies":[{"embeddable":true,"href":"https:\/\/bibliaparalavida.com\/app\/wp-json\/wp\/v2\/comments?post=2317"}],"wp:featuredmedia":[{"embeddable":true,"href":"https:\/\/bibliaparalavida.com\/app\/wp-json\/wp\/v2\/media\/2589"}],"wp:attachment":[{"href":"https:\/\/bibliaparalavida.com\/app\/wp-json\/wp\/v2\/media?parent=2317"}],"wp:term":[{"taxonomy":"product_brand","embeddable":true,"href":"https:\/\/bibliaparalavida.com\/app\/wp-json\/wp\/v2\/product_brand?post=2317"},{"taxonomy":"product_cat","embeddable":true,"href":"https:\/\/bibliaparalavida.com\/app\/wp-json\/wp\/v2\/product_cat?post=2317"},{"taxonomy":"product_tag","embeddable":true,"href":"https:\/\/bibliaparalavida.com\/app\/wp-json\/wp\/v2\/product_tag?post=2317"}],"curies":[{"name":"wp","href":"https:\/\/api.w.org\/{rel}","templated":true}]}}