{"id":1446,"date":"2022-03-21T22:00:31","date_gmt":"2022-03-21T22:00:31","guid":{"rendered":"https:\/\/bibliaparalavida.com\/app\/?post_type=product&#038;p=1446"},"modified":"2026-02-26T13:13:55","modified_gmt":"2026-02-26T13:13:55","slug":"mana-para-el-alma-2","status":"publish","type":"product","link":"https:\/\/bibliaparalavida.com\/app\/prod\/mana-para-el-alma-2\/","title":{"rendered":"Man\u00e1 para el Alma 2"},"content":{"rendered":"<p><strong>Man\u00e1 para el Alma 2<\/strong> es una nueva compilaci\u00f3n de las mejores pr\u00e9dicas y ense\u00f1anzas del pastor David Saint, de manera b\u00edblica, amena y profunda.<\/p>\n<p><a href=\"https:\/\/bibliaparalavida.com\/app\/libros\/mana-para-el-alma-2-demo\/\">LEE UN ADELANTO DEL LIBRO AQU\u00cd<\/a><\/p>\n","protected":false},"excerpt":{"rendered":"<p><a href=\"https:\/\/bibliaparalavida.com\/tutorialapp\" target=\"_blank\" rel=\"noopener\"><img loading=\"lazy\" decoding=\"async\" class=\"alignright wp-image-2502\" src=\"https:\/\/bibliaparalavida.com\/app\/wp-content\/uploads\/2023\/07\/stores-icons-B.png\" alt=\"\" width=\"48\" height=\"90\" \/><\/a><a class=\"leerbtn\" style=\"color: #fff; padding: 4px; background-color: #0f9d58; border-radius: 5px;\" href=\"https:\/\/bibliaparalavida.com\/app\/libros\/mpa2\">ACCEDE AL LIBRO<\/a> <span class=\"comprartxt\">(Si ya lo compraste)<\/span><\/p>\n<p><strong>Man\u00e1 para el Alma 2<\/strong> es una nueva compilaci\u00f3n de las mejores pr\u00e9dicas y ense\u00f1anzas del pastor David Saint, de manera b\u00edblica, amena y profunda. <a href=\"https:\/\/bibliaparalavida.com\/app\/libros\/mana-para-el-alma-2-demo\/\">LEE UN ADELANTO DEL LIBRO AQU\u00cd<\/a><\/p>\n<p><strong>C\u00f3mpralo aqu\u00ed.<\/strong> <strong>L\u00e9elo en nuestra <\/strong><a href=\"https:\/\/bibliaparalavida.com\/tutorialapp\" target=\"_blank\" rel=\"noopener\"><strong>App.<\/strong><\/a><\/p>\n","protected":false},"featured_media":1443,"comment_status":"closed","ping_status":"closed","template":"","meta":{"_joinchat":[]},"product_brand":[],"product_cat":[63],"product_tag":[],"class_list":{"0":"post-1446","1":"product","2":"type-product","3":"status-publish","4":"has-post-thumbnail","6":"product_cat-libros","8":"first","9":"instock","10":"virtual","11":"purchasable","12":"product-type-simple"},"yoast_head":"<!-- This site is optimized with the Yoast SEO plugin v26.5 - https:\/\/yoast.com\/wordpress\/plugins\/seo\/ -->\n<title>Man\u00e1 para el Alma 2 - Biblia para la Vida App<\/title>\n<meta name=\"description\" content=\"Man\u00e1 para el Alma 2 es una nueva compilaci\u00f3n de las mejores pr\u00e9dicas y ense\u00f1anzas del pastor David Saint, de manera b\u00edblica, amena y profunda.\" \/>\n<meta name=\"robots\" content=\"index, follow, max-snippet:-1, max-image-preview:large, max-video-preview:-1\" \/>\n<link rel=\"canonical\" href=\"https:\/\/bibliaparalavida.com\/app\/prod\/mana-para-el-alma-2\/\" \/>\n<meta property=\"og:locale\" content=\"es_ES\" \/>\n<meta property=\"og:type\" content=\"article\" \/>\n<meta property=\"og:title\" content=\"Man\u00e1 para el Alma 2 - Biblia para la Vida App\" \/>\n<meta property=\"og:description\" content=\"Man\u00e1 para el Alma 2 es una nueva compilaci\u00f3n de las mejores pr\u00e9dicas y ense\u00f1anzas del pastor David Saint, de manera b\u00edblica, amena y profunda.\" \/>\n<meta property=\"og:url\" content=\"https:\/\/bibliaparalavida.com\/app\/prod\/mana-para-el-alma-2\/\" \/>\n<meta property=\"og:site_name\" content=\"Biblia para la Vida App\" \/>\n<meta property=\"article:publisher\" content=\"https:\/\/www.facebook.com\/BibliaParaLaVida\" \/>\n<meta property=\"article:modified_time\" content=\"2026-02-26T13:13:55+00:00\" \/>\n<meta property=\"og:image\" content=\"http:\/\/bibliaparalavida.com\/app\/wp-content\/uploads\/2022\/03\/Mana-para-el-Alama-2-Tapa.jpg\" \/>\n\t<meta property=\"og:image:width\" content=\"1200\" \/>\n\t<meta property=\"og:image:height\" content=\"1200\" \/>\n\t<meta property=\"og:image:type\" content=\"image\/jpeg\" \/>\n<meta name=\"twitter:card\" content=\"summary_large_image\" \/>\n<meta name=\"twitter:label1\" content=\"Tiempo de lectura\" \/>\n\t<meta name=\"twitter:data1\" content=\"1 minuto\" \/>\n<script type=\"application\/ld+json\" class=\"yoast-schema-graph\">{\"@context\":\"https:\/\/schema.org\",\"@graph\":[{\"@type\":\"WebPage\",\"@id\":\"https:\/\/bibliaparalavida.com\/app\/prod\/mana-para-el-alma-2\/\",\"url\":\"https:\/\/bibliaparalavida.com\/app\/prod\/mana-para-el-alma-2\/\",\"name\":\"Man\u00e1 para el Alma 2 - Biblia para la Vida App\",\"isPartOf\":{\"@id\":\"https:\/\/bibliaparalavida.com\/app\/#website\"},\"primaryImageOfPage\":{\"@id\":\"https:\/\/bibliaparalavida.com\/app\/prod\/mana-para-el-alma-2\/#primaryimage\"},\"image\":{\"@id\":\"https:\/\/bibliaparalavida.com\/app\/prod\/mana-para-el-alma-2\/#primaryimage\"},\"thumbnailUrl\":\"https:\/\/bibliaparalavida.com\/app\/wp-content\/uploads\/2022\/03\/Mana-para-el-Alama-2-Tapa.jpg\",\"datePublished\":\"2022-03-21T22:00:31+00:00\",\"dateModified\":\"2026-02-26T13:13:55+00:00\",\"description\":\"Man\u00e1 para el Alma 2 es una nueva compilaci\u00f3n de las mejores pr\u00e9dicas y ense\u00f1anzas del pastor David Saint, de manera b\u00edblica, amena y profunda.\",\"breadcrumb\":{\"@id\":\"https:\/\/bibliaparalavida.com\/app\/prod\/mana-para-el-alma-2\/#breadcrumb\"},\"inLanguage\":\"es\",\"potentialAction\":[{\"@type\":\"ReadAction\",\"target\":[\"https:\/\/bibliaparalavida.com\/app\/prod\/mana-para-el-alma-2\/\"]}]},{\"@type\":\"ImageObject\",\"inLanguage\":\"es\",\"@id\":\"https:\/\/bibliaparalavida.com\/app\/prod\/mana-para-el-alma-2\/#primaryimage\",\"url\":\"https:\/\/bibliaparalavida.com\/app\/wp-content\/uploads\/2022\/03\/Mana-para-el-Alama-2-Tapa.jpg\",\"contentUrl\":\"https:\/\/bibliaparalavida.com\/app\/wp-content\/uploads\/2022\/03\/Mana-para-el-Alama-2-Tapa.jpg\",\"width\":1200,\"height\":1200,\"caption\":\"Man\u00e1 para el Alma 2\"},{\"@type\":\"BreadcrumbList\",\"@id\":\"https:\/\/bibliaparalavida.com\/app\/prod\/mana-para-el-alma-2\/#breadcrumb\",\"itemListElement\":[{\"@type\":\"ListItem\",\"position\":1,\"name\":\"Portada\",\"item\":\"https:\/\/bibliaparalavida.com\/app\/\"},{\"@type\":\"ListItem\",\"position\":2,\"name\":\"Tienda\",\"item\":\"https:\/\/bibliaparalavida.com\/app\/tienda\/\"},{\"@type\":\"ListItem\",\"position\":3,\"name\":\"Man\u00e1 para el Alma 2\"}]},{\"@type\":\"WebSite\",\"@id\":\"https:\/\/bibliaparalavida.com\/app\/#website\",\"url\":\"https:\/\/bibliaparalavida.com\/app\/\",\"name\":\"Biblia para la Vida App\",\"description\":\"Aplica la Biblia a tu vida\",\"publisher\":{\"@id\":\"https:\/\/bibliaparalavida.com\/app\/#organization\"},\"potentialAction\":[{\"@type\":\"SearchAction\",\"target\":{\"@type\":\"EntryPoint\",\"urlTemplate\":\"https:\/\/bibliaparalavida.com\/app\/?s={search_term_string}\"},\"query-input\":{\"@type\":\"PropertyValueSpecification\",\"valueRequired\":true,\"valueName\":\"search_term_string\"}}],\"inLanguage\":\"es\"},{\"@type\":\"Organization\",\"@id\":\"https:\/\/bibliaparalavida.com\/app\/#organization\",\"name\":\"Biblia para la Vida\",\"url\":\"https:\/\/bibliaparalavida.com\/app\/\",\"logo\":{\"@type\":\"ImageObject\",\"inLanguage\":\"es\",\"@id\":\"https:\/\/bibliaparalavida.com\/app\/#\/schema\/logo\/image\/\",\"url\":\"https:\/\/bibliaparalavida.com\/app\/wp-content\/uploads\/2022\/01\/Logo-BPLV-Header.png\",\"contentUrl\":\"https:\/\/bibliaparalavida.com\/app\/wp-content\/uploads\/2022\/01\/Logo-BPLV-Header.png\",\"width\":356,\"height\":97,\"caption\":\"Biblia para la Vida\"},\"image\":{\"@id\":\"https:\/\/bibliaparalavida.com\/app\/#\/schema\/logo\/image\/\"},\"sameAs\":[\"https:\/\/www.facebook.com\/BibliaParaLaVida\"]}]}<\/script>\n<!-- \/ Yoast SEO plugin. -->","yoast_head_json":{"title":"Man\u00e1 para el Alma 2 - Biblia para la Vida App","description":"Man\u00e1 para el Alma 2 es una nueva compilaci\u00f3n de las mejores pr\u00e9dicas y ense\u00f1anzas del pastor David Saint, de manera b\u00edblica, amena y profunda.","robots":{"index":"index","follow":"follow","max-snippet":"max-snippet:-1","max-image-preview":"max-image-preview:large","max-video-preview":"max-video-preview:-1"},"canonical":"https:\/\/bibliaparalavida.com\/app\/prod\/mana-para-el-alma-2\/","og_locale":"es_ES","og_type":"article","og_title":"Man\u00e1 para el Alma 2 - Biblia para la Vida App","og_description":"Man\u00e1 para el Alma 2 es una nueva compilaci\u00f3n de las mejores pr\u00e9dicas y ense\u00f1anzas del pastor David Saint, de manera b\u00edblica, amena y profunda.","og_url":"https:\/\/bibliaparalavida.com\/app\/prod\/mana-para-el-alma-2\/","og_site_name":"Biblia para la Vida App","article_publisher":"https:\/\/www.facebook.com\/BibliaParaLaVida","article_modified_time":"2026-02-26T13:13:55+00:00","og_image":[{"width":1200,"height":1200,"url":"http:\/\/bibliaparalavida.com\/app\/wp-content\/uploads\/2022\/03\/Mana-para-el-Alama-2-Tapa.jpg","type":"image\/jpeg"}],"twitter_card":"summary_large_image","twitter_misc":{"Tiempo de lectura":"1 minuto"},"schema":{"@context":"https:\/\/schema.org","@graph":[{"@type":"WebPage","@id":"https:\/\/bibliaparalavida.com\/app\/prod\/mana-para-el-alma-2\/","url":"https:\/\/bibliaparalavida.com\/app\/prod\/mana-para-el-alma-2\/","name":"Man\u00e1 para el Alma 2 - Biblia para la Vida App","isPartOf":{"@id":"https:\/\/bibliaparalavida.com\/app\/#website"},"primaryImageOfPage":{"@id":"https:\/\/bibliaparalavida.com\/app\/prod\/mana-para-el-alma-2\/#primaryimage"},"image":{"@id":"https:\/\/bibliaparalavida.com\/app\/prod\/mana-para-el-alma-2\/#primaryimage"},"thumbnailUrl":"https:\/\/bibliaparalavida.com\/app\/wp-content\/uploads\/2022\/03\/Mana-para-el-Alama-2-Tapa.jpg","datePublished":"2022-03-21T22:00:31+00:00","dateModified":"2026-02-26T13:13:55+00:00","description":"Man\u00e1 para el Alma 2 es una nueva compilaci\u00f3n de las mejores pr\u00e9dicas y ense\u00f1anzas del pastor David Saint, de manera b\u00edblica, amena y profunda.","breadcrumb":{"@id":"https:\/\/bibliaparalavida.com\/app\/prod\/mana-para-el-alma-2\/#breadcrumb"},"inLanguage":"es","potentialAction":[{"@type":"ReadAction","target":["https:\/\/bibliaparalavida.com\/app\/prod\/mana-para-el-alma-2\/"]}]},{"@type":"ImageObject","inLanguage":"es","@id":"https:\/\/bibliaparalavida.com\/app\/prod\/mana-para-el-alma-2\/#primaryimage","url":"https:\/\/bibliaparalavida.com\/app\/wp-content\/uploads\/2022\/03\/Mana-para-el-Alama-2-Tapa.jpg","contentUrl":"https:\/\/bibliaparalavida.com\/app\/wp-content\/uploads\/2022\/03\/Mana-para-el-Alama-2-Tapa.jpg","width":1200,"height":1200,"caption":"Man\u00e1 para el Alma 2"},{"@type":"BreadcrumbList","@id":"https:\/\/bibliaparalavida.com\/app\/prod\/mana-para-el-alma-2\/#breadcrumb","itemListElement":[{"@type":"ListItem","position":1,"name":"Portada","item":"https:\/\/bibliaparalavida.com\/app\/"},{"@type":"ListItem","position":2,"name":"Tienda","item":"https:\/\/bibliaparalavida.com\/app\/tienda\/"},{"@type":"ListItem","position":3,"name":"Man\u00e1 para el Alma 2"}]},{"@type":"WebSite","@id":"https:\/\/bibliaparalavida.com\/app\/#website","url":"https:\/\/bibliaparalavida.com\/app\/","name":"Biblia para la Vida App","description":"Aplica la Biblia a tu vida","publisher":{"@id":"https:\/\/bibliaparalavida.com\/app\/#organization"},"potentialAction":[{"@type":"SearchAction","target":{"@type":"EntryPoint","urlTemplate":"https:\/\/bibliaparalavida.com\/app\/?s={search_term_string}"},"query-input":{"@type":"PropertyValueSpecification","valueRequired":true,"valueName":"search_term_string"}}],"inLanguage":"es"},{"@type":"Organization","@id":"https:\/\/bibliaparalavida.com\/app\/#organization","name":"Biblia para la Vida","url":"https:\/\/bibliaparalavida.com\/app\/","logo":{"@type":"ImageObject","inLanguage":"es","@id":"https:\/\/bibliaparalavida.com\/app\/#\/schema\/logo\/image\/","url":"https:\/\/bibliaparalavida.com\/app\/wp-content\/uploads\/2022\/01\/Logo-BPLV-Header.png","contentUrl":"https:\/\/bibliaparalavida.com\/app\/wp-content\/uploads\/2022\/01\/Logo-BPLV-Header.png","width":356,"height":97,"caption":"Biblia para la Vida"},"image":{"@id":"https:\/\/bibliaparalavida.com\/app\/#\/schema\/logo\/image\/"},"sameAs":["https:\/\/www.facebook.com\/BibliaParaLaVida"]}]}},"_links":{"self":[{"href":"https:\/\/bibliaparalavida.com\/app\/wp-json\/wp\/v2\/product\/1446","targetHints":{"allow":["GET"]}}],"collection":[{"href":"https:\/\/bibliaparalavida.com\/app\/wp-json\/wp\/v2\/product"}],"about":[{"href":"https:\/\/bibliaparalavida.com\/app\/wp-json\/wp\/v2\/types\/product"}],"replies":[{"embeddable":true,"href":"https:\/\/bibliaparalavida.com\/app\/wp-json\/wp\/v2\/comments?post=1446"}],"wp:featuredmedia":[{"embeddable":true,"href":"https:\/\/bibliaparalavida.com\/app\/wp-json\/wp\/v2\/media\/1443"}],"wp:attachment":[{"href":"https:\/\/bibliaparalavida.com\/app\/wp-json\/wp\/v2\/media?parent=1446"}],"wp:term":[{"taxonomy":"product_brand","embeddable":true,"href":"https:\/\/bibliaparalavida.com\/app\/wp-json\/wp\/v2\/product_brand?post=1446"},{"taxonomy":"product_cat","embeddable":true,"href":"https:\/\/bibliaparalavida.com\/app\/wp-json\/wp\/v2\/product_cat?post=1446"},{"taxonomy":"product_tag","embeddable":true,"href":"https:\/\/bibliaparalavida.com\/app\/wp-json\/wp\/v2\/product_tag?post=1446"}],"curies":[{"name":"wp","href":"https:\/\/api.w.org\/{rel}","templated":true}]}}