{"id":1180,"date":"2021-11-22T13:09:14","date_gmt":"2021-11-22T13:09:14","guid":{"rendered":"https:\/\/bibliaparalavida.com\/app\/?post_type=product&#038;p=1180"},"modified":"2026-02-26T13:07:30","modified_gmt":"2026-02-26T13:07:30","slug":"liderazgo-juvenil","status":"publish","type":"product","link":"https:\/\/bibliaparalavida.com\/app\/prod\/liderazgo-juvenil\/","title":{"rendered":"Manual de Liderazgo Juvenil"},"content":{"rendered":"<p>El <strong>Manual B\u00edblico de Liderazgo Juvenil<\/strong> tiene como fin brindar a los l\u00edderes juveniles herramientas pr\u00e1cticas para ejercer un liderazgo m\u00e1s relevante.<\/p>\n<p>El Manual presenta, a la luz de La Biblia, aquellas cualidades que Dios espera y demanda de los l\u00edderes cristianos. Los j\u00f3venes y adolescentes de esta generaci\u00f3n viven con grandes conflictos emocionales y espirituales, por lo que se requiere que los l\u00edderes juveniles est\u00e9n a la altura de las circunstancias, a fin de poder hacerle frente a los desaf\u00edos propios de pastorear a esta generaci\u00f3n.<\/p>\n<h2>Contenido del Manual B\u00edblico de Liderazgo Juvenil<\/h2>\n<p><strong>M\u00f3dulo 1: Juventud postmoderna<\/strong><br \/>\n1. Dios y las diferentes generaciones<br \/>\n2. Juventud postmoderna<br \/>\n3. Cambios, desaf\u00edos en la adolescencia<br \/>\n4. Necesidades de los adolescentes<\/p>\n<p><strong>M\u00f3dulo 2: Car\u00e1cter del l\u00edder juvenil<\/strong><br \/>\n5. Pastores de jean y zapatillas: C\u00f3mo pastorear a la juventud de hoy<br \/>\n6. Valores de un buen l\u00edder cristiano<br \/>\n7. Actitudes de un buen l\u00edder cristiano<br \/>\n8. Siempre listos: la importancia de la sanidad emocional y espiritual<br \/>\n9. La importancia y el poder del llamado<br \/>\n10. Liderazgo: c\u00f3mo influir en los dem\u00e1s<br \/>\n11. Liderazgo pastoral<br \/>\n12. C\u00f3mo es un buen pastor, seg\u00fan Jes\u00fas<br \/>\n13. La autoridad en el liderazgo<\/p>\n<p><strong>M\u00f3dulo 3: Funciones de l\u00edder juvenil<\/strong><br \/>\n14. Liderazgo equilibrado<br \/>\n15. Reuniones juveniles exitosas<br \/>\n16. Como preparar una buena pr\u00e9dica<br \/>\n17. \u00c9nfasis indispensables: experiencias que nuestros j\u00f3venes deben tener<br \/>\n18. Persona y ministerio del Esp\u00edritu Santo<br \/>\n19. Consejer\u00eda cristiana pr\u00e1ctica<br \/>\n20. Importancia y proceso del discipulado<br \/>\n21. C\u00f3mo formar l\u00edderes cristianos<br \/>\n22. Mentoreo: desarrollo de la pr\u00f3xima generaci\u00f3n de l\u00edderes<\/p>\n","protected":false},"excerpt":{"rendered":"<p><a href=\"https:\/\/bibliaparalavida.com\/tutorialapp\" target=\"_blank\" rel=\"noopener\"><img loading=\"lazy\" decoding=\"async\" class=\"alignright wp-image-2502\" src=\"https:\/\/bibliaparalavida.com\/app\/wp-content\/uploads\/2023\/07\/stores-icons-B.png\" alt=\"\" width=\"48\" height=\"90\" \/><\/a><a class=\"leerbtn\" style=\"color: #fff; padding: 4px; background-color: #0f9d58; border-radius: 5px;\" href=\"https:\/\/bibliaparalavida.com\/app\/mentoreo-biblico\/mblj\">ACCEDE AL LIBRO<\/a> <span class=\"comprartxt\">(Si ya lo compraste)<\/span><\/p>\n<p>El <strong>Manual B\u00edblico de Liderazgo Juvenil<\/strong> tiene como fin brindar a los l\u00edderes juveniles herramientas pr\u00e1cticas para ejercer un liderazgo m\u00e1s relevante. <a href=\"https:\/\/bibliaparalavida.com\/app\/mentoreo-biblico\/manual-biblico-de-liderazgo-juvenil-demo\/\">LEE UN ADELANTO DEL LIBRO<\/a><\/p>\n<p><strong>C\u00f3mpralo aqu\u00ed.<\/strong> <strong>L\u00e9elo en nuestra <\/strong><a href=\"https:\/\/bibliaparalavida.com\/tutorialapp\" target=\"_blank\" rel=\"noopener\"><strong>App.<\/strong><\/a><\/p>\n","protected":false},"featured_media":1181,"comment_status":"closed","ping_status":"closed","template":"","meta":{"_joinchat":[]},"product_brand":[],"product_cat":[51],"product_tag":[],"class_list":{"0":"post-1180","1":"product","2":"type-product","3":"status-publish","4":"has-post-thumbnail","6":"product_cat-mentoreo-biblico","8":"first","9":"instock","10":"virtual","11":"purchasable","12":"product-type-simple"},"yoast_head":"<!-- This site is optimized with the Yoast SEO plugin v26.5 - https:\/\/yoast.com\/wordpress\/plugins\/seo\/ -->\n<title>Manual de Liderazgo Juvenil - Biblia para la Vida App<\/title>\n<meta name=\"description\" content=\"El Manual B\u00edblico de Liderazgo Juvenil tiene como fin brindar a los l\u00edderes juveniles herramientas pr\u00e1cticas para ejercer un liderazgo m\u00e1s relevante.\" \/>\n<meta name=\"robots\" content=\"index, follow, max-snippet:-1, max-image-preview:large, max-video-preview:-1\" \/>\n<link rel=\"canonical\" href=\"https:\/\/bibliaparalavida.com\/app\/prod\/liderazgo-juvenil\/\" \/>\n<meta property=\"og:locale\" content=\"es_ES\" \/>\n<meta property=\"og:type\" content=\"article\" \/>\n<meta property=\"og:title\" content=\"Manual de Liderazgo Juvenil - Biblia para la Vida App\" \/>\n<meta property=\"og:description\" content=\"El Manual B\u00edblico de Liderazgo Juvenil tiene como fin brindar a los l\u00edderes juveniles herramientas pr\u00e1cticas para ejercer un liderazgo m\u00e1s relevante.\" \/>\n<meta property=\"og:url\" content=\"https:\/\/bibliaparalavida.com\/app\/prod\/liderazgo-juvenil\/\" \/>\n<meta property=\"og:site_name\" content=\"Biblia para la Vida App\" \/>\n<meta property=\"article:publisher\" content=\"https:\/\/www.facebook.com\/BibliaParaLaVida\" \/>\n<meta property=\"article:modified_time\" content=\"2026-02-26T13:07:30+00:00\" \/>\n<meta property=\"og:image\" content=\"http:\/\/bibliaparalavida.com\/app\/wp-content\/uploads\/2021\/11\/Liderazgo-Juvenil-tapa1.jpg\" \/>\n\t<meta property=\"og:image:width\" content=\"1263\" \/>\n\t<meta property=\"og:image:height\" content=\"1263\" \/>\n\t<meta property=\"og:image:type\" content=\"image\/jpeg\" \/>\n<meta name=\"twitter:card\" content=\"summary_large_image\" \/>\n<meta name=\"twitter:label1\" content=\"Tiempo de lectura\" \/>\n\t<meta name=\"twitter:data1\" content=\"2 minutos\" \/>\n<script type=\"application\/ld+json\" class=\"yoast-schema-graph\">{\"@context\":\"https:\/\/schema.org\",\"@graph\":[{\"@type\":\"WebPage\",\"@id\":\"https:\/\/bibliaparalavida.com\/app\/prod\/liderazgo-juvenil\/\",\"url\":\"https:\/\/bibliaparalavida.com\/app\/prod\/liderazgo-juvenil\/\",\"name\":\"Manual de Liderazgo Juvenil - Biblia para la Vida App\",\"isPartOf\":{\"@id\":\"https:\/\/bibliaparalavida.com\/app\/#website\"},\"primaryImageOfPage\":{\"@id\":\"https:\/\/bibliaparalavida.com\/app\/prod\/liderazgo-juvenil\/#primaryimage\"},\"image\":{\"@id\":\"https:\/\/bibliaparalavida.com\/app\/prod\/liderazgo-juvenil\/#primaryimage\"},\"thumbnailUrl\":\"https:\/\/bibliaparalavida.com\/app\/wp-content\/uploads\/2021\/11\/Liderazgo-Juvenil-tapa1.jpg\",\"datePublished\":\"2021-11-22T13:09:14+00:00\",\"dateModified\":\"2026-02-26T13:07:30+00:00\",\"description\":\"El Manual B\u00edblico de Liderazgo Juvenil tiene como fin brindar a los l\u00edderes juveniles herramientas pr\u00e1cticas para ejercer un liderazgo m\u00e1s relevante.\",\"breadcrumb\":{\"@id\":\"https:\/\/bibliaparalavida.com\/app\/prod\/liderazgo-juvenil\/#breadcrumb\"},\"inLanguage\":\"es\",\"potentialAction\":[{\"@type\":\"ReadAction\",\"target\":[\"https:\/\/bibliaparalavida.com\/app\/prod\/liderazgo-juvenil\/\"]}]},{\"@type\":\"ImageObject\",\"inLanguage\":\"es\",\"@id\":\"https:\/\/bibliaparalavida.com\/app\/prod\/liderazgo-juvenil\/#primaryimage\",\"url\":\"https:\/\/bibliaparalavida.com\/app\/wp-content\/uploads\/2021\/11\/Liderazgo-Juvenil-tapa1.jpg\",\"contentUrl\":\"https:\/\/bibliaparalavida.com\/app\/wp-content\/uploads\/2021\/11\/Liderazgo-Juvenil-tapa1.jpg\",\"width\":1263,\"height\":1263,\"caption\":\"Manual B\u00edblico de Liderazgo Juvenil\"},{\"@type\":\"BreadcrumbList\",\"@id\":\"https:\/\/bibliaparalavida.com\/app\/prod\/liderazgo-juvenil\/#breadcrumb\",\"itemListElement\":[{\"@type\":\"ListItem\",\"position\":1,\"name\":\"Portada\",\"item\":\"https:\/\/bibliaparalavida.com\/app\/\"},{\"@type\":\"ListItem\",\"position\":2,\"name\":\"Tienda\",\"item\":\"https:\/\/bibliaparalavida.com\/app\/tienda\/\"},{\"@type\":\"ListItem\",\"position\":3,\"name\":\"Manual de Liderazgo Juvenil\"}]},{\"@type\":\"WebSite\",\"@id\":\"https:\/\/bibliaparalavida.com\/app\/#website\",\"url\":\"https:\/\/bibliaparalavida.com\/app\/\",\"name\":\"Biblia para la Vida App\",\"description\":\"Aplica la Biblia a tu vida\",\"publisher\":{\"@id\":\"https:\/\/bibliaparalavida.com\/app\/#organization\"},\"potentialAction\":[{\"@type\":\"SearchAction\",\"target\":{\"@type\":\"EntryPoint\",\"urlTemplate\":\"https:\/\/bibliaparalavida.com\/app\/?s={search_term_string}\"},\"query-input\":{\"@type\":\"PropertyValueSpecification\",\"valueRequired\":true,\"valueName\":\"search_term_string\"}}],\"inLanguage\":\"es\"},{\"@type\":\"Organization\",\"@id\":\"https:\/\/bibliaparalavida.com\/app\/#organization\",\"name\":\"Biblia para la Vida\",\"url\":\"https:\/\/bibliaparalavida.com\/app\/\",\"logo\":{\"@type\":\"ImageObject\",\"inLanguage\":\"es\",\"@id\":\"https:\/\/bibliaparalavida.com\/app\/#\/schema\/logo\/image\/\",\"url\":\"https:\/\/bibliaparalavida.com\/app\/wp-content\/uploads\/2022\/01\/Logo-BPLV-Header.png\",\"contentUrl\":\"https:\/\/bibliaparalavida.com\/app\/wp-content\/uploads\/2022\/01\/Logo-BPLV-Header.png\",\"width\":356,\"height\":97,\"caption\":\"Biblia para la Vida\"},\"image\":{\"@id\":\"https:\/\/bibliaparalavida.com\/app\/#\/schema\/logo\/image\/\"},\"sameAs\":[\"https:\/\/www.facebook.com\/BibliaParaLaVida\"]}]}<\/script>\n<!-- \/ Yoast SEO plugin. -->","yoast_head_json":{"title":"Manual de Liderazgo Juvenil - Biblia para la Vida App","description":"El Manual B\u00edblico de Liderazgo Juvenil tiene como fin brindar a los l\u00edderes juveniles herramientas pr\u00e1cticas para ejercer un liderazgo m\u00e1s relevante.","robots":{"index":"index","follow":"follow","max-snippet":"max-snippet:-1","max-image-preview":"max-image-preview:large","max-video-preview":"max-video-preview:-1"},"canonical":"https:\/\/bibliaparalavida.com\/app\/prod\/liderazgo-juvenil\/","og_locale":"es_ES","og_type":"article","og_title":"Manual de Liderazgo Juvenil - Biblia para la Vida App","og_description":"El Manual B\u00edblico de Liderazgo Juvenil tiene como fin brindar a los l\u00edderes juveniles herramientas pr\u00e1cticas para ejercer un liderazgo m\u00e1s relevante.","og_url":"https:\/\/bibliaparalavida.com\/app\/prod\/liderazgo-juvenil\/","og_site_name":"Biblia para la Vida App","article_publisher":"https:\/\/www.facebook.com\/BibliaParaLaVida","article_modified_time":"2026-02-26T13:07:30+00:00","og_image":[{"width":1263,"height":1263,"url":"http:\/\/bibliaparalavida.com\/app\/wp-content\/uploads\/2021\/11\/Liderazgo-Juvenil-tapa1.jpg","type":"image\/jpeg"}],"twitter_card":"summary_large_image","twitter_misc":{"Tiempo de lectura":"2 minutos"},"schema":{"@context":"https:\/\/schema.org","@graph":[{"@type":"WebPage","@id":"https:\/\/bibliaparalavida.com\/app\/prod\/liderazgo-juvenil\/","url":"https:\/\/bibliaparalavida.com\/app\/prod\/liderazgo-juvenil\/","name":"Manual de Liderazgo Juvenil - Biblia para la Vida App","isPartOf":{"@id":"https:\/\/bibliaparalavida.com\/app\/#website"},"primaryImageOfPage":{"@id":"https:\/\/bibliaparalavida.com\/app\/prod\/liderazgo-juvenil\/#primaryimage"},"image":{"@id":"https:\/\/bibliaparalavida.com\/app\/prod\/liderazgo-juvenil\/#primaryimage"},"thumbnailUrl":"https:\/\/bibliaparalavida.com\/app\/wp-content\/uploads\/2021\/11\/Liderazgo-Juvenil-tapa1.jpg","datePublished":"2021-11-22T13:09:14+00:00","dateModified":"2026-02-26T13:07:30+00:00","description":"El Manual B\u00edblico de Liderazgo Juvenil tiene como fin brindar a los l\u00edderes juveniles herramientas pr\u00e1cticas para ejercer un liderazgo m\u00e1s relevante.","breadcrumb":{"@id":"https:\/\/bibliaparalavida.com\/app\/prod\/liderazgo-juvenil\/#breadcrumb"},"inLanguage":"es","potentialAction":[{"@type":"ReadAction","target":["https:\/\/bibliaparalavida.com\/app\/prod\/liderazgo-juvenil\/"]}]},{"@type":"ImageObject","inLanguage":"es","@id":"https:\/\/bibliaparalavida.com\/app\/prod\/liderazgo-juvenil\/#primaryimage","url":"https:\/\/bibliaparalavida.com\/app\/wp-content\/uploads\/2021\/11\/Liderazgo-Juvenil-tapa1.jpg","contentUrl":"https:\/\/bibliaparalavida.com\/app\/wp-content\/uploads\/2021\/11\/Liderazgo-Juvenil-tapa1.jpg","width":1263,"height":1263,"caption":"Manual B\u00edblico de Liderazgo Juvenil"},{"@type":"BreadcrumbList","@id":"https:\/\/bibliaparalavida.com\/app\/prod\/liderazgo-juvenil\/#breadcrumb","itemListElement":[{"@type":"ListItem","position":1,"name":"Portada","item":"https:\/\/bibliaparalavida.com\/app\/"},{"@type":"ListItem","position":2,"name":"Tienda","item":"https:\/\/bibliaparalavida.com\/app\/tienda\/"},{"@type":"ListItem","position":3,"name":"Manual de Liderazgo Juvenil"}]},{"@type":"WebSite","@id":"https:\/\/bibliaparalavida.com\/app\/#website","url":"https:\/\/bibliaparalavida.com\/app\/","name":"Biblia para la Vida App","description":"Aplica la Biblia a tu vida","publisher":{"@id":"https:\/\/bibliaparalavida.com\/app\/#organization"},"potentialAction":[{"@type":"SearchAction","target":{"@type":"EntryPoint","urlTemplate":"https:\/\/bibliaparalavida.com\/app\/?s={search_term_string}"},"query-input":{"@type":"PropertyValueSpecification","valueRequired":true,"valueName":"search_term_string"}}],"inLanguage":"es"},{"@type":"Organization","@id":"https:\/\/bibliaparalavida.com\/app\/#organization","name":"Biblia para la Vida","url":"https:\/\/bibliaparalavida.com\/app\/","logo":{"@type":"ImageObject","inLanguage":"es","@id":"https:\/\/bibliaparalavida.com\/app\/#\/schema\/logo\/image\/","url":"https:\/\/bibliaparalavida.com\/app\/wp-content\/uploads\/2022\/01\/Logo-BPLV-Header.png","contentUrl":"https:\/\/bibliaparalavida.com\/app\/wp-content\/uploads\/2022\/01\/Logo-BPLV-Header.png","width":356,"height":97,"caption":"Biblia para la Vida"},"image":{"@id":"https:\/\/bibliaparalavida.com\/app\/#\/schema\/logo\/image\/"},"sameAs":["https:\/\/www.facebook.com\/BibliaParaLaVida"]}]}},"_links":{"self":[{"href":"https:\/\/bibliaparalavida.com\/app\/wp-json\/wp\/v2\/product\/1180","targetHints":{"allow":["GET"]}}],"collection":[{"href":"https:\/\/bibliaparalavida.com\/app\/wp-json\/wp\/v2\/product"}],"about":[{"href":"https:\/\/bibliaparalavida.com\/app\/wp-json\/wp\/v2\/types\/product"}],"replies":[{"embeddable":true,"href":"https:\/\/bibliaparalavida.com\/app\/wp-json\/wp\/v2\/comments?post=1180"}],"wp:featuredmedia":[{"embeddable":true,"href":"https:\/\/bibliaparalavida.com\/app\/wp-json\/wp\/v2\/media\/1181"}],"wp:attachment":[{"href":"https:\/\/bibliaparalavida.com\/app\/wp-json\/wp\/v2\/media?parent=1180"}],"wp:term":[{"taxonomy":"product_brand","embeddable":true,"href":"https:\/\/bibliaparalavida.com\/app\/wp-json\/wp\/v2\/product_brand?post=1180"},{"taxonomy":"product_cat","embeddable":true,"href":"https:\/\/bibliaparalavida.com\/app\/wp-json\/wp\/v2\/product_cat?post=1180"},{"taxonomy":"product_tag","embeddable":true,"href":"https:\/\/bibliaparalavida.com\/app\/wp-json\/wp\/v2\/product_tag?post=1180"}],"curies":[{"name":"wp","href":"https:\/\/api.w.org\/{rel}","templated":true}]}}